{"id":54,"date":"2016-09-06T13:01:54","date_gmt":"2016-09-06T13:01:54","guid":{"rendered":"http:\/\/physics.uwb.edu.pl\/wf\/przyszlosc\/?page_id=54"},"modified":"2016-09-09T11:16:04","modified_gmt":"2016-09-09T11:16:04","slug":"robotyka-dla-kazdego","status":"publish","type":"page","link":"https:\/\/physics.uwb.edu.pl\/wf\/przyszlosc\/strona-glowna\/opis-projektu\/robotyka-dla-kazdego","title":{"rendered":"Robotyka dla ka\u017cdego"},"content":{"rendered":"<p style=\"text-align: justify;\">Zaj\u0119cia praktyczne w dwuosobowych grupach, maj\u0105ce na celu budowanie zautomatyzowanych uk\u0142ad\u00f3w elektronicznych oddzia\u0142uj\u0105cych z otoczeniem. Laboratoria \u0142\u0105cz\u0105 ze sob\u0105 wprowadzenie do programowania w j\u0119zyku C\/C++ na platformie Arduino, wraz z umiej\u0119tno\u015bci\u0105 budowy uk\u0142ad\u00f3w elektronicznych (pomiarowych, rozrywkowych). Uczestnik kursu rozwija umiej\u0119tno\u015bci algorytmicznego my\u015blenia, niezb\u0119dnego do oprogramowania elektroniki, dzia\u0142aj\u0105cej w \u015bci\u015ble okre\u015blonym celu.<\/p>\n<div id=\"attachment_100\" style=\"width: 310px\" class=\"wp-caption aligncenter\"><img loading=\"lazy\" decoding=\"async\" aria-describedby=\"caption-attachment-100\" class=\"wp-image-100 size-medium\" src=\"http:\/\/physics.uwb.edu.pl\/wf\/przyszlosc\/wp-content\/uploads\/sites\/7\/2016\/09\/13996109_638550186296099_2110882054146758660_o-300x169.jpg\" alt=\"Zbuduj w\u0142asnego robota\" width=\"300\" height=\"169\" srcset=\"https:\/\/physics.uwb.edu.pl\/wf\/przyszlosc\/wp-content\/uploads\/sites\/7\/2016\/09\/13996109_638550186296099_2110882054146758660_o-300x169.jpg 300w, https:\/\/physics.uwb.edu.pl\/wf\/przyszlosc\/wp-content\/uploads\/sites\/7\/2016\/09\/13996109_638550186296099_2110882054146758660_o-768x432.jpg 768w, https:\/\/physics.uwb.edu.pl\/wf\/przyszlosc\/wp-content\/uploads\/sites\/7\/2016\/09\/13996109_638550186296099_2110882054146758660_o-1024x576.jpg 1024w, https:\/\/physics.uwb.edu.pl\/wf\/przyszlosc\/wp-content\/uploads\/sites\/7\/2016\/09\/13996109_638550186296099_2110882054146758660_o.jpg 2048w\" sizes=\"auto, (max-width: 300px) 100vw, 300px\" \/><p id=\"caption-attachment-100\" class=\"wp-caption-text\">Zbuduj w\u0142asnego robota<\/p><\/div>\n<p>Zaj\u0119cia obejmuj\u0105:<br \/>\na) Wst\u0119p do platformy Arduino &#8211; wyprowadzenia sygna\u0142\u00f3w (LED).<br \/>\nb) Wprowadzanie sygna\u0142\u00f3w do Arduino (LED, PWM, potencjometry).<br \/>\nc) Sterowanie silnikami (uk\u0142ad L293, serwo silniki).<br \/>\nd) Budowa i oprogramowanie pojazdu z ruchom\u0105 wie\u017cyczk\u0105.<\/p>\n<p>Kulminacyjnym punktem zaj\u0119\u0107 ma by\u0107 stworzenie i oprogramowanie pojazdu, sterowanego pilotem na podczerwie\u0144 (czyli pilot od telewizora, radia&#8230; uczestnik kursu przyniesie takowy ze swojego domu, tylko na czas trwania zaj\u0119\u0107). Pojazd b\u0119dzie si\u0119 porusza\u0107, a dodatkowo sterowa\u0107 \u015bwiat\u0142em lasera pod\u0142\u0105czonego do obrotowej wie\u017cyczki (tak\u017ce sterowanej pilotem).<\/p>\n<p>Mile widziana jest umiej\u0119tno\u015b\u0107 programowania w dowolnym j\u0119zyku (ale najlepiej w C\/C++). Warsztaty nie wymagaj\u0105 jednak tej umiej\u0119tno\u015bci i wprowadz\u0105 do podstaw programowania. Je\u015bli wi\u0119c nie mia\u0142e\u015b styczno\u015bci z programowaniem, nie obawiaj si\u0119 tego, b\u0105d\u017a odwa\u017cny i spr\u00f3buj tej przygody z nami &#8211; zapraszamy!<\/p>\n","protected":false},"excerpt":{"rendered":"<p>Zaj\u0119cia praktyczne w dwuosobowych grupach, maj\u0105ce na celu budowanie zautomatyzowanych uk\u0142ad\u00f3w elektronicznych oddzia\u0142uj\u0105cych z otoczeniem. Laboratoria \u0142\u0105cz\u0105 ze sob\u0105 wprowadzenie do programowania w j\u0119zyku C\/C++ na platformie Arduino, wraz z umiej\u0119tno\u015bci\u0105 budowy uk\u0142ad\u00f3w elektronicznych (pomiarowych, rozrywkowych). Uczestnik kursu rozwija umiej\u0119tno\u015bci &hellip; <a href=\"https:\/\/physics.uwb.edu.pl\/wf\/przyszlosc\/strona-glowna\/opis-projektu\/robotyka-dla-kazdego\">Czytaj dalej <span class=\"meta-nav\">&rarr;<\/span><\/a><\/p>\n","protected":false},"author":2,"featured_media":100,"parent":48,"menu_order":0,"comment_status":"closed","ping_status":"closed","template":"","meta":{"ngg_post_thumbnail":0,"footnotes":""},"class_list":["post-54","page","type-page","status-publish","has-post-thumbnail","hentry"],"_links":{"self":[{"href":"https:\/\/physics.uwb.edu.pl\/wf\/przyszlosc\/wp-json\/wp\/v2\/pages\/54","targetHints":{"allow":["GET"]}}],"collection":[{"href":"https:\/\/physics.uwb.edu.pl\/wf\/przyszlosc\/wp-json\/wp\/v2\/pages"}],"about":[{"href":"https:\/\/physics.uwb.edu.pl\/wf\/przyszlosc\/wp-json\/wp\/v2\/types\/page"}],"author":[{"embeddable":true,"href":"https:\/\/physics.uwb.edu.pl\/wf\/przyszlosc\/wp-json\/wp\/v2\/users\/2"}],"replies":[{"embeddable":true,"href":"https:\/\/physics.uwb.edu.pl\/wf\/przyszlosc\/wp-json\/wp\/v2\/comments?post=54"}],"version-history":[{"count":7,"href":"https:\/\/physics.uwb.edu.pl\/wf\/przyszlosc\/wp-json\/wp\/v2\/pages\/54\/revisions"}],"predecessor-version":[{"id":204,"href":"https:\/\/physics.uwb.edu.pl\/wf\/przyszlosc\/wp-json\/wp\/v2\/pages\/54\/revisions\/204"}],"up":[{"embeddable":true,"href":"https:\/\/physics.uwb.edu.pl\/wf\/przyszlosc\/wp-json\/wp\/v2\/pages\/48"}],"wp:featuredmedia":[{"embeddable":true,"href":"https:\/\/physics.uwb.edu.pl\/wf\/przyszlosc\/wp-json\/wp\/v2\/media\/100"}],"wp:attachment":[{"href":"https:\/\/physics.uwb.edu.pl\/wf\/przyszlosc\/wp-json\/wp\/v2\/media?parent=54"}],"curies":[{"name":"wp","href":"https:\/\/api.w.org\/{rel}","templated":true}]}}