{"id":56,"date":"2016-09-06T13:02:25","date_gmt":"2016-09-06T13:02:25","guid":{"rendered":"http:\/\/physics.uwb.edu.pl\/wf\/przyszlosc\/?page_id=56"},"modified":"2016-09-10T07:59:53","modified_gmt":"2016-09-10T07:59:53","slug":"drukarki-3d-modelowanie-trojwymiarowe","status":"publish","type":"page","link":"https:\/\/physics.uwb.edu.pl\/wf\/przyszlosc\/strona-glowna\/opis-projektu\/drukarki-3d-modelowanie-trojwymiarowe","title":{"rendered":"Drukarki 3D &#8211; modelowanie tr\u00f3jwymiarowe"},"content":{"rendered":"<p style=\"text-align: justify;\">Drukarki 3D staj\u0105 si\u0119 coraz bardziej dost\u0119pne, trzeba tylko umie\u0107 je obs\u0142u\u017cy\u0107. Niezb\u0119dna jest tu wiedza o projektowaniu obiekt\u00f3w tr\u00f3jwymiarowych i przygotowywaniu odpowiednich plik\u00f3w graficznych do druku.<\/p>\n<p style=\"text-align: justify;\">\n<div class=\"ngg-galleryoverview ngg-slideshow\"\n\tid=\"ngg-slideshow-f3ffd2f27b15f8533b47d50d94b7a924-13258075000\"\n\tdata-gallery-id=\"f3ffd2f27b15f8533b47d50d94b7a924\"\n\tstyle=\"max-width: 600px;\n\t\t\tmax-height: 400px;\n\t\t\tdisplay: none;\">\n\n\t\n\t\t<a href=\"https:\/\/physics.uwb.edu.pl\/wf\/przyszlosc\/wp-content\/uploads\/sites\/7\/nggallery\/druk3d\/w2.jpg\"\n\t\t\ttitle=\"\"\n\t\t\tdata-src=\"https:\/\/physics.uwb.edu.pl\/wf\/przyszlosc\/wp-content\/uploads\/sites\/7\/nggallery\/druk3d\/w2.jpg\"\n\t\t\tdata-thumbnail=\"https:\/\/physics.uwb.edu.pl\/wf\/przyszlosc\/wp-content\/uploads\/sites\/7\/nggallery\/druk3d\/thumbs\/thumbs_w2.jpg\"\n\t\t\tdata-image-id=\"2\"\n\t\t\tdata-title=\"w2\"\n\t\t\tdata-description=\"\"\n\t\t\t\t\t\t\t\t\t\t\t\t\t\t\tclass=\"ngg-fancybox\" rel=\"f3ffd2f27b15f8533b47d50d94b7a924\">\n\t\t\t\n\t\t\t<img data-image-id='2'\n\t\t\t\ttitle=\"\"\n\t\t\t\talt=\"w2\"\n\t\t\t\tsrc=\"https:\/\/physics.uwb.edu.pl\/wf\/przyszlosc\/wp-content\/uploads\/sites\/7\/nggallery\/druk3d\/w2.jpg\"\n\t\t\t\tstyle=\"max-height: 380px;\"\/>\n\t\t<\/a>\n\n\t\t\n\t\t<a href=\"https:\/\/physics.uwb.edu.pl\/wf\/przyszlosc\/wp-content\/uploads\/sites\/7\/nggallery\/druk3d\/w4.jpg\"\n\t\t\ttitle=\"\"\n\t\t\tdata-src=\"https:\/\/physics.uwb.edu.pl\/wf\/przyszlosc\/wp-content\/uploads\/sites\/7\/nggallery\/druk3d\/w4.jpg\"\n\t\t\tdata-thumbnail=\"https:\/\/physics.uwb.edu.pl\/wf\/przyszlosc\/wp-content\/uploads\/sites\/7\/nggallery\/druk3d\/thumbs\/thumbs_w4.jpg\"\n\t\t\tdata-image-id=\"4\"\n\t\t\tdata-title=\"w4\"\n\t\t\tdata-description=\"\"\n\t\t\t\t\t\t\t\t\t\t\t\t\t\t\tclass=\"ngg-fancybox\" rel=\"f3ffd2f27b15f8533b47d50d94b7a924\">\n\t\t\t\n\t\t\t<img data-image-id='4'\n\t\t\t\ttitle=\"\"\n\t\t\t\talt=\"w4\"\n\t\t\t\tsrc=\"https:\/\/physics.uwb.edu.pl\/wf\/przyszlosc\/wp-content\/uploads\/sites\/7\/nggallery\/druk3d\/w4.jpg\"\n\t\t\t\tstyle=\"max-height: 380px;\"\/>\n\t\t<\/a>\n\n\t\t\n\t\t<a href=\"https:\/\/physics.uwb.edu.pl\/wf\/przyszlosc\/wp-content\/uploads\/sites\/7\/nggallery\/druk3d\/w6.jpg\"\n\t\t\ttitle=\"\"\n\t\t\tdata-src=\"https:\/\/physics.uwb.edu.pl\/wf\/przyszlosc\/wp-content\/uploads\/sites\/7\/nggallery\/druk3d\/w6.jpg\"\n\t\t\tdata-thumbnail=\"https:\/\/physics.uwb.edu.pl\/wf\/przyszlosc\/wp-content\/uploads\/sites\/7\/nggallery\/druk3d\/thumbs\/thumbs_w6.jpg\"\n\t\t\tdata-image-id=\"6\"\n\t\t\tdata-title=\"w6\"\n\t\t\tdata-description=\"\"\n\t\t\t\t\t\t\t\t\t\t\t\t\t\t\tclass=\"ngg-fancybox\" rel=\"f3ffd2f27b15f8533b47d50d94b7a924\">\n\t\t\t\n\t\t\t<img data-image-id='6'\n\t\t\t\ttitle=\"\"\n\t\t\t\talt=\"w6\"\n\t\t\t\tsrc=\"https:\/\/physics.uwb.edu.pl\/wf\/przyszlosc\/wp-content\/uploads\/sites\/7\/nggallery\/druk3d\/w6.jpg\"\n\t\t\t\tstyle=\"max-height: 380px;\"\/>\n\t\t<\/a>\n\n\t\t\n\t\t<a href=\"https:\/\/physics.uwb.edu.pl\/wf\/przyszlosc\/wp-content\/uploads\/sites\/7\/nggallery\/druk3d\/p_w_1.jpg\"\n\t\t\ttitle=\"\"\n\t\t\tdata-src=\"https:\/\/physics.uwb.edu.pl\/wf\/przyszlosc\/wp-content\/uploads\/sites\/7\/nggallery\/druk3d\/p_w_1.jpg\"\n\t\t\tdata-thumbnail=\"https:\/\/physics.uwb.edu.pl\/wf\/przyszlosc\/wp-content\/uploads\/sites\/7\/nggallery\/druk3d\/thumbs\/thumbs_p_w_1.jpg\"\n\t\t\tdata-image-id=\"11\"\n\t\t\tdata-title=\"p_w_1\"\n\t\t\tdata-description=\"\"\n\t\t\t\t\t\t\t\t\t\t\t\t\t\t\tclass=\"ngg-fancybox\" rel=\"f3ffd2f27b15f8533b47d50d94b7a924\">\n\t\t\t\n\t\t\t<img data-image-id='11'\n\t\t\t\ttitle=\"\"\n\t\t\t\talt=\"p_w_1\"\n\t\t\t\tsrc=\"https:\/\/physics.uwb.edu.pl\/wf\/przyszlosc\/wp-content\/uploads\/sites\/7\/nggallery\/druk3d\/p_w_1.jpg\"\n\t\t\t\tstyle=\"max-height: 380px;\"\/>\n\t\t<\/a>\n\n\t\t\n\t\t<a href=\"https:\/\/physics.uwb.edu.pl\/wf\/przyszlosc\/wp-content\/uploads\/sites\/7\/nggallery\/druk3d\/p_w_2.jpg\"\n\t\t\ttitle=\"\"\n\t\t\tdata-src=\"https:\/\/physics.uwb.edu.pl\/wf\/przyszlosc\/wp-content\/uploads\/sites\/7\/nggallery\/druk3d\/p_w_2.jpg\"\n\t\t\tdata-thumbnail=\"https:\/\/physics.uwb.edu.pl\/wf\/przyszlosc\/wp-content\/uploads\/sites\/7\/nggallery\/druk3d\/thumbs\/thumbs_p_w_2.jpg\"\n\t\t\tdata-image-id=\"12\"\n\t\t\tdata-title=\"p_w_2\"\n\t\t\tdata-description=\"\"\n\t\t\t\t\t\t\t\t\t\t\t\t\t\t\tclass=\"ngg-fancybox\" rel=\"f3ffd2f27b15f8533b47d50d94b7a924\">\n\t\t\t\n\t\t\t<img data-image-id='12'\n\t\t\t\ttitle=\"\"\n\t\t\t\talt=\"p_w_2\"\n\t\t\t\tsrc=\"https:\/\/physics.uwb.edu.pl\/wf\/przyszlosc\/wp-content\/uploads\/sites\/7\/nggallery\/druk3d\/p_w_2.jpg\"\n\t\t\t\tstyle=\"max-height: 380px;\"\/>\n\t\t<\/a>\n\n\t\t\n\t\t<a href=\"https:\/\/physics.uwb.edu.pl\/wf\/przyszlosc\/wp-content\/uploads\/sites\/7\/nggallery\/druk3d\/p_w_3.jpg\"\n\t\t\ttitle=\"\"\n\t\t\tdata-src=\"https:\/\/physics.uwb.edu.pl\/wf\/przyszlosc\/wp-content\/uploads\/sites\/7\/nggallery\/druk3d\/p_w_3.jpg\"\n\t\t\tdata-thumbnail=\"https:\/\/physics.uwb.edu.pl\/wf\/przyszlosc\/wp-content\/uploads\/sites\/7\/nggallery\/druk3d\/thumbs\/thumbs_p_w_3.jpg\"\n\t\t\tdata-image-id=\"13\"\n\t\t\tdata-title=\"p_w_3\"\n\t\t\tdata-description=\"\"\n\t\t\t\t\t\t\t\t\t\t\t\t\t\t\tclass=\"ngg-fancybox\" rel=\"f3ffd2f27b15f8533b47d50d94b7a924\">\n\t\t\t\n\t\t\t<img data-image-id='13'\n\t\t\t\ttitle=\"\"\n\t\t\t\talt=\"p_w_3\"\n\t\t\t\tsrc=\"https:\/\/physics.uwb.edu.pl\/wf\/przyszlosc\/wp-content\/uploads\/sites\/7\/nggallery\/druk3d\/p_w_3.jpg\"\n\t\t\t\tstyle=\"max-height: 380px;\"\/>\n\t\t<\/a>\n\n\t\t\n\t\t<a href=\"https:\/\/physics.uwb.edu.pl\/wf\/przyszlosc\/wp-content\/uploads\/sites\/7\/nggallery\/druk3d\/rozstawiony2.jpg\"\n\t\t\ttitle=\"\"\n\t\t\tdata-src=\"https:\/\/physics.uwb.edu.pl\/wf\/przyszlosc\/wp-content\/uploads\/sites\/7\/nggallery\/druk3d\/rozstawiony2.jpg\"\n\t\t\tdata-thumbnail=\"https:\/\/physics.uwb.edu.pl\/wf\/przyszlosc\/wp-content\/uploads\/sites\/7\/nggallery\/druk3d\/thumbs\/thumbs_rozstawiony2.jpg\"\n\t\t\tdata-image-id=\"14\"\n\t\t\tdata-title=\"rozstawiony2\"\n\t\t\tdata-description=\"\"\n\t\t\t\t\t\t\t\t\t\t\t\t\t\t\tclass=\"ngg-fancybox\" rel=\"f3ffd2f27b15f8533b47d50d94b7a924\">\n\t\t\t\n\t\t\t<img data-image-id='14'\n\t\t\t\ttitle=\"\"\n\t\t\t\talt=\"rozstawiony2\"\n\t\t\t\tsrc=\"https:\/\/physics.uwb.edu.pl\/wf\/przyszlosc\/wp-content\/uploads\/sites\/7\/nggallery\/druk3d\/rozstawiony2.jpg\"\n\t\t\t\tstyle=\"max-height: 380px;\"\/>\n\t\t<\/a>\n\n\t\t\n\t\t<a href=\"https:\/\/physics.uwb.edu.pl\/wf\/przyszlosc\/wp-content\/uploads\/sites\/7\/nggallery\/druk3d\/zwarty2.jpg\"\n\t\t\ttitle=\"\"\n\t\t\tdata-src=\"https:\/\/physics.uwb.edu.pl\/wf\/przyszlosc\/wp-content\/uploads\/sites\/7\/nggallery\/druk3d\/zwarty2.jpg\"\n\t\t\tdata-thumbnail=\"https:\/\/physics.uwb.edu.pl\/wf\/przyszlosc\/wp-content\/uploads\/sites\/7\/nggallery\/druk3d\/thumbs\/thumbs_zwarty2.jpg\"\n\t\t\tdata-image-id=\"15\"\n\t\t\tdata-title=\"zwarty2\"\n\t\t\tdata-description=\"\"\n\t\t\t\t\t\t\t\t\t\t\t\t\t\t\tclass=\"ngg-fancybox\" rel=\"f3ffd2f27b15f8533b47d50d94b7a924\">\n\t\t\t\n\t\t\t<img data-image-id='15'\n\t\t\t\ttitle=\"\"\n\t\t\t\talt=\"zwarty2\"\n\t\t\t\tsrc=\"https:\/\/physics.uwb.edu.pl\/wf\/przyszlosc\/wp-content\/uploads\/sites\/7\/nggallery\/druk3d\/zwarty2.jpg\"\n\t\t\t\tstyle=\"max-height: 380px;\"\/>\n\t\t<\/a>\n\n\t\t<\/div>\n\n\t\t<!-- Thumbnails Link -->\n\t<div class=\"slideshowlink\" style=\"max-width: 600px;\">\n\t\t<a href='https:\/\/physics.uwb.edu.pl\/wf\/przyszlosc\/strona-glowna\/opis-projektu\/drukarki-3d-modelowanie-trojwymiarowe\/nggallery\/thumbnails'>[Poka\u017c miniatury]<\/a>\n\t<\/div>\n\n<\/p>\n<p style=\"text-align: justify;\">Zaj\u0119cia obejmuj\u0105:<br \/>\na) Wst\u0119p do projektowania 3D &#8211; wykorzystanie darmowych program\u00f3w do grafiki 3D.<br \/>\nb) Projektowanie element\u00f3w sk\u0142adowych platformy konstrukcyjnej pojazdu elektromechanicznego, sterowanego za pomoc\u0105 uk\u0142adu Arduino (mo\u017cliwo\u015b\u0107 wykorzystana z modu\u0142em 3: <a href=\"http:\/\/physics.uwb.edu.pl\/wf\/przyszlosc\/?page_id=54\">Robotyka dla ka\u017cdego<\/a>).<br \/>\nc) Przygotowanie wybranych element\u00f3w do druku 3D z wykorzystaniem program\u00f3w Net<br \/>\nd) Prace wyko\u0144czeniowe nad wydrukowanymi elementami i monta\u017c pojazdu.<\/p>\n<p style=\"text-align: justify;\"><img loading=\"lazy\" decoding=\"async\" class=\"alignnone wp-image-212 size-medium\" src=\"http:\/\/physics.uwb.edu.pl\/wf\/przyszlosc\/wp-content\/uploads\/sites\/7\/2016\/09\/rozstawiony2-272x300.jpg\" alt=\"rozstawiony2\" width=\"272\" height=\"300\" srcset=\"https:\/\/physics.uwb.edu.pl\/wf\/przyszlosc\/wp-content\/uploads\/sites\/7\/2016\/09\/rozstawiony2-272x300.jpg 272w, https:\/\/physics.uwb.edu.pl\/wf\/przyszlosc\/wp-content\/uploads\/sites\/7\/2016\/09\/rozstawiony2-768x846.jpg 768w, https:\/\/physics.uwb.edu.pl\/wf\/przyszlosc\/wp-content\/uploads\/sites\/7\/2016\/09\/rozstawiony2.jpg 921w\" sizes=\"auto, (max-width: 272px) 100vw, 272px\" \/><\/p>\n<p style=\"text-align: justify;\">Zaj\u0119cia przewiduj\u0105 projektowanie ca\u0142ego modelu, natomiast obrotowa wie\u017cyczka pojazdu zostanie wydrukowana w trakcie Warsztat\u00f3w na drukarce Wydzia\u0142u Fizyki. Uczestnicy b\u0119d\u0105 mieli mo\u017cliwo\u015b\u0107 personalizacji tego elementu &#8211; dodanie w\u0142asnego loga, uchwyt\u00f3w na kamer\u0119 czy inny drobiazg. Na zaj\u0119ciach z <a href=\"http:\/\/physics.uwb.edu.pl\/wf\/przyszlosc\/?page_id=54\">Robotyki do ka\u017cdego<\/a> wie\u017cyczka ta b\u0119dzie pod\u0142\u0105czona do modu\u0142u lasera (kt\u00f3rym b\u0119dzie si\u0119 sterowa\u0107 z pilota na podczerwie\u0144), ale uczestnik kursu mo\u017ce tak j\u0105 sobie przygotowa\u0107, aby spe\u0142nia\u0142a tak\u017ce jego osobiste zadania, nad kt\u00f3rymi (mo\u017ce) pracuje w\u0142a\u015bnie w domu.<\/p>\n","protected":false},"excerpt":{"rendered":"<p>Drukarki 3D staj\u0105 si\u0119 coraz bardziej dost\u0119pne, trzeba tylko umie\u0107 je obs\u0142u\u017cy\u0107. Niezb\u0119dna jest tu wiedza o projektowaniu obiekt\u00f3w tr\u00f3jwymiarowych i przygotowywaniu odpowiednich plik\u00f3w graficznych do druku. [Poka\u017c miniatury] Zaj\u0119cia obejmuj\u0105: a) Wst\u0119p do projektowania 3D &#8211; wykorzystanie darmowych program\u00f3w &hellip; <a href=\"https:\/\/physics.uwb.edu.pl\/wf\/przyszlosc\/strona-glowna\/opis-projektu\/drukarki-3d-modelowanie-trojwymiarowe\">Czytaj dalej <span class=\"meta-nav\">&rarr;<\/span><\/a><\/p>\n","protected":false},"author":2,"featured_media":96,"parent":48,"menu_order":0,"comment_status":"closed","ping_status":"closed","template":"","meta":{"ngg_post_thumbnail":0,"footnotes":""},"class_list":["post-56","page","type-page","status-publish","has-post-thumbnail","hentry"],"_links":{"self":[{"href":"https:\/\/physics.uwb.edu.pl\/wf\/przyszlosc\/wp-json\/wp\/v2\/pages\/56","targetHints":{"allow":["GET"]}}],"collection":[{"href":"https:\/\/physics.uwb.edu.pl\/wf\/przyszlosc\/wp-json\/wp\/v2\/pages"}],"about":[{"href":"https:\/\/physics.uwb.edu.pl\/wf\/przyszlosc\/wp-json\/wp\/v2\/types\/page"}],"author":[{"embeddable":true,"href":"https:\/\/physics.uwb.edu.pl\/wf\/przyszlosc\/wp-json\/wp\/v2\/users\/2"}],"replies":[{"embeddable":true,"href":"https:\/\/physics.uwb.edu.pl\/wf\/przyszlosc\/wp-json\/wp\/v2\/comments?post=56"}],"version-history":[{"count":12,"href":"https:\/\/physics.uwb.edu.pl\/wf\/przyszlosc\/wp-json\/wp\/v2\/pages\/56\/revisions"}],"predecessor-version":[{"id":213,"href":"https:\/\/physics.uwb.edu.pl\/wf\/przyszlosc\/wp-json\/wp\/v2\/pages\/56\/revisions\/213"}],"up":[{"embeddable":true,"href":"https:\/\/physics.uwb.edu.pl\/wf\/przyszlosc\/wp-json\/wp\/v2\/pages\/48"}],"wp:featuredmedia":[{"embeddable":true,"href":"https:\/\/physics.uwb.edu.pl\/wf\/przyszlosc\/wp-json\/wp\/v2\/media\/96"}],"wp:attachment":[{"href":"https:\/\/physics.uwb.edu.pl\/wf\/przyszlosc\/wp-json\/wp\/v2\/media?parent=56"}],"curies":[{"name":"wp","href":"https:\/\/api.w.org\/{rel}","templated":true}]}}