{"id":569,"date":"2016-10-22T12:29:59","date_gmt":"2016-10-22T10:29:59","guid":{"rendered":"http:\/\/physics.uwb.edu.pl\/wf\/przyszlosc\/?page_id=569"},"modified":"2017-02-14T14:57:07","modified_gmt":"2017-02-14T13:57:07","slug":"fotorelacje","status":"publish","type":"page","link":"https:\/\/physics.uwb.edu.pl\/wf\/przyszlosc\/fotorelacje","title":{"rendered":"Fotorelacje &#8211; I edycja"},"content":{"rendered":"<h3>Pierwsza edycja &nbsp; &#8222;Z fizyk\u0105 w przysz\u0142o\u015b\u0107&#8221; &#8211; jesie\u0144\/zima 2016<\/h3>\n<p>Film zrealizowany przez PATI o Warsztatach:<\/p>\n<p><a href=\"http:\/\/physics.uwb.edu.pl\/wf\/przyszlosc\/?page_id=661\"><img loading=\"lazy\" decoding=\"async\" class=\"alignnone wp-image-688 size-medium\" src=\"http:\/\/physics.uwb.edu.pl\/wf\/przyszlosc\/wp-content\/uploads\/sites\/7\/2016\/10\/screenshot-PATI-film-warsztaty-300x167.jpg\" width=\"300\" height=\"167\" srcset=\"https:\/\/physics.uwb.edu.pl\/wf\/przyszlosc\/wp-content\/uploads\/sites\/7\/2016\/10\/screenshot-PATI-film-warsztaty-300x167.jpg 300w, https:\/\/physics.uwb.edu.pl\/wf\/przyszlosc\/wp-content\/uploads\/sites\/7\/2016\/10\/screenshot-PATI-film-warsztaty-768x429.jpg 768w, https:\/\/physics.uwb.edu.pl\/wf\/przyszlosc\/wp-content\/uploads\/sites\/7\/2016\/10\/screenshot-PATI-film-warsztaty-800x447.jpg 800w, https:\/\/physics.uwb.edu.pl\/wf\/przyszlosc\/wp-content\/uploads\/sites\/7\/2016\/10\/screenshot-PATI-film-warsztaty.jpg 801w\" sizes=\"auto, (max-width: 300px) 100vw, 300px\" \/><\/a><\/p>\n<h2>Kilka &#8222;pstryk\u00f3w&#8221; z sal laboratoryjnych oraz auli wyk\u0142adowej:<\/h2>\nngg_shortcode_0_placeholder\n","protected":false},"excerpt":{"rendered":"<p>Pierwsza edycja &nbsp; &#8222;Z fizyk\u0105 w przysz\u0142o\u015b\u0107&#8221; &#8211; jesie\u0144\/zima 2016 Film zrealizowany przez PATI o Warsztatach: Kilka &#8222;pstryk\u00f3w&#8221; z sal laboratoryjnych oraz auli wyk\u0142adowej: &#8221; order_by=&#8221;sortorder&#8221; order_direction=&#8221;ASC&#8221; returns=&#8221;included&#8221; maximum_entity_count=&#8221;500&#8243;]<\/p>\n","protected":false},"author":5,"featured_media":0,"parent":0,"menu_order":0,"comment_status":"closed","ping_status":"closed","template":"","meta":{"ngg_post_thumbnail":0,"footnotes":""},"class_list":["post-569","page","type-page","status-publish","hentry"],"_links":{"self":[{"href":"https:\/\/physics.uwb.edu.pl\/wf\/przyszlosc\/wp-json\/wp\/v2\/pages\/569","targetHints":{"allow":["GET"]}}],"collection":[{"href":"https:\/\/physics.uwb.edu.pl\/wf\/przyszlosc\/wp-json\/wp\/v2\/pages"}],"about":[{"href":"https:\/\/physics.uwb.edu.pl\/wf\/przyszlosc\/wp-json\/wp\/v2\/types\/page"}],"author":[{"embeddable":true,"href":"https:\/\/physics.uwb.edu.pl\/wf\/przyszlosc\/wp-json\/wp\/v2\/users\/5"}],"replies":[{"embeddable":true,"href":"https:\/\/physics.uwb.edu.pl\/wf\/przyszlosc\/wp-json\/wp\/v2\/comments?post=569"}],"version-history":[{"count":16,"href":"https:\/\/physics.uwb.edu.pl\/wf\/przyszlosc\/wp-json\/wp\/v2\/pages\/569\/revisions"}],"predecessor-version":[{"id":828,"href":"https:\/\/physics.uwb.edu.pl\/wf\/przyszlosc\/wp-json\/wp\/v2\/pages\/569\/revisions\/828"}],"wp:attachment":[{"href":"https:\/\/physics.uwb.edu.pl\/wf\/przyszlosc\/wp-json\/wp\/v2\/media?parent=569"}],"curies":[{"name":"wp","href":"https:\/\/api.w.org\/{rel}","templated":true}]}}