{"id":58,"date":"2016-09-06T13:02:49","date_gmt":"2016-09-06T13:02:49","guid":{"rendered":"http:\/\/physics.uwb.edu.pl\/wf\/przyszlosc\/?page_id=58"},"modified":"2017-02-10T09:47:15","modified_gmt":"2017-02-10T08:47:15","slug":"fizyka-grafika-i-gry-komputerowe","status":"publish","type":"page","link":"https:\/\/physics.uwb.edu.pl\/wf\/przyszlosc\/strona-glowna\/opis-projektu\/fizyka-grafika-i-gry-komputerowe","title":{"rendered":"Fizyka, grafika i gry komputerowe"},"content":{"rendered":"<p style=\"text-align: justify;\">Podczas warsztat\u00f3w zostan\u0105 om\u00f3wione trzy elementy, kt\u00f3re s\u0105 zwykle niezb\u0119dne przy tworzeniu gry komputerowej &#8211; b\u0119dzie to grafika, a w szczeg\u00f3lno\u015bci grafika tr\u00f3jwymiarowa, fizyka potrzebna do stworzenia fizycznego silnika gry oraz metody numeryczne do rozwi\u0105zywania r\u00f3wna\u0144 ruchu. W cz\u0119\u015bci fizycznej zostanie om\u00f3wiona kinematyka i dynamika punktu materialnego, dynamika uk\u0142adu punkt\u00f3w materialnych z wi\u0119zami i<br \/>\nzderzenia. W cz\u0119\u015bci numerycznej zostan\u0105 om\u00f3wione wybrane metody ca\u0142kowania uk\u0142ad\u00f3w r\u00f3wna\u0144 r\u00f3\u017cniczkowych.<\/p>\nngg_shortcode_0_placeholder\n<p>Kursant doskonali umiej\u0119tno\u015b\u0107 programowania w j\u0119zyku C\/C++, rozwija umiej\u0119tno\u015bci algorytmicznego my\u015blenia, oraz \u0142\u0105czenia wszystkich poznawanych tre\u015bci w ca\u0142o\u015b\u0107 &#8211; tworz\u0105c tr\u00f3jwymiarow\u0105 gr\u0119 komputerow\u0105. Od kursanta wymagane s\u0105 podstawy programowania w j\u0119zyku C\/C++. Przed przyst\u0105pieniem do zaj\u0119\u0107 nie sprawdzamy umiej\u0119tno\u015bci uczestnika w programowaniu, ale podczas zaj\u0119\u0107 nie b\u0119d\u0105 one t\u0142umaczone.<\/p>\n<p>Szczeg\u00f3\u0142owy plan spotka\u0144:<br \/>\na) Wprowadzenie do grafiki 3D: utworzenie kontekstu rysowania, rysowanie prostych obiekt\u00f3w, teksturowanie.<br \/>\nb) Dynamika uk\u0142adu punkt\u00f3w materialnych, prosty model monocykla.<br \/>\nc) Numeryczne rozwi\u0105zywanie r\u00f3wna\u0144 ruchu metod\u0105 Rungego-Kutty.<br \/>\nd) Po\u0142\u0105czenie wcze\u015bniej poznanych element\u00f3w w gr\u0119 Monocykl.<\/p>\n<p class=\"Standard\"><a href=\"http:\/\/physics.uwb.edu.pl\/wf\/przyszlosc\/?page_id=104\">Projekt gry komputerowej FIZOL<\/a><\/p>\n","protected":false},"excerpt":{"rendered":"<p>Podczas warsztat\u00f3w zostan\u0105 om\u00f3wione trzy elementy, kt\u00f3re s\u0105 zwykle niezb\u0119dne przy tworzeniu gry komputerowej &#8211; b\u0119dzie to grafika, a w szczeg\u00f3lno\u015bci grafika tr\u00f3jwymiarowa, fizyka potrzebna do stworzenia fizycznego silnika gry oraz metody numeryczne do rozwi\u0105zywania r\u00f3wna\u0144 ruchu. W cz\u0119\u015bci fizycznej &hellip; <a href=\"https:\/\/physics.uwb.edu.pl\/wf\/przyszlosc\/strona-glowna\/opis-projektu\/fizyka-grafika-i-gry-komputerowe\">Czytaj dalej <span class=\"meta-nav\">&rarr;<\/span><\/a><\/p>\n","protected":false},"author":2,"featured_media":0,"parent":48,"menu_order":0,"comment_status":"closed","ping_status":"closed","template":"","meta":{"ngg_post_thumbnail":0,"footnotes":""},"class_list":["post-58","page","type-page","status-publish","hentry"],"_links":{"self":[{"href":"https:\/\/physics.uwb.edu.pl\/wf\/przyszlosc\/wp-json\/wp\/v2\/pages\/58","targetHints":{"allow":["GET"]}}],"collection":[{"href":"https:\/\/physics.uwb.edu.pl\/wf\/przyszlosc\/wp-json\/wp\/v2\/pages"}],"about":[{"href":"https:\/\/physics.uwb.edu.pl\/wf\/przyszlosc\/wp-json\/wp\/v2\/types\/page"}],"author":[{"embeddable":true,"href":"https:\/\/physics.uwb.edu.pl\/wf\/przyszlosc\/wp-json\/wp\/v2\/users\/2"}],"replies":[{"embeddable":true,"href":"https:\/\/physics.uwb.edu.pl\/wf\/przyszlosc\/wp-json\/wp\/v2\/comments?post=58"}],"version-history":[{"count":16,"href":"https:\/\/physics.uwb.edu.pl\/wf\/przyszlosc\/wp-json\/wp\/v2\/pages\/58\/revisions"}],"predecessor-version":[{"id":648,"href":"https:\/\/physics.uwb.edu.pl\/wf\/przyszlosc\/wp-json\/wp\/v2\/pages\/58\/revisions\/648"}],"up":[{"embeddable":true,"href":"https:\/\/physics.uwb.edu.pl\/wf\/przyszlosc\/wp-json\/wp\/v2\/pages\/48"}],"wp:attachment":[{"href":"https:\/\/physics.uwb.edu.pl\/wf\/przyszlosc\/wp-json\/wp\/v2\/media?parent=58"}],"curies":[{"name":"wp","href":"https:\/\/api.w.org\/{rel}","templated":true}]}}