{"id":661,"date":"2017-05-20T10:21:33","date_gmt":"2017-05-20T08:21:33","guid":{"rendered":"http:\/\/physics.uwb.edu.pl\/wf\/przyszlosc\/?page_id=661"},"modified":"2017-05-29T12:36:43","modified_gmt":"2017-05-29T10:36:43","slug":"film-z-pierwszej-edycji-warsztatow","status":"publish","type":"page","link":"https:\/\/physics.uwb.edu.pl\/wf\/przyszlosc\/film-z-pierwszej-edycji-warsztatow","title":{"rendered":"Fotorelacja z zako\u0144czenia Warsztat\u00f3w"},"content":{"rendered":"<p>2-gie sobotnie spotkania z fizyk\u0105 pt. &#8222;Fale wok\u00f3\u0142 nas&#8221;, prof. Marek Kisielewski (wraz z mgr. Piotrem Chomieni\u0105) + zako\u0144czenie warsztat\u00f3w:&nbsp;<\/p>\nngg_shortcode_0_placeholder\n<p style=\"text-align: right;\"><em>(foto K. Gawryluk)<\/em><\/p>\n<p style=\"text-align: left;\">W drugiej edycji warsztat\u00f3w udzia\u0142 wzi\u0119\u0142o ponad <strong>100<\/strong> os\u00f3b, kt\u00f3re w sobot\u0119 20 maja 2017 r odebra\u0142y swoje dyplomy uczestnictwa oraz broszury. Statystyki:<\/p>\n<p style=\"text-align: left;\"><strong>I edycja:<\/strong> \u0142\u0105cznie w 5-ciu blokach tematycznych udzia\u0142 wzi\u0119\u0142o <strong>90<\/strong>&nbsp;uczni\u00f3w (9 grup warsztatowych), w tym 32 dziewcz\u0105t (36%), oraz 58 ch\u0142opak\u00f3w (64%).<\/p>\n<p style=\"text-align: left;\"><strong>II edycja:<\/strong> \u0142\u0105cznie w 5-ciu blokach tematycznych udzia\u0142 wzi\u0119\u0142o <strong>112<\/strong>&nbsp;uczni\u00f3w (11 grup warsztatowych), w tym 36 dziewcz\u0105t (32%) oraz 76 ch\u0142opak\u00f3w (68%).&nbsp;<\/p>\n<p style=\"text-align: left;\">Cieszy nas <strong>rosn\u0105ce<\/strong> zainteresowanie m\u0142odzie\u017cy fizyk\u0105, matematyk\u0105 i informatyk\u0105. Wida\u0107 te\u017c, \u017ce&nbsp;dziewczyny nie by\u0142y samotne podczas naszych warsztat\u00f3w.<\/p>\n<p style=\"text-align: left;\"><strong>Gratulujemy<\/strong>&nbsp;wytrwa\u0142o\u015bci i zaanga\u017cowania \u2013 dwa miesi\u0105ce zaj\u0119\u0107 warsztatowych to \u015bwietna inwestycja w siebie i w swoj\u0105 przysz\u0142o\u015b\u0107. Jeste\u015bmy pod wra\u017ceniem os\u00f3b wybieraj\u0105cych nawet <strong>dwa bloki<\/strong> zaj\u0119\u0107, a tym bardziej os\u00f3b <strong>wracaj\u0105cych<\/strong> do nas z pierwszej edycji. Dlatego te\u017c najbardziej aktywne osoby chc\u0105ce dalej poszerza\u0107 swoj\u0105 wiedz\u0119 otrzyma\u0142y mo\u017cliwo\u015b\u0107 kontynuacji spotka\u0144 w ramach k\u00f3\u0142 naukowych na Wydziale Fizyki- z robotyki <a href=\"http:\/\/fibot.fizyka.uwb.edu.pl\/\">Fi-BOT<\/a> oraz z programowania gier <a href=\"http:\/\/figiel.fizyka.uwb.edu.pl\/\">FiGieL<\/a>. Jesli chcesz wydrukowa\u0107 u nas sw\u00f3j projekt w ramach modelowania 3D &#8211; prosimy <a href=\"mailto:przyszlosc@fizyka.uwb.edu.pl\">o kontakt<\/a>.<\/p>\n","protected":false},"excerpt":{"rendered":"<p>2-gie sobotnie spotkania z fizyk\u0105 pt. &#8222;Fale wok\u00f3\u0142 nas&#8221;, prof. Marek Kisielewski (wraz z mgr. Piotrem Chomieni\u0105) + zako\u0144czenie warsztat\u00f3w:&nbsp; &#8221; order_by=&#8221;sortorder&#8221; order_direction=&#8221;ASC&#8221; returns=&#8221;included&#8221; maximum_entity_count=&#8221;500&#8243;] (foto K. Gawryluk) W drugiej edycji warsztat\u00f3w udzia\u0142 wzi\u0119\u0142o ponad 100 os\u00f3b, kt\u00f3re w sobot\u0119 &hellip; <a href=\"https:\/\/physics.uwb.edu.pl\/wf\/przyszlosc\/film-z-pierwszej-edycji-warsztatow\">Czytaj dalej <span class=\"meta-nav\">&rarr;<\/span><\/a><\/p>\n","protected":false},"author":5,"featured_media":1423,"parent":0,"menu_order":0,"comment_status":"closed","ping_status":"closed","template":"","meta":{"ngg_post_thumbnail":0,"footnotes":""},"class_list":["post-661","page","type-page","status-publish","has-post-thumbnail","hentry"],"_links":{"self":[{"href":"https:\/\/physics.uwb.edu.pl\/wf\/przyszlosc\/wp-json\/wp\/v2\/pages\/661","targetHints":{"allow":["GET"]}}],"collection":[{"href":"https:\/\/physics.uwb.edu.pl\/wf\/przyszlosc\/wp-json\/wp\/v2\/pages"}],"about":[{"href":"https:\/\/physics.uwb.edu.pl\/wf\/przyszlosc\/wp-json\/wp\/v2\/types\/page"}],"author":[{"embeddable":true,"href":"https:\/\/physics.uwb.edu.pl\/wf\/przyszlosc\/wp-json\/wp\/v2\/users\/5"}],"replies":[{"embeddable":true,"href":"https:\/\/physics.uwb.edu.pl\/wf\/przyszlosc\/wp-json\/wp\/v2\/comments?post=661"}],"version-history":[{"count":10,"href":"https:\/\/physics.uwb.edu.pl\/wf\/przyszlosc\/wp-json\/wp\/v2\/pages\/661\/revisions"}],"predecessor-version":[{"id":1445,"href":"https:\/\/physics.uwb.edu.pl\/wf\/przyszlosc\/wp-json\/wp\/v2\/pages\/661\/revisions\/1445"}],"wp:featuredmedia":[{"embeddable":true,"href":"https:\/\/physics.uwb.edu.pl\/wf\/przyszlosc\/wp-json\/wp\/v2\/media\/1423"}],"wp:attachment":[{"href":"https:\/\/physics.uwb.edu.pl\/wf\/przyszlosc\/wp-json\/wp\/v2\/media?parent=661"}],"curies":[{"name":"wp","href":"https:\/\/api.w.org\/{rel}","templated":true}]}}