{"id":105,"date":"2021-10-14T17:03:21","date_gmt":"2021-10-14T17:03:21","guid":{"rendered":"https:\/\/physics.uwb.edu.pl\/wf\/ptf\/?page_id=105"},"modified":"2024-06-26T09:02:48","modified_gmt":"2024-06-26T09:02:48","slug":"wyklady-ptf","status":"publish","type":"page","link":"https:\/\/physics.uwb.edu.pl\/wf\/ptf\/wyklady-ptf\/","title":{"rendered":"Wyk\u0142ady PTF"},"content":{"rendered":"\n<figure class=\"wp-block-image size-large\"><img loading=\"lazy\" decoding=\"async\" width=\"1024\" height=\"256\" src=\"https:\/\/physics.uwb.edu.pl\/wf\/ptf\/wp-content\/uploads\/sites\/24\/2023\/09\/Wyklady-PTF-banner-1-1024x256.jpg\" alt=\"\" class=\"wp-image-504\" srcset=\"https:\/\/physics.uwb.edu.pl\/wf\/ptf\/wp-content\/uploads\/sites\/24\/2023\/09\/Wyklady-PTF-banner-1-1024x256.jpg 1024w, https:\/\/physics.uwb.edu.pl\/wf\/ptf\/wp-content\/uploads\/sites\/24\/2023\/09\/Wyklady-PTF-banner-1-300x75.jpg 300w, https:\/\/physics.uwb.edu.pl\/wf\/ptf\/wp-content\/uploads\/sites\/24\/2023\/09\/Wyklady-PTF-banner-1-768x192.jpg 768w, https:\/\/physics.uwb.edu.pl\/wf\/ptf\/wp-content\/uploads\/sites\/24\/2023\/09\/Wyklady-PTF-banner-1.jpg 1200w\" sizes=\"auto, (max-width: 1024px) 100vw, 1024px\" \/><\/figure>\n\n\n\n<!-- Page-list plugin v.5.9 wordpress.org\/plugins\/page-list\/ -->\n<div class=\"page-list page-list-ext \">\n<div class=\"page-list-ext-item\"><div class=\"page-list-ext-image\"><a href=\"https:\/\/physics.uwb.edu.pl\/wf\/ptf\/wyklady-ptf\/transport-wody-i-substancji-odzywczych-w-roslinach\/\" title=\"&quot;Transport wody i substancji od\u017cywczych w ro\u015blinach&quot;\"><img decoding=\"async\" src=\"https:\/\/physics.uwb.edu.pl\/wf\/ptf\/wp-content\/uploads\/sites\/24\/2023\/09\/2022-05-17_WykladPTF_Wydarzenie-150x150.jpg\" width=\"150\" alt=\"&quot;Transport wody i substancji od\u017cywczych w ro\u015blinach&quot;\" \/><\/a><\/div> <h3 class=\"page-list-ext-title\"><a href=\"https:\/\/physics.uwb.edu.pl\/wf\/ptf\/wyklady-ptf\/transport-wody-i-substancji-odzywczych-w-roslinach\/\" title=\"&quot;Transport wody i substancji od\u017cywczych w ro\u015blinach&quot;\">&quot;Transport wody i substancji od\u017cywczych w ro\u015blinach&quot;<\/a><\/h3><div class=\"page-list-ext-item-content\">\nW sobot\u0119 4 czerwca 2022 roku o godz. 11.00 \n\n\n\nw sali 2011 Wydzia\u0142u Fizyki przy ul. Konstantego Cio\u0142kowskiego 1L \n\n\n\nprof. dr hab. Iwona Ciereszko  \n\n\n\nWydzia\u0142 Biologii, Uniwersytet w Bia\u0142ymstoku \n\n\n\nwyg\u0142osi wyk\u0142ad pt. \n\n\n\nTransport wody i substancji od\u017cywc...<\/div><\/div>\n<div class=\"page-list-ext-item\"><div class=\"page-list-ext-image\"><a href=\"https:\/\/physics.uwb.edu.pl\/wf\/ptf\/wyklady-ptf\/percepcja-krotkich-sygnalow-dzwiekowych\/\" title=\"&quot;Percepcja kr\u00f3tkich sygna\u0142\u00f3w d\u017awi\u0119kowych&quot;\"><img decoding=\"async\" src=\"https:\/\/physics.uwb.edu.pl\/wf\/ptf\/wp-content\/uploads\/sites\/24\/2023\/09\/2022-03-04_WykladPTF_Wydarzenie-150x150.jpg\" width=\"150\" alt=\"&quot;Percepcja kr\u00f3tkich sygna\u0142\u00f3w d\u017awi\u0119kowych&quot;\" \/><\/a><\/div> <h3 class=\"page-list-ext-title\"><a href=\"https:\/\/physics.uwb.edu.pl\/wf\/ptf\/wyklady-ptf\/percepcja-krotkich-sygnalow-dzwiekowych\/\" title=\"&quot;Percepcja kr\u00f3tkich sygna\u0142\u00f3w d\u017awi\u0119kowych&quot;\">&quot;Percepcja kr\u00f3tkich sygna\u0142\u00f3w d\u017awi\u0119kowych&quot;<\/a><\/h3><div class=\"page-list-ext-item-content\">\nW sobot\u0119 26 marca 2022 roku o godz. 11.00 \n\n\n\nw sali 2011 Wydzia\u0142u Fizyki przy ul. Konstantego Cio\u0142kowskiego 1L \n\n\n\nmgr in\u017c. Karolina Stelmach  \n\n\n\nInterdyscyplinarne \u015arodowiskowe Studia Doktoranckie \n\n\n\nwyg\u0142osi wyk\u0142ad pt. \n\n\n\nPercepcja kr\u00f3tkich sygna\u0142\u00f3...<\/div><\/div>\n<div class=\"page-list-ext-item\"><div class=\"page-list-ext-image\"><a href=\"https:\/\/physics.uwb.edu.pl\/wf\/ptf\/wyklady-ptf\/podstawowe-stale-fizyki-a-ksztalt-wszechswiata\/\" title=\"&quot;Podstawowe sta\u0142e fizyki a kszta\u0142t Wszech\u015bwiata&quot;\"><img decoding=\"async\" src=\"https:\/\/physics.uwb.edu.pl\/wf\/ptf\/wp-content\/uploads\/sites\/24\/2023\/09\/2022-01-17_WykladPTF_Wydarzenie-150x150.jpg\" width=\"150\" alt=\"&quot;Podstawowe sta\u0142e fizyki a kszta\u0142t Wszech\u015bwiata&quot;\" \/><\/a><\/div> <h3 class=\"page-list-ext-title\"><a href=\"https:\/\/physics.uwb.edu.pl\/wf\/ptf\/wyklady-ptf\/podstawowe-stale-fizyki-a-ksztalt-wszechswiata\/\" title=\"&quot;Podstawowe sta\u0142e fizyki a kszta\u0142t Wszech\u015bwiata&quot;\">&quot;Podstawowe sta\u0142e fizyki a kszta\u0142t Wszech\u015bwiata&quot;<\/a><\/h3><div class=\"page-list-ext-item-content\">\nW sobot\u0119 12 lutego 2022 roku o godzinie 11:00 \n\n\n\nw sali 2011 Wydzia\u0142u Fizyki przy ul. Konstantego Cio\u0142kowskiego 1L \n\n\n\nprof. dr hab. Mariusz P. D\u0105browski  \n\n\n\nSzczeci\u0144ska Grupa Kosmologiczna (cosmo.usz.edu.pl),Instytut Fizyki Uniwersytetu Szczeci\u0144skiego \n\n\n\nw...<\/div><\/div>\n<div class=\"page-list-ext-item\"><div class=\"page-list-ext-image\"><a href=\"https:\/\/physics.uwb.edu.pl\/wf\/ptf\/wyklady-ptf\/kwantowa-zasada-wzglednosci\/\" title=\"&quot;Kwantowa zasada wzgl\u0119dno\u015bci&quot;\"><img decoding=\"async\" src=\"https:\/\/physics.uwb.edu.pl\/wf\/ptf\/wp-content\/uploads\/sites\/24\/2023\/09\/2021-11-08_WykladPTF_Wydarzenie-150x150.jpg\" width=\"150\" alt=\"&quot;Kwantowa zasada wzgl\u0119dno\u015bci&quot;\" \/><\/a><\/div> <h3 class=\"page-list-ext-title\"><a href=\"https:\/\/physics.uwb.edu.pl\/wf\/ptf\/wyklady-ptf\/kwantowa-zasada-wzglednosci\/\" title=\"&quot;Kwantowa zasada wzgl\u0119dno\u015bci&quot;\">&quot;Kwantowa zasada wzgl\u0119dno\u015bci&quot;<\/a><\/h3><div class=\"page-list-ext-item-content\">\nW sobot\u0119 27 listopada 2021 roku o godzinie 11:00 \n\n\n\nw sali 2011 Wydzia\u0142u Fizyki przy ul. Konstantego Cio\u0142kowskiego 1L \n\n\n\ndr hab. Andrzej Dragan  \n\n\n\nz Wydzia\u0142u Fizyki Uniwersytetu Warszawskiego \n\n\n\nwyg\u0142osi wyk\u0142ad zatytu\u0142owany \n\n\n\n\"Kwantowa zasada wzgl\u0119d...<\/div><\/div>\n<div class=\"page-list-ext-item\"><div class=\"page-list-ext-image\"><a href=\"https:\/\/physics.uwb.edu.pl\/wf\/ptf\/wyklady-ptf\/wyklad-ziemkiewicz\/\" title=\"\u201eFascynuj\u0105ca fizyka mechanizm\u00f3w zegarowych\u201d\"><img decoding=\"async\" src=\"https:\/\/physics.uwb.edu.pl\/wf\/ptf\/wp-content\/uploads\/sites\/24\/2023\/09\/2021-10-15_WykladPTF_Wydarzenie-150x150.jpg\" width=\"150\" alt=\"\u201eFascynuj\u0105ca fizyka mechanizm\u00f3w zegarowych\u201d\" \/><\/a><\/div> <h3 class=\"page-list-ext-title\"><a href=\"https:\/\/physics.uwb.edu.pl\/wf\/ptf\/wyklady-ptf\/wyklad-ziemkiewicz\/\" title=\"\u201eFascynuj\u0105ca fizyka mechanizm\u00f3w zegarowych\u201d\">\u201eFascynuj\u0105ca fizyka mechanizm\u00f3w zegarowych\u201d<\/a><\/h3><div class=\"page-list-ext-item-content\">\nW sobot\u0119 23 pa\u017adziernika 2021 roku o godzinie 11:00 \n\n\n\nw sali 2011 Wydzia\u0142u Fizyki przy ul. Konstantego Cio\u0142kowskiego 1L \n\n\n\ndr in\u017c. David Ziemkiewicz  \n\n\n\nz Politechniki Bydgoskiej im Jana i J\u0119drzeja \u015aniadeckich \n\n\n\nwyg\u0142osi wyk\u0142ad zatytu\u0142owany \n\n\n\n\"Fasc...<\/div><\/div>\n<div class=\"page-list-ext-item\"><div class=\"page-list-ext-image\"><a href=\"https:\/\/physics.uwb.edu.pl\/wf\/ptf\/wyklady-ptf\/wyklady-wygloszone-w-roku-2020\/\" title=\"Wyk\u0142ady wyg\u0142oszone w roku 2020\"><img decoding=\"async\" src=\"https:\/\/physics.uwb.edu.pl\/wf\/ptf\/wp-content\/uploads\/sites\/24\/2024\/06\/wyklad_ogolny-150x150.jpg\" width=\"150\" alt=\"Wyk\u0142ady wyg\u0142oszone w roku 2020\" \/><\/a><\/div> <h3 class=\"page-list-ext-title\"><a href=\"https:\/\/physics.uwb.edu.pl\/wf\/ptf\/wyklady-ptf\/wyklady-wygloszone-w-roku-2020\/\" title=\"Wyk\u0142ady wyg\u0142oszone w roku 2020\">Wyk\u0142ady wyg\u0142oszone w roku 2020<\/a><\/h3><div class=\"page-list-ext-item-content\">\nWyk\u0142ady, kt\u00f3re zosta\u0142y wyg\u0142oszone w roku 2020:   \n\n\n\n\n07 marca 2020 - dr hab. Andrzej Odrzywo\u0142ek - \"Toroidalne obiekty wok\u00f3\u0142 czarnych dziur\"   \n\n\n\n11 stycznia 2020 - dr Witold Zawadzki - \"Fizyka w Gwiezdnych Wojnach\"   \n \n<\/div><\/div>\n<div class=\"page-list-ext-item\"><div class=\"page-list-ext-image\"><a href=\"https:\/\/physics.uwb.edu.pl\/wf\/ptf\/wyklady-ptf\/wyklady-wygloszone-w-roku-2019\/\" title=\"Wyk\u0142ady wyg\u0142oszone w latach 2010-2019\"><img decoding=\"async\" src=\"https:\/\/physics.uwb.edu.pl\/wf\/ptf\/wp-content\/uploads\/sites\/24\/2024\/06\/wyklad_ogolny-150x150.jpg\" width=\"150\" alt=\"Wyk\u0142ady wyg\u0142oszone w latach 2010-2019\" \/><\/a><\/div> <h3 class=\"page-list-ext-title\"><a href=\"https:\/\/physics.uwb.edu.pl\/wf\/ptf\/wyklady-ptf\/wyklady-wygloszone-w-roku-2019\/\" title=\"Wyk\u0142ady wyg\u0142oszone w latach 2010-2019\">Wyk\u0142ady wyg\u0142oszone w latach 2010-2019<\/a><\/h3><div class=\"page-list-ext-item-content\">\nWyk\u0142ady, kt\u00f3re zosta\u0142y wyg\u0142oszone w roku 2019:   \n\n\n\n\n26 pa\u017adziernika 2019 - prof. dr hab. in\u017c. Kazimierz R\u00f3\u017ca\u0144ski - \"Czy zdo\u0142amy zahamowa\u0107 globalne ocieplenie?\"   \n\n\n\n05 pa\u017adziernika 2019 - prof. dr hab. Janusz My\u015bliwiec - \"Fizyka j\u0105drowa w s\u0142u\u017cbie zdr...<\/div><\/div>\n<div class=\"page-list-ext-item\"><div class=\"page-list-ext-image\"><a href=\"https:\/\/physics.uwb.edu.pl\/wf\/ptf\/wyklady-ptf\/wyklady-wygloszone-w-latach-2000-2009\/\" title=\"Wyk\u0142ady wyg\u0142oszone w latach 2000-2009\"><img decoding=\"async\" src=\"https:\/\/physics.uwb.edu.pl\/wf\/ptf\/wp-content\/uploads\/sites\/24\/2024\/06\/wyklad_ogolny-150x150.jpg\" width=\"150\" alt=\"Wyk\u0142ady wyg\u0142oszone w latach 2000-2009\" \/><\/a><\/div> <h3 class=\"page-list-ext-title\"><a href=\"https:\/\/physics.uwb.edu.pl\/wf\/ptf\/wyklady-ptf\/wyklady-wygloszone-w-latach-2000-2009\/\" title=\"Wyk\u0142ady wyg\u0142oszone w latach 2000-2009\">Wyk\u0142ady wyg\u0142oszone w latach 2000-2009<\/a><\/h3><div class=\"page-list-ext-item-content\">\nWyk\u0142ady, kt\u00f3re zosta\u0142y wyg\u0142oszone w roku 2009:   \n\n\n\n\n19 grudnia 2009 \u2013 dr Tomasz Sowi\u0144ski \u2013 \u201eCo to w\u0142a\u015bciwie znaczy, \u017ce E=mc2?\u201d  \n\n\n\n21 listopada 2009 \u2013 dr Szymon Charzy\u0144ski \u2013 \u201eFizyka r\u00f3\u017cd\u017cki i wahad\u0142a\u201d   \n\n\n\n24 pa\u017adziernika 2009 \u2013 dr Marek Niko\u0142ajuk \u2013 \u201e...<\/div><\/div>\n<div class=\"page-list-ext-item\"><div class=\"page-list-ext-image\"><a href=\"https:\/\/physics.uwb.edu.pl\/wf\/ptf\/wyklady-ptf\/wyklady-wygloszone-w-roku-1998\/\" title=\"Wyk\u0142ady wyg\u0142oszone przed rokiem 2000\"><img decoding=\"async\" src=\"https:\/\/physics.uwb.edu.pl\/wf\/ptf\/wp-content\/uploads\/sites\/24\/2024\/06\/wyklad_ogolny-150x150.jpg\" width=\"150\" alt=\"Wyk\u0142ady wyg\u0142oszone przed rokiem 2000\" \/><\/a><\/div> <h3 class=\"page-list-ext-title\"><a href=\"https:\/\/physics.uwb.edu.pl\/wf\/ptf\/wyklady-ptf\/wyklady-wygloszone-w-roku-1998\/\" title=\"Wyk\u0142ady wyg\u0142oszone przed rokiem 2000\">Wyk\u0142ady wyg\u0142oszone przed rokiem 2000<\/a><\/h3><div class=\"page-list-ext-item-content\">\nWyk\u0142ady, kt\u00f3re zosta\u0142y wyg\u0142oszone w roku 1999:   \n\n\n\n\n17 kwietnia 1999 - dr Jadwiga Bia\u0142a - \"Co spada z nieba\"   \n\n\n\n20 marca 1999 - prof. dr hab. Jacek Turnau - \"W g\u0142\u0105b struktury materii: od Rutherforda poprzez kwarki do...\"   \n\n\n\n20 lutego 1999 - prof...<\/div><\/div>\n\n<\/div>\n","protected":false},"excerpt":{"rendered":"","protected":false},"author":25,"featured_media":0,"parent":0,"menu_order":0,"comment_status":"closed","ping_status":"closed","template":"","meta":{"site-sidebar-layout":"default","site-content-layout":"","ast-site-content-layout":"default","site-content-style":"default","site-sidebar-style":"default","ast-global-header-display":"","ast-banner-title-visibility":"","ast-main-header-display":"","ast-hfb-above-header-display":"","ast-hfb-below-header-display":"","ast-hfb-mobile-header-display":"","site-post-title":"disabled","ast-breadcrumbs-content":"","ast-featured-img":"","footer-sml-layout":"","ast-disable-related-posts":"","theme-transparent-header-meta":"","adv-header-id-meta":"","stick-header-meta":"","header-above-stick-meta":"","header-main-stick-meta":"","header-below-stick-meta":"","astra-migrate-meta-layouts":"set","ast-page-background-enabled":"default","ast-page-background-meta":{"desktop":{"background-color":"var(--ast-global-color-4)","background-image":"","background-repeat":"repeat","background-position":"center center","background-size":"auto","background-attachment":"scroll","background-type":"","background-media":"","overlay-type":"","overlay-color":"","overlay-opacity":"","overlay-gradient":""},"tablet":{"background-color":"","background-image":"","background-repeat":"repeat","background-position":"center center","background-size":"auto","background-attachment":"scroll","background-type":"","background-media":"","overlay-type":"","overlay-color":"","overlay-opacity":"","overlay-gradient":""},"mobile":{"background-color":"","background-image":"","background-repeat":"repeat","background-position":"center center","background-size":"auto","background-attachment":"scroll","background-type":"","background-media":"","overlay-type":"","overlay-color":"","overlay-opacity":"","overlay-gradient":""}},"ast-content-background-meta":{"desktop":{"background-color":"var(--ast-global-color-5)","background-image":"","background-repeat":"repeat","background-position":"center center","background-size":"auto","background-attachment":"scroll","background-type":"","background-media":"","overlay-type":"","overlay-color":"","overlay-opacity":"","overlay-gradient":""},"tablet":{"background-color":"var(--ast-global-color-5)","background-image":"","background-repeat":"repeat","background-position":"center center","background-size":"auto","background-attachment":"scroll","background-type":"","background-media":"","overlay-type":"","overlay-color":"","overlay-opacity":"","overlay-gradient":""},"mobile":{"background-color":"var(--ast-global-color-5)","background-image":"","background-repeat":"repeat","background-position":"center center","background-size":"auto","background-attachment":"scroll","background-type":"","background-media":"","overlay-type":"","overlay-color":"","overlay-opacity":"","overlay-gradient":""}},"ngg_post_thumbnail":0,"footnotes":""},"class_list":["post-105","page","type-page","status-publish","hentry"],"_links":{"self":[{"href":"https:\/\/physics.uwb.edu.pl\/wf\/ptf\/wp-json\/wp\/v2\/pages\/105","targetHints":{"allow":["GET"]}}],"collection":[{"href":"https:\/\/physics.uwb.edu.pl\/wf\/ptf\/wp-json\/wp\/v2\/pages"}],"about":[{"href":"https:\/\/physics.uwb.edu.pl\/wf\/ptf\/wp-json\/wp\/v2\/types\/page"}],"author":[{"embeddable":true,"href":"https:\/\/physics.uwb.edu.pl\/wf\/ptf\/wp-json\/wp\/v2\/users\/25"}],"replies":[{"embeddable":true,"href":"https:\/\/physics.uwb.edu.pl\/wf\/ptf\/wp-json\/wp\/v2\/comments?post=105"}],"version-history":[{"count":13,"href":"https:\/\/physics.uwb.edu.pl\/wf\/ptf\/wp-json\/wp\/v2\/pages\/105\/revisions"}],"predecessor-version":[{"id":1061,"href":"https:\/\/physics.uwb.edu.pl\/wf\/ptf\/wp-json\/wp\/v2\/pages\/105\/revisions\/1061"}],"wp:attachment":[{"href":"https:\/\/physics.uwb.edu.pl\/wf\/ptf\/wp-json\/wp\/v2\/media?parent=105"}],"curies":[{"name":"wp","href":"https:\/\/api.w.org\/{rel}","templated":true}]}}