{"id":1067,"date":"1999-06-26T09:20:00","date_gmt":"1999-06-26T09:20:00","guid":{"rendered":"https:\/\/physics.uwb.edu.pl\/wf\/ptf\/?page_id=1067"},"modified":"2024-07-15T10:08:56","modified_gmt":"2024-07-15T10:08:56","slug":"wyklady-wygloszone-w-roku-1998","status":"publish","type":"page","link":"https:\/\/physics.uwb.edu.pl\/wf\/ptf\/wyklady-ptf\/wyklady-wygloszone-w-roku-1998\/","title":{"rendered":"Wyk\u0142ady wyg\u0142oszone przed rokiem 2000"},"content":{"rendered":"\n<h2 class=\"wp-block-heading\"><strong><em>Wyk\u0142ady, kt\u00f3re zosta\u0142y wyg\u0142oszone w roku 1999:<\/em><\/strong><\/h2>\n\n\n\n<ol class=\"wp-block-list\">\n<li>17 kwietnia 1999 &#8211; dr Jadwiga Bia\u0142a &#8211; <strong><a href=\"https:\/\/physics.uwb.edu.pl\/wf\/ptf\/wp-content\/uploads\/sites\/24\/2024\/07\/1999_04_17_WykladPTF_JBiala.pdf\">&#8222;Co spada z nieba&#8221;<\/a><\/strong><\/li>\n\n\n\n<li>20 marca 1999 &#8211; prof. dr hab. Jacek Turnau &#8211; <strong><a href=\"https:\/\/physics.uwb.edu.pl\/wf\/ptf\/wp-content\/uploads\/sites\/24\/2024\/07\/1999_03_20_WykladPTF_JTurnau.pdf\">&#8222;W g\u0142\u0105b struktury materii: od Rutherforda poprzez kwarki do&#8230;&#8221;<\/a><\/strong><\/li>\n\n\n\n<li>20 lutego 1999 &#8211; prof. dr hab. med. Franciszek Rogowski &#8211; <strong><a href=\"https:\/\/physics.uwb.edu.pl\/wf\/ptf\/wp-content\/uploads\/sites\/24\/2024\/07\/1999_02_20_WykladPTF_FRogowski.pdf\">&#8222;Fizyczny rodow\u00f3d diagnostycznych, leczniczych i badawczych metod medycyny nuklearnej&#8221;<\/a><\/strong><\/li>\n\n\n\n<li>16 stycznia 1999 &#8211; doc. dr hab. Leszek Dobaczewski &#8211; <strong><a href=\"https:\/\/physics.uwb.edu.pl\/wf\/ptf\/wp-content\/uploads\/sites\/24\/2024\/07\/1999_01_16_WykladPTF_LDobaczewski.pdf\">&#8222;Cegie\u0142ki elektroniki: lampa elektronowa, z\u0142\u0105cze p\u00f3\u0142przewodnikowe &#8230; i co dalej? Polimery? Sieci Neuronowe?&#8221;<\/a><\/strong><\/li>\n<\/ol>\n\n\n\n<h2 class=\"wp-block-heading\"><strong><em>Wyk\u0142ady, kt\u00f3re zosta\u0142y wyg\u0142oszone w roku 1998:<\/em><\/strong><\/h2>\n\n\n\n<ul class=\"wp-block-list\" start=\"1\">\n<li>12 grudnia 1998 &#8211; doc. dr hab. Marek Potrzebowski &#8211; <strong><a href=\"https:\/\/physics.uwb.edu.pl\/wf\/ptf\/wp-content\/uploads\/sites\/24\/2024\/07\/1998_12_12_WykladPTF_MPotrzebowski.pdf\">&#8222;Spektroskopia NMR w ciele sta\u0142ym&#8221;<\/a><\/strong><\/li>\n\n\n\n<li>14 listopada 1998 &#8211; prof. dr hab. Andrzej Z. Hrynkiewicz &#8211; <strong><a href=\"https:\/\/physics.uwb.edu.pl\/wf\/ptf\/wp-content\/uploads\/sites\/24\/2024\/07\/1998_11_14_WykladPTF_AHrynkiewicz.pdf\">&#8222;Perspektywy wykorzystania fuzji termoj\u0105drowej&#8221;<\/a><\/strong><\/li>\n\n\n\n<li>17 pa\u017adziernika 1998 &#8211; dr hab. Tadeusz Stacewicz &#8211; <strong><a href=\"https:\/\/physics.uwb.edu.pl\/wf\/ptf\/wp-content\/uploads\/sites\/24\/2024\/07\/1998_10_17_WykladPTF_TStacewicz.pdf\">&#8222;LIDAR w badaniach atmosfery&#8221;<\/a><\/strong><\/li>\n\n\n\n<li>23 maja 1998 &#8211; dr Piotr Jaranowski &#8211; <strong><a href=\"https:\/\/physics.uwb.edu.pl\/wf\/ptf\/wp-content\/uploads\/sites\/24\/2024\/07\/1998_05_23_WykladPTF_PJaranowski.pdf\">&#8222;Fale grawitacyjne&#8221;<\/a><\/strong><\/li>\n\n\n\n<li>18 kwietnia 1998 &#8211; prof. dr hab. Ryszard Sosnowski &#8211; <strong><a href=\"https:\/\/physics.uwb.edu.pl\/wf\/ptf\/wp-content\/uploads\/sites\/24\/2024\/07\/1998_04_18_WykladPTF_RSosnowski.pdf\">&#8222;Najmniejsze ziarna materii &#8211; z czego zbudowany jest Wszech\u015bwiat&#8221;<\/a><\/strong><\/li>\n\n\n\n<li>21 marca 1998 &#8211; prof. dr hab Jacek \u017bebrowski &#8211; <strong><a href=\"https:\/\/physics.uwb.edu.pl\/wf\/ptf\/wp-content\/uploads\/sites\/24\/2024\/07\/1998_03_21_WykladPTF_JZebrowski.pdf\">&#8222;O porz\u0105dku ukrytym w szumach&#8221;<\/a><\/strong><\/li>\n\n\n\n<li>21 lutego 1998 &#8211; dr Marek Banaszkiewicz &#8211; <strong><a href=\"https:\/\/physics.uwb.edu.pl\/wf\/ptf\/wp-content\/uploads\/sites\/24\/2024\/07\/1998_02_21_WykladPTF_MBanaszkiewicz.pdf\">&#8222;Najnowsze misje kosmiczne&#8221;<\/a><\/strong><\/li>\n\n\n\n<li>17 stycznia 1998 &#8211; prof. dr hab. Jacek Leliwa-Kopysty\u0144ski &#8211; <strong><a href=\"https:\/\/physics.uwb.edu.pl\/wf\/ptf\/wp-content\/uploads\/sites\/24\/2024\/07\/1998_01_17_WykladPTF_JLeliwaKopystynski.pdf\">&#8222;Lody w uk\u0142adzie s\u0142onecznym&#8221;<\/a><\/strong><\/li>\n<\/ul>\n\n\n\n<h2 class=\"wp-block-heading\"><strong><em>Wyk\u0142ady, kt\u00f3re zosta\u0142y wyg\u0142oszone w roku 1997:<\/em><\/strong><\/h2>\n\n\n\n<ul class=\"wp-block-list\">\n<li>13 grudnia 1997 &#8211; prof. dr hab. Antoni Czerwi\u0144ski &#8211; <strong><a href=\"https:\/\/physics.uwb.edu.pl\/wf\/ptf\/wp-content\/uploads\/sites\/24\/2024\/07\/1997_12_13_WykladPTF_ACzerwinski.pdf\">&#8222;Blaski i cienie promieniotw\u00f3rczo\u015bci&#8221;<\/a><\/strong> (wyk\u0142ad organizowany wsp\u00f3lnie z Polskim Towarzystwem Chemicznym)<\/li>\n\n\n\n<li>15 listopada 1997 &#8211; dr Marek Kisielewski &#8211; <strong><a href=\"https:\/\/physics.uwb.edu.pl\/wf\/ptf\/wp-content\/uploads\/sites\/24\/2024\/07\/1997_11_15_WykladPTF_MKisielewski.pdf\">&#8222;Wsp\u00f3\u0142czesna nanoskopia&#8221;<\/a><\/strong><\/li>\n\n\n\n<li>18 pa\u017adziernika 1997 &#8211; prof. dr hab. Henryk Lachowicz &#8211; <strong><a href=\"https:\/\/physics.uwb.edu.pl\/wf\/ptf\/wp-content\/uploads\/sites\/24\/2024\/07\/1997_10_18_WykladPTF_HLachowicz.pdf\">&#8222;Pami\u0119ci magnetyczne&#8221;<\/a><\/strong><\/li>\n\n\n\n<li>24 maja 1997 &#8211; prof. dr hab. Adrian Kozanecki &#8211; <strong><a href=\"https:\/\/physics.uwb.edu.pl\/wf\/ptf\/wp-content\/uploads\/sites\/24\/2024\/07\/1997_05_24_WykladPTF_AKozanecki.pdf\">&#8222;Fizyka wsp\u00f3\u0142czesna w muzeum&#8221;<\/a><\/strong><\/li>\n\n\n\n<li>19 kwietnia 1997 &#8211; prof. dr hab. Antoni Adamczyk &#8211; <strong><a href=\"https:\/\/physics.uwb.edu.pl\/wf\/ptf\/wp-content\/uploads\/sites\/24\/2024\/07\/1997_04_19_WykladPTF_AAdamczyk.pdf\">&#8222;Procesy samoorganizacji w &#8222;mi\u0119kkiej materii&#8221; (ciek\u0142e kryszta\u0142y i struktury biologiczne)&#8221;<\/a><\/strong><\/li>\n\n\n\n<li>05 kwietnia 1997 &#8211; dr Ryszard Gieniusz &#8211; <strong><a href=\"https:\/\/physics.uwb.edu.pl\/wf\/ptf\/wp-content\/uploads\/sites\/24\/2024\/07\/1997_04_05_WykladPTF_RGieniusz.pdf\">&#8222;Mikrokomputer w\u00a0 wybranych eksperymentach fizycznych&#8221;<\/a><\/strong><\/li>\n\n\n\n<li>01 marca 1997 &#8211; dr hab. Janusz Ho\u0142yst &#8211; <strong><a href=\"https:\/\/physics.uwb.edu.pl\/wf\/ptf\/wp-content\/uploads\/sites\/24\/2024\/07\/1997_03_01_WykladPTF_JHolyst.pdf\">&#8222;Modele fizyczne w naukach spo\u0142ecznych, czy mo\u017cna kontrolowa\u0107 chaotyczn\u0105 ekonomi\u0119?&#8221;<\/a><\/strong><\/li>\n\n\n\n<li>18 stycznia 1997 &#8211; dr Krzysztof Zio\u0142kowski &#8211; <strong><a href=\"https:\/\/physics.uwb.edu.pl\/wf\/ptf\/wp-content\/uploads\/sites\/24\/2024\/07\/1997_01_18_WykladPTF_KZiolkowski.pdf\">&#8222;Misja Galileo&#8221;<\/a><\/strong><\/li>\n<\/ul>\n\n\n\n<h2 class=\"wp-block-heading\"><strong><em>Wyk\u0142ady, kt\u00f3re zosta\u0142y wyg\u0142oszone w roku 1996:<\/em><\/strong><\/h2>\n\n\n\n<ul class=\"wp-block-list\">\n<li>14 grudnia 1996 &#8211; dr Andrzej Wi\u015bniewski &#8211; <strong><a href=\"https:\/\/physics.uwb.edu.pl\/wf\/ptf\/wp-content\/uploads\/sites\/24\/2024\/07\/1996_12_14_WykladPTF_AWisniewski.pdf\">&#8222;Badania m\u00f3zgu za pomoc\u0105 magnetometr\u00f3w &#8211;\u00a0magnetoencefalografia&#8221;<\/a><\/strong><\/li>\n\n\n\n<li>23 listopada 1996 &#8211; prof. dr hab. Maria Giller &#8211; <strong>&#8222;Ciemna materia we Wszech\u015bwiecie&#8221;<\/strong><\/li>\n\n\n\n<li>19 pa\u017adziernika 1996 &#8211; prof. dr hab. Andrzej Z. Hrynkiewicz &#8211; <strong>&#8222;Bezpieczna energetyka j\u0105drowa&#8221;<\/strong><\/li>\n\n\n\n<li>18 maja 1996 &#8211; mgr Piotr Durka &#8211; <strong><a href=\"https:\/\/physics.uwb.edu.pl\/wf\/ptf\/wp-content\/uploads\/sites\/24\/2024\/07\/1996_05_18_WykladPTF_PDurka.pdf\">&#8222;Badanie i symulacja dzia\u0142ania m\u00f3zgu&#8221;<\/a><\/strong><\/li>\n\n\n\n<li>27 kwietnia 1996 &#8211; prof. dr hab. Jan Mostowski &#8211; <strong><a href=\"https:\/\/physics.uwb.edu.pl\/wf\/ptf\/wp-content\/uploads\/sites\/24\/2024\/07\/1996_04_27_WykladPTF_JMostowski.pdf\">&#8222;Czy mo\u017cna przesy\u0142a\u0107 sygna\u0142y z pr\u0119dko\u015bci\u0105 wi\u0119ksz\u0105 od pr\u0119dko\u015bci \u015bwiat\u0142a, czyli o zasadzie przyczynowo\u015bci&#8221;<\/a><\/strong><\/li>\n\n\n\n<li>30 marca 1996 &#8211; dr Krzysztof Szyma\u0144ski &#8211; <strong><a href=\"https:\/\/physics.uwb.edu.pl\/wf\/ptf\/wp-content\/uploads\/sites\/24\/2024\/07\/1996_03_30_WykladPTF_KSzymanski.pdf\">&#8222;Szczeg\u00f3lna teoria wzgl\u0119dno\u015bci &#8211; co to jest?&#8221;<\/a><\/strong><\/li>\n\n\n\n<li>01 marca 1996 &#8211; prof. dr hab. Jerzy Nawrocik &#8211; <strong>&#8222;Fizyka nanouk\u0142ad\u00f3w&#8221;<\/strong><\/li>\n\n\n\n<li>20 stycznia 1996 &#8211; red. Piotr Cie\u015bli\u0144ski &#8211; <strong><a href=\"https:\/\/physics.uwb.edu.pl\/wf\/ptf\/wp-content\/uploads\/sites\/24\/2024\/07\/1996_01_20_WykladPTF_PCieslinski.pdf\">&#8222;Najnowsze wyniki bada\u0144 wybranych sond kosmicznych&#8221;<\/a><\/strong><\/li>\n<\/ul>\n\n\n\n<h2 class=\"wp-block-heading\"><strong><em>Wyk\u0142ady, kt\u00f3re zosta\u0142y wyg\u0142oszone w roku 1995:<\/em><\/strong><\/h2>\n\n\n\n<ul class=\"wp-block-list\">\n<li>16 grudnia 1995 &#8211; dr Krzysztof Kurek &#8211; <strong>&#8222;Zastosowanie pakietu Mathematica w fizyce&#8221;<\/strong><\/li>\n\n\n\n<li>18 listopada 1995 &#8211; dr Andrzej Wi\u015bniewski &#8211; <strong>&#8222;Zjawisko nadprzewodnictwa&#8221;<\/strong><\/li>\n\n\n\n<li>21 pa\u017adziernika 1995 &#8211; prof. dr hab. Jerzy Langer &#8211; <strong>&#8222;\u015awiec\u0105ce p\u00f3\u0142przewodniki&#8221;<\/strong><\/li>\n\n\n\n<li>22 maja 1995 &#8211; prof. dr hab. Ludwik Dobrzy\u0144ski &#8211; <strong>&#8222;Gdzie s\u0105 atomy w materii i jak si\u0119 ruszaj\u0105 ?- rzecz o nagrodzie Nobla z fizyki za rok 1994&#8221;<\/strong><\/li>\n\n\n\n<li>22 kwietnia 1995 &#8211; prof. dr hab. Andrzej Hrynkiewicz &#8211; <strong>&#8222;Warunki powstania i rozwoju \u017cycia we Wszech\u015bwiecie&#8221;<\/strong><\/li>\n\n\n\n<li>25 marca 1995 &#8211; prof. dr hab. Jan Kr\u00f3likowski &#8211; <strong>&#8222;Czy znamy ju\u017c wszystkie cz\u0105stki elementarne?&#8221;<\/strong><\/li>\n\n\n\n<li>?? lutego 1995 &#8211; dr Waldemar Gorzkowski &#8211; <strong>&#8222;Podst\u0119py fizyki&#8221;<\/strong><\/li>\n\n\n\n<li>14 stycznia 1995 &#8211; dr Piotr Jaranowski &#8211; <strong>&#8222;Nobel 1993. Podw\u00f3jny pulsar emituje fale grawitacyjne&#8221;<\/strong><\/li>\n<\/ul>\n\n\n\n<h2 class=\"wp-block-heading\"><strong><em>Wyk\u0142ady, kt\u00f3re zosta\u0142y wyg\u0142oszone w roku 1994:<\/em><\/strong><\/h2>\n\n\n\n<ul class=\"wp-block-list\">\n<li>17 grudnia 1994 &#8211; prof. dr hab. Andrzej Maziewski &#8211; <strong>&#8222;Co to jest magnetyzm&#8221;<\/strong><\/li>\n\n\n\n<li>19 listopada 1994 &#8211; dr Marek Kisielewski &#8211; <strong>&#8222;Polaryzacja fal elektromagnetycznych&#8221;<\/strong><\/li>\n\n\n\n<li>22 pa\u017adziernika 1994 &#8211; mgr Andrzej Andrejczuk &#8211; <strong>&#8222;Promieniowanie alfa, beta, gamma &#8211; podstawy ochrony radiologicznej&#8221;<\/strong><\/li>\n<\/ul>\n\n\n\n<h2 class=\"wp-block-heading\"><strong><em>&#8230;<\/em><\/strong><\/h2>\n\n\n\n<h2 class=\"wp-block-heading\"><strong><em>Wyk\u0142ady, kt\u00f3re zosta\u0142y wyg\u0142oszone w roku 1965:<\/em><\/strong><\/h2>\n\n\n\n<ul class=\"wp-block-list\">\n<li>10 grudnia 1965 &#8211; G. Franecki i F. Gr\u0105dzki <strong>&#8222;P\u00f3\u0142przewodnikowe detektory promieniowania jonizuj\u0105cego&#8221;<\/strong><\/li>\n\n\n\n<li>10 listopada 1965 &#8211; J. Kucharski <strong>&#8222;Metody pomiarowe widm luminescencyjnych&#8221;<\/strong><\/li>\n\n\n\n<li>07 pa\u017adziernika1965 &#8211; R. Subieta <strong>&#8222;Ujemne temperatury bezwzgl\u0119dne&#8221;<\/strong><\/li>\n\n\n\n<li>25 czerwca 1965 &#8211; prof. dr W. \u017buk <strong>&#8222;Technika spektrometrii mas w badaniach fizycznych i chemicznych&#8221;<\/strong><\/li>\n\n\n\n<li>03 czerwca 1965 &#8211; E. Ostaszewicz <strong>&#8222;Uczulona luminescencja i jej zastosowanie w technice \u015bwietlnej&#8221;<\/strong><\/li>\n\n\n\n<li>06 maja 1965 &#8211; Cz. Bielaczyc <strong>&#8222;Teoria lot\u00f3w kosmicznych&#8221;<\/strong><\/li>\n\n\n\n<li>01 kwietnia 1965 &#8211; E. Trembaczowski <strong>&#8222;Z bada\u0144 naturalnej promieniotw\u00f3rczo\u015bci litosfery&#8221;<\/strong><\/li>\n\n\n\n<li>18 marca 1965 &#8211; E. Kopystecki <strong>&#8222;Zastosowanie maser\u00f3w i laser\u00f3w&#8221;<\/strong><\/li>\n\n\n\n<li>04 lutego 1965 &#8211; Z. W\u00f3jtowicz <strong>&#8222;Radiografia dozymetryczna &#8211; metody sensybilizacji emulsji&#8221;<\/strong><\/li>\n\n\n\n<li>07 stycznia 1965 &#8211; B. \u017burawski <strong>&#8222;Zastosowanie modelu swobodnego elektronu do wyznaczenia w\u0142asno\u015bci optycznych i chemicznych niekt\u00f3rych zwi\u0105zk\u00f3w organicznych&#8221;<\/strong><\/li>\n<\/ul>\n","protected":false},"excerpt":{"rendered":"<p>Wyk\u0142ady, kt\u00f3re zosta\u0142y wyg\u0142oszone w roku 1999: Wyk\u0142ady, kt\u00f3re zosta\u0142y wyg\u0142oszone w roku 1998: Wyk\u0142ady, kt\u00f3re zosta\u0142y wyg\u0142oszone w roku 1997: Wyk\u0142ady, kt\u00f3re zosta\u0142y wyg\u0142oszone w roku 1996: Wyk\u0142ady, kt\u00f3re zosta\u0142y wyg\u0142oszone w roku 1995: Wyk\u0142ady, kt\u00f3re zosta\u0142y wyg\u0142oszone w roku 1994: &#8230; Wyk\u0142ady, kt\u00f3re zosta\u0142y wyg\u0142oszone w roku 1965:<\/p>\n","protected":false},"author":25,"featured_media":1007,"parent":105,"menu_order":0,"comment_status":"closed","ping_status":"closed","template":"","meta":{"site-sidebar-layout":"default","site-content-layout":"","ast-site-content-layout":"default","site-content-style":"default","site-sidebar-style":"default","ast-global-header-display":"","ast-banner-title-visibility":"","ast-main-header-display":"","ast-hfb-above-header-display":"","ast-hfb-below-header-display":"","ast-hfb-mobile-header-display":"","site-post-title":"","ast-breadcrumbs-content":"","ast-featured-img":"","footer-sml-layout":"","ast-disable-related-posts":"","theme-transparent-header-meta":"","adv-header-id-meta":"","stick-header-meta":"","header-above-stick-meta":"","header-main-stick-meta":"","header-below-stick-meta":"","astra-migrate-meta-layouts":"set","ast-page-background-enabled":"default","ast-page-background-meta":{"desktop":{"background-color":"var(--ast-global-color-4)","background-image":"","background-repeat":"repeat","background-position":"center center","background-size":"auto","background-attachment":"scroll","background-type":"","background-media":"","overlay-type":"","overlay-color":"","overlay-opacity":"","overlay-gradient":""},"tablet":{"background-color":"","background-image":"","background-repeat":"repeat","background-position":"center center","background-size":"auto","background-attachment":"scroll","background-type":"","background-media":"","overlay-type":"","overlay-color":"","overlay-opacity":"","overlay-gradient":""},"mobile":{"background-color":"","background-image":"","background-repeat":"repeat","background-position":"center center","background-size":"auto","background-attachment":"scroll","background-type":"","background-media":"","overlay-type":"","overlay-color":"","overlay-opacity":"","overlay-gradient":""}},"ast-content-background-meta":{"desktop":{"background-color":"var(--ast-global-color-5)","background-image":"","background-repeat":"repeat","background-position":"center center","background-size":"auto","background-attachment":"scroll","background-type":"","background-media":"","overlay-type":"","overlay-color":"","overlay-opacity":"","overlay-gradient":""},"tablet":{"background-color":"var(--ast-global-color-5)","background-image":"","background-repeat":"repeat","background-position":"center center","background-size":"auto","background-attachment":"scroll","background-type":"","background-media":"","overlay-type":"","overlay-color":"","overlay-opacity":"","overlay-gradient":""},"mobile":{"background-color":"var(--ast-global-color-5)","background-image":"","background-repeat":"repeat","background-position":"center center","background-size":"auto","background-attachment":"scroll","background-type":"","background-media":"","overlay-type":"","overlay-color":"","overlay-opacity":"","overlay-gradient":""}},"ngg_post_thumbnail":0,"footnotes":""},"class_list":["post-1067","page","type-page","status-publish","has-post-thumbnail","hentry"],"_links":{"self":[{"href":"https:\/\/physics.uwb.edu.pl\/wf\/ptf\/wp-json\/wp\/v2\/pages\/1067","targetHints":{"allow":["GET"]}}],"collection":[{"href":"https:\/\/physics.uwb.edu.pl\/wf\/ptf\/wp-json\/wp\/v2\/pages"}],"about":[{"href":"https:\/\/physics.uwb.edu.pl\/wf\/ptf\/wp-json\/wp\/v2\/types\/page"}],"author":[{"embeddable":true,"href":"https:\/\/physics.uwb.edu.pl\/wf\/ptf\/wp-json\/wp\/v2\/users\/25"}],"replies":[{"embeddable":true,"href":"https:\/\/physics.uwb.edu.pl\/wf\/ptf\/wp-json\/wp\/v2\/comments?post=1067"}],"version-history":[{"count":17,"href":"https:\/\/physics.uwb.edu.pl\/wf\/ptf\/wp-json\/wp\/v2\/pages\/1067\/revisions"}],"predecessor-version":[{"id":1314,"href":"https:\/\/physics.uwb.edu.pl\/wf\/ptf\/wp-json\/wp\/v2\/pages\/1067\/revisions\/1314"}],"up":[{"embeddable":true,"href":"https:\/\/physics.uwb.edu.pl\/wf\/ptf\/wp-json\/wp\/v2\/pages\/105"}],"wp:featuredmedia":[{"embeddable":true,"href":"https:\/\/physics.uwb.edu.pl\/wf\/ptf\/wp-json\/wp\/v2\/media\/1007"}],"wp:attachment":[{"href":"https:\/\/physics.uwb.edu.pl\/wf\/ptf\/wp-json\/wp\/v2\/media?parent=1067"}],"curies":[{"name":"wp","href":"https:\/\/api.w.org\/{rel}","templated":true}]}}