{"id":1117,"date":"2019-07-01T07:35:00","date_gmt":"2019-07-01T07:35:00","guid":{"rendered":"https:\/\/physics.uwb.edu.pl\/wf\/ptf\/?page_id=1117"},"modified":"2024-07-02T11:43:44","modified_gmt":"2024-07-02T11:43:44","slug":"wyklady-wygloszone-w-roku-2019","status":"publish","type":"page","link":"https:\/\/physics.uwb.edu.pl\/wf\/ptf\/wyklady-ptf\/wyklady-wygloszone-w-roku-2019\/","title":{"rendered":"Wyk\u0142ady wyg\u0142oszone w latach 2010-2019"},"content":{"rendered":"\n<h2 class=\"wp-block-heading\"><strong><em>Wyk\u0142ady, kt\u00f3re zosta\u0142y wyg\u0142oszone w roku 2019:<\/em><\/strong><\/h2>\n\n\n\n<ul class=\"wp-block-list\" start=\"1\">\n<li>26 pa\u017adziernika 2019 &#8211; prof. dr hab. in\u017c. Kazimierz R\u00f3\u017ca\u0144ski &#8211; <strong><a href=\"https:\/\/physics.uwb.edu.pl\/wf\/ptf\/wp-content\/uploads\/sites\/24\/2024\/07\/2019_10_26_WykladPTF_KRozanski.pdf\">&#8222;Czy zdo\u0142amy zahamowa\u0107 globalne ocieplenie?&#8221;<\/a><\/strong><\/li>\n\n\n\n<li>05 pa\u017adziernika 2019 &#8211; prof. dr hab. Janusz My\u015bliwiec &#8211; <strong><a href=\"https:\/\/physics.uwb.edu.pl\/wf\/ptf\/wp-content\/uploads\/sites\/24\/2024\/07\/2019_10_05_WykladPTF_JMysliwiec.pdf\">&#8222;Fizyka j\u0105drowa w s\u0142u\u017cbie zdrowiu ludzko\u015bci czyli medycyna XXI wieku\u2026&#8221;<\/a><\/strong><\/li>\n\n\n\n<li>01 czerwca 2019 &#8211; dr Eryk Czerwi\u0144ski &#8211; <strong><a href=\"https:\/\/physics.uwb.edu.pl\/wf\/ptf\/wp-content\/uploads\/sites\/24\/2024\/07\/2019_06_01_WykladPTF_ECzerwinski.pdf\">&#8222;Dziwno\u015b\u0107 \u2013 dziwna w\u0142asno\u015b\u0107 cz\u0105stek elementarnych&#8221;<\/a><\/strong><\/li>\n\n\n\n<li>13 kwietnia 2019 &#8211; dr Stanis\u0142aw Bajtlik &#8211; <strong><a href=\"https:\/\/physics.uwb.edu.pl\/wf\/ptf\/wp-content\/uploads\/sites\/24\/2024\/07\/2019_04_13_WykladPTF_SBajtlik.pdf\">&#8222;Kszta\u0142t Wszech\u015bwiata&#8221;<\/a><\/strong><\/li>\n<\/ul>\n\n\n\n<h2 class=\"wp-block-heading\"><strong><em>Wyk\u0142ady, kt\u00f3re zosta\u0142y wyg\u0142oszone w roku 2018:<\/em><\/strong><\/h2>\n\n\n\n<ul class=\"wp-block-list\">\n<li>08 grudnia 2018 \u2013 prof. dr hab. Andrzej Wysmo\u0142ek \u2013 <strong><a href=\"https:\/\/physics.uwb.edu.pl\/wf\/ptf\/wp-content\/uploads\/sites\/24\/2024\/07\/2018_12_08_WykladPTF_AWysmolek.pdf\">\u201eNanoLego \u2013 niezwyk\u0142e w\u0142a\u015bciwo\u015bci struktur z pojedynczych warstw atomowych\u201d<\/a><\/strong><\/li>\n\n\n\n<li>17 listopada 2018 \u2013 dr hab. Marek Niko\u0142ajuk \u2013 <strong><a href=\"https:\/\/physics.uwb.edu.pl\/wf\/ptf\/wp-content\/uploads\/sites\/24\/2024\/07\/2018_11_17_WykladPTF_MNikolajuk.pdf\">\u201e\u017bycie na Mi\u0119dzynarodowej Stacji Kosmicznej\u201d<\/a><\/strong><\/li>\n\n\n\n<li>20 pa\u017adziernika 2018 \u2013 dr Krzysztof Gawryluk \u2013 <strong><a href=\"https:\/\/physics.uwb.edu.pl\/wf\/ptf\/wp-content\/uploads\/sites\/24\/2024\/07\/2018_10_20_WykladPTF_KGawryluk.pdf\">\u201eCzy zimne atomy s\u0105 cool?\u201d<\/a><\/strong><\/li>\n\n\n\n<li>14 kwietnia 2018 \u2013 dr hab. Ewa \u0141ucja St\u0119pie\u0144, prof. UJ \u2013 <strong><a href=\"https:\/\/physics.uwb.edu.pl\/wf\/ptf\/wp-content\/uploads\/sites\/24\/2024\/07\/2018_04_14_WykladPTF_EStepien.pdf\">\u201eKomunikacja mi\u0119dzykom\u00f3rkowa\u201d<\/a><\/strong><\/li>\n\n\n\n<li>03 marca 2018 \u2013 dr Marek Kaczmarzyk \u2013 <strong>\u201ePami\u0119\u0107 i uwaga. Dlaczego tak trudno cokolwiek zapami\u0119ta\u0107?\u201e<\/strong><\/li>\n\n\n\n<li>03 marca 2018 \u2013 prof. dr hab. Wies\u0142aw Kami\u0144ski \u2013 <strong>\u201eInteligentne maszyny: nie-biologiczna ewolucja inteligencji\u201d<\/strong><\/li>\n\n\n\n<li>10 lutego 2018 \u2013 prof. dr hab. Piotr Zieli\u0144ski \u2013 <strong><a href=\"https:\/\/physics.uwb.edu.pl\/wf\/ptf\/wp-content\/uploads\/sites\/24\/2024\/07\/2018_02_10_WykladPTF_PZielinski.pdf\">\u201eIle fizyki w muzyce! czyli us\u0142ysze\u0107 zasad\u0119 nieokre\u015blono\u015bci, spontaniczne \u0142amanie symetrii\u2026\u201d<\/a><\/strong><\/li>\n<\/ul>\n\n\n\n<h2 class=\"wp-block-heading\"><strong><em>Wyk\u0142ady, kt\u00f3re zosta\u0142y wyg\u0142oszone w roku 2017:<\/em><\/strong><\/h2>\n\n\n\n<ul class=\"wp-block-list\">\n<li>09 grudnia 2017 \u2013 prof. dr hab. Ludwik Dobrzy\u0144ski \u2013 <strong><a href=\"https:\/\/physics.uwb.edu.pl\/wf\/ptf\/wp-content\/uploads\/sites\/24\/2024\/07\/2017_12_09_WykladPTF_LDobrzynski.pdf\">\u201ePromieniowanie jonizuj\u0105ce jest cool!\u201d<\/a><\/strong><\/li>\n\n\n\n<li>18 listopada 2017 \u2013 prof. dr hab. Zdzis\u0142aw Burda \u2013 <strong><a href=\"https:\/\/physics.uwb.edu.pl\/wf\/ptf\/wp-content\/uploads\/sites\/24\/2024\/07\/2017_11_18_WykladPTF_ZBurda.pdf\">\u201eRozk\u0142ad bogactwa pod lup\u0105 fizyka\u201d<\/a><\/strong><\/li>\n\n\n\n<li>03 czerwca 2017 \u2013 dr hab. Piotr Su\u0142kowski \u2013 <strong><a href=\"https:\/\/physics.uwb.edu.pl\/wf\/ptf\/wp-content\/uploads\/sites\/24\/2024\/07\/2017_06_03_WykladPTF_PSulkowski.pdf\">\u201eW\u0119z\u0142y w teorii i praktyce\u201d<\/a><\/strong><\/li>\n\n\n\n<li>29 kwietnia 2017 \u2013 prof. dr hab. Ryszard \u0141a\u017any \u2013 <strong><a href=\"https:\/\/physics.uwb.edu.pl\/wf\/ptf\/wp-content\/uploads\/sites\/24\/2024\/07\/2017_04_29_WykladPTF_RLazny.pdf\">\u201eCzy \u015bwiat odbity w lustrze r\u00f3\u017cni si\u0119 od \u015bwiata realnego?\u201d<\/a><\/strong><\/li>\n\n\n\n<li>11 marca 2017 \u2013 prof. dr hab. Eugeniusz \u017bukowski \u2013 <strong><a href=\"https:\/\/physics.uwb.edu.pl\/wf\/ptf\/wp-content\/uploads\/sites\/24\/2024\/07\/2017_03_11_WykladPTF_EZukowski.pdf\">\u201eCzy ma\u0142e dawki promieniowania s\u0105 szkodliwe?\u201d<\/a><\/strong><\/li>\n\n\n\n<li>11 lutego 2017 \u2013 dr hab. Andrzej Stupakiewicz \u2013 <strong><a href=\"https:\/\/physics.uwb.edu.pl\/wf\/ptf\/wp-content\/uploads\/sites\/24\/2024\/07\/2017_02_11_WykladPTF_AStupakiewicz.pdf\">\u201eUltraszybkie pami\u0119ci przysz\u0142o\u015bci\u201d<\/a><\/strong><\/li>\n<\/ul>\n\n\n\n<h2 class=\"wp-block-heading\"><strong><em>Wyk\u0142ady, kt\u00f3re zosta\u0142y wyg\u0142oszone w roku 2016:<\/em><\/strong><\/h2>\n\n\n\n<ul class=\"wp-block-list\">\n<li>19 listopada 2016 \u2013 prof. dr hab. Tomasz Story \u2013 <strong><a href=\"https:\/\/physics.uwb.edu.pl\/wf\/ptf\/wp-content\/uploads\/sites\/24\/2024\/07\/2016_11_19_WykladPTF_TStory.pdf\">\u201eMateria\u0142y topologiczne\u201d<\/a><\/strong><\/li>\n\n\n\n<li>29 pa\u017adziernika 2016 \u2013 dr Marek Kaczmarzyk \u2013 <strong><a href=\"https:\/\/physics.uwb.edu.pl\/wf\/ptf\/wp-content\/uploads\/sites\/24\/2024\/07\/2016_10_29_WykladPTF_MKaczmarzyk.pdf\">\u201eCo si\u0119 dzieje w m\u00f3zgu nastolatka czyli o tym, dlaczego tak trudno zrozumie\u0107 doros\u0142ego\u201d<\/a><\/strong><\/li>\n\n\n\n<li>19 marca 2016 \u2013 prof. dr hab. Piotr Jaranowski \u2013 <strong><a href=\"https:\/\/physics.uwb.edu.pl\/wf\/ptf\/wp-content\/uploads\/sites\/24\/2024\/07\/2016_03_19_WykladPTF_PJaranowski.pdf\">\u201eNarodziny astronomii fal grawitacyjnych\u201d<\/a><\/strong><\/li>\n\n\n\n<li>20 lutego 2016 \u2013 prof. dr hab. Krzysztof Ku\u0142akowski \u2013 <strong><a href=\"https:\/\/physics.uwb.edu.pl\/wf\/ptf\/wp-content\/uploads\/sites\/24\/2024\/07\/2016_02_20_WykladPTF_KKulakowski.pdf\">\u201eDysonans poznawczy i segregacja gender\u201d<\/a><\/strong><\/li>\n\n\n\n<li>16 stycznia 2016 \u2013 prof. dr hab. Bogdan Cichocki \u2013 <strong><a href=\"https:\/\/physics.uwb.edu.pl\/wf\/ptf\/wp-content\/uploads\/sites\/24\/2024\/07\/2016_01_16_WykladPTF_BCichocki.pdf\">\u201eO Marianie Smoluchowskim\u201d<\/a><\/strong><\/li>\n<\/ul>\n\n\n\n<h2 class=\"wp-block-heading\"><strong><em>Wyk\u0142ady, kt\u00f3re zosta\u0142y wyg\u0142oszone w roku 2015:<\/em><\/strong><\/h2>\n\n\n\n<ul class=\"wp-block-list\">\n<li>12 grudnia 2015 \u2013 prof. dr hab. Kvetoslava Burda \u2013 <strong><a href=\"https:\/\/physics.uwb.edu.pl\/wf\/ptf\/wp-content\/uploads\/sites\/24\/2024\/07\/2015_12_12_WykladPTF_KBurda.pdf\">\u201eZielona energia \u2013 hit czy kit?\u201d<\/a><\/strong><\/li>\n\n\n\n<li>21 listopada 2015 \u2013 dr hab. Andrzej Dragan \u2013 <strong><a href=\"https:\/\/physics.uwb.edu.pl\/wf\/ptf\/wp-content\/uploads\/sites\/24\/2024\/07\/2015_11_21_WykladPTF_ADragan.pdf\">\u201eCzy zawsze da si\u0119 mierzy\u0107 czas?\u201d<\/a><\/strong><\/li>\n\n\n\n<li>10 pa\u017adziernika 2015 \u2013 prof. dr hab. Wies\u0142aw I. Gruszecki \u2013 <strong><a href=\"https:\/\/physics.uwb.edu.pl\/wf\/ptf\/wp-content\/uploads\/sites\/24\/2024\/07\/2015_10_10_WykladPTF_WGruszecki.pdf\">\u201eFotosynteza \u2013 wyzwania poznawcze dla fizyki\u201d<\/a><\/strong><\/li>\n\n\n\n<li>25 kwietnia 2015 \u2013 prof. dr hab. Jerzy Lewandowski \u2013 <strong><a href=\"https:\/\/physics.uwb.edu.pl\/wf\/ptf\/wp-content\/uploads\/sites\/24\/2024\/07\/2015_04_25_WykladPTF_JLewandowski.pdf\">\u201eCzarne dziury\u201d<\/a><\/strong><\/li>\n\n\n\n<li>28 marca 2015 \u2013 mgr Andrzej Branicki \u2013 <strong><a href=\"https:\/\/physics.uwb.edu.pl\/wf\/ptf\/wp-content\/uploads\/sites\/24\/2024\/07\/2015_03_28_WykladPTF_ABranicki.pdf\">\u201eO mo\u017cliwo\u015bci kontaktu z galaktycznymi s\u0105siadami\u201d<\/a><\/strong><\/li>\n\n\n\n<li>21 lutego 2015 \u2013 dr hab. Adam Bednorz \u2013 <strong><a href=\"https:\/\/physics.uwb.edu.pl\/wf\/ptf\/wp-content\/uploads\/sites\/24\/2024\/07\/2015_02_21_WykladPTF_ABednorz.pdf\">\u201eCzy Ksi\u0119\u017cyc \u015bwieci, kiedy nikt na niego nie patrzy? \u2013 o realizmie w \u015bwiecie kwant\u00f3w\u201d<\/a><\/strong><\/li>\n<\/ul>\n\n\n\n<h2 class=\"wp-block-heading\"><strong><em>Wyk\u0142ady, kt\u00f3re zosta\u0142y wyg\u0142oszone w roku 2014:<\/em><\/strong><\/h2>\n\n\n\n<ul class=\"wp-block-list\">\n<li>13 grudnia 2014 \u2013 dr hab. Krzysztof Kurek \u2013 <strong><a href=\"https:\/\/physics.uwb.edu.pl\/wf\/ptf\/wp-content\/uploads\/sites\/24\/2024\/07\/2014_12_3_WykladPTF_KKurek.pdf\">\u201eOg\u00f3lna Teoria Wszystkiego\u201d<\/a><\/strong><\/li>\n\n\n\n<li>15 listopada 2014 \u2013 prof. dr hab. Czes\u0142aw Skierbiszewski \u2013 <strong><a href=\"https:\/\/physics.uwb.edu.pl\/wf\/ptf\/wp-content\/uploads\/sites\/24\/2024\/07\/2014_11_15_WykladPTF_CSkierbiszewski.pdf\">\u201eAzotek galu \u2013 p\u00f3\u0142przewodnik XXI wieku\u201d<\/a><\/strong><\/li>\n\n\n\n<li>31 maja 2014 \u2013 dr Piotr Mijakowski \u2013 <strong><a href=\"https:\/\/physics.uwb.edu.pl\/wf\/ptf\/wp-content\/uploads\/sites\/24\/2024\/07\/2014_05_31_WykladPTF_PMijakowski.pdf\">\u201eW poszukiwaniu nieznanych sk\u0142adnik\u00f3w Wszech\u015bwiata: Ciemna Materia\u201d<\/a><\/strong><\/li>\n\n\n\n<li>10 maja 2014 \u2013 prof. dr hab. Micha\u0142 Malinowski \u2013 <strong><a href=\"https:\/\/physics.uwb.edu.pl\/wf\/ptf\/wp-content\/uploads\/sites\/24\/2024\/07\/2014_05_10_WykladPTF_MMalinowski.pdf\">\u201eGaz \u0142upkowy \u2013 paliwo XXI wieku?\u201d<\/a><\/strong><\/li>\n\n\n\n<li>15 marca 2014 \u2013 prof. dr hab. n. med. Janusz My\u015bliwiec \u2013 <strong><a href=\"https:\/\/physics.uwb.edu.pl\/wf\/ptf\/wp-content\/uploads\/sites\/24\/2024\/07\/2014_03_15_WykladPTF_JMysliwiec.pdf\">\u201eMedycyna nuklearna: fizyka j\u0105drowa w s\u0142u\u017cbie zdrowiu ludzko\u015bci\u201d<\/a><\/strong><\/li>\n\n\n\n<li>15 lutego 2014 \u2013 dr Maciej G\u00f3rski \u2013 <strong><a href=\"https:\/\/physics.uwb.edu.pl\/wf\/ptf\/wp-content\/uploads\/sites\/24\/2024\/07\/2014_02_15_WykladPTF_MGorski.pdf\">\u201eBozon Higgsa \u2013 nagroda Nobla w 2013 r.\u201d<\/a><\/strong><\/li>\n\n\n\n<li>18 stycznia 2014 \u2013 prof. dr hab. Wojciech D\u0119bski \u2013 <strong><a href=\"https:\/\/physics.uwb.edu.pl\/wf\/ptf\/wp-content\/uploads\/sites\/24\/2024\/07\/2014_01_18_WykladPTF_WDebski.pdf\">\u201ePole magnetyczne Ziemi i jego Zagadki\u201d<\/a><\/strong><\/li>\n<\/ul>\n\n\n\n<h2 class=\"wp-block-heading\"><strong><em>Wyk\u0142ady, kt\u00f3re zosta\u0142y wyg\u0142oszone w roku 2013:<\/em><\/strong><\/h2>\n\n\n\n<ul class=\"wp-block-list\">\n<li>07 grudnia 2013 \u2013 prof. dr hab. Krzysztof Szyma\u0144ski \u2013 <strong><a href=\"https:\/\/physics.uwb.edu.pl\/wf\/ptf\/wp-content\/uploads\/sites\/24\/2024\/07\/2013_12_07_WykladPTF_KSzymanski.pdf\">\u201eProfesor Jan Czochralski \u2013 krystalograf i wynalazca skazany na zapomnienie\u201d<\/a><\/strong><\/li>\n\n\n\n<li>16 listopada 2013 \u2013 prof. dr hab. Piotr Jaranowski \u2013 <strong><a href=\"https:\/\/physics.uwb.edu.pl\/wf\/ptf\/wp-content\/uploads\/sites\/24\/2024\/07\/2013_11_16_WykladPTF_PJaranowski.pdf\">\u201eW pogoni za falami grawitacyjnymi\u201d<\/a><\/strong><\/li>\n\n\n\n<li>18 maja 2013 \u2013 prof. dr hab. Wojciech D\u0119bski \u2013 <strong><a href=\"https:\/\/physics.uwb.edu.pl\/wf\/ptf\/wp-content\/uploads\/sites\/24\/2024\/07\/2013_05_18_WykladPTF_WDebski.pdf\">\u201eTrz\u0119sienia ziemi, wulkany i tsunami \u2013 \u017ar\u00f3d\u0142a i mechanizmy wielkich katastrof\u201d<\/a><\/strong><\/li>\n\n\n\n<li>20 kwietnia 2013 \u2013 mgr Paulina Karczmarek \u2013 <strong><a href=\"https:\/\/physics.uwb.edu.pl\/wf\/ptf\/wp-content\/uploads\/sites\/24\/2024\/07\/2013_04_20_WykladPTF_PKarczmarek.pdf\">\u201ePrecyzyjny pomiar odleg\u0142o\u015bci do Wielkiego Ob\u0142oku Magellana\u201d<\/a><\/strong><\/li>\n\n\n\n<li>02 marca 2013 \u2013 dr hab. Andrzej Andrejczuk \u2013 <strong><a href=\"https:\/\/physics.uwb.edu.pl\/wf\/ptf\/wp-content\/uploads\/sites\/24\/2024\/07\/2013_03_02_WykladPTF_AAndrejczuk.pdf\">\u201eRadiacyjne utrwalanie \u017cywno\u015bci\u201d<\/a><\/strong><\/li>\n<\/ul>\n\n\n\n<h2 class=\"wp-block-heading\"><strong><em>Wyk\u0142ady, kt\u00f3re zosta\u0142y wyg\u0142oszone w roku 2012:<\/em><\/strong><\/h2>\n\n\n\n<ul class=\"wp-block-list\">\n<li>15 grudnia 2012 \u2013 dr hab. Andrzej Stupakiewicz, prof. UwB \u2013 <strong><a href=\"https:\/\/physics.uwb.edu.pl\/wf\/ptf\/wp-content\/uploads\/sites\/24\/2024\/07\/2012_12_15_WykladPTF_AStupakiewicz.pdf\">\u201eUltrad\u017awi\u0119ki wok\u00f3\u0142 nas\u201d<\/a><\/strong><\/li>\n\n\n\n<li>17 listopada 2012 \u2013 dr hab. Krzysztof Markowicz \u2013 <strong><a href=\"https:\/\/physics.uwb.edu.pl\/wf\/ptf\/wp-content\/uploads\/sites\/24\/2024\/07\/2012_11_17_WykladPTF_KMarkowicz.pdf\">\u201eCo dzi\u015b wiemy a czego nie wiemy o zmianach klimatu Ziemi?\u201d<\/a><\/strong><\/li>\n\n\n\n<li>13 pa\u017adziernika 2012 \u2013 prof. dr hab. Szymon P. Malinowski \u2013 <strong><a href=\"https:\/\/physics.uwb.edu.pl\/wf\/ptf\/wp-content\/uploads\/sites\/24\/2024\/07\/2012_10_13_WykladPTF_SMalinowski.pdf\">\u201eFizyka chmur\u201d<\/a><\/strong><\/li>\n\n\n\n<li>24 marca 2012 \u2013 dr Tomasz Sowi\u0144ski \u2013 <strong><a href=\"https:\/\/physics.uwb.edu.pl\/wf\/ptf\/wp-content\/uploads\/sites\/24\/2024\/07\/2012_03_24_WykladPTF_TSowinski.pdf\">\u201eNajs\u0142ynniejsze paradoksy fizyki\u201d<\/a><\/strong><\/li>\n\n\n\n<li>18 lutego 2012 \u2013 prof. dr hab. Jan Mostowski \u2013 <strong><a href=\"https:\/\/physics.uwb.edu.pl\/wf\/ptf\/wp-content\/uploads\/sites\/24\/2024\/07\/2012_02_18_WykladPTF_JMostowski.pdf\">\u201eZasada przyczynowo\u015bci\u201d<\/a><\/strong><\/li>\n\n\n\n<li>14 stycznia 2012 \u2013 prof. dr hab. Andrzej Wi\u015bniewski \u2013 <strong><a href=\"https:\/\/physics.uwb.edu.pl\/wf\/ptf\/wp-content\/uploads\/sites\/24\/2024\/07\/2012_01_14_WykladPTF_AWisniewski.pdf\">\u201eW 100-lecie nadprzewodnictwa\u201d<\/a><\/strong><\/li>\n<\/ul>\n\n\n\n<h2 class=\"wp-block-heading\"><strong><em>Wyk\u0142ady, kt\u00f3re zosta\u0142y wyg\u0142oszone w roku 2011:<\/em><\/strong><\/h2>\n\n\n\n<ul class=\"wp-block-list\">\n<li>03 grudnia 2011 \u2013 dr hab. Konrad Banaszek \u2013 <strong><a href=\"https:\/\/physics.uwb.edu.pl\/wf\/ptf\/wp-content\/uploads\/sites\/24\/2024\/07\/2011_12_03_WykladPTF_KBanaszek.pdf\">\u201eKryptografia kwantowa\u201d<\/a><\/strong><\/li>\n\n\n\n<li>19 listopada 2011 \u2013 prof. dr hab. Ewa Rondio \u2013 <strong><a href=\"https:\/\/physics.uwb.edu.pl\/wf\/ptf\/wp-content\/uploads\/sites\/24\/2024\/07\/2011_11_19_WykladPTF_ERondio.pdf\">\u201eNeutrina \u2013 najbardziej nieuchwytne sk\u0142adniki materii\u201d<\/a><\/strong><\/li>\n\n\n\n<li>14 maja 2011 \u2013 prof. dr hab. Micha\u0142 \u015awi\u0119cki \u2013 <strong><a href=\"https:\/\/physics.uwb.edu.pl\/wf\/ptf\/wp-content\/uploads\/sites\/24\/2024\/07\/2011_05_14_WykladPTF_MSwiecki.pdf\">\u201eHistoria Wszech\u015bwiata\u201d<\/a><\/strong><\/li>\n\n\n\n<li>16 kwietnia 2011 \u2013 prof. dr hab. Roman St\u0119pniewski \u2013 <strong>\u201eKwantowy \u015bwiat o obni\u017conej wymiarowo\u015bci\u201d<\/strong><\/li>\n\n\n\n<li>26 marca 2011 \u2013 prof. dr hab. in\u017c. Jan R. D\u0105browski \u2013 <strong><a href=\"https:\/\/physics.uwb.edu.pl\/wf\/ptf\/wp-content\/uploads\/sites\/24\/2024\/07\/2011_03_23_WykladPTF_JDabrowski.pdf\">\u201eBiomimetyka i nanotechnologie\u201d<\/a><\/strong><\/li>\n\n\n\n<li>19 lutego 2011 \u2013 dr hab. Krzysztof Szyma\u0144ski, prof. UwB \u2013 <strong>\u201eO tym, jak p\u0142ynie czas\u201d<\/strong><\/li>\n<\/ul>\n\n\n\n<h2 class=\"wp-block-heading\"><strong><em>Wyk\u0142ady, kt\u00f3re zosta\u0142y wyg\u0142oszone w roku 2010:<\/em><\/strong><\/h2>\n\n\n\n<ul class=\"wp-block-list\">\n<li>18 grudnia 2010 \u2013 dr hab. Andrzej Stupakiewicz \u2013 <strong>\u201eObrazowanie 3D\u201d<\/strong><\/li>\n\n\n\n<li>27 listopada 2010 \u2013 dr hab. Piotr Jaranowski, prof. UwB \u2013 <strong><a href=\"https:\/\/physics.uwb.edu.pl\/wf\/ptf\/wp-content\/uploads\/sites\/24\/2024\/07\/2010_11_27_WykladPTF_PJaranowski.pdf\">\u201eOg\u00f3lna teoria wzgl\u0119dno\u015bci i fale grawitacyjne\u201d<\/a><\/strong><\/li>\n\n\n\n<li>23 pa\u017adziernika 2010 \u2013 mgr Andrzej Branicki \u2013 <strong><a href=\"https:\/\/physics.uwb.edu.pl\/wf\/ptf\/wp-content\/uploads\/sites\/24\/2024\/07\/2010_10_23_WykladPTF_ABranicki.pdf\">\u201eW poszukiwaniu \u017cycia poza Ziemi\u0105 (cz. II)\u201d<\/a><\/strong><\/li>\n\n\n\n<li>25 wrze\u015bnia 2010 \u2013 mgr Andrzej Branicki \u2013 <strong><a href=\"https:\/\/physics.uwb.edu.pl\/wf\/ptf\/wp-content\/uploads\/sites\/24\/2024\/07\/2010_09_25_WykladPTF_ABranicki.pdf\">\u201eW poszukiwaniu \u017cycia poza Ziemi\u0105\u201d<\/a><\/strong><\/li>\n\n\n\n<li>15 maja 2010 \u2013 prof. dr hab. Krzysztof A. Meissner \u2013 <strong><a href=\"https:\/\/physics.uwb.edu.pl\/wf\/ptf\/wp-content\/uploads\/sites\/24\/2024\/07\/2010_05_15_WykladPTF_KMeissner.pdf\">\u201eHistoria Wszech\u015bwiata\u201d<\/a><\/strong><\/li>\n<\/ul>\n","protected":false},"excerpt":{"rendered":"<p>Wyk\u0142ady, kt\u00f3re zosta\u0142y wyg\u0142oszone w roku 2019: Wyk\u0142ady, kt\u00f3re zosta\u0142y wyg\u0142oszone w roku 2018: Wyk\u0142ady, kt\u00f3re zosta\u0142y wyg\u0142oszone w roku 2017: Wyk\u0142ady, kt\u00f3re zosta\u0142y wyg\u0142oszone w roku 2016: Wyk\u0142ady, kt\u00f3re zosta\u0142y wyg\u0142oszone w roku 2015: Wyk\u0142ady, kt\u00f3re zosta\u0142y wyg\u0142oszone w roku 2014: Wyk\u0142ady, kt\u00f3re zosta\u0142y wyg\u0142oszone w roku 2013: Wyk\u0142ady, kt\u00f3re zosta\u0142y wyg\u0142oszone w roku [&hellip;]<\/p>\n","protected":false},"author":25,"featured_media":1007,"parent":105,"menu_order":0,"comment_status":"closed","ping_status":"closed","template":"","meta":{"site-sidebar-layout":"default","site-content-layout":"","ast-site-content-layout":"default","site-content-style":"default","site-sidebar-style":"default","ast-global-header-display":"","ast-banner-title-visibility":"","ast-main-header-display":"","ast-hfb-above-header-display":"","ast-hfb-below-header-display":"","ast-hfb-mobile-header-display":"","site-post-title":"","ast-breadcrumbs-content":"","ast-featured-img":"","footer-sml-layout":"","ast-disable-related-posts":"","theme-transparent-header-meta":"","adv-header-id-meta":"","stick-header-meta":"","header-above-stick-meta":"","header-main-stick-meta":"","header-below-stick-meta":"","astra-migrate-meta-layouts":"set","ast-page-background-enabled":"default","ast-page-background-meta":{"desktop":{"background-color":"var(--ast-global-color-4)","background-image":"","background-repeat":"repeat","background-position":"center center","background-size":"auto","background-attachment":"scroll","background-type":"","background-media":"","overlay-type":"","overlay-color":"","overlay-opacity":"","overlay-gradient":""},"tablet":{"background-color":"","background-image":"","background-repeat":"repeat","background-position":"center center","background-size":"auto","background-attachment":"scroll","background-type":"","background-media":"","overlay-type":"","overlay-color":"","overlay-opacity":"","overlay-gradient":""},"mobile":{"background-color":"","background-image":"","background-repeat":"repeat","background-position":"center center","background-size":"auto","background-attachment":"scroll","background-type":"","background-media":"","overlay-type":"","overlay-color":"","overlay-opacity":"","overlay-gradient":""}},"ast-content-background-meta":{"desktop":{"background-color":"var(--ast-global-color-5)","background-image":"","background-repeat":"repeat","background-position":"center center","background-size":"auto","background-attachment":"scroll","background-type":"","background-media":"","overlay-type":"","overlay-color":"","overlay-opacity":"","overlay-gradient":""},"tablet":{"background-color":"var(--ast-global-color-5)","background-image":"","background-repeat":"repeat","background-position":"center center","background-size":"auto","background-attachment":"scroll","background-type":"","background-media":"","overlay-type":"","overlay-color":"","overlay-opacity":"","overlay-gradient":""},"mobile":{"background-color":"var(--ast-global-color-5)","background-image":"","background-repeat":"repeat","background-position":"center center","background-size":"auto","background-attachment":"scroll","background-type":"","background-media":"","overlay-type":"","overlay-color":"","overlay-opacity":"","overlay-gradient":""}},"ngg_post_thumbnail":0,"footnotes":""},"class_list":["post-1117","page","type-page","status-publish","has-post-thumbnail","hentry"],"_links":{"self":[{"href":"https:\/\/physics.uwb.edu.pl\/wf\/ptf\/wp-json\/wp\/v2\/pages\/1117","targetHints":{"allow":["GET"]}}],"collection":[{"href":"https:\/\/physics.uwb.edu.pl\/wf\/ptf\/wp-json\/wp\/v2\/pages"}],"about":[{"href":"https:\/\/physics.uwb.edu.pl\/wf\/ptf\/wp-json\/wp\/v2\/types\/page"}],"author":[{"embeddable":true,"href":"https:\/\/physics.uwb.edu.pl\/wf\/ptf\/wp-json\/wp\/v2\/users\/25"}],"replies":[{"embeddable":true,"href":"https:\/\/physics.uwb.edu.pl\/wf\/ptf\/wp-json\/wp\/v2\/comments?post=1117"}],"version-history":[{"count":4,"href":"https:\/\/physics.uwb.edu.pl\/wf\/ptf\/wp-json\/wp\/v2\/pages\/1117\/revisions"}],"predecessor-version":[{"id":1208,"href":"https:\/\/physics.uwb.edu.pl\/wf\/ptf\/wp-json\/wp\/v2\/pages\/1117\/revisions\/1208"}],"up":[{"embeddable":true,"href":"https:\/\/physics.uwb.edu.pl\/wf\/ptf\/wp-json\/wp\/v2\/pages\/105"}],"wp:featuredmedia":[{"embeddable":true,"href":"https:\/\/physics.uwb.edu.pl\/wf\/ptf\/wp-json\/wp\/v2\/media\/1007"}],"wp:attachment":[{"href":"https:\/\/physics.uwb.edu.pl\/wf\/ptf\/wp-json\/wp\/v2\/media?parent=1117"}],"curies":[{"name":"wp","href":"https:\/\/api.w.org\/{rel}","templated":true}]}}