{"id":113,"date":"2021-10-14T17:13:26","date_gmt":"2021-10-14T17:13:26","guid":{"rendered":"https:\/\/physics.uwb.edu.pl\/wf\/ptf\/?page_id=113"},"modified":"2023-09-20T12:57:29","modified_gmt":"2023-09-20T12:57:29","slug":"wyklad-ziemkiewicz","status":"publish","type":"page","link":"https:\/\/physics.uwb.edu.pl\/wf\/ptf\/wyklady-ptf\/wyklad-ziemkiewicz\/","title":{"rendered":"\u201eFascynuj\u0105ca fizyka mechanizm\u00f3w zegarowych\u201d"},"content":{"rendered":"\n<p class=\"has-text-align-center\">W sobot\u0119 23 pa\u017adziernika 2021 roku o godzinie 11:00<\/p>\n\n\n\n<p class=\"has-text-align-center\">w sali 2011 Wydzia\u0142u Fizyki przy ul. Konstantego Cio\u0142kowskiego 1L<\/p>\n\n\n\n<p class=\"has-text-align-center\" style=\"font-size:25px\"><strong>dr in\u017c. David Ziemkiewicz<\/strong><\/p>\n\n\n\n<p class=\"has-text-align-center\">z Politechniki Bydgoskiej im Jana i J\u0119drzeja \u015aniadeckich<\/p>\n\n\n\n<p class=\"has-text-align-center\">wyg\u0142osi wyk\u0142ad zatytu\u0142owany<\/p>\n\n\n\n<p class=\"has-text-align-center\" style=\"font-size:25px\"><strong>&#8222;Fascynuj\u0105ca fizyka mechanizm\u00f3w zegarowych&#8221;<\/strong><\/p>\n\n\n\n<p><strong><em>Streszczenie:<\/em><\/strong><br>Mechaniczny zegar z wahad\u0142em przez stulecia przez stulecia stanowi\u0142 jeden z podstawowych sposob\u00f3w pomiaru czasu. Jego centraln\u0105 cz\u0119\u015bci\u0105 jest wahad\u0142o t\u0142umione, utrzymywane w ruchu przez mechanizm zegarowy. Mechanizm ten dostarcza energi\u0119 do wahad\u0142a i jest jednocze\u015bnie przez to wahad\u0142o regulowany; to sprz\u0119\u017cenie zwrotne sprawia, \u017ce dynamika uk\u0142adu jest nieliniowa i cz\u0119sto chaotyczna. Wi\u0119kszo\u015b\u0107 pr\u00f3b poprawy precyzji pomiaru czasu opiera\u0142a si\u0119 o redukcj\u0119 wp\u0142ywu efekt\u00f3w nieliniowych poprzez zminimalizowanie oddzia\u0142ywania mi\u0119dzy wahad\u0142em a mechanizmem &#8211; tak, by by\u0142o dobrym przybli\u017ceniem swobodnego wahad\u0142a matematycznego. Zupe\u0142nie odmienne podej\u015bcie zaproponowa\u0142 w 1722 r. John Harrison. Dzi\u0119ki analizie numerycznej mo\u017cna zbada\u0107 dynamik\u0119 jego konstrukcji i wykaza\u0107, \u017ce mo\u017cliwy jest b\u0142\u0105d wskaza\u0144 na poziomie kilku sekund rocznie, co jest warto\u015bci\u0105 nieosi\u0105galn\u0105 dla innych typ\u00f3w zegar\u00f3w mechanicznych.<\/p>\n\n\n\n<p><strong><em>Zdalny dost\u0119p do wyk\u0142adu (platforma Zoom):<\/em><\/strong><br>Join Zoom Meeting<br><a href=\"https:\/\/us02web.zoom.us\/j\/87218361945?pwd=UmtBN0J3NGVaejVDWStJalJBVGp6UT09\">https:\/\/us02web.zoom.us\/j\/87218361945?pwd=UmtBN0J3NGVaejVDWStJalJBVGp6UT09<\/a><br><strong>Meeting ID:<\/strong> 872 1836 1945<br><strong>Passcode:<\/strong> 7jLb0i<\/p>\n\n\n\n<p><strong><em>Informacje o wyk\u0142adowcy:<\/em><\/strong><br><em>Dr in\u017c. David Ziemkiewicz pracuje w Instytucie Matematyki i Fizyki Politechniki Bydgoskiej. W ramach grupy fotoniki i in\u017cynierii kwantowej zajmuje si\u0119 badaniem ekscyton\u00f3w rydbergowskich i propagacji plazmon\u00f3w powierzchniowych. Jest autorem ponad 30 artyku\u0142\u00f3w naukowych na temat plazmoniki, metamateria\u0142\u00f3w o ujemnym wsp\u00f3\u0142czynniku za\u0142amania, ekscyton\u00f3w rydbergowskich, aerodynamiki skrzyde\u0142, fraktali i dynamiki zegar\u00f3w.<\/em><\/p>\n\n\n\n<p>Wszystkie osoby zainteresowane serdecznie zapraszamy!<\/p>\n\n\n\n<p><strong><em>Galeria:<\/em><\/strong><\/p>\n\n\n\nngg_shortcode_0_placeholder\n\n\n\n<p class=\"has-text-align-right\"><em><strong>Autor zdj\u0119\u0107:<\/strong> <\/em>Wojciech Olszewski<\/p>\n\n\n\n<p><\/p>\n","protected":false},"excerpt":{"rendered":"<p>W sobot\u0119 23 pa\u017adziernika 2021 roku o godzinie 11:00 w sali 2011 Wydzia\u0142u Fizyki przy ul. Konstantego Cio\u0142kowskiego 1L dr in\u017c. David Ziemkiewicz z Politechniki Bydgoskiej im Jana i J\u0119drzeja \u015aniadeckich wyg\u0142osi wyk\u0142ad zatytu\u0142owany &#8222;Fascynuj\u0105ca fizyka mechanizm\u00f3w zegarowych&#8221; Streszczenie:Mechaniczny zegar z wahad\u0142em przez stulecia przez stulecia stanowi\u0142 jeden z podstawowych sposob\u00f3w pomiaru czasu. Jego centraln\u0105 [&hellip;]<\/p>\n","protected":false},"author":25,"featured_media":591,"parent":105,"menu_order":0,"comment_status":"closed","ping_status":"closed","template":"","meta":{"site-sidebar-layout":"default","site-content-layout":"","ast-site-content-layout":"default","site-content-style":"default","site-sidebar-style":"default","ast-global-header-display":"","ast-banner-title-visibility":"","ast-main-header-display":"","ast-hfb-above-header-display":"","ast-hfb-below-header-display":"","ast-hfb-mobile-header-display":"","site-post-title":"","ast-breadcrumbs-content":"","ast-featured-img":"disabled","footer-sml-layout":"","ast-disable-related-posts":"","theme-transparent-header-meta":"","adv-header-id-meta":"","stick-header-meta":"","header-above-stick-meta":"","header-main-stick-meta":"","header-below-stick-meta":"","astra-migrate-meta-layouts":"set","ast-page-background-enabled":"default","ast-page-background-meta":{"desktop":{"background-color":"var(--ast-global-color-4)","background-image":"","background-repeat":"repeat","background-position":"center center","background-size":"auto","background-attachment":"scroll","background-type":"","background-media":"","overlay-type":"","overlay-color":"","overlay-opacity":"","overlay-gradient":""},"tablet":{"background-color":"","background-image":"","background-repeat":"repeat","background-position":"center center","background-size":"auto","background-attachment":"scroll","background-type":"","background-media":"","overlay-type":"","overlay-color":"","overlay-opacity":"","overlay-gradient":""},"mobile":{"background-color":"","background-image":"","background-repeat":"repeat","background-position":"center center","background-size":"auto","background-attachment":"scroll","background-type":"","background-media":"","overlay-type":"","overlay-color":"","overlay-opacity":"","overlay-gradient":""}},"ast-content-background-meta":{"desktop":{"background-color":"var(--ast-global-color-5)","background-image":"","background-repeat":"repeat","background-position":"center center","background-size":"auto","background-attachment":"scroll","background-type":"","background-media":"","overlay-type":"","overlay-color":"","overlay-opacity":"","overlay-gradient":""},"tablet":{"background-color":"var(--ast-global-color-5)","background-image":"","background-repeat":"repeat","background-position":"center center","background-size":"auto","background-attachment":"scroll","background-type":"","background-media":"","overlay-type":"","overlay-color":"","overlay-opacity":"","overlay-gradient":""},"mobile":{"background-color":"var(--ast-global-color-5)","background-image":"","background-repeat":"repeat","background-position":"center center","background-size":"auto","background-attachment":"scroll","background-type":"","background-media":"","overlay-type":"","overlay-color":"","overlay-opacity":"","overlay-gradient":""}},"ngg_post_thumbnail":0,"footnotes":""},"class_list":["post-113","page","type-page","status-publish","has-post-thumbnail","hentry"],"_links":{"self":[{"href":"https:\/\/physics.uwb.edu.pl\/wf\/ptf\/wp-json\/wp\/v2\/pages\/113","targetHints":{"allow":["GET"]}}],"collection":[{"href":"https:\/\/physics.uwb.edu.pl\/wf\/ptf\/wp-json\/wp\/v2\/pages"}],"about":[{"href":"https:\/\/physics.uwb.edu.pl\/wf\/ptf\/wp-json\/wp\/v2\/types\/page"}],"author":[{"embeddable":true,"href":"https:\/\/physics.uwb.edu.pl\/wf\/ptf\/wp-json\/wp\/v2\/users\/25"}],"replies":[{"embeddable":true,"href":"https:\/\/physics.uwb.edu.pl\/wf\/ptf\/wp-json\/wp\/v2\/comments?post=113"}],"version-history":[{"count":12,"href":"https:\/\/physics.uwb.edu.pl\/wf\/ptf\/wp-json\/wp\/v2\/pages\/113\/revisions"}],"predecessor-version":[{"id":593,"href":"https:\/\/physics.uwb.edu.pl\/wf\/ptf\/wp-json\/wp\/v2\/pages\/113\/revisions\/593"}],"up":[{"embeddable":true,"href":"https:\/\/physics.uwb.edu.pl\/wf\/ptf\/wp-json\/wp\/v2\/pages\/105"}],"wp:featuredmedia":[{"embeddable":true,"href":"https:\/\/physics.uwb.edu.pl\/wf\/ptf\/wp-json\/wp\/v2\/media\/591"}],"wp:attachment":[{"href":"https:\/\/physics.uwb.edu.pl\/wf\/ptf\/wp-json\/wp\/v2\/media?parent=113"}],"curies":[{"name":"wp","href":"https:\/\/api.w.org\/{rel}","templated":true}]}}