{"id":1179,"date":"2009-07-01T09:41:00","date_gmt":"2009-07-01T09:41:00","guid":{"rendered":"https:\/\/physics.uwb.edu.pl\/wf\/ptf\/?page_id=1179"},"modified":"2024-07-15T10:18:44","modified_gmt":"2024-07-15T10:18:44","slug":"wyklady-wygloszone-w-latach-2000-2009","status":"publish","type":"page","link":"https:\/\/physics.uwb.edu.pl\/wf\/ptf\/wyklady-ptf\/wyklady-wygloszone-w-latach-2000-2009\/","title":{"rendered":"Wyk\u0142ady wyg\u0142oszone w latach 2000-2009"},"content":{"rendered":"\n<h2 class=\"wp-block-heading\"><strong><em>Wyk\u0142ady, kt\u00f3re zosta\u0142y wyg\u0142oszone w roku 2009:<\/em><\/strong><\/h2>\n\n\n\n<ul class=\"wp-block-list\">\n<li>19 grudnia 2009 \u2013 dr Tomasz Sowi\u0144ski \u2013 <strong>\u201eCo to w\u0142a\u015bciwie znaczy, \u017ce E=mc2?\u201d<\/strong><\/li>\n\n\n\n<li>21 listopada 2009 \u2013 dr Szymon Charzy\u0144ski \u2013 <strong><a href=\"https:\/\/physics.uwb.edu.pl\/wf\/ptf\/wp-content\/uploads\/sites\/24\/2024\/07\/2009_11_29_WykladPTF_SCharzynski.pdf\">\u201eFizyka r\u00f3\u017cd\u017cki i wahad\u0142a\u201d<\/a><\/strong><\/li>\n\n\n\n<li>24 pa\u017adziernika 2009 \u2013 dr Marek Niko\u0142ajuk \u2013 <strong><a href=\"https:\/\/physics.uwb.edu.pl\/wf\/ptf\/wp-content\/uploads\/sites\/24\/2024\/07\/2009_10_24_WykladPTF_MNikolajuk.pdf\">\u201eKwazary \u2013 przedziwne galaktyki\u201d<\/a><\/strong><\/li>\n\n\n\n<li>25 kwietnia 2009 \u2013 dr hab. Micha\u0142 Spali\u0144ski, prof. UwB \u2013 <strong><a href=\"https:\/\/physics.uwb.edu.pl\/wf\/ptf\/wp-content\/uploads\/sites\/24\/2024\/07\/2009_04_25_WykladPTF_MSpalinski.pdf\">\u201eW poszukiwaniu pocz\u0105tku czasu\u201d<\/a><\/strong><\/li>\n\n\n\n<li>21 marca 2009 \u2013 prof. dr hab. Feliks Stobiecki \u2013 <strong><a href=\"https:\/\/physics.uwb.edu.pl\/wf\/ptf\/wp-content\/uploads\/sites\/24\/2024\/07\/2009_03_21_WykladPTF_FStobiecki.pdf\">\u201eMagnetyczne no\u015bniki informacji\u201d<\/a><\/strong><\/li>\n\n\n\n<li>28 lutego 2009 \u2013 dr hab. Mariusz P. D\u0105browski, prof. US \u2013 <strong><a href=\"https:\/\/physics.uwb.edu.pl\/wf\/ptf\/wp-content\/uploads\/sites\/24\/2024\/07\/2009_02_28_WykladPTF_MDabrowski.pdf\">\u201ePrzysz\u0142o\u015b\u0107 Wszech\u015bwiata\u201d<\/a><\/strong><\/li>\n<\/ul>\n\n\n\n<h2 class=\"wp-block-heading\"><strong><em>Wyk\u0142ady, kt\u00f3re zosta\u0142y wyg\u0142oszone w roku 2008:<\/em><\/strong><\/h2>\n\n\n\n<ul class=\"wp-block-list\">\n<li>13 grudnia 2008 \u2013 dr Krzysztof Markowicz \u2013 <strong><a href=\"https:\/\/physics.uwb.edu.pl\/wf\/ptf\/wp-content\/uploads\/sites\/24\/2024\/07\/2008_12_13_WykladPTF_KMarkowicz.pdf\">\u201eOd r\u00f3wnowagi radiacyjnej do zmian klimatu Ziemi\u201d<\/a><\/strong><\/li>\n\n\n\n<li>22 listopada 2008 \u2013 dr Maciej Pi\u0119tka \u2013 <strong><a href=\"https:\/\/physics.uwb.edu.pl\/wf\/ptf\/wp-content\/uploads\/sites\/24\/2024\/07\/2008_11_22_WykladPTF_MPietka.pdf\">\u201eKryptografia w Sieci\u201d<\/a><\/strong><\/li>\n\n\n\n<li>18 pa\u017adziernika 2008 \u2013 dr hab. Marek Kisielewski, prof. UwB \u2013 <strong><a href=\"https:\/\/physics.uwb.edu.pl\/wf\/ptf\/wp-content\/uploads\/sites\/24\/2024\/07\/2008_10_18_WykladPTF_MKisielewski.pdf\">\u201eMagnetyzm i nanomagnetyzm w walce o przetrwanie\u201d<\/a><\/strong><\/li>\n\n\n\n<li>17 maja 2008 \u2013 dr hab. Krzysztof Szyma\u0144ski, prof. UwB \u2013 <strong><a href=\"https:\/\/physics.uwb.edu.pl\/wf\/ptf\/wp-content\/uploads\/sites\/24\/2024\/07\/2008_05_17_WykladPTF_KSzymanski.pdf\">\u201eJak si\u0119 poruszaj\u0105 elektrony?\u201d<\/a><\/strong><\/li>\n\n\n\n<li>26 kwietnia 2008 \u2013 dr Krzysztof Zio\u0142kowski \u2013 <strong><a href=\"https:\/\/physics.uwb.edu.pl\/wf\/ptf\/wp-content\/uploads\/sites\/24\/2024\/07\/2008_04_26_WykladPTF_KZiolkowski.pdf\">\u201eSondowanie Uk\u0142adu S\u0142onecznego\u201d<\/a><\/strong><\/li>\n\n\n\n<li>15 marca 2008 \u2013 dr Stanis\u0142aw Bajtlik \u2013 <strong><a href=\"https:\/\/physics.uwb.edu.pl\/wf\/ptf\/wp-content\/uploads\/sites\/24\/2024\/07\/2008_03_15_WykladPTF_SBajtlik.pdf\">\u201eO czasie\u201d<\/a><\/strong><\/li>\n\n\n\n<li>16 lutego 2008 \u2013 dr Andrzej Andrejczuk \u2013 <strong><a href=\"https:\/\/physics.uwb.edu.pl\/wf\/ptf\/wp-content\/uploads\/sites\/24\/2024\/07\/2008_02_16_WykladPTF_AAndrejczuk.pdf\">\u201ePromieniowanie jonizuj\u0105ce: \u017ar\u00f3d\u0142a, w\u0142a\u015bciwo\u015bci, zastosowanie\u201d<\/a><\/strong><\/li>\n<\/ul>\n\n\n\n<h2 class=\"wp-block-heading\"><strong><em>Wyk\u0142ady, kt\u00f3re zosta\u0142y wyg\u0142oszone w roku 2007:<\/em><\/strong><\/h2>\n\n\n\n<ul class=\"wp-block-list\">\n<li>1 grudnia 2007 \u2013 dr in\u017c. Robert Paszkiewicz \u2013 <strong><a href=\"https:\/\/physics.uwb.edu.pl\/wf\/ptf\/wp-content\/uploads\/sites\/24\/2024\/07\/2007_12_01_WykladPTF_RPaszkiewicz.pdf\">\u201eLasery: budowa, dzia\u0142anie, zastosowanie\u201d<\/a><\/strong><\/li>\n\n\n\n<li>17 listopada 2007 \u2013 dr hab. Piotr Jaranowski, prof. UwB \u2013 <strong><a href=\"https:\/\/physics.uwb.edu.pl\/wf\/ptf\/wp-content\/uploads\/sites\/24\/2024\/07\/2007_11_17_WykladPTF_PJaranowski.pdf\">\u201ePolowanie na fale grawitacyjne\u201d<\/a><\/strong><\/li>\n\n\n\n<li>27 pa\u017adziernika 2007 \u2013 dr hab. Miros\u0142aw Brewczyk \u2013 <strong><a href=\"https:\/\/physics.uwb.edu.pl\/wf\/ptf\/wp-content\/uploads\/sites\/24\/2024\/07\/2007_10_27_WykladPTF_MBrewczyk.pdf\">\u201eFizyka zimnych atom\u00f3w \u2013 czyli o tym jak zimne atomy sta\u0142y si\u0119 \u201egor\u0105c<\/a>e\u201d\u201d<\/strong><\/li>\n\n\n\n<li>19 maja 2007 \u2013 mgr Andrzej Branicki \u2013 <strong><a href=\"https:\/\/physics.uwb.edu.pl\/wf\/ptf\/wp-content\/uploads\/sites\/24\/2024\/07\/2007_05_19_WykladPTF_ABranicki.pdf\">\u201eO fotografiach i fotografowaniu nieba\u201d<\/a><\/strong><\/li>\n\n\n\n<li>21 kwietnia 2007 \u2013 dr Piotr Zalewski \u2013 <strong>\u201ePrzed, po czy zamiast? Badanie Wszech\u015bwiata za pomoc\u0105 kartki\u201d<\/strong><\/li>\n\n\n\n<li>17 marca 2007 \u2013 dr hab. Henryk K\u0119pa \u2013 <strong><a href=\"https:\/\/physics.uwb.edu.pl\/wf\/ptf\/wp-content\/uploads\/sites\/24\/2024\/07\/2007_03_17_WykladPTF_HKepa.pdf\">\u201eFizyk w muzeum\u201d<\/a><\/strong><\/li>\n\n\n\n<li>17 lutego 2007 \u2013 prof. dr hab. Czes\u0142aw Radzewicz \u2013 <strong><a href=\"https:\/\/physics.uwb.edu.pl\/wf\/ptf\/wp-content\/uploads\/sites\/24\/2024\/07\/2007_02_17_WykladPTF_CRadzewicz.pdf\">\u201eW kierunku zegar\u00f3w idealnych\u201d<\/a><\/strong><\/li>\n\n\n\n<li>13 stycznia 2007 \u2013 dr hab. Edward W. Piotrowski \u2013 <strong><a href=\"https:\/\/physics.uwb.edu.pl\/wf\/ptf\/wp-content\/uploads\/sites\/24\/2024\/07\/2007_01_13_WykladPTF_EPiotrowski.pdf\">\u201eRynek jako informacja\u201d<\/a><\/strong><\/li>\n<\/ul>\n\n\n\n<h2 class=\"wp-block-heading\"><strong><em>Wyk\u0142ady, kt\u00f3re zosta\u0142y wyg\u0142oszone w roku 2006:<\/em><\/strong><\/h2>\n\n\n\n<ul class=\"wp-block-list\">\n<li>18 listopada 2006 \u2013 dr in\u017c. Marek Rabi\u0144ski \u2013 <strong>\u201ePlazma \u2013 czwarty stan materii\u201d<\/strong><\/li>\n\n\n\n<li>21 pa\u017adziernika 2006 \u2013 prof. dr hab. Ludwik Dobrzy\u0144ski \u2013 <strong><a href=\"https:\/\/physics.uwb.edu.pl\/wf\/ptf\/wp-content\/uploads\/sites\/24\/2024\/07\/2006_10_26_WykladPTF_LDobrzynski.pdf\">\u201eJak pracuje reaktor j\u0105drowy i czy jest on bezpieczny?\u201d<\/a><\/strong><\/li>\n\n\n\n<li>25 marca 2006 \u2013 prof. dr hab. Micha\u0142 Nawrocki \u2013 <strong><a href=\"https:\/\/physics.uwb.edu.pl\/wf\/ptf\/wp-content\/uploads\/sites\/24\/2024\/07\/2006_03_25_WykladPTF_MNawrocki.pdf\">\u201eRezonanse wok\u00f3\u0142 nas\u201d<\/a><\/strong><\/li>\n\n\n\n<li>25 lutego 2006 \u2013 doc. dr hab. Bogdan Idzikowski \u2013 <strong><a href=\"https:\/\/physics.uwb.edu.pl\/wf\/ptf\/wp-content\/uploads\/sites\/24\/2024\/07\/2006_03_25_WykladPTF_BIdzikowski.pdf\">\u201eUnoszenie magnetyczne\u201d<\/a><\/strong><\/li>\n<\/ul>\n\n\n\n<h2 class=\"wp-block-heading\"><strong><em>Wyk\u0142ady, kt\u00f3re zosta\u0142y wyg\u0142oszone w roku 2005:<\/em><\/strong><\/h2>\n\n\n\n<ul class=\"wp-block-list\">\n<li>17 grudnia 2005 \u2013 dr hab. Stanis\u0142aw Witkowski \u2013 <strong><a href=\"https:\/\/physics.uwb.edu.pl\/wf\/ptf\/wp-content\/uploads\/sites\/24\/2024\/07\/2005_12_17_WykladPTF_SWitkowski.pdf\">\u201eO truciznach naturalnych\u201d<\/a><\/strong><\/li>\n\n\n\n<li>19 listopada 2005 \u2013 dr Andrzej Wysmo\u0142ek \u2013 <strong><a href=\"https:\/\/physics.uwb.edu.pl\/wf\/ptf\/wp-content\/uploads\/sites\/24\/2024\/07\/2005_11_19_WykladPTF_AWysmolek.pdf\">\u201eZjawiska fizyczne w polu magnetycznym\u201d<\/a><\/strong><\/li>\n\n\n\n<li>22 pa\u017adziernika 2005 \u2013 dr Ma\u0142gorzata Igalson \u2013 <strong>\u201eEnergia prosto ze S\u0142o\u0144ca \u2013 ogniwa s\u0142oneczne\u201d<\/strong><\/li>\n\n\n\n<li>21 maja 2005 &#8211; dr Bogumi\u0142a Mys\u0142ek-Laurikainen &#8211;<a href=\"https:\/\/physics.uwb.edu.pl\/wf\/ptf\/wp-content\/uploads\/sites\/24\/2024\/07\/2005_05_21_WykladPTF_BMyslekLaurikainen.pdf\"> <strong>&#8222;Ochrona powietrza &#8211; zadanie \u0142atwe czy trudne&#8221;<\/strong><\/a><\/li>\n\n\n\n<li>16 kwietnia 2005 \u2013 doc. dr hab. Grzegorz Wrochna \u2013 <strong><a href=\"https:\/\/physics.uwb.edu.pl\/wf\/ptf\/wp-content\/uploads\/sites\/24\/2024\/07\/2005_04_16_WykladPTF_GWrochna.pdf\">\u201eB\u0142yski gamma \u2013 najwi\u0119ksze kataklizmy Wszech\u015bwiata\u201d<\/a><\/strong><\/li>\n\n\n\n<li>19 marca 2005 \u2013 dr Jerzy Pe\u0142ka \u2013 <strong><a href=\"https:\/\/physics.uwb.edu.pl\/wf\/ptf\/wp-content\/uploads\/sites\/24\/2024\/07\/2005_03_19_WykladPTF_JPelka.pdf\">\u201eOczy naturalne, oczy sztuczne \u2013 czyli o zwi\u0105zkach natury z technologi\u0105 system\u00f3w obrazowania\u201d<\/a><\/strong><\/li>\n\n\n\n<li>19 lutego 2005 \u2013 mgr Andrzej Branicki \u2013 <strong><a href=\"https:\/\/physics.uwb.edu.pl\/wf\/ptf\/wp-content\/uploads\/sites\/24\/2024\/07\/2005_02_19_WykladPTF_ABranicki.pdf\">\u201eElementarz astronomii praktycznej\u201d<\/a><\/strong><\/li>\n\n\n\n<li>15 stycznia 2005 \u2013 dr Sylwester Ko\u0142oma\u0144ski \u2013 <strong><a href=\"https:\/\/physics.uwb.edu.pl\/wf\/ptf\/wp-content\/uploads\/sites\/24\/2024\/07\/2005_01_15_WykladPTF_SKolomanski.pdf\">\u201eZnikaj\u0105ca Droga Mleczna \u2013 rzecz o zanieczyszczeniu nieba \u015bwiat\u0142em\u201d<\/a><\/strong><\/li>\n<\/ul>\n\n\n\n<h2 class=\"wp-block-heading\"><strong><em>Wyk\u0142ady, kt\u00f3re zosta\u0142y wyg\u0142oszone w roku 2004:<\/em><\/strong><\/h2>\n\n\n\n<ul class=\"wp-block-list\">\n<li>29 maja 2004 &#8211; prof. dr hab. Ryszard Krzyminiewski &#8211; <strong><a href=\"https:\/\/physics.uwb.edu.pl\/wf\/ptf\/wp-content\/uploads\/sites\/24\/2024\/07\/2004_05_29_WykladPTF_RKrzyminiewski.pdf\">&#8222;EKG w diagnostyce chor\u00f3b serca, wykorzystanie Internetu&#8221;<\/a><\/strong><\/li>\n\n\n\n<li>24 kwietnia 2004 &#8211; dr hab. Krzysztof Szyma\u0144ski &#8211; <strong><a href=\"https:\/\/physics.uwb.edu.pl\/wf\/ptf\/wp-content\/uploads\/sites\/24\/2024\/07\/2004_04_24_WykladPTF_KSzymanski.pdf\">&#8222;Pole magnetyczne Ziemi&#8221;<\/a><\/strong><\/li>\n\n\n\n<li>20 marca 2004 &#8211; dr hab. Miros\u0142aw Karpierz &#8211; <strong><a href=\"https:\/\/physics.uwb.edu.pl\/wf\/ptf\/wp-content\/uploads\/sites\/24\/2024\/07\/2004_03_20_WykladPTF_MKarpierz.pdf\">&#8222;Uczenie fizyki przez Internet&#8221;<\/a><\/strong><\/li>\n\n\n\n<li>28 lutego 2004 &#8211; dr hab. Andrzej Wi\u015bniewski &#8211; <strong><a href=\"https:\/\/physics.uwb.edu.pl\/wf\/ptf\/wp-content\/uploads\/sites\/24\/2024\/07\/2004_02_28_WykladPTF_AWisniewski.pdf\">&#8222;Nadprzewodniki II rodzaju i teoria Ginzburga-Landaua &#8211; 2\/3 nagrody Nobla 2003&#8221;<\/a><\/strong><\/li>\n\n\n\n<li>17 stycznia 2004 &#8211; prof. dr hab. Henryk Szyd\u0142owski &#8211; <strong><a href=\"https:\/\/physics.uwb.edu.pl\/wf\/ptf\/wp-content\/uploads\/sites\/24\/2024\/07\/2004_01_17_WykladPTF_HSzydlowski.pdf\">&#8222;Komputer przyrz\u0105dem pomiarowym&#8221;<\/a><\/strong><\/li>\n<\/ul>\n\n\n\n<h2 class=\"wp-block-heading\"><strong><em>Wyk\u0142ady, kt\u00f3re zosta\u0142y wyg\u0142oszone w roku 2003:<\/em><\/strong><\/h2>\n\n\n\n<ul class=\"wp-block-list\">\n<li>06 grudnia 2003 &#8211; Magdalena Machinko-Nagrabecka &#8211; <strong><a href=\"https:\/\/physics.uwb.edu.pl\/wf\/ptf\/wp-content\/uploads\/sites\/24\/2024\/07\/2003_12_06_WykladPTF_MMachinkoNagrabecka.pdf\">&#8222;Program GLOBE &#8211; internetowy program ekologiczno-edukacyjny&#8221;<\/a><\/strong><\/li>\n\n\n\n<li>17 maja 2003 &#8211; prof. dr hab. Borys Kierdaszuk &#8211; <strong><a href=\"https:\/\/physics.uwb.edu.pl\/wf\/ptf\/wp-content\/uploads\/sites\/24\/2024\/07\/2003_05_17_WykladPTF_BKieraszuk.pdf\">&#8222;Fizyka wyja\u015bnia podstawy zjawisk biologicznych&#8221;<\/a><\/strong><\/li>\n\n\n\n<li>12 kwietnia 2003 &#8211; prof. dr hab. Zygmunt Szefli\u0144ski &#8211; <strong><a href=\"https:\/\/physics.uwb.edu.pl\/wf\/ptf\/wp-content\/uploads\/sites\/24\/2024\/07\/2003_04_12_WykladPTF_ZSzewflinski.pdf\">&#8222;Nowoczesne metody diagnostyki i terapii medycznej&#8221;<\/a><\/strong><\/li>\n\n\n\n<li>15 marca 2003 &#8211; prof. dr hab. Edwin Wnuk &#8211; <strong><a href=\"https:\/\/physics.uwb.edu.pl\/wf\/ptf\/wp-content\/uploads\/sites\/24\/2024\/07\/2003_03_15_WykladPTF_EWnuk.pdf\">&#8222;Sztuczne satelity i \u015bmieci kosmiczne w przestrzeni wok\u00f3\u0142ziemskiej&#8221;<\/a><\/strong><\/li>\n\n\n\n<li>11 stycznia 2003 &#8211; prof. dr hab. Jan Kozubowski &#8211; <strong><a href=\"https:\/\/physics.uwb.edu.pl\/wf\/ptf\/wp-content\/uploads\/sites\/24\/2024\/07\/2003_01_11_WykladPTF_JKozubowski.pdf\">&#8222;Energetyczne dylematy ludzko\u015bci&#8221;<\/a><\/strong><\/li>\n<\/ul>\n\n\n\n<h2 class=\"wp-block-heading\"><strong><em>Wyk\u0142ady, kt\u00f3re zosta\u0142y wyg\u0142oszone w roku 2002:<\/em><\/strong><\/h2>\n\n\n\n<ul class=\"wp-block-list\">\n<li>14 grudnia 2002 &#8211; prof. dr hab. Andrzej Burewicz &#8211; <strong><a href=\"https:\/\/physics.uwb.edu.pl\/wf\/ptf\/wp-content\/uploads\/sites\/24\/2024\/07\/2002_12_14_WykladPTF_ABurewicz.pdf\">&#8222;Komputer w nauczaniu chemii&#8221;<\/a><\/strong><\/li>\n\n\n\n<li>23 listopada 2022 &#8211; prof. dr hab. Jan Mostowski &#8211; <strong><a href=\"https:\/\/physics.uwb.edu.pl\/wf\/ptf\/wp-content\/uploads\/sites\/24\/2024\/07\/2002_11_23_WykladPTF_JMostowski.pdf\">&#8222;Fizyka jazdy na rowerze&#8221;<\/a><\/strong><\/li>\n\n\n\n<li>18 maja 2002 &#8211; mgr Wojciech Dobrogowski i mgr W. Panasewicz &#8211; <strong><a href=\"https:\/\/physics.uwb.edu.pl\/wf\/ptf\/wp-content\/uploads\/sites\/24\/2024\/07\/2002_05_18_WykladPTF_WDobrogowski_WPanasewicz.pdf\">&#8222;Chaos w wybranych uk\u0142adach fizycznych&#8221;<\/a><\/strong><\/li>\n\n\n\n<li>20 kwietnia 2002 &#8211; dr hab. Eugeniusz \u017bukowski &#8211; <strong><a href=\"https:\/\/physics.uwb.edu.pl\/wf\/ptf\/wp-content\/uploads\/sites\/24\/2024\/07\/2002_04_20_WykladPTF_EZukowski.pdf\">&#8222;Hormeza radiacyjna &#8211; dobroczynne skutki ma\u0142ych dawek promieniowania jonizuj\u0105cego&#8221;<\/a><\/strong><\/li>\n\n\n\n<li>23 marca 2002 &#8211; dr Andrzej Andrejczuk &#8211; <strong><a href=\"https:\/\/physics.uwb.edu.pl\/wf\/ptf\/wp-content\/uploads\/sites\/24\/2024\/07\/2002_03_23_WykladPTF_AAndrejczuk.pdf\">&#8222;Promieniowanie jonizuj\u0105ce &#8211; \u017ar\u00f3d\u0142a i w\u0142a\u015bciwo\u015bci&#8221;<\/a><\/strong><\/li>\n\n\n\n<li>23 lutego 2002 &#8211; prof. dr hab. Jan Dorosz &#8211; <strong><a href=\"https:\/\/physics.uwb.edu.pl\/wf\/ptf\/wp-content\/uploads\/sites\/24\/2024\/07\/2002_02_23_WykladPTF_JDorosz.pdf\">&#8222;\u015awiat\u0142owody, budowa, metody otrzymywania, zastosowania&#8221;<\/a><\/strong><\/li>\n\n\n\n<li>12 stycznia 2002 &#8211; prof. dr hab. Jan Gaj &#8211; <strong><a href=\"https:\/\/physics.uwb.edu.pl\/wf\/ptf\/wp-content\/uploads\/sites\/24\/2024\/07\/2002_01_12_WykladPTF_JGaj.pdf\">&#8222;Drgania w rezonatorach: czy proste regu\u0142y obowi\u0105zuj\u0105?&#8221;<\/a><\/strong><\/li>\n<\/ul>\n\n\n\n<h2 class=\"wp-block-heading\"><strong><em>Wyk\u0142ady, kt\u00f3re zosta\u0142y wyg\u0142oszone w roku 2001:<\/em><\/strong><\/h2>\n\n\n\n<ul class=\"wp-block-list\">\n<li>08 grudnia 2001 &#8211; dr Krzysztof Zio\u0142kowski &#8211; <strong><a href=\"https:\/\/physics.uwb.edu.pl\/wf\/ptf\/wp-content\/uploads\/sites\/24\/2024\/07\/2001_12_08_WykladPTF_KZiolkowski.pdf\">&#8222;Nowe spojrzenie na Uk\u0142ad S\u0142oneczny&#8221;<\/a><\/strong><\/li>\n\n\n\n<li>17 listopada 2001 &#8211; prof. dr hab. Tomasz Dietl &#8211; <strong><a href=\"https:\/\/physics.uwb.edu.pl\/wf\/ptf\/wp-content\/uploads\/sites\/24\/2024\/07\/2001_11_17_WykladPTF_TDietl.pdf\">&#8222;Na granicy miniaturyzacji element\u00f3w elektronicznych &#8211; Nobel 2000&#8221;<\/a><\/strong><\/li>\n\n\n\n<li>20 pa\u017adziernika 2001 &#8211; prof. dr hab. Jacek Kossut &#8211; <strong><a href=\"https:\/\/physics.uwb.edu.pl\/wf\/ptf\/wp-content\/uploads\/sites\/24\/2024\/07\/2001_10_20_WykladPTF_JKossut.pdf\">&#8222;Co to s\u0105 studnia, drut i kropka kwantowa oraz jak je zrobi\u0107 i po co, czyli ile laser\u00f3w zmie\u015bci si\u0119 w \u0142ebku od szpilki&#8221;<\/a><\/strong><\/li>\n\n\n\n<li>12 maja 2001 &#8211; prof. dr hab. Jan Mostowski &#8211;<a href=\"https:\/\/physics.uwb.edu.pl\/wf\/ptf\/wp-content\/uploads\/sites\/24\/2024\/07\/2001_05_12_WykladPTF_JMostowski.pdf\"> <strong>&#8222;Fizyka d\u017awi\u0119ku&#8221;<\/strong><\/a><\/li>\n\n\n\n<li>21 kwietnia 2001 &#8211; dr hab. Anna \u015alawska-Waniewska &#8211; <strong><a href=\"https:\/\/physics.uwb.edu.pl\/wf\/ptf\/wp-content\/uploads\/sites\/24\/2024\/07\/2001_04_21_WykladPTF_ASlawskaWaniewska.pdf\">&#8222;Zmys\u0142 magnetyczny u zwierz\u0105t migruj\u0105cych&#8221;<\/a><\/strong><\/li>\n\n\n\n<li>17 marca 2001 &#8211; dr Andrzej Wi\u015bniewski &#8211; <strong><a href=\"https:\/\/physics.uwb.edu.pl\/wf\/ptf\/wp-content\/uploads\/sites\/24\/2024\/07\/2001_03_17_WykladPTF_AWisniewski.pdf\">&#8222;Zjawisko nadprzewodnictwa &#8211; nadprzewodniki wysokotemperaturowe&#8221;<\/a><\/strong><\/li>\n\n\n\n<li>24 lutego 2001 &#8211; prof. dr hab. Ludwik Dobrzy\u0144ski &#8211; <strong><a href=\"https:\/\/physics.uwb.edu.pl\/wf\/ptf\/wp-content\/uploads\/sites\/24\/2024\/07\/2001_02_24_WykladPTF_LDobrzynski.pdf\">&#8222;Promieniowanie jonizuj\u0105ce w medycynie&#8221;<\/a><\/strong><\/li>\n<\/ul>\n\n\n\n<h2 class=\"wp-block-heading\"><strong><em>Wyk\u0142ady, kt\u00f3re zosta\u0142y wyg\u0142oszone w roku 2000:<\/em><\/strong><\/h2>\n\n\n\n<ul class=\"wp-block-list\">\n<li>16 grudnia 2000 &#8211; prof. dr hab. Iwona Wawer &#8211; <strong><a href=\"https:\/\/physics.uwb.edu.pl\/wf\/ptf\/wp-content\/uploads\/sites\/24\/2024\/07\/2000_12_16_WykladPTF_IWawer.pdf\">&#8222;Magnetyczny rezonans j\u0105drowy &#8211; od fizyki przez chemi\u0119 do medycyny&#8221;<\/a><\/strong><\/li>\n\n\n\n<li>18 listopada 2000 &#8211; dr Jacek Krzywi\u0144ski &#8211; <strong><a href=\"https:\/\/physics.uwb.edu.pl\/wf\/ptf\/wp-content\/uploads\/sites\/24\/2024\/07\/2000_11_18_WykladPTF_JKrzywinski.pdf\">&#8222;Gwiazdy i bia\u0142ka w nowym \u015bwietle &#8211; perspektywy zastosowa\u0144 rentgenowskich laser\u00f3w na swobodnych elektronach&#8221;<\/a><\/strong><\/li>\n\n\n\n<li>4 listopada 2000 &#8211; dr Grzegorz Pojma\u0144ski &#8211; <strong><a href=\"https:\/\/physics.uwb.edu.pl\/wf\/ptf\/wp-content\/uploads\/sites\/24\/2024\/07\/2000_11_04_WykladPTF_GPojmanski.pdf\">&#8222;Ma\u0142e teleskopy &#8211; czy jest dla nich miejsce we wsp\u00f3\u0142czesnej astronomii?&#8221;<\/a><\/strong><\/li>\n<\/ul>\n","protected":false},"excerpt":{"rendered":"<p>Wyk\u0142ady, kt\u00f3re zosta\u0142y wyg\u0142oszone w roku 2009: Wyk\u0142ady, kt\u00f3re zosta\u0142y wyg\u0142oszone w roku 2008: Wyk\u0142ady, kt\u00f3re zosta\u0142y wyg\u0142oszone w roku 2007: Wyk\u0142ady, kt\u00f3re zosta\u0142y wyg\u0142oszone w roku 2006: Wyk\u0142ady, kt\u00f3re zosta\u0142y wyg\u0142oszone w roku 2005: Wyk\u0142ady, kt\u00f3re zosta\u0142y wyg\u0142oszone w roku 2004: Wyk\u0142ady, kt\u00f3re zosta\u0142y wyg\u0142oszone w roku 2003: Wyk\u0142ady, kt\u00f3re zosta\u0142y wyg\u0142oszone w roku [&hellip;]<\/p>\n","protected":false},"author":25,"featured_media":1007,"parent":105,"menu_order":0,"comment_status":"closed","ping_status":"closed","template":"","meta":{"site-sidebar-layout":"default","site-content-layout":"","ast-site-content-layout":"default","site-content-style":"default","site-sidebar-style":"default","ast-global-header-display":"","ast-banner-title-visibility":"","ast-main-header-display":"","ast-hfb-above-header-display":"","ast-hfb-below-header-display":"","ast-hfb-mobile-header-display":"","site-post-title":"","ast-breadcrumbs-content":"","ast-featured-img":"","footer-sml-layout":"","ast-disable-related-posts":"","theme-transparent-header-meta":"","adv-header-id-meta":"","stick-header-meta":"","header-above-stick-meta":"","header-main-stick-meta":"","header-below-stick-meta":"","astra-migrate-meta-layouts":"set","ast-page-background-enabled":"default","ast-page-background-meta":{"desktop":{"background-color":"var(--ast-global-color-4)","background-image":"","background-repeat":"repeat","background-position":"center center","background-size":"auto","background-attachment":"scroll","background-type":"","background-media":"","overlay-type":"","overlay-color":"","overlay-opacity":"","overlay-gradient":""},"tablet":{"background-color":"","background-image":"","background-repeat":"repeat","background-position":"center center","background-size":"auto","background-attachment":"scroll","background-type":"","background-media":"","overlay-type":"","overlay-color":"","overlay-opacity":"","overlay-gradient":""},"mobile":{"background-color":"","background-image":"","background-repeat":"repeat","background-position":"center center","background-size":"auto","background-attachment":"scroll","background-type":"","background-media":"","overlay-type":"","overlay-color":"","overlay-opacity":"","overlay-gradient":""}},"ast-content-background-meta":{"desktop":{"background-color":"var(--ast-global-color-5)","background-image":"","background-repeat":"repeat","background-position":"center center","background-size":"auto","background-attachment":"scroll","background-type":"","background-media":"","overlay-type":"","overlay-color":"","overlay-opacity":"","overlay-gradient":""},"tablet":{"background-color":"var(--ast-global-color-5)","background-image":"","background-repeat":"repeat","background-position":"center center","background-size":"auto","background-attachment":"scroll","background-type":"","background-media":"","overlay-type":"","overlay-color":"","overlay-opacity":"","overlay-gradient":""},"mobile":{"background-color":"var(--ast-global-color-5)","background-image":"","background-repeat":"repeat","background-position":"center center","background-size":"auto","background-attachment":"scroll","background-type":"","background-media":"","overlay-type":"","overlay-color":"","overlay-opacity":"","overlay-gradient":""}},"ngg_post_thumbnail":0,"footnotes":""},"class_list":["post-1179","page","type-page","status-publish","has-post-thumbnail","hentry"],"_links":{"self":[{"href":"https:\/\/physics.uwb.edu.pl\/wf\/ptf\/wp-json\/wp\/v2\/pages\/1179","targetHints":{"allow":["GET"]}}],"collection":[{"href":"https:\/\/physics.uwb.edu.pl\/wf\/ptf\/wp-json\/wp\/v2\/pages"}],"about":[{"href":"https:\/\/physics.uwb.edu.pl\/wf\/ptf\/wp-json\/wp\/v2\/types\/page"}],"author":[{"embeddable":true,"href":"https:\/\/physics.uwb.edu.pl\/wf\/ptf\/wp-json\/wp\/v2\/users\/25"}],"replies":[{"embeddable":true,"href":"https:\/\/physics.uwb.edu.pl\/wf\/ptf\/wp-json\/wp\/v2\/comments?post=1179"}],"version-history":[{"count":17,"href":"https:\/\/physics.uwb.edu.pl\/wf\/ptf\/wp-json\/wp\/v2\/pages\/1179\/revisions"}],"predecessor-version":[{"id":1351,"href":"https:\/\/physics.uwb.edu.pl\/wf\/ptf\/wp-json\/wp\/v2\/pages\/1179\/revisions\/1351"}],"up":[{"embeddable":true,"href":"https:\/\/physics.uwb.edu.pl\/wf\/ptf\/wp-json\/wp\/v2\/pages\/105"}],"wp:featuredmedia":[{"embeddable":true,"href":"https:\/\/physics.uwb.edu.pl\/wf\/ptf\/wp-json\/wp\/v2\/media\/1007"}],"wp:attachment":[{"href":"https:\/\/physics.uwb.edu.pl\/wf\/ptf\/wp-json\/wp\/v2\/media?parent=1179"}],"curies":[{"name":"wp","href":"https:\/\/api.w.org\/{rel}","templated":true}]}}