{"id":146,"date":"2021-10-14T17:56:40","date_gmt":"2021-10-14T17:56:40","guid":{"rendered":"https:\/\/physics.uwb.edu.pl\/wf\/ptf\/?page_id=146"},"modified":"2023-09-20T08:37:51","modified_gmt":"2023-09-20T08:37:51","slug":"zadaj-pytanie-fizykowi","status":"publish","type":"page","link":"https:\/\/physics.uwb.edu.pl\/wf\/ptf\/zadaj-pytanie-fizykowi\/","title":{"rendered":"Zadaj pytanie fizykowi"},"content":{"rendered":"\n<h1 class=\"wp-block-heading\">Nurtuje Ci\u0119 jaki\u015b problem z dziedziny fizyki?<\/h1>\n\n\n\n<figure class=\"wp-block-image size-large\"><img loading=\"lazy\" decoding=\"async\" width=\"1024\" height=\"256\" src=\"https:\/\/physics.uwb.edu.pl\/wf\/ptf\/wp-content\/uploads\/sites\/24\/2023\/09\/Zadaj-pytanie-PTF-banner-1024x256.jpg\" alt=\"\" class=\"wp-image-429\" srcset=\"https:\/\/physics.uwb.edu.pl\/wf\/ptf\/wp-content\/uploads\/sites\/24\/2023\/09\/Zadaj-pytanie-PTF-banner-1024x256.jpg 1024w, https:\/\/physics.uwb.edu.pl\/wf\/ptf\/wp-content\/uploads\/sites\/24\/2023\/09\/Zadaj-pytanie-PTF-banner-300x75.jpg 300w, https:\/\/physics.uwb.edu.pl\/wf\/ptf\/wp-content\/uploads\/sites\/24\/2023\/09\/Zadaj-pytanie-PTF-banner-768x192.jpg 768w, https:\/\/physics.uwb.edu.pl\/wf\/ptf\/wp-content\/uploads\/sites\/24\/2023\/09\/Zadaj-pytanie-PTF-banner.jpg 1200w\" sizes=\"auto, (max-width: 1024px) 100vw, 1024px\" \/><\/figure>\n\n\n\n<p><\/p>\n\n\n\n<p>Odwied\u017a stron\u0119 <a href=\"https:\/\/fizyka.uwb.edu.pl\/popularyzacja\/zadaj-pytanie-fizykowi\">&#8222;Zadaj pytanie fizykowi&#8221;<\/a>, sformu\u0142uj pytanie i prze\u015blij je do nas. Skierujemy je do specjalist\u00f3w i otrzymasz odpowied\u017a.<\/p>\n\n\n\n<p>Mo\u017cesz r\u00f3wnie\u017c zapozna\u0107 si\u0119 z niekt\u00f3rymi, najciekawszymi pytaniami zadanymi do tej pory na stronie: <a href=\"https:\/\/fizyka.uwb.edu.pl\/popularyzacja\/zadaj-pytanie-fizykowi\/pytania\">&#8222;Pytania i odpowiedzi&#8221;<\/a>.<\/p>\n\n\n\n<p><strong>Uwaga: Nie rozwi\u0105zujemy zada\u0144 i nie odrabiamy prac domowych!<\/strong><\/p>\n\n\n\n<p><\/p>\n","protected":false},"excerpt":{"rendered":"<p>Nurtuje Ci\u0119 jaki\u015b problem z dziedziny fizyki? Odwied\u017a stron\u0119 &#8222;Zadaj pytanie fizykowi&#8221;, sformu\u0142uj pytanie i prze\u015blij je do nas. Skierujemy je do specjalist\u00f3w i otrzymasz odpowied\u017a. Mo\u017cesz r\u00f3wnie\u017c zapozna\u0107 si\u0119 z niekt\u00f3rymi, najciekawszymi pytaniami zadanymi do tej pory na stronie: &#8222;Pytania i odpowiedzi&#8221;. Uwaga: Nie rozwi\u0105zujemy zada\u0144 i nie odrabiamy prac domowych!<\/p>\n","protected":false},"author":25,"featured_media":0,"parent":0,"menu_order":0,"comment_status":"closed","ping_status":"closed","template":"","meta":{"site-sidebar-layout":"default","site-content-layout":"","ast-site-content-layout":"default","site-content-style":"default","site-sidebar-style":"default","ast-global-header-display":"","ast-banner-title-visibility":"","ast-main-header-display":"","ast-hfb-above-header-display":"","ast-hfb-below-header-display":"","ast-hfb-mobile-header-display":"","site-post-title":"","ast-breadcrumbs-content":"","ast-featured-img":"","footer-sml-layout":"","ast-disable-related-posts":"","theme-transparent-header-meta":"","adv-header-id-meta":"","stick-header-meta":"","header-above-stick-meta":"","header-main-stick-meta":"","header-below-stick-meta":"","astra-migrate-meta-layouts":"set","ast-page-background-enabled":"default","ast-page-background-meta":{"desktop":{"background-color":"var(--ast-global-color-4)","background-image":"","background-repeat":"repeat","background-position":"center center","background-size":"auto","background-attachment":"scroll","background-type":"","background-media":"","overlay-type":"","overlay-color":"","overlay-opacity":"","overlay-gradient":""},"tablet":{"background-color":"","background-image":"","background-repeat":"repeat","background-position":"center center","background-size":"auto","background-attachment":"scroll","background-type":"","background-media":"","overlay-type":"","overlay-color":"","overlay-opacity":"","overlay-gradient":""},"mobile":{"background-color":"","background-image":"","background-repeat":"repeat","background-position":"center center","background-size":"auto","background-attachment":"scroll","background-type":"","background-media":"","overlay-type":"","overlay-color":"","overlay-opacity":"","overlay-gradient":""}},"ast-content-background-meta":{"desktop":{"background-color":"var(--ast-global-color-5)","background-image":"","background-repeat":"repeat","background-position":"center center","background-size":"auto","background-attachment":"scroll","background-type":"","background-media":"","overlay-type":"","overlay-color":"","overlay-opacity":"","overlay-gradient":""},"tablet":{"background-color":"var(--ast-global-color-5)","background-image":"","background-repeat":"repeat","background-position":"center center","background-size":"auto","background-attachment":"scroll","background-type":"","background-media":"","overlay-type":"","overlay-color":"","overlay-opacity":"","overlay-gradient":""},"mobile":{"background-color":"var(--ast-global-color-5)","background-image":"","background-repeat":"repeat","background-position":"center center","background-size":"auto","background-attachment":"scroll","background-type":"","background-media":"","overlay-type":"","overlay-color":"","overlay-opacity":"","overlay-gradient":""}},"ngg_post_thumbnail":0,"footnotes":""},"class_list":["post-146","page","type-page","status-publish","hentry"],"_links":{"self":[{"href":"https:\/\/physics.uwb.edu.pl\/wf\/ptf\/wp-json\/wp\/v2\/pages\/146","targetHints":{"allow":["GET"]}}],"collection":[{"href":"https:\/\/physics.uwb.edu.pl\/wf\/ptf\/wp-json\/wp\/v2\/pages"}],"about":[{"href":"https:\/\/physics.uwb.edu.pl\/wf\/ptf\/wp-json\/wp\/v2\/types\/page"}],"author":[{"embeddable":true,"href":"https:\/\/physics.uwb.edu.pl\/wf\/ptf\/wp-json\/wp\/v2\/users\/25"}],"replies":[{"embeddable":true,"href":"https:\/\/physics.uwb.edu.pl\/wf\/ptf\/wp-json\/wp\/v2\/comments?post=146"}],"version-history":[{"count":6,"href":"https:\/\/physics.uwb.edu.pl\/wf\/ptf\/wp-json\/wp\/v2\/pages\/146\/revisions"}],"predecessor-version":[{"id":432,"href":"https:\/\/physics.uwb.edu.pl\/wf\/ptf\/wp-json\/wp\/v2\/pages\/146\/revisions\/432"}],"wp:attachment":[{"href":"https:\/\/physics.uwb.edu.pl\/wf\/ptf\/wp-json\/wp\/v2\/media?parent=146"}],"curies":[{"name":"wp","href":"https:\/\/api.w.org\/{rel}","templated":true}]}}