{"id":153,"date":"2021-10-14T18:05:30","date_gmt":"2021-10-14T18:05:30","guid":{"rendered":"https:\/\/physics.uwb.edu.pl\/wf\/ptf\/?page_id=153"},"modified":"2023-09-20T08:29:20","modified_gmt":"2023-09-20T08:29:20","slug":"warunki-czlonkostwa","status":"publish","type":"page","link":"https:\/\/physics.uwb.edu.pl\/wf\/ptf\/warunki-czlonkostwa\/","title":{"rendered":"Warunki cz\u0142onkostwa"},"content":{"rendered":"\n<p>PTF tworz\u0105 cz\u0142onkowie zwyczajni, cz\u0142onkowie wspieraj\u0105cy i cz\u0142onkowie honorowi.<\/p>\n\n\n\n<h1 class=\"wp-block-heading\"><strong>Cz\u0142onkowie zwyczajni:<\/strong><\/h1>\n\n\n\n<ul class=\"wp-block-list\">\n<li>Cz\u0142onkiem zwyczajnym mo\u017ce by\u0107 pe\u0142noletni obywatel Polski lub cudzoziemiec.<\/li>\n\n\n\n<li>Decyzj\u0119 o przyj\u0119ciu podejmuje Zarz\u0105d Oddzia\u0142u PTF wskazany przez kandydata w pisemnej deklaracji przyst\u0105pienia do PTF, zawieraj\u0105cej poparcie dwu cz\u0142onk\u00f3w zwyczajnych PTF.<\/li>\n<\/ul>\n\n\n\n<h1 class=\"wp-block-heading\"><strong>Cz\u0142onkowie wspieraj\u0105cy:<\/strong><\/h1>\n\n\n\n<ul class=\"wp-block-list\">\n<li>Ten rodzaj udzia\u0142u w \u017cyciu PTF utworzony zosta\u0142 z my\u015bl\u0105 o osobach i instytucjach, kt\u00f3re nie s\u0105 bezpo\u015brednio zwi\u0105zane z fizyk\u0105, a kt\u00f3re chc\u0105 zadeklarowa\u0107 swoje zainteresowanie fizyk\u0105 jako dyscyplin\u0105 nauki i techniki oraz szeroko poj\u0119t\u0105 edukacj\u0105 w zakresie fizyki.<\/li>\n\n\n\n<li>Status cz\u0142onka wspieraj\u0105cego nadaje Zarz\u0105d G\u0142\u00f3wny PTF lub Zarz\u0105d Oddzia\u0142u PTF na okres jednego roku osobie fizycznej lub prawnej, a tak\u017ce innej organizacji zainteresowanej merytoryczn\u0105 dzia\u0142alno\u015bci\u0105 PTF, po wniesieniu ustalonej kwoty pieni\u0119\u017cnej lub innej korzy\u015bci maj\u0105tkowej.<\/li>\n\n\n\n<li>Cz\u0142onkowi wspieraj\u0105cemu nie przys\u0142uguje ani czynne ani bierne prawo wyborcze.<\/li>\n<\/ul>\n\n\n\n<h1 class=\"wp-block-heading\"><strong>Cz\u0142onkowie honorowi:<\/strong><\/h1>\n\n\n\n<p>Cz\u0142onkostwo honorowe nadaje do\u017cywotnio Zebranie Delegat\u00f3w PTF osobie, kt\u00f3ra po\u0142o\u017cy\u0142a szczeg\u00f3lne zas\u0142ugi dla PTF lub ma wybitne osi\u0105gni\u0119cia w dziedzinie fizyki albo nauk pokrewnych.<\/p>\n","protected":false},"excerpt":{"rendered":"<p>PTF tworz\u0105 cz\u0142onkowie zwyczajni, cz\u0142onkowie wspieraj\u0105cy i cz\u0142onkowie honorowi. Cz\u0142onkowie zwyczajni: Cz\u0142onkowie wspieraj\u0105cy: Cz\u0142onkowie honorowi: Cz\u0142onkostwo honorowe nadaje do\u017cywotnio Zebranie Delegat\u00f3w PTF osobie, kt\u00f3ra po\u0142o\u017cy\u0142a szczeg\u00f3lne zas\u0142ugi dla PTF lub ma wybitne osi\u0105gni\u0119cia w dziedzinie fizyki albo nauk pokrewnych.<\/p>\n","protected":false},"author":25,"featured_media":0,"parent":0,"menu_order":0,"comment_status":"closed","ping_status":"closed","template":"","meta":{"site-sidebar-layout":"default","site-content-layout":"","ast-site-content-layout":"default","site-content-style":"default","site-sidebar-style":"default","ast-global-header-display":"","ast-banner-title-visibility":"","ast-main-header-display":"","ast-hfb-above-header-display":"","ast-hfb-below-header-display":"","ast-hfb-mobile-header-display":"","site-post-title":"","ast-breadcrumbs-content":"","ast-featured-img":"","footer-sml-layout":"","ast-disable-related-posts":"","theme-transparent-header-meta":"","adv-header-id-meta":"","stick-header-meta":"","header-above-stick-meta":"","header-main-stick-meta":"","header-below-stick-meta":"","astra-migrate-meta-layouts":"set","ast-page-background-enabled":"default","ast-page-background-meta":{"desktop":{"background-color":"var(--ast-global-color-4)","background-image":"","background-repeat":"repeat","background-position":"center center","background-size":"auto","background-attachment":"scroll","background-type":"","background-media":"","overlay-type":"","overlay-color":"","overlay-opacity":"","overlay-gradient":""},"tablet":{"background-color":"","background-image":"","background-repeat":"repeat","background-position":"center center","background-size":"auto","background-attachment":"scroll","background-type":"","background-media":"","overlay-type":"","overlay-color":"","overlay-opacity":"","overlay-gradient":""},"mobile":{"background-color":"","background-image":"","background-repeat":"repeat","background-position":"center center","background-size":"auto","background-attachment":"scroll","background-type":"","background-media":"","overlay-type":"","overlay-color":"","overlay-opacity":"","overlay-gradient":""}},"ast-content-background-meta":{"desktop":{"background-color":"var(--ast-global-color-5)","background-image":"","background-repeat":"repeat","background-position":"center center","background-size":"auto","background-attachment":"scroll","background-type":"","background-media":"","overlay-type":"","overlay-color":"","overlay-opacity":"","overlay-gradient":""},"tablet":{"background-color":"var(--ast-global-color-5)","background-image":"","background-repeat":"repeat","background-position":"center center","background-size":"auto","background-attachment":"scroll","background-type":"","background-media":"","overlay-type":"","overlay-color":"","overlay-opacity":"","overlay-gradient":""},"mobile":{"background-color":"var(--ast-global-color-5)","background-image":"","background-repeat":"repeat","background-position":"center center","background-size":"auto","background-attachment":"scroll","background-type":"","background-media":"","overlay-type":"","overlay-color":"","overlay-opacity":"","overlay-gradient":""}},"ngg_post_thumbnail":0,"footnotes":""},"class_list":["post-153","page","type-page","status-publish","hentry"],"_links":{"self":[{"href":"https:\/\/physics.uwb.edu.pl\/wf\/ptf\/wp-json\/wp\/v2\/pages\/153","targetHints":{"allow":["GET"]}}],"collection":[{"href":"https:\/\/physics.uwb.edu.pl\/wf\/ptf\/wp-json\/wp\/v2\/pages"}],"about":[{"href":"https:\/\/physics.uwb.edu.pl\/wf\/ptf\/wp-json\/wp\/v2\/types\/page"}],"author":[{"embeddable":true,"href":"https:\/\/physics.uwb.edu.pl\/wf\/ptf\/wp-json\/wp\/v2\/users\/25"}],"replies":[{"embeddable":true,"href":"https:\/\/physics.uwb.edu.pl\/wf\/ptf\/wp-json\/wp\/v2\/comments?post=153"}],"version-history":[{"count":2,"href":"https:\/\/physics.uwb.edu.pl\/wf\/ptf\/wp-json\/wp\/v2\/pages\/153\/revisions"}],"predecessor-version":[{"id":426,"href":"https:\/\/physics.uwb.edu.pl\/wf\/ptf\/wp-json\/wp\/v2\/pages\/153\/revisions\/426"}],"wp:attachment":[{"href":"https:\/\/physics.uwb.edu.pl\/wf\/ptf\/wp-json\/wp\/v2\/media?parent=153"}],"curies":[{"name":"wp","href":"https:\/\/api.w.org\/{rel}","templated":true}]}}