{"id":160,"date":"2021-10-14T18:18:31","date_gmt":"2021-10-14T18:18:31","guid":{"rendered":"https:\/\/physics.uwb.edu.pl\/wf\/ptf\/?page_id=160"},"modified":"2023-10-16T08:33:59","modified_gmt":"2023-10-16T08:33:59","slug":"1-podatku-na-rzecz-ptf","status":"publish","type":"page","link":"https:\/\/physics.uwb.edu.pl\/wf\/ptf\/1-podatku-na-rzecz-ptf\/","title":{"rendered":"1,5 % podatku na rzecz PTF"},"content":{"rendered":"\n<figure class=\"wp-block-image size-full\"><img loading=\"lazy\" decoding=\"async\" width=\"1024\" height=\"165\" src=\"https:\/\/physics.uwb.edu.pl\/wf\/ptf\/wp-content\/uploads\/sites\/24\/2023\/09\/obraz-3.png\" alt=\"\" class=\"wp-image-458\" srcset=\"https:\/\/physics.uwb.edu.pl\/wf\/ptf\/wp-content\/uploads\/sites\/24\/2023\/09\/obraz-3.png 1024w, https:\/\/physics.uwb.edu.pl\/wf\/ptf\/wp-content\/uploads\/sites\/24\/2023\/09\/obraz-3-300x48.png 300w, https:\/\/physics.uwb.edu.pl\/wf\/ptf\/wp-content\/uploads\/sites\/24\/2023\/09\/obraz-3-768x124.png 768w\" sizes=\"auto, (max-width: 1024px) 100vw, 1024px\" \/><\/figure>\n\n\n\n<p><strong>Polskie Towarzystwo Fizyczne<\/strong> uzyska\u0142o 24 stycznia 2006 roku status organizacji po\u017cytku publicznego (<strong>KRS: 0000051642<\/strong>) i dzi\u0119ki temu mo\u017ce korzysta\u0107 z przys\u0142uguj\u0105cych tym organizacjom uprawnie\u0144, m.in. otrzymywania <strong>1,5%<\/strong> nale\u017cnego podatku (od 2023 roku) przy rocznym rozliczeniu podatku dochodowego od os\u00f3b fizycznych.<br>Liczymy, \u017ce cz\u0142onkowie i sympatycy PTF wespr\u0105 dzia\u0142alno\u015b\u0107 Towarzystwa.<br>Je\u017celi zdecydujecie si\u0119 Pa\u0144stwo na dokonanie takiego odpisu to <strong><u>bardzo wa\u017cne<\/u><\/strong> jest by w polu cel szczeg\u00f3\u0142owy formularza PIT wpisa\u0107 <strong><u>Oddzia\u0142 Bia\u0142ostocki<\/u><\/strong>. Wtedy fundusze pozyskane t\u0105 drog\u0105 zostan\u0105 w ca\u0142o\u015bci przekazane naszemu Oddzia\u0142owi.<\/p>\n\n\n\n<p>Bardzo dzi\u0119kujemy za dokonane wp\u0142aty.<\/p>\n","protected":false},"excerpt":{"rendered":"<p>Polskie Towarzystwo Fizyczne uzyska\u0142o 24 stycznia 2006 roku status organizacji po\u017cytku publicznego (KRS: 0000051642) i dzi\u0119ki temu mo\u017ce korzysta\u0107 z przys\u0142uguj\u0105cych tym organizacjom uprawnie\u0144, m.in. otrzymywania 1,5% nale\u017cnego podatku (od 2023 roku) przy rocznym rozliczeniu podatku dochodowego od os\u00f3b fizycznych.Liczymy, \u017ce cz\u0142onkowie i sympatycy PTF wespr\u0105 dzia\u0142alno\u015b\u0107 Towarzystwa.Je\u017celi zdecydujecie si\u0119 Pa\u0144stwo na dokonanie takiego odpisu [&hellip;]<\/p>\n","protected":false},"author":25,"featured_media":0,"parent":0,"menu_order":0,"comment_status":"closed","ping_status":"closed","template":"","meta":{"site-sidebar-layout":"default","site-content-layout":"","ast-site-content-layout":"default","site-content-style":"default","site-sidebar-style":"default","ast-global-header-display":"","ast-banner-title-visibility":"","ast-main-header-display":"","ast-hfb-above-header-display":"","ast-hfb-below-header-display":"","ast-hfb-mobile-header-display":"","site-post-title":"","ast-breadcrumbs-content":"","ast-featured-img":"","footer-sml-layout":"","ast-disable-related-posts":"","theme-transparent-header-meta":"","adv-header-id-meta":"","stick-header-meta":"","header-above-stick-meta":"","header-main-stick-meta":"","header-below-stick-meta":"","astra-migrate-meta-layouts":"set","ast-page-background-enabled":"default","ast-page-background-meta":{"desktop":{"background-color":"var(--ast-global-color-4)","background-image":"","background-repeat":"repeat","background-position":"center center","background-size":"auto","background-attachment":"scroll","background-type":"","background-media":"","overlay-type":"","overlay-color":"","overlay-opacity":"","overlay-gradient":""},"tablet":{"background-color":"","background-image":"","background-repeat":"repeat","background-position":"center center","background-size":"auto","background-attachment":"scroll","background-type":"","background-media":"","overlay-type":"","overlay-color":"","overlay-opacity":"","overlay-gradient":""},"mobile":{"background-color":"","background-image":"","background-repeat":"repeat","background-position":"center center","background-size":"auto","background-attachment":"scroll","background-type":"","background-media":"","overlay-type":"","overlay-color":"","overlay-opacity":"","overlay-gradient":""}},"ast-content-background-meta":{"desktop":{"background-color":"var(--ast-global-color-5)","background-image":"","background-repeat":"repeat","background-position":"center center","background-size":"auto","background-attachment":"scroll","background-type":"","background-media":"","overlay-type":"","overlay-color":"","overlay-opacity":"","overlay-gradient":""},"tablet":{"background-color":"var(--ast-global-color-5)","background-image":"","background-repeat":"repeat","background-position":"center center","background-size":"auto","background-attachment":"scroll","background-type":"","background-media":"","overlay-type":"","overlay-color":"","overlay-opacity":"","overlay-gradient":""},"mobile":{"background-color":"var(--ast-global-color-5)","background-image":"","background-repeat":"repeat","background-position":"center center","background-size":"auto","background-attachment":"scroll","background-type":"","background-media":"","overlay-type":"","overlay-color":"","overlay-opacity":"","overlay-gradient":""}},"ngg_post_thumbnail":0,"footnotes":""},"class_list":["post-160","page","type-page","status-publish","hentry"],"_links":{"self":[{"href":"https:\/\/physics.uwb.edu.pl\/wf\/ptf\/wp-json\/wp\/v2\/pages\/160","targetHints":{"allow":["GET"]}}],"collection":[{"href":"https:\/\/physics.uwb.edu.pl\/wf\/ptf\/wp-json\/wp\/v2\/pages"}],"about":[{"href":"https:\/\/physics.uwb.edu.pl\/wf\/ptf\/wp-json\/wp\/v2\/types\/page"}],"author":[{"embeddable":true,"href":"https:\/\/physics.uwb.edu.pl\/wf\/ptf\/wp-json\/wp\/v2\/users\/25"}],"replies":[{"embeddable":true,"href":"https:\/\/physics.uwb.edu.pl\/wf\/ptf\/wp-json\/wp\/v2\/comments?post=160"}],"version-history":[{"count":5,"href":"https:\/\/physics.uwb.edu.pl\/wf\/ptf\/wp-json\/wp\/v2\/pages\/160\/revisions"}],"predecessor-version":[{"id":773,"href":"https:\/\/physics.uwb.edu.pl\/wf\/ptf\/wp-json\/wp\/v2\/pages\/160\/revisions\/773"}],"wp:attachment":[{"href":"https:\/\/physics.uwb.edu.pl\/wf\/ptf\/wp-json\/wp\/v2\/media?parent=160"}],"curies":[{"name":"wp","href":"https:\/\/api.w.org\/{rel}","templated":true}]}}