{"id":169,"date":"2021-10-14T18:22:52","date_gmt":"2021-10-14T18:22:52","guid":{"rendered":"https:\/\/physics.uwb.edu.pl\/wf\/ptf\/?page_id=169"},"modified":"2024-12-19T12:29:39","modified_gmt":"2024-12-19T12:29:39","slug":"czlonkowie","status":"publish","type":"page","link":"https:\/\/physics.uwb.edu.pl\/wf\/ptf\/czlonkowie\/","title":{"rendered":"Cz\u0142onkowie"},"content":{"rendered":"\n<p>Aktualnie Oddzia\u0142 Bia\u0142ostocki Polskiego Towarzystwa Fizycznego posiada <strong>31&nbsp;cz\u0142onk\u00f3w<\/strong>, w tym:<\/p>\n\n\n\n<h1 class=\"wp-block-heading\"><strong>Podzia\u0142 ze wzgl\u0119du na afiliacj\u0119:<\/strong><\/h1>\n\n\n\n<figure class=\"wp-block-table\"><table><tbody><tr><td>Wydzia\u0142 Fizyki UwB<\/td><td>13<\/td><\/tr><tr><td>SGGW<\/td><td>1<\/td><\/tr><tr><td>Szko\u0142y \u015brednie<\/td><td>3<\/td><\/tr><tr><td>Pozosta\u0142e<\/td><td>6<\/td><\/tr><\/tbody><\/table><\/figure>\n\n\n\n<h1 class=\"wp-block-heading\"><strong>Podzia\u0142 ze wzgl\u0119du na miejsce zamieszkania:<\/strong><\/h1>\n\n\n\n<figure class=\"wp-block-table\"><table><tbody><tr><td>Bia\u0142ystok                             <\/td><td>20<\/td><\/tr><tr><td>Bia\u0142a Podlaska          <\/td><td>1<\/td><\/tr><tr><td>Warszawa<\/td><td>2<\/td><\/tr><\/tbody><\/table><\/figure>\n\n\n\n<h1 class=\"wp-block-heading\"><strong>Podzia\u0142 ze wzgl\u0119du na aktywno\u015b\u0107 zawodow\u0105:<\/strong><\/h1>\n\n\n\n<figure class=\"wp-block-table\"><table><tbody><tr><td>Osoby czynne zawodowo<\/td><td>19<\/td><\/tr><tr><td>Emeryci<\/td><td>4<\/td><\/tr><\/tbody><\/table><\/figure>\n\n\n\n<p class=\"has-text-align-right\">Dane za rok <strong>2024<\/strong><\/p>\n","protected":false},"excerpt":{"rendered":"<p>Aktualnie Oddzia\u0142 Bia\u0142ostocki Polskiego Towarzystwa Fizycznego posiada 31&nbsp;cz\u0142onk\u00f3w, w tym: Podzia\u0142 ze wzgl\u0119du na afiliacj\u0119: Wydzia\u0142 Fizyki UwB 13 SGGW 1 Szko\u0142y \u015brednie 3 Pozosta\u0142e 6 Podzia\u0142 ze wzgl\u0119du na miejsce zamieszkania: Bia\u0142ystok 20 Bia\u0142a Podlaska 1 Warszawa 2 Podzia\u0142 ze wzgl\u0119du na aktywno\u015b\u0107 zawodow\u0105: Osoby czynne zawodowo 19 Emeryci 4 Dane za rok 2024<\/p>\n","protected":false},"author":25,"featured_media":0,"parent":0,"menu_order":0,"comment_status":"closed","ping_status":"closed","template":"","meta":{"site-sidebar-layout":"default","site-content-layout":"","ast-site-content-layout":"default","site-content-style":"default","site-sidebar-style":"default","ast-global-header-display":"","ast-banner-title-visibility":"","ast-main-header-display":"","ast-hfb-above-header-display":"","ast-hfb-below-header-display":"","ast-hfb-mobile-header-display":"","site-post-title":"","ast-breadcrumbs-content":"","ast-featured-img":"","footer-sml-layout":"","ast-disable-related-posts":"","theme-transparent-header-meta":"","adv-header-id-meta":"","stick-header-meta":"","header-above-stick-meta":"","header-main-stick-meta":"","header-below-stick-meta":"","astra-migrate-meta-layouts":"set","ast-page-background-enabled":"default","ast-page-background-meta":{"desktop":{"background-color":"var(--ast-global-color-4)","background-image":"","background-repeat":"repeat","background-position":"center center","background-size":"auto","background-attachment":"scroll","background-type":"","background-media":"","overlay-type":"","overlay-color":"","overlay-opacity":"","overlay-gradient":""},"tablet":{"background-color":"","background-image":"","background-repeat":"repeat","background-position":"center center","background-size":"auto","background-attachment":"scroll","background-type":"","background-media":"","overlay-type":"","overlay-color":"","overlay-opacity":"","overlay-gradient":""},"mobile":{"background-color":"","background-image":"","background-repeat":"repeat","background-position":"center center","background-size":"auto","background-attachment":"scroll","background-type":"","background-media":"","overlay-type":"","overlay-color":"","overlay-opacity":"","overlay-gradient":""}},"ast-content-background-meta":{"desktop":{"background-color":"var(--ast-global-color-5)","background-image":"","background-repeat":"repeat","background-position":"center center","background-size":"auto","background-attachment":"scroll","background-type":"","background-media":"","overlay-type":"","overlay-color":"","overlay-opacity":"","overlay-gradient":""},"tablet":{"background-color":"var(--ast-global-color-5)","background-image":"","background-repeat":"repeat","background-position":"center center","background-size":"auto","background-attachment":"scroll","background-type":"","background-media":"","overlay-type":"","overlay-color":"","overlay-opacity":"","overlay-gradient":""},"mobile":{"background-color":"var(--ast-global-color-5)","background-image":"","background-repeat":"repeat","background-position":"center center","background-size":"auto","background-attachment":"scroll","background-type":"","background-media":"","overlay-type":"","overlay-color":"","overlay-opacity":"","overlay-gradient":""}},"ngg_post_thumbnail":0,"footnotes":""},"class_list":["post-169","page","type-page","status-publish","hentry"],"_links":{"self":[{"href":"https:\/\/physics.uwb.edu.pl\/wf\/ptf\/wp-json\/wp\/v2\/pages\/169","targetHints":{"allow":["GET"]}}],"collection":[{"href":"https:\/\/physics.uwb.edu.pl\/wf\/ptf\/wp-json\/wp\/v2\/pages"}],"about":[{"href":"https:\/\/physics.uwb.edu.pl\/wf\/ptf\/wp-json\/wp\/v2\/types\/page"}],"author":[{"embeddable":true,"href":"https:\/\/physics.uwb.edu.pl\/wf\/ptf\/wp-json\/wp\/v2\/users\/25"}],"replies":[{"embeddable":true,"href":"https:\/\/physics.uwb.edu.pl\/wf\/ptf\/wp-json\/wp\/v2\/comments?post=169"}],"version-history":[{"count":14,"href":"https:\/\/physics.uwb.edu.pl\/wf\/ptf\/wp-json\/wp\/v2\/pages\/169\/revisions"}],"predecessor-version":[{"id":1406,"href":"https:\/\/physics.uwb.edu.pl\/wf\/ptf\/wp-json\/wp\/v2\/pages\/169\/revisions\/1406"}],"wp:attachment":[{"href":"https:\/\/physics.uwb.edu.pl\/wf\/ptf\/wp-json\/wp\/v2\/media?parent=169"}],"curies":[{"name":"wp","href":"https:\/\/api.w.org\/{rel}","templated":true}]}}