{"id":172,"date":"2021-10-14T18:25:20","date_gmt":"2021-10-14T18:25:20","guid":{"rendered":"https:\/\/physics.uwb.edu.pl\/wf\/ptf\/?page_id=172"},"modified":"2023-09-20T08:27:25","modified_gmt":"2023-09-20T08:27:25","slug":"regulamin","status":"publish","type":"page","link":"https:\/\/physics.uwb.edu.pl\/wf\/ptf\/regulamin\/","title":{"rendered":"Regulamin"},"content":{"rendered":"\n<h1 class=\"wp-block-heading has-text-align-center\"><strong>REGULAMIN<\/strong><br><strong>ODDZIA\u0141U BIA\u0141OSTOCKIEGO<\/strong><br><strong>POLSKIEGO TOWARZYSTWA FIZYCZNEGO<\/strong><\/h1>\n\n\n\n<p class=\"has-text-align-center\"><em>(zatwierdzony 9 grudnia 2006 r. na Posiedzeniu Plenarnym ZG PTF)<\/em><em><\/em><\/p>\n\n\n\n<p class=\"has-text-align-center\"><strong>I. Postanowienia Og\u00f3lne<\/strong><\/p>\n\n\n\n<p class=\"has-text-align-center\">\u00a7 1<\/p>\n\n\n\n<p class=\"has-text-align-left\">Oddzia\u0142 Bia\u0142ostocki Polskiego Towarzystwa Fizycznego (PTF), zwany w dalszej cz\u0119\u015bci Oddzia\u0142em, powsta\u0142 na podstawie uchwa\u0142y Zarz\u0105du G\u0142\u00f3wnego PTF z roku 1964.<\/p>\n\n\n\n<p class=\"has-text-align-center\">\u00a7 2<\/p>\n\n\n\n<p>Teren dzia\u0142ania Oddzia\u0142u jest okre\u015blony w uchwale Zarz\u0105du G\u0142\u00f3wnego PTF, kt\u00f3ra stanowi za\u0142\u0105cznik do niniejszego regulaminu.<\/p>\n\n\n\n<p class=\"has-text-align-center\">\u00a7 3<\/p>\n\n\n\n<p>Siedzib\u0105 w\u0142adz Oddzia\u0142u jest Bia\u0142ystok.<\/p>\n\n\n\n<p class=\"has-text-align-center\">\u00a7 4<\/p>\n\n\n\n<p>Oddzia\u0142 ma prawo u\u017cywa\u0107 piecz\u0119ci wed\u0142ug wzoru zatwierdzonego przez Zarz\u0105d G\u0142\u00f3wny PTF.<\/p>\n\n\n\n<p class=\"has-text-align-center\">\u00a7 5<\/p>\n\n\n\n<p>Dzia\u0142alno\u015b\u0107 Oddzia\u0142u jest prowadzona zgodnie ze Statutem PTF i niniejszym Regulaminem.<\/p>\n\n\n\n<p class=\"has-text-align-center\"><strong>II. Organy Oddzia\u0142u<\/strong><\/p>\n\n\n\n<p class=\"has-text-align-center\">\u00a7 6<\/p>\n\n\n\n<p>Organy Oddzia\u0142u stanowi\u0105:<br>1) Zebranie Cz\u0142onk\u00f3w Oddzia\u0142u,<br>2) Zarz\u0105d Oddzia\u0142u,<br>3) Komisja Rewizyjna Oddzia\u0142u.<\/p>\n\n\n\n<p class=\"has-text-align-center\">\u00a7 7<\/p>\n\n\n\n<p>Kadencja Zarz\u0105du Oddzia\u0142u i Komisji Rewizyjnej Oddzia\u0142u trwa dwa lata. Wybrani cz\u0142onkowie Zarz\u0105du i Komisji Rewizyjnej obejmuj\u0105 funkcje 1 stycznia roku rozpoczynaj\u0105cego kadencj\u0119.<\/p>\n\n\n\n<p class=\"has-text-align-center\">\u00a7 8<\/p>\n\n\n\n<ol class=\"wp-block-list\">\n<li>Zarz\u0105dowi i Komisji Rewizyjnej Oddzia\u0142u przys\u0142uguje prawo uzupe\u0142nienia sk\u0142adu, w razie ust\u0105pienia w trakcie kadencji ich cz\u0142onka, w liczbie nie wi\u0119kszej ni\u017c 2\/5 cz\u0142onk\u00f3w pochodz\u0105cych z wyboru.<\/li>\n\n\n\n<li>Uchwa\u0142y organ\u00f3w Oddzia\u0142u zapadaj\u0105 bezwzgl\u0119dn\u0105 wi\u0119kszo\u015bci\u0105 g\u0142os\u00f3w przy uczestnictwie co najmniej po\u0142owy uprawnionych do g\u0142osowania, przy czym do podejmowania uchwa\u0142 przez Zebranie Cz\u0142onk\u00f3w Oddzia\u0142u konieczne jest uczestnictwo w I terminie co najmniej 1\/5, za\u015b w II terminie co najmniej 1\/10 uprawnionych do g\u0142osowania.<\/li>\n<\/ol>\n\n\n\n<p class=\"has-text-align-center\"><strong>III. Zebranie Cz\u0142onk\u00f3w Oddzia\u0142u<\/strong><\/p>\n\n\n\n<p class=\"has-text-align-center\">\u00a7 9<\/p>\n\n\n\n<ol class=\"wp-block-list\" type=\"1\">\n<li>Zebranie Cz\u0142onk\u00f3w Oddzia\u0142u w szczeg\u00f3lno\u015bci:<\/li>\n\n\n\n<li>wyznacza kierunki dzia\u0142alno\u015bci merytorycznej i finansowej Oddzia\u0142u,<\/li>\n\n\n\n<li>rozpatruje i przyjmuje sprawozdania z dzia\u0142alno\u015bci Zarz\u0105du Oddzia\u0142u i Komisji Rewizyjnej Oddzia\u0142u,<\/li>\n\n\n\n<li>wybiera Zarz\u0105d i Komisj\u0119 Rewizyjn\u0105 Oddzia\u0142u,<\/li>\n\n\n\n<li>wybiera delegat\u00f3w na Zebranie Delegat\u00f3w PTF.<\/li>\n\n\n\n<li>Na wniosek Zarz\u0105du Oddzia\u0142u wybory mog\u0105 by\u0107 przeprowadzone w formie elektroniczno-pocztowej zgodnie z regulaminem takich wybor\u00f3w uchwalonym przez Zarz\u0105d G\u0142\u00f3wny PTF.<\/li>\n\n\n\n<li>Zwyczajne Zebranie Cz\u0142onk\u00f3w Oddzia\u0142u odbywa si\u0119 nie rzadziej ni\u017c raz na rok. Zarz\u0105d Oddzia\u0142u zawiadamia cz\u0142onk\u00f3w Oddzia\u0142u o terminie, miejscu i porz\u0105dku obrad nie p\u00f3\u017aniej ni\u017c na 7 dni przed terminem zebrania.<\/li>\n\n\n\n<li>Nadzwyczajne Zebranie Cz\u0142onk\u00f3w Oddzia\u0142u zwo\u0142uje Zarz\u0105d Oddzia\u0142u z w\u0142asnej inicjatywy, na wniosek Komisji Rewizyjnej Oddzia\u0142u lub wniosek poparty przez 1\/5 liczby cz\u0142onk\u00f3w Oddzia\u0142u. Zebranie odbywa si\u0119 nie p\u00f3\u017aniej ni\u017c w ci\u0105gu 3 tygodni od daty zg\u0142oszenia wniosku i obraduje nad sprawami, dla kt\u00f3rych zosta\u0142o zwo\u0142ane.<\/li>\n<\/ol>\n\n\n\n<p class=\"has-text-align-center\"><strong>IV. Zarz\u0105d Oddzia\u0142u<\/strong><\/p>\n\n\n\n<p class=\"has-text-align-center\">\u00a7 10<\/p>\n\n\n\n<ol class=\"wp-block-list\">\n<li>Zarz\u0105d Oddzia\u0142u reprezentuje Oddzia\u0142 na zewn\u0105trz i dzia\u0142a w jego imieniu na swoim terenie, kieruj\u0105c si\u0119 postanowieniami Statutu PTF i uchwa\u0142ami organ\u00f3w PTF.<\/li>\n\n\n\n<li>Zarz\u0105d Oddzia\u0142u nawi\u0105zuje wsp\u00f3\u0142prac\u0119 z korespondentem Oddzia\u0142u, rekomendowanym przez Zebranie Cz\u0142onk\u00f3w Oddzia\u0142u, odpowiedzialnym za kontakt z mediami i Redakcj\u0105 Post\u0119p\u00f3w Fizyki.<\/li>\n<\/ol>\n\n\n\n<p class=\"has-text-align-center\">\u00a7 11<\/p>\n\n\n\n<ol class=\"wp-block-list\">\n<li>Zarz\u0105d Oddzia\u0142u mo\u017ce liczy\u0107 5-9 cz\u0142onk\u00f3w. Dok\u0142adn\u0105 liczb\u0119 ustala Zebranie Cz\u0142onk\u00f3w Oddzia\u0142u, ka\u017cdorazowo przed przyst\u0105pieniem do wybor\u00f3w Zarz\u0105du Oddzia\u0142u.<\/li>\n\n\n\n<li>Zarz\u0105d Oddzia\u0142u sk\u0142ada si\u0119 z os\u00f3b pe\u0142ni\u0105cych funkcje Przewodnicz\u0105cego Oddzia\u0142u, Sekretarza, Skarbnika oraz cz\u0142onk\u00f3w Zarz\u0105du.<\/li>\n<\/ol>\n\n\n\n<p class=\"has-text-align-center\">\u00a7 12<\/p>\n\n\n\n<ol class=\"wp-block-list\">\n<li>Przewodnicz\u0105cy Oddzia\u0142u reprezentuje Oddzia\u0142 na zewn\u0105trz, podpisuje wszystkie oficjalne dokumenty oraz, wraz ze Skarbnikiem, podpisuje dokumenty finansowe.<\/li>\n\n\n\n<li>Przewodnicz\u0105cy Oddzia\u0142u, w porozumieniu z Zarz\u0105dem G\u0142\u00f3wnym PTF i Skarbnikiem Oddzia\u0142u, ustala tryb post\u0119powania w sprawach gospodarowania maj\u0105tkiem i funduszami Oddzia\u0142u.<\/li>\n<\/ol>\n\n\n\n<p class=\"has-text-align-center\">\u00a7 13<\/p>\n\n\n\n<p>Sekretarz Oddzia\u0142u prowadzi korespondencj\u0119 Oddzia\u0142u, wsp\u00f3\u0142pracuje z Przewodnicz\u0105cym Oddzia\u0142u w przygotowaniu porz\u0105dku obrad i wysy\u0142a zaproszenia na posiedzenia Zarz\u0105du oraz Zebrania Cz\u0142onk\u00f3w Oddzia\u0142u. Ponadto sporz\u0105dza protoko\u0142y obrad Zarz\u0105du i Zebra\u0144 Cz\u0142onk\u00f3w Oddzia\u0142u, wsp\u00f3\u0142pracuje z Przewodnicz\u0105cym Oddzia\u0142u w sporz\u0105dzaniu sprawozda\u0144 i memoria\u0142\u00f3w dla innych podmiot\u00f3w oraz odpowiada za dokumentacj\u0119 i archiwum Zarz\u0105du Oddzia\u0142u.<\/p>\n\n\n\n<p class=\"has-text-align-center\">\u00a7 14<\/p>\n\n\n\n<p>Skarbnik Oddzia\u0142u, w porozumieniu z Zarz\u0105dem G\u0142\u00f3wnym PTF, realizuje polityk\u0119 finansow\u0105 zgodnie ze Statutem PTF, sporz\u0105dza okresowe sprawozdania finansowe Oddzia\u0142u dla Zebrania Cz\u0142onk\u00f3w Oddzia\u0142u i Komisji Rewizyjnej.<\/p>\n\n\n\n<p class=\"has-text-align-center\">\u00a7 15<\/p>\n\n\n\n<ol class=\"wp-block-list\">\n<li>Na ka\u017cde posiedzenie Zarz\u0105du cz\u0142onkowie Zarz\u0105du, cz\u0142onkowie Komisji Rewizyjnej i go\u015bcie winni otrzyma\u0107 od Sekretarza Oddzia\u0142u zaproszenie, wraz z przewidywanym porz\u0105dkiem obrad, przynajmniej na 7 dni przed terminem posiedzenia. Posiedzenie zwo\u0142ane z pomini\u0119ciem tego okresu jest wa\u017cne przy obecno\u015bci wszystkich cz\u0142onk\u00f3w Zarz\u0105du Oddzia\u0142u, obecno\u015bci przedstawiciela Komisji Rewizyjnej Oddzia\u0142u i przy braku ich sprzeciwu.<\/li>\n\n\n\n<li>Pisemnie usprawiedliwione nieprzybycie na posiedzenie nie poci\u0105ga za sob\u0105 \u017cadnych konsekwencji. Dwie kolejne nieobecno\u015bci nieusprawiedliwione uwa\u017ca si\u0119 za rezygnacj\u0119 z cz\u0142onkostwa Zarz\u0105du Oddzia\u0142u.<\/li>\n<\/ol>\n\n\n\n<p class=\"has-text-align-center\">\u00a7 16<\/p>\n\n\n\n<p>Posiedzeniom Zarz\u0105du Oddzia\u0142u przewodniczy Przewodnicz\u0105cy Oddzia\u0142u, a w razie jego nieobecno\u015bci Sekretarz. Decyzje Zarz\u0105du Oddzia\u0142u zapadaj\u0105 kolegialnie. W g\u0142osowaniu nad wnioskami i w podejmowaniu uchwa\u0142 g\u0142os stanowi\u0105cy maj\u0105 wszyscy cz\u0142onkowie Zarz\u0105du. Pozostali uczestnicy posiedze\u0144 Zarz\u0105du maj\u0105 g\u0142os doradczy.<\/p>\n\n\n\n<p class=\"has-text-align-center\">\u00a7 17<\/p>\n\n\n\n<p>Zarz\u0105d Oddzia\u0142u mo\u017ce powierza\u0107 swoim cz\u0142onkom sta\u0142e i czasowe obowi\u0105zki, a w szczeg\u00f3lno\u015bci kierowanie pracami komisji Oddzia\u0142u lub udzia\u0142 w ich pracach. Je\u015bli cz\u0142onkowi Zarz\u0105du powierza si\u0119 funkcj\u0119 cz\u0142onka Komisji Rewizyjnej (przy wakacie w ostatnim roku kadencji), musi on r\u00f3wnocze\u015bnie zrezygnowa\u0107 z cz\u0142onkostwa w Zarz\u0105dzie Oddzia\u0142u.<\/p>\n\n\n\n<p class=\"has-text-align-center\"><strong>V. Komisja Rewizyjna Oddzia\u0142u<\/strong><\/p>\n\n\n\n<p class=\"has-text-align-center\">\u00a7 18<\/p>\n\n\n\n<p>Komisja Rewizyjna Oddzia\u0142u kontroluje ca\u0142okszta\u0142t dzia\u0142alno\u015bci Oddzia\u0142u, ze szczeg\u00f3lnym uwzgl\u0119dnieniem dzia\u0142alno\u015bci finansowej.<\/p>\n\n\n\n<p class=\"has-text-align-center\">\u00a7 19<\/p>\n\n\n\n<ol class=\"wp-block-list\">\n<li>Komisja Rewizyjna Oddzia\u0142u mo\u017ce liczy\u0107 3-5 cz\u0142onk\u00f3w. Dok\u0142adn\u0105 liczb\u0119 ustala Zebranie Cz\u0142onk\u00f3w Oddzia\u0142u, ka\u017cdorazowo przed przyst\u0105pieniem do wybor\u00f3w Zarz\u0105du Oddzia\u0142u.<\/li>\n\n\n\n<li>Komisja Rewizyjna Oddzia\u0142u wybiera ze swojego sk\u0142adu przewodnicz\u0105cego, kt\u00f3ry kieruje jej prac\u0105.<\/li>\n<\/ol>\n\n\n\n<p class=\"has-text-align-center\"><strong>VI. Wybory<\/strong><\/p>\n\n\n\n<p class=\"has-text-align-center\">\u00a7 20<\/p>\n\n\n\n<ol class=\"wp-block-list\">\n<li>Przewodnicz\u0105cy Oddzia\u0142u, Sekretarz i Skarbnik oraz pozostali cz\u0142onkowie Zarz\u0105du Oddzia\u0142u s\u0105 wybierani w czterech niezale\u017cnych g\u0142osowaniach przez Zebranie Cz\u0142onk\u00f3w Oddzia\u0142u.<\/li>\n\n\n\n<li>Czynne prawo wyborcze przys\u0142uguje wszystkim cz\u0142onkom Oddzia\u0142u.<\/li>\n\n\n\n<li>Zg\u0142aszanie kandydat\u00f3w jest jawne. Kandydaci musz\u0105 wyrazi\u0107 zgod\u0119 na kandydowanie.<\/li>\n\n\n\n<li>Wybory s\u0105 tajne. Do wyboru potrzebne jest uzyskanie co najmniej po\u0142owy wa\u017cnie oddanych g\u0142os\u00f3w. Je\u015bli dwie osoby (lub wi\u0119cej) wybrane na ostatnim miejscu uzyskaj\u0105 identyczn\u0105 liczb\u0119 g\u0142os\u00f3w, przeprowadza si\u0119 mi\u0119dzy nimi dogrywk\u0119.<\/li>\n\n\n\n<li>Je\u015bli wybranych zostanie mniej cz\u0142onk\u00f3w Zarz\u0105du Oddzia\u0142u ni\u017c ustalono na Zebraniu Cz\u0142onk\u00f3w Oddzia\u0142u, przeprowadza si\u0119 wybory na wolne miejsca, skre\u015blaj\u0105c z listy kandydat\u00f3w osob\u0119, kt\u00f3ra uzyska\u0142a najmniejsz\u0105 liczb\u0119 g\u0142os\u00f3w.<\/li>\n\n\n\n<li>Je\u015bli na li\u015bcie kandydat\u00f3w nie pozosta\u0142o \u017cadne nazwisko, a nie wszystkie miejsca cz\u0142onk\u00f3w Zarz\u0105du Oddzia\u0142u zosta\u0142y obsadzone, przeprowadza si\u0119 ponowne zg\u0142aszanie kandydat\u00f3w i wybory na wolne miejsca.<\/li>\n\n\n\n<li>Przepisy \u00a7 20 ust. 2 \u2013 6 stosuje si\u0119 tak\u017ce do wybor\u00f3w cz\u0142onk\u00f3w Komisji Rewizyjnej Oddzia\u0142u i delegat\u00f3w Oddzia\u0142u na Zebranie Delegat\u00f3w PTF.<\/li>\n<\/ol>\n\n\n\n<p class=\"has-text-align-center\"><strong>VII. Postanowienia Ko\u0144cowe<\/strong><\/p>\n\n\n\n<p class=\"has-text-align-center\">\u00a7 21<\/p>\n\n\n\n<ol class=\"wp-block-list\">\n<li>Zmian w Regulaminie mo\u017ce dokona\u0107 Zarz\u0105d G\u0142\u00f3wny PTF z inicjatywy w\u0142asnej lub na wniosek Organ\u00f3w Oddzia\u0142u.<\/li>\n\n\n\n<li>Regulamin wchodzi w \u017cycie po uchwaleniu go przez Zarz\u0105d G\u0142\u00f3wny PTF.<\/li>\n<\/ol>\n","protected":false},"excerpt":{"rendered":"<p>REGULAMINODDZIA\u0141U BIA\u0141OSTOCKIEGOPOLSKIEGO TOWARZYSTWA FIZYCZNEGO (zatwierdzony 9 grudnia 2006 r. na Posiedzeniu Plenarnym ZG PTF) I. Postanowienia Og\u00f3lne \u00a7 1 Oddzia\u0142 Bia\u0142ostocki Polskiego Towarzystwa Fizycznego (PTF), zwany w dalszej cz\u0119\u015bci Oddzia\u0142em, powsta\u0142 na podstawie uchwa\u0142y Zarz\u0105du G\u0142\u00f3wnego PTF z roku 1964. \u00a7 2 Teren dzia\u0142ania Oddzia\u0142u jest okre\u015blony w uchwale Zarz\u0105du G\u0142\u00f3wnego PTF, kt\u00f3ra stanowi za\u0142\u0105cznik [&hellip;]<\/p>\n","protected":false},"author":25,"featured_media":0,"parent":0,"menu_order":0,"comment_status":"closed","ping_status":"closed","template":"","meta":{"site-sidebar-layout":"default","site-content-layout":"","ast-site-content-layout":"default","site-content-style":"default","site-sidebar-style":"default","ast-global-header-display":"","ast-banner-title-visibility":"","ast-main-header-display":"","ast-hfb-above-header-display":"","ast-hfb-below-header-display":"","ast-hfb-mobile-header-display":"","site-post-title":"","ast-breadcrumbs-content":"","ast-featured-img":"","footer-sml-layout":"","ast-disable-related-posts":"","theme-transparent-header-meta":"","adv-header-id-meta":"","stick-header-meta":"","header-above-stick-meta":"","header-main-stick-meta":"","header-below-stick-meta":"","astra-migrate-meta-layouts":"set","ast-page-background-enabled":"default","ast-page-background-meta":{"desktop":{"background-color":"var(--ast-global-color-4)","background-image":"","background-repeat":"repeat","background-position":"center center","background-size":"auto","background-attachment":"scroll","background-type":"","background-media":"","overlay-type":"","overlay-color":"","overlay-opacity":"","overlay-gradient":""},"tablet":{"background-color":"","background-image":"","background-repeat":"repeat","background-position":"center center","background-size":"auto","background-attachment":"scroll","background-type":"","background-media":"","overlay-type":"","overlay-color":"","overlay-opacity":"","overlay-gradient":""},"mobile":{"background-color":"","background-image":"","background-repeat":"repeat","background-position":"center center","background-size":"auto","background-attachment":"scroll","background-type":"","background-media":"","overlay-type":"","overlay-color":"","overlay-opacity":"","overlay-gradient":""}},"ast-content-background-meta":{"desktop":{"background-color":"var(--ast-global-color-5)","background-image":"","background-repeat":"repeat","background-position":"center center","background-size":"auto","background-attachment":"scroll","background-type":"","background-media":"","overlay-type":"","overlay-color":"","overlay-opacity":"","overlay-gradient":""},"tablet":{"background-color":"var(--ast-global-color-5)","background-image":"","background-repeat":"repeat","background-position":"center center","background-size":"auto","background-attachment":"scroll","background-type":"","background-media":"","overlay-type":"","overlay-color":"","overlay-opacity":"","overlay-gradient":""},"mobile":{"background-color":"var(--ast-global-color-5)","background-image":"","background-repeat":"repeat","background-position":"center center","background-size":"auto","background-attachment":"scroll","background-type":"","background-media":"","overlay-type":"","overlay-color":"","overlay-opacity":"","overlay-gradient":""}},"ngg_post_thumbnail":0,"footnotes":""},"class_list":["post-172","page","type-page","status-publish","hentry"],"_links":{"self":[{"href":"https:\/\/physics.uwb.edu.pl\/wf\/ptf\/wp-json\/wp\/v2\/pages\/172","targetHints":{"allow":["GET"]}}],"collection":[{"href":"https:\/\/physics.uwb.edu.pl\/wf\/ptf\/wp-json\/wp\/v2\/pages"}],"about":[{"href":"https:\/\/physics.uwb.edu.pl\/wf\/ptf\/wp-json\/wp\/v2\/types\/page"}],"author":[{"embeddable":true,"href":"https:\/\/physics.uwb.edu.pl\/wf\/ptf\/wp-json\/wp\/v2\/users\/25"}],"replies":[{"embeddable":true,"href":"https:\/\/physics.uwb.edu.pl\/wf\/ptf\/wp-json\/wp\/v2\/comments?post=172"}],"version-history":[{"count":6,"href":"https:\/\/physics.uwb.edu.pl\/wf\/ptf\/wp-json\/wp\/v2\/pages\/172\/revisions"}],"predecessor-version":[{"id":422,"href":"https:\/\/physics.uwb.edu.pl\/wf\/ptf\/wp-json\/wp\/v2\/pages\/172\/revisions\/422"}],"wp:attachment":[{"href":"https:\/\/physics.uwb.edu.pl\/wf\/ptf\/wp-json\/wp\/v2\/media?parent=172"}],"curies":[{"name":"wp","href":"https:\/\/api.w.org\/{rel}","templated":true}]}}