{"id":175,"date":"2021-10-14T18:26:52","date_gmt":"2021-10-14T18:26:52","guid":{"rendered":"https:\/\/physics.uwb.edu.pl\/wf\/ptf\/?page_id=175"},"modified":"2023-10-13T12:26:51","modified_gmt":"2023-10-13T12:26:51","slug":"sprawozdania","status":"publish","type":"page","link":"https:\/\/physics.uwb.edu.pl\/wf\/ptf\/sprawozdania\/","title":{"rendered":"Sprawozdania"},"content":{"rendered":"\n<h1 class=\"wp-block-heading\"><strong>Sprawozdania z dzia\u0142alno\u015bci Oddzia\u0142u w latach 2004\u20132012:<\/strong><\/h1>\n\n\n\n<ul class=\"wp-block-list\">\n<li><a href=\"https:\/\/physics.uwb.edu.pl\/wf\/ptf\/wp-content\/uploads\/sites\/24\/2021\/10\/Spr2012.pdf\">Sprawozdanie z roku 2012<\/a><\/li>\n\n\n\n<li><a href=\"https:\/\/physics.uwb.edu.pl\/wf\/ptf\/wp-content\/uploads\/sites\/24\/2021\/10\/Spr2011.pdf\">Sprawozdanie z roku 2011<\/a><\/li>\n\n\n\n<li><a href=\"https:\/\/physics.uwb.edu.pl\/wf\/ptf\/wp-content\/uploads\/sites\/24\/2021\/10\/Spr2010.pdf\">Sprawozdanie z roku 2010<\/a><\/li>\n\n\n\n<li><a href=\"https:\/\/physics.uwb.edu.pl\/wf\/ptf\/wp-content\/uploads\/sites\/24\/2021\/10\/Spr2009.pdf\">Sprawozdanie z roku 2009<\/a><\/li>\n\n\n\n<li><a href=\"https:\/\/physics.uwb.edu.pl\/wf\/ptf\/wp-content\/uploads\/sites\/24\/2021\/10\/Spr2008.pdf\">Sprawozdanie z roku 2008<\/a><\/li>\n\n\n\n<li><a href=\"https:\/\/physics.uwb.edu.pl\/wf\/ptf\/wp-content\/uploads\/sites\/24\/2021\/10\/Spr2006.pdf\">Sprawozdanie z roku 2006<\/a><\/li>\n\n\n\n<li><a href=\"https:\/\/physics.uwb.edu.pl\/wf\/ptf\/wp-content\/uploads\/sites\/24\/2021\/10\/Spr2005.pdf\">Sprawozdanie z roku 2005<\/a><\/li>\n\n\n\n<li><a href=\"https:\/\/physics.uwb.edu.pl\/wf\/ptf\/wp-content\/uploads\/sites\/24\/2021\/10\/Spr2004.pdf\">Sprawozdanie z roku 2004<\/a><\/li>\n<\/ul>\n\n\n\n<h1 class=\"wp-block-heading\"><strong>Sprawozdania z kadencji:<\/strong><\/h1>\n\n\n\n<ul class=\"wp-block-list\">\n<li><a href=\"https:\/\/physics.uwb.edu.pl\/wf\/ptf\/wp-content\/uploads\/sites\/24\/2021\/10\/kad2009-2010.pdf\">Kadencja 2009-2010<\/a><\/li>\n\n\n\n<li><a href=\"https:\/\/physics.uwb.edu.pl\/wf\/ptf\/wp-content\/uploads\/sites\/24\/2021\/10\/kad2006-2008.pdf\">Kadencja 2006-2008<\/a><\/li>\n\n\n\n<li><a href=\"https:\/\/physics.uwb.edu.pl\/wf\/ptf\/wp-content\/uploads\/sites\/24\/2021\/10\/kad2004-2006.pdf\">Kadencja 2004-2006<\/a><\/li>\n<\/ul>\n","protected":false},"excerpt":{"rendered":"<p>Sprawozdania z dzia\u0142alno\u015bci Oddzia\u0142u w latach 2004\u20132012: Sprawozdania z kadencji:<\/p>\n","protected":false},"author":25,"featured_media":0,"parent":0,"menu_order":0,"comment_status":"closed","ping_status":"closed","template":"","meta":{"site-sidebar-layout":"default","site-content-layout":"","ast-site-content-layout":"default","site-content-style":"default","site-sidebar-style":"default","ast-global-header-display":"","ast-banner-title-visibility":"","ast-main-header-display":"","ast-hfb-above-header-display":"","ast-hfb-below-header-display":"","ast-hfb-mobile-header-display":"","site-post-title":"","ast-breadcrumbs-content":"","ast-featured-img":"","footer-sml-layout":"","ast-disable-related-posts":"","theme-transparent-header-meta":"","adv-header-id-meta":"","stick-header-meta":"","header-above-stick-meta":"","header-main-stick-meta":"","header-below-stick-meta":"","astra-migrate-meta-layouts":"set","ast-page-background-enabled":"default","ast-page-background-meta":{"desktop":{"background-color":"var(--ast-global-color-4)","background-image":"","background-repeat":"repeat","background-position":"center center","background-size":"auto","background-attachment":"scroll","background-type":"","background-media":"","overlay-type":"","overlay-color":"","overlay-opacity":"","overlay-gradient":""},"tablet":{"background-color":"","background-image":"","background-repeat":"repeat","background-position":"center center","background-size":"auto","background-attachment":"scroll","background-type":"","background-media":"","overlay-type":"","overlay-color":"","overlay-opacity":"","overlay-gradient":""},"mobile":{"background-color":"","background-image":"","background-repeat":"repeat","background-position":"center center","background-size":"auto","background-attachment":"scroll","background-type":"","background-media":"","overlay-type":"","overlay-color":"","overlay-opacity":"","overlay-gradient":""}},"ast-content-background-meta":{"desktop":{"background-color":"var(--ast-global-color-5)","background-image":"","background-repeat":"repeat","background-position":"center center","background-size":"auto","background-attachment":"scroll","background-type":"","background-media":"","overlay-type":"","overlay-color":"","overlay-opacity":"","overlay-gradient":""},"tablet":{"background-color":"var(--ast-global-color-5)","background-image":"","background-repeat":"repeat","background-position":"center center","background-size":"auto","background-attachment":"scroll","background-type":"","background-media":"","overlay-type":"","overlay-color":"","overlay-opacity":"","overlay-gradient":""},"mobile":{"background-color":"var(--ast-global-color-5)","background-image":"","background-repeat":"repeat","background-position":"center center","background-size":"auto","background-attachment":"scroll","background-type":"","background-media":"","overlay-type":"","overlay-color":"","overlay-opacity":"","overlay-gradient":""}},"ngg_post_thumbnail":0,"footnotes":""},"class_list":["post-175","page","type-page","status-publish","hentry"],"_links":{"self":[{"href":"https:\/\/physics.uwb.edu.pl\/wf\/ptf\/wp-json\/wp\/v2\/pages\/175","targetHints":{"allow":["GET"]}}],"collection":[{"href":"https:\/\/physics.uwb.edu.pl\/wf\/ptf\/wp-json\/wp\/v2\/pages"}],"about":[{"href":"https:\/\/physics.uwb.edu.pl\/wf\/ptf\/wp-json\/wp\/v2\/types\/page"}],"author":[{"embeddable":true,"href":"https:\/\/physics.uwb.edu.pl\/wf\/ptf\/wp-json\/wp\/v2\/users\/25"}],"replies":[{"embeddable":true,"href":"https:\/\/physics.uwb.edu.pl\/wf\/ptf\/wp-json\/wp\/v2\/comments?post=175"}],"version-history":[{"count":6,"href":"https:\/\/physics.uwb.edu.pl\/wf\/ptf\/wp-json\/wp\/v2\/pages\/175\/revisions"}],"predecessor-version":[{"id":735,"href":"https:\/\/physics.uwb.edu.pl\/wf\/ptf\/wp-json\/wp\/v2\/pages\/175\/revisions\/735"}],"wp:attachment":[{"href":"https:\/\/physics.uwb.edu.pl\/wf\/ptf\/wp-json\/wp\/v2\/media?parent=175"}],"curies":[{"name":"wp","href":"https:\/\/api.w.org\/{rel}","templated":true}]}}