{"id":320,"date":"2021-11-08T17:43:00","date_gmt":"2021-11-08T17:43:00","guid":{"rendered":"https:\/\/physics.uwb.edu.pl\/wf\/ptf\/?page_id=320"},"modified":"2023-09-20T12:54:58","modified_gmt":"2023-09-20T12:54:58","slug":"kwantowa-zasada-wzglednosci","status":"publish","type":"page","link":"https:\/\/physics.uwb.edu.pl\/wf\/ptf\/wyklady-ptf\/kwantowa-zasada-wzglednosci\/","title":{"rendered":"&#8222;Kwantowa zasada wzgl\u0119dno\u015bci&#8221;"},"content":{"rendered":"\n<p class=\"has-text-align-center\">W sobot\u0119 27 listopada 2021 roku o godzinie 11:00<\/p>\n\n\n\n<p class=\"has-text-align-center\">w sali 2011 Wydzia\u0142u Fizyki przy ul. Konstantego Cio\u0142kowskiego 1L<\/p>\n\n\n\n<p class=\"has-text-align-center\" style=\"font-size:25px\"><strong>dr hab. Andrzej Dragan<\/strong><\/p>\n\n\n\n<p class=\"has-text-align-center\">z Wydzia\u0142u Fizyki Uniwersytetu Warszawskiego<\/p>\n\n\n\n<p class=\"has-text-align-center\">wyg\u0142osi wyk\u0142ad zatytu\u0142owany<\/p>\n\n\n\n<p class=\"has-text-align-center\" style=\"font-size:25px\"><strong>&#8222;Kwantowa zasada wzgl\u0119dno\u015bci&#8221;<\/strong><\/p>\n\n\n\n<p><strong><em>Streszczenie:<\/em><\/strong><br>Zasada wzgl\u0119dno\u015bci rozszerzona na nad\u015bwietlne uk\u0142ady inercjalne prowadzi do zaburzenia zasad przyczynowo\u015bci w spos\u00f3b, kt\u00f3ry znany jest z podstawowych postulat\u00f3w mechaniki kwantowej. Zjawiska kwantowe okazuj\u0105 si\u0119 wi\u0119c efektami czysto relatywistycznymi.<\/p>\n\n\n\n<p><strong><em>Zdalny dost\u0119p do wyk\u0142adu (platforma Zoom):<\/em><\/strong><br>Join Zoom Meeting<br><a href=\"https:\/\/us02web.zoom.us\/j\/89967401969?pwd=OVlCaFcyUUVDWWpWMWVMSkQyYnV3QT09\">https:\/\/us02web.zoom.us\/j\/89967401969?pwd=OVlCaFcyUUVDWWpWMWVMSkQyYnV3QT09<\/a><br><strong>Meeting ID:<\/strong> 899 6740 1969<br><strong>Passcode:<\/strong> v119t9<\/p>\n\n\n\n<p><strong><em>Informacje o wyk\u0142adowcy:<\/em><\/strong><br><em><em>dr hab. Andrzej Dragan jest profesorem na Wydziale Fizyki Uniwersytetu Warszawskiego oraz profesorem wizytuj\u0105cym na Uniwersytecie w Singapurze. Kieruje grup\u0105 badawcz\u0105 zajmuj\u0105c\u0105 si\u0119 teori\u0105 relatywistycznej informacji kwantowej. Jest r\u00f3wnie\u017c znanym fotografem, zdobywc\u0105 wielu krajowych i mi\u0119dzynarodowych nagr\u00f3d. Wypracowa\u0142 w\u0142asn\u0105 technik\u0119 cyfrowej obr\u00f3bki fotograficznej, nazywan\u0105 &#8222;ekfektem Dragana&#8221;. Andrzej Dragan jest laureatem wielu presti\u017cowych nagr\u00f3d przyznawanych za osi\u0105gni\u0119cia w dziedzinie fizyki, muzyki, filmu i fotografii. Jest m. in. tw\u00f3rc\u0105 cyklu &#8222;Physics&#8221;, w kt\u00f3rym przedstawione s\u0105 w niesamowity spos\u00f3b zjawiska fizyczne &#8211; &#8222;Dylatacja czasu&#8221; [https:\/\/vimeo.com\/93551777], &#8222;Cz\u0105stki kwantowe&#8221; [https:\/\/vimeo.com\/81905498], a tak\u017ce innych kr\u00f3tkich film\u00f3w, m.in dla HBO i Netflixa.<\/em><\/em><\/p>\n\n\n\n<p>Wszystkie osoby zainteresowane serdecznie zapraszamy!<\/p>\n\n\n\n<p><strong><em>Galeria:<\/em><\/strong><\/p>\n\n\n\nngg_shortcode_0_placeholder\n\n\n\n<p class=\"has-text-align-right\"><em><strong>Autor zdj\u0119\u0107:<\/strong> <\/em>Wojciech Olszewski<\/p>\n","protected":false},"excerpt":{"rendered":"<p>W sobot\u0119 27 listopada 2021 roku o godzinie 11:00 w sali 2011 Wydzia\u0142u Fizyki przy ul. Konstantego Cio\u0142kowskiego 1L dr hab. Andrzej Dragan z Wydzia\u0142u Fizyki Uniwersytetu Warszawskiego wyg\u0142osi wyk\u0142ad zatytu\u0142owany &#8222;Kwantowa zasada wzgl\u0119dno\u015bci&#8221; Streszczenie:Zasada wzgl\u0119dno\u015bci rozszerzona na nad\u015bwietlne uk\u0142ady inercjalne prowadzi do zaburzenia zasad przyczynowo\u015bci w spos\u00f3b, kt\u00f3ry znany jest z podstawowych postulat\u00f3w mechaniki [&hellip;]<\/p>\n","protected":false},"author":25,"featured_media":589,"parent":105,"menu_order":0,"comment_status":"closed","ping_status":"closed","template":"","meta":{"site-sidebar-layout":"default","site-content-layout":"","ast-site-content-layout":"default","site-content-style":"default","site-sidebar-style":"default","ast-global-header-display":"","ast-banner-title-visibility":"","ast-main-header-display":"","ast-hfb-above-header-display":"","ast-hfb-below-header-display":"","ast-hfb-mobile-header-display":"","site-post-title":"","ast-breadcrumbs-content":"","ast-featured-img":"disabled","footer-sml-layout":"","ast-disable-related-posts":"","theme-transparent-header-meta":"","adv-header-id-meta":"","stick-header-meta":"","header-above-stick-meta":"","header-main-stick-meta":"","header-below-stick-meta":"","astra-migrate-meta-layouts":"set","ast-page-background-enabled":"default","ast-page-background-meta":{"desktop":{"background-color":"var(--ast-global-color-4)","background-image":"","background-repeat":"repeat","background-position":"center center","background-size":"auto","background-attachment":"scroll","background-type":"","background-media":"","overlay-type":"","overlay-color":"","overlay-opacity":"","overlay-gradient":""},"tablet":{"background-color":"","background-image":"","background-repeat":"repeat","background-position":"center center","background-size":"auto","background-attachment":"scroll","background-type":"","background-media":"","overlay-type":"","overlay-color":"","overlay-opacity":"","overlay-gradient":""},"mobile":{"background-color":"","background-image":"","background-repeat":"repeat","background-position":"center center","background-size":"auto","background-attachment":"scroll","background-type":"","background-media":"","overlay-type":"","overlay-color":"","overlay-opacity":"","overlay-gradient":""}},"ast-content-background-meta":{"desktop":{"background-color":"var(--ast-global-color-5)","background-image":"","background-repeat":"repeat","background-position":"center center","background-size":"auto","background-attachment":"scroll","background-type":"","background-media":"","overlay-type":"","overlay-color":"","overlay-opacity":"","overlay-gradient":""},"tablet":{"background-color":"var(--ast-global-color-5)","background-image":"","background-repeat":"repeat","background-position":"center center","background-size":"auto","background-attachment":"scroll","background-type":"","background-media":"","overlay-type":"","overlay-color":"","overlay-opacity":"","overlay-gradient":""},"mobile":{"background-color":"var(--ast-global-color-5)","background-image":"","background-repeat":"repeat","background-position":"center center","background-size":"auto","background-attachment":"scroll","background-type":"","background-media":"","overlay-type":"","overlay-color":"","overlay-opacity":"","overlay-gradient":""}},"ngg_post_thumbnail":0,"footnotes":""},"class_list":["post-320","page","type-page","status-publish","has-post-thumbnail","hentry"],"_links":{"self":[{"href":"https:\/\/physics.uwb.edu.pl\/wf\/ptf\/wp-json\/wp\/v2\/pages\/320","targetHints":{"allow":["GET"]}}],"collection":[{"href":"https:\/\/physics.uwb.edu.pl\/wf\/ptf\/wp-json\/wp\/v2\/pages"}],"about":[{"href":"https:\/\/physics.uwb.edu.pl\/wf\/ptf\/wp-json\/wp\/v2\/types\/page"}],"author":[{"embeddable":true,"href":"https:\/\/physics.uwb.edu.pl\/wf\/ptf\/wp-json\/wp\/v2\/users\/25"}],"replies":[{"embeddable":true,"href":"https:\/\/physics.uwb.edu.pl\/wf\/ptf\/wp-json\/wp\/v2\/comments?post=320"}],"version-history":[{"count":4,"href":"https:\/\/physics.uwb.edu.pl\/wf\/ptf\/wp-json\/wp\/v2\/pages\/320\/revisions"}],"predecessor-version":[{"id":590,"href":"https:\/\/physics.uwb.edu.pl\/wf\/ptf\/wp-json\/wp\/v2\/pages\/320\/revisions\/590"}],"up":[{"embeddable":true,"href":"https:\/\/physics.uwb.edu.pl\/wf\/ptf\/wp-json\/wp\/v2\/pages\/105"}],"wp:featuredmedia":[{"embeddable":true,"href":"https:\/\/physics.uwb.edu.pl\/wf\/ptf\/wp-json\/wp\/v2\/media\/589"}],"wp:attachment":[{"href":"https:\/\/physics.uwb.edu.pl\/wf\/ptf\/wp-json\/wp\/v2\/media?parent=320"}],"curies":[{"name":"wp","href":"https:\/\/api.w.org\/{rel}","templated":true}]}}