{"id":357,"date":"2022-01-15T10:14:42","date_gmt":"2022-01-15T10:14:42","guid":{"rendered":"https:\/\/physics.uwb.edu.pl\/wf\/ptf\/?page_id=357"},"modified":"2023-09-20T12:52:19","modified_gmt":"2023-09-20T12:52:19","slug":"podstawowe-stale-fizyki-a-ksztalt-wszechswiata","status":"publish","type":"page","link":"https:\/\/physics.uwb.edu.pl\/wf\/ptf\/wyklady-ptf\/podstawowe-stale-fizyki-a-ksztalt-wszechswiata\/","title":{"rendered":"&#8222;Podstawowe sta\u0142e fizyki a kszta\u0142t Wszech\u015bwiata&#8221;"},"content":{"rendered":"\n<p class=\"has-text-align-center\">W sobot\u0119 12 lutego 2022 roku o godzinie 11:00<\/p>\n\n\n\n<p class=\"has-text-align-center\">w sali 2011 Wydzia\u0142u Fizyki przy ul. Konstantego Cio\u0142kowskiego 1L<\/p>\n\n\n\n<p class=\"has-text-align-center\" style=\"font-size:25px\"><strong>prof. dr hab. Mariusz P. D\u0105browski<\/strong><\/p>\n\n\n\n<p class=\"has-text-align-center\">Szczeci\u0144ska Grupa Kosmologiczna (cosmo.usz.edu.pl),<br>Instytut Fizyki Uniwersytetu Szczeci\u0144skiego<\/p>\n\n\n\n<p class=\"has-text-align-center\">wyg\u0142osi wyk\u0142ad zatytu\u0142owany<\/p>\n\n\n\n<p class=\"has-text-align-center\" style=\"font-size:25px\"><strong>&#8222;Podstawowe sta\u0142e fizyki a kszta\u0142t Wszech\u015bwiata&#8221;<\/strong><\/p>\n\n\n\n<p><strong><em>Streszczenie:<\/em><\/strong><br>Na wyk\u0142adzie przedstawione b\u0119d\u0105 podstawy teorii fizycznych dopuszczaj\u0105cych mo\u017cliwo\u015b\u0107 zmienno\u015bci \u201esta\u0142ych\u201d fundamentalnych fizyki (np. sta\u0142ej grawitacyjnej <em>G<\/em>, sta\u0142ej sprz\u0119\u017cenia oddzia\u0142ywa\u0144 elektromagnetycznych <em>\u03b1<\/em> zwi\u0105zanej ze sta\u0142\u0105 elektryczn\u0105 <em>k<\/em>) i wp\u0142yw takiego zjawiska na procesy zachodz\u0105ce w trakcie ewolucji Wszech\u015bwiata oraz na jego obecny kszta\u0142t. Rozwa\u017cone b\u0119dzie jak Wszech\u015bwiat mo\u017ce by\u0107 \u201eczu\u0142y\u201d na mo\u017cliw\u0105 zmienno\u015b\u0107 sta\u0142ych fizyki. Postawione zostanie pytanie czy mog\u0105 istnie\u0107 wszech\u015bwiaty\/obszary naszego Wszech\u015bwiata, w kt\u00f3rych pojawiaj\u0105 si\u0119 inne sta\u0142e fizyki i czy w og\u00f3le jest mo\u017cliwe przetestowanie takiej hipotezy.<\/p>\n\n\n\n<p><strong><em>Wydarzenie na Facebooku:<br><\/em><\/strong><a href=\"https:\/\/www.facebook.com\/events\/963706407598423\/\">https:\/\/www.facebook.com\/events\/963706407598423\/<\/a><\/p>\n\n\n\n<p><strong><em>Informacje o wyk\u0142adowcy:<\/em><\/strong><br><em><em><em>prof. M.P. D\u0105browski kieruje grup\u0105 badawcz\u0105 zajmuj\u0105c\u0105 si\u0119 zastosowaniem fundamentalnych teorii fizycznych w kosmologii, czyli nauce o budowie i ewolucji Wszech\u015bwiata. Opublikowa\u0142 ponad 100 prac m.in. na temat kosmologii opartej o teori\u0119 strun, kosmologii cyklicznej i kosmologii fantomowej. Wsp\u00f3\u0142pracowa\u0142 z wieloma fizykami \u015bwiatowymi w tym z laureatem Nagrody Templetona prof. Johnem D. Barrowem. To tak\u017ce popularyzator fizyki m.in. poprzez Fundacj\u0119 Eureka im. prof. Jerzego Stelmacha, kt\u00f3rej jest prezesem.<\/em><\/em><\/em><\/p>\n\n\n\n<p>Wszystkie osoby zainteresowane serdecznie zapraszamy!<\/p>\n","protected":false},"excerpt":{"rendered":"<p>W sobot\u0119 12 lutego 2022 roku o godzinie 11:00 w sali 2011 Wydzia\u0142u Fizyki przy ul. Konstantego Cio\u0142kowskiego 1L prof. dr hab. Mariusz P. D\u0105browski Szczeci\u0144ska Grupa Kosmologiczna (cosmo.usz.edu.pl),Instytut Fizyki Uniwersytetu Szczeci\u0144skiego wyg\u0142osi wyk\u0142ad zatytu\u0142owany &#8222;Podstawowe sta\u0142e fizyki a kszta\u0142t Wszech\u015bwiata&#8221; Streszczenie:Na wyk\u0142adzie przedstawione b\u0119d\u0105 podstawy teorii fizycznych dopuszczaj\u0105cych mo\u017cliwo\u015b\u0107 zmienno\u015bci \u201esta\u0142ych\u201d fundamentalnych fizyki (np. [&hellip;]<\/p>\n","protected":false},"author":25,"featured_media":587,"parent":105,"menu_order":0,"comment_status":"closed","ping_status":"closed","template":"","meta":{"site-sidebar-layout":"default","site-content-layout":"","ast-site-content-layout":"default","site-content-style":"default","site-sidebar-style":"default","ast-global-header-display":"","ast-banner-title-visibility":"","ast-main-header-display":"","ast-hfb-above-header-display":"","ast-hfb-below-header-display":"","ast-hfb-mobile-header-display":"","site-post-title":"","ast-breadcrumbs-content":"","ast-featured-img":"disabled","footer-sml-layout":"","ast-disable-related-posts":"","theme-transparent-header-meta":"","adv-header-id-meta":"","stick-header-meta":"","header-above-stick-meta":"","header-main-stick-meta":"","header-below-stick-meta":"","astra-migrate-meta-layouts":"set","ast-page-background-enabled":"default","ast-page-background-meta":{"desktop":{"background-color":"var(--ast-global-color-4)","background-image":"","background-repeat":"repeat","background-position":"center center","background-size":"auto","background-attachment":"scroll","background-type":"","background-media":"","overlay-type":"","overlay-color":"","overlay-opacity":"","overlay-gradient":""},"tablet":{"background-color":"","background-image":"","background-repeat":"repeat","background-position":"center center","background-size":"auto","background-attachment":"scroll","background-type":"","background-media":"","overlay-type":"","overlay-color":"","overlay-opacity":"","overlay-gradient":""},"mobile":{"background-color":"","background-image":"","background-repeat":"repeat","background-position":"center center","background-size":"auto","background-attachment":"scroll","background-type":"","background-media":"","overlay-type":"","overlay-color":"","overlay-opacity":"","overlay-gradient":""}},"ast-content-background-meta":{"desktop":{"background-color":"var(--ast-global-color-5)","background-image":"","background-repeat":"repeat","background-position":"center center","background-size":"auto","background-attachment":"scroll","background-type":"","background-media":"","overlay-type":"","overlay-color":"","overlay-opacity":"","overlay-gradient":""},"tablet":{"background-color":"var(--ast-global-color-5)","background-image":"","background-repeat":"repeat","background-position":"center center","background-size":"auto","background-attachment":"scroll","background-type":"","background-media":"","overlay-type":"","overlay-color":"","overlay-opacity":"","overlay-gradient":""},"mobile":{"background-color":"var(--ast-global-color-5)","background-image":"","background-repeat":"repeat","background-position":"center center","background-size":"auto","background-attachment":"scroll","background-type":"","background-media":"","overlay-type":"","overlay-color":"","overlay-opacity":"","overlay-gradient":""}},"ngg_post_thumbnail":0,"footnotes":""},"class_list":["post-357","page","type-page","status-publish","has-post-thumbnail","hentry"],"_links":{"self":[{"href":"https:\/\/physics.uwb.edu.pl\/wf\/ptf\/wp-json\/wp\/v2\/pages\/357","targetHints":{"allow":["GET"]}}],"collection":[{"href":"https:\/\/physics.uwb.edu.pl\/wf\/ptf\/wp-json\/wp\/v2\/pages"}],"about":[{"href":"https:\/\/physics.uwb.edu.pl\/wf\/ptf\/wp-json\/wp\/v2\/types\/page"}],"author":[{"embeddable":true,"href":"https:\/\/physics.uwb.edu.pl\/wf\/ptf\/wp-json\/wp\/v2\/users\/25"}],"replies":[{"embeddable":true,"href":"https:\/\/physics.uwb.edu.pl\/wf\/ptf\/wp-json\/wp\/v2\/comments?post=357"}],"version-history":[{"count":2,"href":"https:\/\/physics.uwb.edu.pl\/wf\/ptf\/wp-json\/wp\/v2\/pages\/357\/revisions"}],"predecessor-version":[{"id":588,"href":"https:\/\/physics.uwb.edu.pl\/wf\/ptf\/wp-json\/wp\/v2\/pages\/357\/revisions\/588"}],"up":[{"embeddable":true,"href":"https:\/\/physics.uwb.edu.pl\/wf\/ptf\/wp-json\/wp\/v2\/pages\/105"}],"wp:featuredmedia":[{"embeddable":true,"href":"https:\/\/physics.uwb.edu.pl\/wf\/ptf\/wp-json\/wp\/v2\/media\/587"}],"wp:attachment":[{"href":"https:\/\/physics.uwb.edu.pl\/wf\/ptf\/wp-json\/wp\/v2\/media?parent=357"}],"curies":[{"name":"wp","href":"https:\/\/api.w.org\/{rel}","templated":true}]}}