{"id":370,"date":"2023-09-18T09:40:01","date_gmt":"2023-09-18T09:40:01","guid":{"rendered":"https:\/\/physics.uwb.edu.pl\/wf\/ptf\/?page_id=370"},"modified":"2023-10-16T08:45:49","modified_gmt":"2023-10-16T08:45:49","slug":"oddzialy-ptf","status":"publish","type":"page","link":"https:\/\/physics.uwb.edu.pl\/wf\/ptf\/oddzialy-ptf\/","title":{"rendered":"Oddzia\u0142y PTF"},"content":{"rendered":"\n<p>W ramach Polskiego Towarzystwa Fizycznego dzia\u0142a 19 oddzia\u0142\u00f3w:<\/p>\n\n\n\n<ul class=\"wp-block-list\">\n<li>Oddzia\u0142 Bia\u0142ostocki \u2013 <a href=\"https:\/\/physics.uwb.edu.pl\/wf\/ptf\/\">http:\/\/ptf.uwb.edu.pl\/<\/a><\/li>\n\n\n\n<li>Oddzia\u0142 Bydgoski \u2013 <a href=\"http:\/\/ptf.utp.edu.pl\/\">http:\/\/ptf.utp.edu.pl\/<\/a><\/li>\n\n\n\n<li>Oddzia\u0142 Cz\u0119stochowski<\/li>\n\n\n\n<li>Oddzia\u0142 Gda\u0144ski \u2013 <a href=\"https:\/\/ftims.pg.edu.pl\/ptf-og\">https:\/\/ftims.pg.edu.pl\/ptf-og<\/a><\/li>\n\n\n\n<li>Oddzia\u0142 Gliwicki \u2013 <a href=\"https:\/\/fizyka.polsl.pl\/index.php\/pl\/polskie-towarzystwo-fizyczne\">https:\/\/fizyka.polsl.pl\/index.php\/pl\/polskie-towarzystwo-fizyczne<\/a><\/li>\n\n\n\n<li>Oddzia\u0142 Katowicki \u2013 <a href=\"https:\/\/www.ptf.us.edu.pl\/\">https:\/\/www.ptf.us.edu.pl\/<\/a><\/li>\n\n\n\n<li>Oddzia\u0142 Kielecki \u2013 <a href=\"https:\/\/fizyka.ujk.edu.pl\/pl\/index.php?page=ptfkielce&amp;option=ptf_info\">https:\/\/fizyka.ujk.edu.pl\/pl\/index.php?page=ptfkielce&amp;option=ptf_info<\/a><\/li>\n\n\n\n<li>Oddzia\u0142 Krakowski \u2013 <a href=\"http:\/\/www.ptf.agh.edu.pl\/\">http:\/\/www.ptf.agh.edu.pl\/<\/a><\/li>\n\n\n\n<li>Oddzia\u0142 Lubelski \u2013 <a href=\"http:\/\/ptf.umcs.lublin.pl\/\">http:\/\/ptf.umcs.lublin.pl\/<\/a><\/li>\n\n\n\n<li>Oddzia\u0142 \u0141\u00f3dzki<\/li>\n\n\n\n<li>Oddzia\u0142 Opolski \u2013 <a href=\"http:\/\/ooptf.wmfi.uni.opole.pl\/\">http:\/\/ooptf.wmfi.uni.opole.pl\/<\/a><\/li>\n\n\n\n<li>Oddzia\u0142 Pozna\u0144ski \u2013 <a href=\"http:\/\/www.ifmpan.poznan.pl\/ptf\/\">http:\/\/www.ifmpan.poznan.pl\/ptf\/<\/a><\/li>\n\n\n\n<li>Oddzia\u0142 Rzeszowski<\/li>\n\n\n\n<li>Oddzia\u0142 S\u0142upski \u2013 <a href=\"https:\/\/sitech.apsl.edu.pl\/instytut-nauk-scislych-i-technicznych\/nauka\/ptf\">https:\/\/sitech.apsl.edu.pl\/instytut-nauk-scislych-i-technicznych\/nauka\/ptf<\/a><\/li>\n\n\n\n<li>Oddzia\u0142 Szczeci\u0144ski \u2013 <a href=\"http:\/\/ptf.zut.edu.pl\/\">http:\/\/ptf.zut.edu.pl\/<\/a><\/li>\n\n\n\n<li>Oddzia\u0142 Toru\u0144ski \u2013 <a href=\"https:\/\/ptf.umk.pl\/\">https:\/\/ptf.umk.pl<\/a><\/li>\n\n\n\n<li>Oddzia\u0142 Warszawski \u2013 <a href=\"https:\/\/www.ptf.net.pl\/warszawa\">https:\/\/www.ptf.net.pl\/warszawa<\/a><\/li>\n\n\n\n<li>Oddzia\u0142 Wroc\u0142awski \u2013 <a href=\"https:\/\/ptf.pwr.edu.pl\/\">https:\/\/ptf.pwr.edu.pl\/<\/a><\/li>\n\n\n\n<li>Oddzia\u0142 Zielonog\u00f3rski<\/li>\n<\/ul>\n","protected":false},"excerpt":{"rendered":"<p>W ramach Polskiego Towarzystwa Fizycznego dzia\u0142a 19 oddzia\u0142\u00f3w:<\/p>\n","protected":false},"author":25,"featured_media":0,"parent":0,"menu_order":0,"comment_status":"closed","ping_status":"closed","template":"","meta":{"site-sidebar-layout":"default","site-content-layout":"","ast-site-content-layout":"default","site-content-style":"default","site-sidebar-style":"default","ast-global-header-display":"","ast-banner-title-visibility":"","ast-main-header-display":"","ast-hfb-above-header-display":"","ast-hfb-below-header-display":"","ast-hfb-mobile-header-display":"","site-post-title":"disabled","ast-breadcrumbs-content":"","ast-featured-img":"","footer-sml-layout":"","ast-disable-related-posts":"","theme-transparent-header-meta":"","adv-header-id-meta":"","stick-header-meta":"","header-above-stick-meta":"","header-main-stick-meta":"","header-below-stick-meta":"","astra-migrate-meta-layouts":"set","ast-page-background-enabled":"default","ast-page-background-meta":{"desktop":{"background-color":"var(--ast-global-color-4)","background-image":"","background-repeat":"repeat","background-position":"center center","background-size":"auto","background-attachment":"scroll","background-type":"","background-media":"","overlay-type":"","overlay-color":"","overlay-opacity":"","overlay-gradient":""},"tablet":{"background-color":"","background-image":"","background-repeat":"repeat","background-position":"center center","background-size":"auto","background-attachment":"scroll","background-type":"","background-media":"","overlay-type":"","overlay-color":"","overlay-opacity":"","overlay-gradient":""},"mobile":{"background-color":"","background-image":"","background-repeat":"repeat","background-position":"center center","background-size":"auto","background-attachment":"scroll","background-type":"","background-media":"","overlay-type":"","overlay-color":"","overlay-opacity":"","overlay-gradient":""}},"ast-content-background-meta":{"desktop":{"background-color":"var(--ast-global-color-5)","background-image":"","background-repeat":"repeat","background-position":"center center","background-size":"auto","background-attachment":"scroll","background-type":"","background-media":"","overlay-type":"","overlay-color":"","overlay-opacity":"","overlay-gradient":""},"tablet":{"background-color":"var(--ast-global-color-5)","background-image":"","background-repeat":"repeat","background-position":"center center","background-size":"auto","background-attachment":"scroll","background-type":"","background-media":"","overlay-type":"","overlay-color":"","overlay-opacity":"","overlay-gradient":""},"mobile":{"background-color":"var(--ast-global-color-5)","background-image":"","background-repeat":"repeat","background-position":"center center","background-size":"auto","background-attachment":"scroll","background-type":"","background-media":"","overlay-type":"","overlay-color":"","overlay-opacity":"","overlay-gradient":""}},"ngg_post_thumbnail":0,"footnotes":""},"class_list":["post-370","page","type-page","status-publish","hentry"],"_links":{"self":[{"href":"https:\/\/physics.uwb.edu.pl\/wf\/ptf\/wp-json\/wp\/v2\/pages\/370","targetHints":{"allow":["GET"]}}],"collection":[{"href":"https:\/\/physics.uwb.edu.pl\/wf\/ptf\/wp-json\/wp\/v2\/pages"}],"about":[{"href":"https:\/\/physics.uwb.edu.pl\/wf\/ptf\/wp-json\/wp\/v2\/types\/page"}],"author":[{"embeddable":true,"href":"https:\/\/physics.uwb.edu.pl\/wf\/ptf\/wp-json\/wp\/v2\/users\/25"}],"replies":[{"embeddable":true,"href":"https:\/\/physics.uwb.edu.pl\/wf\/ptf\/wp-json\/wp\/v2\/comments?post=370"}],"version-history":[{"count":3,"href":"https:\/\/physics.uwb.edu.pl\/wf\/ptf\/wp-json\/wp\/v2\/pages\/370\/revisions"}],"predecessor-version":[{"id":790,"href":"https:\/\/physics.uwb.edu.pl\/wf\/ptf\/wp-json\/wp\/v2\/pages\/370\/revisions\/790"}],"wp:attachment":[{"href":"https:\/\/physics.uwb.edu.pl\/wf\/ptf\/wp-json\/wp\/v2\/media?parent=370"}],"curies":[{"name":"wp","href":"https:\/\/api.w.org\/{rel}","templated":true}]}}