{"id":389,"date":"2023-09-20T07:56:38","date_gmt":"2023-09-20T07:56:38","guid":{"rendered":"https:\/\/physics.uwb.edu.pl\/wf\/ptf\/?page_id=389"},"modified":"2024-11-21T11:49:56","modified_gmt":"2024-11-21T11:49:56","slug":"klub-mlodego-odkrywcy","status":"publish","type":"page","link":"https:\/\/physics.uwb.edu.pl\/wf\/ptf\/klub-mlodego-odkrywcy\/","title":{"rendered":"Klub M\u0142odego Odkrywcy"},"content":{"rendered":"\n<figure class=\"wp-block-image size-large\"><img loading=\"lazy\" decoding=\"async\" width=\"1024\" height=\"256\" src=\"https:\/\/physics.uwb.edu.pl\/wf\/ptf\/wp-content\/uploads\/sites\/24\/2023\/09\/KMO-PTF-banner-1-1024x256.jpg\" alt=\"\" class=\"wp-image-500\" srcset=\"https:\/\/physics.uwb.edu.pl\/wf\/ptf\/wp-content\/uploads\/sites\/24\/2023\/09\/KMO-PTF-banner-1-1024x256.jpg 1024w, https:\/\/physics.uwb.edu.pl\/wf\/ptf\/wp-content\/uploads\/sites\/24\/2023\/09\/KMO-PTF-banner-1-300x75.jpg 300w, https:\/\/physics.uwb.edu.pl\/wf\/ptf\/wp-content\/uploads\/sites\/24\/2023\/09\/KMO-PTF-banner-1-768x192.jpg 768w, https:\/\/physics.uwb.edu.pl\/wf\/ptf\/wp-content\/uploads\/sites\/24\/2023\/09\/KMO-PTF-banner-1.jpg 1200w\" sizes=\"auto, (max-width: 1024px) 100vw, 1024px\" \/><\/figure>\n\n\n\n<h1 class=\"wp-block-heading\"><strong>Og\u00f3lne za\u0142o\u017cenia:<\/strong><\/h1>\n\n\n\n<p>Klub M\u0142odego Odkrywcy to&nbsp;popularnonaukowa formu\u0142a edukacyjna, zainicjowana i&nbsp;koordynowana przez&nbsp;warszawskie Centrum Nauki Kopernik. Podczas spotka\u0144 KMO najwa\u017cniejsze jest osobiste zaanga\u017cowanie \u2013 m\u0142odzie\u017c i&nbsp;dzieci wsp\u00f3lnie eksperymentuj\u0105 pod&nbsp;okiem opiekun\u00f3w, samodzielnie zdobywaj\u0105c wiedz\u0119 i&nbsp;buduj\u0105c umiej\u0119tno\u015bci.<\/p>\n\n\n\n<p>Od stycznia 2023 roku Wydzia\u0142 Fizyki oraz Oddzia\u0142 Bia\u0142ostocki Polskiego Towarzystwa Fizycznego zapraszaj\u0105 do udzia\u0142u w Klubie M\u0142odego Odkrywcy \u201eNewton, Einstein a teraz My\u201d. Opiekunami Klubu s\u0105 dr hab. Katarzyna Re\u0107ko, prof. UwB oraz dr Wojciech Olszewski<\/p>\n\n\n\n<h1 class=\"wp-block-heading\"><strong>Zaj\u0119cia:<\/strong><\/h1>\n\n\n\n<p>Spotkania odbywaj\u0105 si\u0119 w ostatnie czwartki miesi\u0105ca:<\/p>\n\n\n\n<ul class=\"wp-block-list\">\n<li>16:00 \u2013 uczniowie klas I-IV szk\u00f3\u0142 podstawowych<\/li>\n\n\n\n<li>17:00 \u2013 uczniowie klas V-VIII szk\u00f3\u0142 podstawowych<\/li>\n<\/ul>\n\n\n\n<p>Zaj\u0119cia odbywaj\u0105 si\u0119 w sali 2002 budynku Wydzia\u0142u Fizyki UwB (ul. K. Cio\u0142kowskiego 1L).<\/p>\n\n\n\n<h1 class=\"wp-block-heading\"><strong>Og\u0142oszenia:<\/strong><\/h1>\n\n\n\n<p>Poni\u017cej znajduj\u0105 si\u0119 szczeg\u00f3\u0142owe informacja odno\u015bnie poszczeg\u00f3lnych spotka\u0144:<\/p>\n\n\n\n<figure class=\"wp-block-table\"><table><tbody><tr><td>Temat \/ Opis zaj\u0119\u0107:<\/td><td>Fotorelacja:<\/td><\/tr><tr><td><a href=\"https:\/\/physics.uwb.edu.pl\/wf\/ptf\/wp-content\/uploads\/sites\/24\/2024\/11\/2024_11_28_KMO_ogloszenie.pdf\">28 listopada 2024 &#8211; &#8222;Ekologiczny samoch\u00f3d&#8221;<\/a><br> &#8211; notatki z zaj\u0119\u0107<\/td><td>Facebook<br>Instagram<\/td><\/tr><tr><td><a href=\"https:\/\/physics.uwb.edu.pl\/wf\/ptf\/wp-content\/uploads\/sites\/24\/2024\/10\/2024_10_24_KMO_ogloszenie.pdf\">24 pa\u017adziernika 2024 &#8211; &#8222;Walczymy ze smo(g)kiem&#8221;<\/a><br> &#8211; notatki z zaj\u0119\u0107<\/td><td><a href=\"https:\/\/www.facebook.com\/PTFBialystok\/posts\/pfbid034xatGdkySXjnGhbcdmjmPh8wpp5VYetFdiCD5re9uHdBf5ae62oWkHMRpwEunH8xl\">Facebook<\/a><br><a href=\"https:\/\/www.instagram.com\/p\/DBlLOGwIHuH\/?utm_source=ig_web_copy_link&amp;igsh=MzRlODBiNWFlZA==\">Instagram<\/a><\/td><\/tr><tr><td><a href=\"https:\/\/physics.uwb.edu.pl\/wf\/ptf\/wp-content\/uploads\/sites\/24\/2024\/04\/2024_04_25_KMO_ogloszenie.pdf\">25 kwietnia 2024 &#8211; &#8222;Powietrze i jego tajemnice&#8221;<\/a><br> &#8211; <a href=\"https:\/\/physics.uwb.edu.pl\/wf\/ptf\/wp-content\/uploads\/sites\/24\/2024\/10\/2024_04_25_KMO_notatki_z_eksperymentu.pdf\">notatki z zaj\u0119\u0107<\/a><\/td><td><a href=\"https:\/\/www.facebook.com\/media\/set\/?vanity=PTFBialystok&amp;set=a.455425940335552\">Facebook<\/a><br><a href=\"https:\/\/www.instagram.com\/p\/C6MWbddIguE\/?utm_source=ig_web_copy_link&amp;igsh=MzRlODBiNWFlZA==\">Instagram<\/a><\/td><\/tr><tr><td><a href=\"https:\/\/physics.uwb.edu.pl\/wf\/ptf\/wp-content\/uploads\/sites\/24\/2024\/02\/2024_02_29_KMO_ogloszenie.pdf\">29 lutego 2024 &#8211; &#8222;Zabawy z konwekcj\u0105&#8221;<\/a><br>                           &#8211; <a href=\"https:\/\/physics.uwb.edu.pl\/wf\/ptf\/wp-content\/uploads\/sites\/24\/2024\/04\/2024_02_29_KMO_notatki_z_eksperymentu.pdf\">notatki z zaj\u0119\u0107<\/a><\/td><td><a href=\"https:\/\/www.facebook.com\/PTFBialystok\/posts\/pfbid035e6sSGXbj7afQZgzAYtMKSYJKsoAp7Xe4jNsW2HKYDmSoWSGkrpM2wkTYqgJLHrXl\">Facebook<\/a><br><a href=\"https:\/\/www.instagram.com\/p\/C4K954IImFV\/?img_index=1\">Instagram<\/a><\/td><\/tr><tr><td><a href=\"https:\/\/physics.uwb.edu.pl\/wf\/ptf\/wp-content\/uploads\/sites\/24\/2023\/12\/2023_12_21_KMO_ogloszenie.pdf\">21 grudnia 2023 &#8211; &#8222;Czas na (przed)\u015bwi\u0105teczne eksperymentowanie&#8221;<\/a><br>                           <a href=\"https:\/\/physics.uwb.edu.pl\/wf\/ptf\/wp-content\/uploads\/sites\/24\/2024\/02\/2023_12_21_KMO_notatki_z_eksperymentu.pdf\">&#8211; notatki z zaj\u0119\u0107<\/a><\/td><td><a href=\"https:\/\/www.facebook.com\/PTFBialystok\/posts\/pfbid023zGEf6GxCNyRJEktnb5RMYXGV2uVPrBLJREXRbCFLZHdBABVmWzZNFTYsKLGmHzHl\">Facebook<\/a><br><a href=\"https:\/\/www.instagram.com\/p\/C1Ju9Rsofld\/?img_index=1\">Instagram<\/a><\/td><\/tr><tr><td><a href=\"https:\/\/physics.uwb.edu.pl\/wf\/ptf\/wp-content\/uploads\/sites\/24\/2023\/11\/2023_11_23_KMO_ogloszenie.pdf\">23 listopada 2023 &#8211; &#8222;Prawo Archimedesa i niewa\u017ckie ciecze&#8221;<\/a><br>                           <a href=\"https:\/\/physics.uwb.edu.pl\/wf\/ptf\/wp-content\/uploads\/sites\/24\/2024\/02\/2023_11_23_KMO_notatki_z_eksperymentu.pdf\">&#8211; notatki z zaj\u0119\u0107<\/a><\/td><td><a href=\"https:\/\/www.facebook.com\/PTFBialystok\/posts\/pfbid01Li2wbnNun7bQZ59aTJtvVebgVfQFikv3SmBtMRBc1ejYExZbuqYttfjqgdXvgwGl\">Facebook<\/a><br><a href=\"https:\/\/www.instagram.com\/p\/C0BnoOjoEv0\/?img_index=1\">Instagram<\/a><\/td><\/tr><tr><td><a href=\"https:\/\/physics.uwb.edu.pl\/wf\/ptf\/wp-content\/uploads\/sites\/24\/2023\/10\/2023_10_26_KMO_ogloszenie.pdf\">26 pa\u017adziernika 2023 &#8211; &#8222;Pom\u00f3wmy o energii przy koszyk\u00f3wce&#8221;<\/a><br>                           <a href=\"https:\/\/physics.uwb.edu.pl\/wf\/ptf\/wp-content\/uploads\/sites\/24\/2024\/02\/2023_10_26_KMO_notatki_z_eksperymentu.pdf\">&#8211; notatki z zaj\u0119\u0107<\/a><\/td><td><a href=\"https:\/\/www.facebook.com\/PTFBialystok\/posts\/pfbid0Tt7HimRgWb7esxzLWwufBbcnRDiV8LfFUkC4FxCBujCvVZw7PVR9Xwa4JW6FsYc2l\">Facebook<\/a><br><a href=\"https:\/\/www.instagram.com\/p\/Cy5jQDRoBCG\/?utm_source=ig_web_copy_link&amp;igshid=MzRlODBiNWFlZA==\">Instagram<\/a><\/td><\/tr><tr><td><a href=\"https:\/\/physics.uwb.edu.pl\/wf\/ptf\/wp-content\/uploads\/sites\/24\/2023\/09\/2023_05_31_KMO_ogloszenie.pdf\">31 maja 2023 &#8211; &#8222;Czy robot mo\u017ce zast\u0105pi\u0107 cz\u0142owieka?&#8221;<\/a><br>                           <a href=\"https:\/\/physics.uwb.edu.pl\/wf\/ptf\/wp-content\/uploads\/sites\/24\/2024\/02\/2023_05_31_KMO_notatki_z_eksperymentu.pdf\">&#8211; notatki z zaj\u0119\u0107<\/a><\/td><td><a href=\"https:\/\/www.facebook.com\/media\/set\/?set=a.270924055452409&amp;type=3\">Facebook<\/a><br><a href=\"https:\/\/www.instagram.com\/p\/Cs-xn-EoizW\/?img_index=1\">Instagram<\/a><\/td><\/tr><tr><td><a href=\"https:\/\/physics.uwb.edu.pl\/wf\/ptf\/wp-content\/uploads\/sites\/24\/2023\/09\/2023_04_26_KMO_ogloszenie.pdf\">26 kwietnia 2023 &#8211; &#8222;Wahade\u0142ko prawd\u0119 Ci powie?&#8221;<\/a><br>                           <a href=\"https:\/\/physics.uwb.edu.pl\/wf\/ptf\/wp-content\/uploads\/sites\/24\/2024\/02\/2023_04_26_KMO_notatki_z_eksperymentu.pdf\">&#8211; notatki z zaj\u0119\u0107<\/a><\/td><td><a href=\"https:\/\/www.facebook.com\/media\/set\/?set=a.250079947536820&amp;type=3\">Facebook<\/a><br><a href=\"https:\/\/www.instagram.com\/p\/CriwPd2IzKt\/?img_index=1\">Instagram<\/a><\/td><\/tr><tr><td><a href=\"https:\/\/physics.uwb.edu.pl\/wf\/ptf\/wp-content\/uploads\/sites\/24\/2023\/09\/2023_03_29_KMO_ogloszenie.pdf\">29 marca 2023 &#8211; &#8222;Co \u0142\u0105czy wahad\u0142o, czas i grawitacj\u0119?&#8221;<\/a><br>                           <a href=\"https:\/\/physics.uwb.edu.pl\/wf\/ptf\/wp-content\/uploads\/sites\/24\/2024\/02\/2023_03_29_KMO_notatki_z_eksperymentu.pdf\">&#8211; notatki z zaj\u0119\u0107<\/a><\/td><td><a href=\"https:\/\/www.facebook.com\/media\/set\/?set=a.234488502429298&amp;type=3\">Facebook<\/a><br><a href=\"https:\/\/www.instagram.com\/p\/Cqac-gLspaX\/?img_index=1\">Instagram<\/a><\/td><\/tr><tr><td><a href=\"https:\/\/physics.uwb.edu.pl\/wf\/ptf\/wp-content\/uploads\/sites\/24\/2023\/10\/2023_02_22_KMO_ogloszenie.pdf\">22 lutego 2023 \u2013 \u201eJak to naprawd\u0119 by\u0142o z Newtonem, jab\u0142kiem i grawitacj\u0105?\u201d<\/a><\/td><td><a href=\"https:\/\/www.facebook.com\/PTFBialystok\/posts\/pfbid0FuqgM7sYZpELX1MmS6iz2VTN5tn29XpzeqtNde27ZH28jvL5EZPdfRUNowu3HtaVl\">Facebook<\/a><br><a href=\"https:\/\/www.instagram.com\/p\/CpANuAUoI_-\/?img_index=1\">Instagram<\/a><\/td><\/tr><tr><td><a href=\"https:\/\/physics.uwb.edu.pl\/wf\/ptf\/wp-content\/uploads\/sites\/24\/2023\/10\/2023_01_18_KMO_ogloszenie.pdf\">18 stycznia 2023 \u2013 \u201eCzy \u015bwiat jest doskonale uporz\u0105dkowany?\u201d<\/a><\/td><td><a href=\"https:\/\/www.facebook.com\/PTFBialystok\/posts\/pfbid02tqtMD2LvBHsDSMvMzCsk1H49Vb5g7M3yak2WqySD7X3hGipipLCM1RLPGfsdk5o6l\">Facebook<\/a><br><a href=\"https:\/\/www.instagram.com\/p\/CnpdnDCo8_a\/?img_index=1\">Instagram<\/a><\/td><\/tr><\/tbody><\/table><\/figure>\n","protected":false},"excerpt":{"rendered":"<p>Og\u00f3lne za\u0142o\u017cenia: Klub M\u0142odego Odkrywcy to&nbsp;popularnonaukowa formu\u0142a edukacyjna, zainicjowana i&nbsp;koordynowana przez&nbsp;warszawskie Centrum Nauki Kopernik. Podczas spotka\u0144 KMO najwa\u017cniejsze jest osobiste zaanga\u017cowanie \u2013 m\u0142odzie\u017c i&nbsp;dzieci wsp\u00f3lnie eksperymentuj\u0105 pod&nbsp;okiem opiekun\u00f3w, samodzielnie zdobywaj\u0105c wiedz\u0119 i&nbsp;buduj\u0105c umiej\u0119tno\u015bci. Od stycznia 2023 roku Wydzia\u0142 Fizyki oraz Oddzia\u0142 Bia\u0142ostocki Polskiego Towarzystwa Fizycznego zapraszaj\u0105 do udzia\u0142u w Klubie M\u0142odego Odkrywcy \u201eNewton, Einstein a [&hellip;]<\/p>\n","protected":false},"author":25,"featured_media":0,"parent":0,"menu_order":0,"comment_status":"closed","ping_status":"closed","template":"","meta":{"site-sidebar-layout":"default","site-content-layout":"","ast-site-content-layout":"default","site-content-style":"default","site-sidebar-style":"default","ast-global-header-display":"","ast-banner-title-visibility":"","ast-main-header-display":"","ast-hfb-above-header-display":"","ast-hfb-below-header-display":"","ast-hfb-mobile-header-display":"","site-post-title":"","ast-breadcrumbs-content":"","ast-featured-img":"","footer-sml-layout":"","ast-disable-related-posts":"","theme-transparent-header-meta":"","adv-header-id-meta":"","stick-header-meta":"","header-above-stick-meta":"","header-main-stick-meta":"","header-below-stick-meta":"","astra-migrate-meta-layouts":"set","ast-page-background-enabled":"default","ast-page-background-meta":{"desktop":{"background-color":"var(--ast-global-color-4)","background-image":"","background-repeat":"repeat","background-position":"center center","background-size":"auto","background-attachment":"scroll","background-type":"","background-media":"","overlay-type":"","overlay-color":"","overlay-opacity":"","overlay-gradient":""},"tablet":{"background-color":"","background-image":"","background-repeat":"repeat","background-position":"center center","background-size":"auto","background-attachment":"scroll","background-type":"","background-media":"","overlay-type":"","overlay-color":"","overlay-opacity":"","overlay-gradient":""},"mobile":{"background-color":"","background-image":"","background-repeat":"repeat","background-position":"center center","background-size":"auto","background-attachment":"scroll","background-type":"","background-media":"","overlay-type":"","overlay-color":"","overlay-opacity":"","overlay-gradient":""}},"ast-content-background-meta":{"desktop":{"background-color":"var(--ast-global-color-5)","background-image":"","background-repeat":"repeat","background-position":"center center","background-size":"auto","background-attachment":"scroll","background-type":"","background-media":"","overlay-type":"","overlay-color":"","overlay-opacity":"","overlay-gradient":""},"tablet":{"background-color":"var(--ast-global-color-5)","background-image":"","background-repeat":"repeat","background-position":"center center","background-size":"auto","background-attachment":"scroll","background-type":"","background-media":"","overlay-type":"","overlay-color":"","overlay-opacity":"","overlay-gradient":""},"mobile":{"background-color":"var(--ast-global-color-5)","background-image":"","background-repeat":"repeat","background-position":"center center","background-size":"auto","background-attachment":"scroll","background-type":"","background-media":"","overlay-type":"","overlay-color":"","overlay-opacity":"","overlay-gradient":""}},"ngg_post_thumbnail":0,"footnotes":""},"class_list":["post-389","page","type-page","status-publish","hentry"],"_links":{"self":[{"href":"https:\/\/physics.uwb.edu.pl\/wf\/ptf\/wp-json\/wp\/v2\/pages\/389","targetHints":{"allow":["GET"]}}],"collection":[{"href":"https:\/\/physics.uwb.edu.pl\/wf\/ptf\/wp-json\/wp\/v2\/pages"}],"about":[{"href":"https:\/\/physics.uwb.edu.pl\/wf\/ptf\/wp-json\/wp\/v2\/types\/page"}],"author":[{"embeddable":true,"href":"https:\/\/physics.uwb.edu.pl\/wf\/ptf\/wp-json\/wp\/v2\/users\/25"}],"replies":[{"embeddable":true,"href":"https:\/\/physics.uwb.edu.pl\/wf\/ptf\/wp-json\/wp\/v2\/comments?post=389"}],"version-history":[{"count":24,"href":"https:\/\/physics.uwb.edu.pl\/wf\/ptf\/wp-json\/wp\/v2\/pages\/389\/revisions"}],"predecessor-version":[{"id":1389,"href":"https:\/\/physics.uwb.edu.pl\/wf\/ptf\/wp-json\/wp\/v2\/pages\/389\/revisions\/1389"}],"wp:attachment":[{"href":"https:\/\/physics.uwb.edu.pl\/wf\/ptf\/wp-json\/wp\/v2\/media?parent=389"}],"curies":[{"name":"wp","href":"https:\/\/api.w.org\/{rel}","templated":true}]}}