{"id":392,"date":"2023-09-20T07:57:55","date_gmt":"2023-09-20T07:57:55","guid":{"rendered":"https:\/\/physics.uwb.edu.pl\/wf\/ptf\/?page_id=392"},"modified":"2023-12-12T11:16:36","modified_gmt":"2023-12-12T11:16:36","slug":"warsztaty-doskonale-uporzadkowany-swiat","status":"publish","type":"page","link":"https:\/\/physics.uwb.edu.pl\/wf\/ptf\/warsztaty-doskonale-uporzadkowany-swiat\/","title":{"rendered":"Warsztaty &#8222;Doskonale Uporz\u0105dkowany \u015awiat&#8221;"},"content":{"rendered":"\n<p>Laboratorium Bada\u0144 Strukturalnych oraz Oddzia\u0142 Bia\u0142ostocki Polskiego Towarzystwa Fizycznego zapraszaj\u0105 na:<\/p>\n\n\n\n<figure class=\"wp-block-image aligncenter size-full\"><img loading=\"lazy\" decoding=\"async\" width=\"794\" height=\"371\" src=\"http:\/\/physics.uwb.edu.pl\/wf\/ptf\/wp-content\/uploads\/sites\/24\/2023\/09\/Warsztaty_DUS_01.png\" alt=\"\" class=\"wp-image-441\" srcset=\"https:\/\/physics.uwb.edu.pl\/wf\/ptf\/wp-content\/uploads\/sites\/24\/2023\/09\/Warsztaty_DUS_01.png 794w, https:\/\/physics.uwb.edu.pl\/wf\/ptf\/wp-content\/uploads\/sites\/24\/2023\/09\/Warsztaty_DUS_01-300x140.png 300w, https:\/\/physics.uwb.edu.pl\/wf\/ptf\/wp-content\/uploads\/sites\/24\/2023\/09\/Warsztaty_DUS_01-768x359.png 768w\" sizes=\"auto, (max-width: 794px) 100vw, 794px\" \/><\/figure>\n\n\n\n<p>Od <strong><em>15 pa\u017adziernika 2022<\/em><\/strong> roku w Katedrze Fizyki Materii Skondensowanej&nbsp; <strong>Wydzia\u0142u Fizyki UwB<\/strong> ruszaj\u0105 warsztaty z m\u0142odzie\u017c\u0105 szk\u00f3\u0142 podstawowych i ponadpodstawowych. Celem zaj\u0119\u0107 warsztatowych b\u0119dzie zapoznanie uczni\u00f3w z w\u0142asno\u015bciami powszechnie stosowanych oraz inteligentnych, tak modnych ostatnio materia\u0142\u00f3w, w oparciu o ich wewn\u0119trzn\u0105 budow\u0119. Modele klasycznych struktur krystalicznych pos\u0142u\u017c\u0105 wizualizacji uk\u0142ad\u00f3w doskonale uporz\u0105dkowanych. Warsztaty adresowane s\u0105 zar\u00f3wno do&nbsp;mi\u0142o\u015bnik\u00f3w nauk przyrodniczych jak i <strong>uczni\u00f3w<\/strong> zainteresowanych fizyk\u0105 w wymiarze przekraczaj\u0105cym program szkolny.<\/p>\n\n\n\n<figure class=\"wp-block-image aligncenter size-full\"><img loading=\"lazy\" decoding=\"async\" width=\"596\" height=\"282\" src=\"https:\/\/physics.uwb.edu.pl\/wf\/ptf\/wp-content\/uploads\/sites\/24\/2023\/09\/obraz-2.png\" alt=\"\" class=\"wp-image-443\" srcset=\"https:\/\/physics.uwb.edu.pl\/wf\/ptf\/wp-content\/uploads\/sites\/24\/2023\/09\/obraz-2.png 596w, https:\/\/physics.uwb.edu.pl\/wf\/ptf\/wp-content\/uploads\/sites\/24\/2023\/09\/obraz-2-300x142.png 300w\" sizes=\"auto, (max-width: 596px) 100vw, 596px\" \/><\/figure>\n\n\n\n<p class=\"has-black-color has-text-color\">Warsztaty pod has\u0142em <strong><em>Doskonale uporz\u0105dkowany \u015bwiat (DU\u015a)<\/em><\/strong> odbywa\u0107 si\u0119 b\u0119d\u0105 w <strong>sali 2008<\/strong> w <strong>poniedzia\u0142ki<\/strong> w godzinach <strong>9:45 \u2013 11:15<\/strong> lub <strong>11:30 \u2013 13:00<\/strong>. Ich realizacja przewidziana jest na pe\u0142ny rok akademicki 2022\/2023.<\/p>\n\n\n\n<p>Warsztaty DU\u015a realizowane s\u0105 przy wsparciu finansowym Oddzia\u0142u PAN w Olsztynie i w Bia\u0142ymstoku z siedzib\u0105 w Olsztynie oraz Wydzia\u0142u Fizyki UwB (umowa nr PAN.BFB.S.BUPN.281.022.2022).<\/p>\n\n\n\n<p>Serdecznie zapraszamy opiekun\u00f3w grup do rejestracji pod adresem: <strong>w.olszewski@uwb.edu.pl<\/strong><\/p>\n\n\n\n<p>Prowadz\u0105cy warsztaty:<br>dr hab. Katarzyna Re\u0107ko, prof. UwB<br>dr Wojciech Olszewski<\/p>\n","protected":false},"excerpt":{"rendered":"<p>Laboratorium Bada\u0144 Strukturalnych oraz Oddzia\u0142 Bia\u0142ostocki Polskiego Towarzystwa Fizycznego zapraszaj\u0105 na: Od 15 pa\u017adziernika 2022 roku w Katedrze Fizyki Materii Skondensowanej&nbsp; Wydzia\u0142u Fizyki UwB ruszaj\u0105 warsztaty z m\u0142odzie\u017c\u0105 szk\u00f3\u0142 podstawowych i ponadpodstawowych. Celem zaj\u0119\u0107 warsztatowych b\u0119dzie zapoznanie uczni\u00f3w z w\u0142asno\u015bciami powszechnie stosowanych oraz inteligentnych, tak modnych ostatnio materia\u0142\u00f3w, w oparciu o ich wewn\u0119trzn\u0105 budow\u0119. Modele [&hellip;]<\/p>\n","protected":false},"author":25,"featured_media":0,"parent":0,"menu_order":0,"comment_status":"closed","ping_status":"closed","template":"","meta":{"site-sidebar-layout":"default","site-content-layout":"","ast-site-content-layout":"default","site-content-style":"default","site-sidebar-style":"default","ast-global-header-display":"","ast-banner-title-visibility":"","ast-main-header-display":"","ast-hfb-above-header-display":"","ast-hfb-below-header-display":"","ast-hfb-mobile-header-display":"","site-post-title":"","ast-breadcrumbs-content":"","ast-featured-img":"","footer-sml-layout":"","ast-disable-related-posts":"","theme-transparent-header-meta":"","adv-header-id-meta":"","stick-header-meta":"","header-above-stick-meta":"","header-main-stick-meta":"","header-below-stick-meta":"","astra-migrate-meta-layouts":"set","ast-page-background-enabled":"default","ast-page-background-meta":{"desktop":{"background-color":"var(--ast-global-color-4)","background-image":"","background-repeat":"repeat","background-position":"center center","background-size":"auto","background-attachment":"scroll","background-type":"","background-media":"","overlay-type":"","overlay-color":"","overlay-opacity":"","overlay-gradient":""},"tablet":{"background-color":"","background-image":"","background-repeat":"repeat","background-position":"center center","background-size":"auto","background-attachment":"scroll","background-type":"","background-media":"","overlay-type":"","overlay-color":"","overlay-opacity":"","overlay-gradient":""},"mobile":{"background-color":"","background-image":"","background-repeat":"repeat","background-position":"center center","background-size":"auto","background-attachment":"scroll","background-type":"","background-media":"","overlay-type":"","overlay-color":"","overlay-opacity":"","overlay-gradient":""}},"ast-content-background-meta":{"desktop":{"background-color":"var(--ast-global-color-5)","background-image":"","background-repeat":"repeat","background-position":"center center","background-size":"auto","background-attachment":"scroll","background-type":"","background-media":"","overlay-type":"","overlay-color":"","overlay-opacity":"","overlay-gradient":""},"tablet":{"background-color":"var(--ast-global-color-5)","background-image":"","background-repeat":"repeat","background-position":"center center","background-size":"auto","background-attachment":"scroll","background-type":"","background-media":"","overlay-type":"","overlay-color":"","overlay-opacity":"","overlay-gradient":""},"mobile":{"background-color":"var(--ast-global-color-5)","background-image":"","background-repeat":"repeat","background-position":"center center","background-size":"auto","background-attachment":"scroll","background-type":"","background-media":"","overlay-type":"","overlay-color":"","overlay-opacity":"","overlay-gradient":""}},"ngg_post_thumbnail":0,"footnotes":""},"class_list":["post-392","page","type-page","status-publish","hentry"],"_links":{"self":[{"href":"https:\/\/physics.uwb.edu.pl\/wf\/ptf\/wp-json\/wp\/v2\/pages\/392","targetHints":{"allow":["GET"]}}],"collection":[{"href":"https:\/\/physics.uwb.edu.pl\/wf\/ptf\/wp-json\/wp\/v2\/pages"}],"about":[{"href":"https:\/\/physics.uwb.edu.pl\/wf\/ptf\/wp-json\/wp\/v2\/types\/page"}],"author":[{"embeddable":true,"href":"https:\/\/physics.uwb.edu.pl\/wf\/ptf\/wp-json\/wp\/v2\/users\/25"}],"replies":[{"embeddable":true,"href":"https:\/\/physics.uwb.edu.pl\/wf\/ptf\/wp-json\/wp\/v2\/comments?post=392"}],"version-history":[{"count":5,"href":"https:\/\/physics.uwb.edu.pl\/wf\/ptf\/wp-json\/wp\/v2\/pages\/392\/revisions"}],"predecessor-version":[{"id":815,"href":"https:\/\/physics.uwb.edu.pl\/wf\/ptf\/wp-json\/wp\/v2\/pages\/392\/revisions\/815"}],"wp:attachment":[{"href":"https:\/\/physics.uwb.edu.pl\/wf\/ptf\/wp-json\/wp\/v2\/media?parent=392"}],"curies":[{"name":"wp","href":"https:\/\/api.w.org\/{rel}","templated":true}]}}