{"id":394,"date":"2023-09-20T07:58:11","date_gmt":"2023-09-20T07:58:11","guid":{"rendered":"https:\/\/physics.uwb.edu.pl\/wf\/ptf\/?page_id=394"},"modified":"2023-09-20T10:49:43","modified_gmt":"2023-09-20T10:49:43","slug":"podlaski-festiwal-nauki-i-sztuki","status":"publish","type":"page","link":"https:\/\/physics.uwb.edu.pl\/wf\/ptf\/podlaski-festiwal-nauki-i-sztuki\/","title":{"rendered":"Podlaski Festiwal Nauki i Sztuki"},"content":{"rendered":"\n<figure class=\"wp-block-image size-large\"><img loading=\"lazy\" decoding=\"async\" width=\"1024\" height=\"256\" src=\"https:\/\/physics.uwb.edu.pl\/wf\/ptf\/wp-content\/uploads\/sites\/24\/2023\/09\/PFNiS-PTF-banner-1024x256.jpg\" alt=\"\" class=\"wp-image-495\" srcset=\"https:\/\/physics.uwb.edu.pl\/wf\/ptf\/wp-content\/uploads\/sites\/24\/2023\/09\/PFNiS-PTF-banner-1024x256.jpg 1024w, https:\/\/physics.uwb.edu.pl\/wf\/ptf\/wp-content\/uploads\/sites\/24\/2023\/09\/PFNiS-PTF-banner-300x75.jpg 300w, https:\/\/physics.uwb.edu.pl\/wf\/ptf\/wp-content\/uploads\/sites\/24\/2023\/09\/PFNiS-PTF-banner-768x192.jpg 768w, https:\/\/physics.uwb.edu.pl\/wf\/ptf\/wp-content\/uploads\/sites\/24\/2023\/09\/PFNiS-PTF-banner.jpg 1200w\" sizes=\"auto, (max-width: 1024px) 100vw, 1024px\" \/><\/figure>\n\n\n\n<p>Cz\u0142onkowie Oddzia\u0142u Bia\u0142ostockiego PTF aktywnie w\u0142\u0105czaj\u0105 si\u0119 w przygotowania <strong>Podlaskiego Festiwalu Nauki i Sztuki<\/strong>.<\/p>\n\n\n\n<p>Jest to najwi\u0119ksza, cykliczna impreza&nbsp; w Polsce p\u00f3\u0142nocno-wschodniej, popularyzuj\u0105ca nauk\u0119 i sztuk\u0119 w spos\u00f3b bardzo przyst\u0119pny. Skierowana jest ona nie tylko do uczni\u00f3w i student\u00f3w, ale te\u017c do przedszkolak\u00f3w i os\u00f3b starszych. Nie liczy si\u0119 ani wiek, ani p\u0142e\u0107, ani wykszta\u0142cenie uczestnika. Liczy si\u0119 CIEKAWO\u015a\u0106!<\/p>\n\n\n\n<p>Celem Festiwalu jest upowszechnianie tematyki i osi\u0105gni\u0119\u0107 naukowych na regionalnych uczelniach wy\u017cszych. Chcemy zwr\u00f3ci\u0107 uwag\u0119 na warto\u015b\u0107 i przydatno\u015b\u0107 bada\u0144 oraz przybli\u017cy\u0107 je w jak najbardziej zrozumia\u0142ej, atrakcyjnej formie, pozwalaj\u0105cej na rozwini\u0119cie ciekawo\u015bci \u015bwiata i rado\u015bci z jego poznawania. Otwarta formu\u0142a oraz r\u00f3\u017cnorodno\u015b\u0107 imprez festiwalowych pozwoli uczestnikom poszerzy\u0107 wiedz\u0119 z zakresu nauk \u015bcis\u0142ych, technicznych, medycznych, przyrodniczych oraz humanistycznych i spo\u0142ecznych. Uczestnicy od kuchni b\u0119d\u0105 mogli pozna\u0107 miejsca na co dzie\u0144 niedost\u0119pne \u2013 laboratoria naukowe i warsztaty pracy naukowc\u00f3w i artyst\u00f3w.<\/p>\n","protected":false},"excerpt":{"rendered":"<p>Cz\u0142onkowie Oddzia\u0142u Bia\u0142ostockiego PTF aktywnie w\u0142\u0105czaj\u0105 si\u0119 w przygotowania Podlaskiego Festiwalu Nauki i Sztuki. Jest to najwi\u0119ksza, cykliczna impreza&nbsp; w Polsce p\u00f3\u0142nocno-wschodniej, popularyzuj\u0105ca nauk\u0119 i sztuk\u0119 w spos\u00f3b bardzo przyst\u0119pny. Skierowana jest ona nie tylko do uczni\u00f3w i student\u00f3w, ale te\u017c do przedszkolak\u00f3w i os\u00f3b starszych. Nie liczy si\u0119 ani wiek, ani p\u0142e\u0107, ani wykszta\u0142cenie [&hellip;]<\/p>\n","protected":false},"author":25,"featured_media":0,"parent":0,"menu_order":0,"comment_status":"closed","ping_status":"closed","template":"","meta":{"site-sidebar-layout":"default","site-content-layout":"","ast-site-content-layout":"default","site-content-style":"default","site-sidebar-style":"default","ast-global-header-display":"","ast-banner-title-visibility":"","ast-main-header-display":"","ast-hfb-above-header-display":"","ast-hfb-below-header-display":"","ast-hfb-mobile-header-display":"","site-post-title":"","ast-breadcrumbs-content":"","ast-featured-img":"","footer-sml-layout":"","ast-disable-related-posts":"","theme-transparent-header-meta":"","adv-header-id-meta":"","stick-header-meta":"","header-above-stick-meta":"","header-main-stick-meta":"","header-below-stick-meta":"","astra-migrate-meta-layouts":"set","ast-page-background-enabled":"default","ast-page-background-meta":{"desktop":{"background-color":"var(--ast-global-color-4)","background-image":"","background-repeat":"repeat","background-position":"center center","background-size":"auto","background-attachment":"scroll","background-type":"","background-media":"","overlay-type":"","overlay-color":"","overlay-opacity":"","overlay-gradient":""},"tablet":{"background-color":"","background-image":"","background-repeat":"repeat","background-position":"center center","background-size":"auto","background-attachment":"scroll","background-type":"","background-media":"","overlay-type":"","overlay-color":"","overlay-opacity":"","overlay-gradient":""},"mobile":{"background-color":"","background-image":"","background-repeat":"repeat","background-position":"center center","background-size":"auto","background-attachment":"scroll","background-type":"","background-media":"","overlay-type":"","overlay-color":"","overlay-opacity":"","overlay-gradient":""}},"ast-content-background-meta":{"desktop":{"background-color":"var(--ast-global-color-5)","background-image":"","background-repeat":"repeat","background-position":"center center","background-size":"auto","background-attachment":"scroll","background-type":"","background-media":"","overlay-type":"","overlay-color":"","overlay-opacity":"","overlay-gradient":""},"tablet":{"background-color":"var(--ast-global-color-5)","background-image":"","background-repeat":"repeat","background-position":"center center","background-size":"auto","background-attachment":"scroll","background-type":"","background-media":"","overlay-type":"","overlay-color":"","overlay-opacity":"","overlay-gradient":""},"mobile":{"background-color":"var(--ast-global-color-5)","background-image":"","background-repeat":"repeat","background-position":"center center","background-size":"auto","background-attachment":"scroll","background-type":"","background-media":"","overlay-type":"","overlay-color":"","overlay-opacity":"","overlay-gradient":""}},"ngg_post_thumbnail":0,"footnotes":""},"class_list":["post-394","page","type-page","status-publish","hentry"],"_links":{"self":[{"href":"https:\/\/physics.uwb.edu.pl\/wf\/ptf\/wp-json\/wp\/v2\/pages\/394","targetHints":{"allow":["GET"]}}],"collection":[{"href":"https:\/\/physics.uwb.edu.pl\/wf\/ptf\/wp-json\/wp\/v2\/pages"}],"about":[{"href":"https:\/\/physics.uwb.edu.pl\/wf\/ptf\/wp-json\/wp\/v2\/types\/page"}],"author":[{"embeddable":true,"href":"https:\/\/physics.uwb.edu.pl\/wf\/ptf\/wp-json\/wp\/v2\/users\/25"}],"replies":[{"embeddable":true,"href":"https:\/\/physics.uwb.edu.pl\/wf\/ptf\/wp-json\/wp\/v2\/comments?post=394"}],"version-history":[{"count":2,"href":"https:\/\/physics.uwb.edu.pl\/wf\/ptf\/wp-json\/wp\/v2\/pages\/394\/revisions"}],"predecessor-version":[{"id":496,"href":"https:\/\/physics.uwb.edu.pl\/wf\/ptf\/wp-json\/wp\/v2\/pages\/394\/revisions\/496"}],"wp:attachment":[{"href":"https:\/\/physics.uwb.edu.pl\/wf\/ptf\/wp-json\/wp\/v2\/media?parent=394"}],"curies":[{"name":"wp","href":"https:\/\/api.w.org\/{rel}","templated":true}]}}