{"id":398,"date":"2023-09-20T07:59:26","date_gmt":"2023-09-20T07:59:26","guid":{"rendered":"https:\/\/physics.uwb.edu.pl\/wf\/ptf\/?page_id=398"},"modified":"2023-09-20T09:54:41","modified_gmt":"2023-09-20T09:54:41","slug":"obchody-roku-mieczyslawa-wolfkego-2022","status":"publish","type":"page","link":"https:\/\/physics.uwb.edu.pl\/wf\/ptf\/obchody-roku-mieczyslawa-wolfkego-2022\/","title":{"rendered":"Obchody roku Mieczys\u0142awa Wolfkego 2022"},"content":{"rendered":"\n<figure class=\"wp-block-table\"><table class=\"has-border-color has-ast-global-color-5-border-color has-fixed-layout\"><tbody><tr><td class=\"has-text-align-center\" data-align=\"center\"><img loading=\"lazy\" decoding=\"async\" width=\"435\" height=\"244\" src=\"https:\/\/physics.uwb.edu.pl\/wf\/ptf\/wp-content\/uploads\/sites\/24\/2023\/09\/20221011_141727-1024x576.jpg\" alt=\"\"><\/td><td class=\"has-text-align-center\" data-align=\"center\"><img loading=\"lazy\" decoding=\"async\" width=\"435\" height=\"245\" src=\"https:\/\/physics.uwb.edu.pl\/wf\/ptf\/wp-content\/uploads\/sites\/24\/2023\/09\/20221011_151926-1024x576.jpg\" alt=\"\"><\/td><\/tr><\/tbody><\/table><\/figure>\n\n\n\n<p>W ramach obchod\u00f3w Roku Mieczys\u0142awa Wolfkego Wydzia\u0142 Fizyki Uniwersytetu w Bia\u0142ymstoku we wsp\u00f3\u0142pracy z Politechnik\u0105 Warszawsk\u0105 zorganizowa\u0142 piknik naukowy po\u015bwi\u0119cony temu pionierowi fizyki technicznej w Polsce.<\/p>\n\n\n\n<p>11.10.2022 uczestnicy pikniku mogli wys\u0142ucha\u0107 wyk\u0142adu po\u015bwi\u0119conego \u017cyciu i dokonaniom tego znakomitego polskiego fizyka. Prelekcj\u0119 wyg\u0142osi\u0142 dr Krzysztof Petelczyc z Wydzia\u0142u Fizyki PW \u2013 wsp\u00f3\u0142autor biografii Wolfkego. Po wyk\u0142adzie studenci i doktoranci z Wydzia\u0142\u00f3w Fizyki UwB oraz PW pokazali jak bawi\u0107 si\u0119 fizyk\u0105 i inspirowa\u0107 ni\u0105 nawet najm\u0142odsze pokolenie. W ramach wsp\u00f3lnego eksperymentowania mo\u017cna by\u0142o zobaczy\u0107 odtworzone urz\u0105dzenie odbiorcze telewizji mechanicznej inspirowane patentem szesnastoletniego Wolfkego. Nie mniejszym zainteresowaniem cieszy\u0142y si\u0119 pokazy z holografii i z optyki dyfrakcyjnej (kt\u00f3rej Wolfke po\u015bwi\u0119ci\u0142 doktorat), w tym na obiektach magnetycznych, kt\u00f3rych badania s\u0105 specjalno\u015bci\u0105 bia\u0142ostockich fizyk\u00f3w. W programie nie zabrak\u0142o r\u00f3wnie\u017c eksperyment\u00f3w z fizyki niskich temperatur, z kt\u00f3r\u0105 Mieczys\u0142aw Wolfke zwi\u0105za\u0142 swoje osi\u0105gni\u0119cia po powrocie do wolnej Polski.<\/p>\n\n\n\n<p>Pe\u0142na galeria zdj\u0119\u0107 z wydarzenia dost\u0119pna jest na profilu facebookowym Oddzia\u0142u Bia\u0142ostockiego Polskiego Towarzystwa Fizycznego: <a href=\"https:\/\/www.facebook.com\/PTFBialystok\/\">https:\/\/www.facebook.com\/PTFBialystok\/<\/a><\/p>\n\n\n\n<p class=\"has-text-align-right\"><strong><em>Tekst i zdj\u0119cia:<\/em><\/strong> Wojciech Olszewski<\/p>\n","protected":false},"excerpt":{"rendered":"<p>W ramach obchod\u00f3w Roku Mieczys\u0142awa Wolfkego Wydzia\u0142 Fizyki Uniwersytetu w Bia\u0142ymstoku we wsp\u00f3\u0142pracy z Politechnik\u0105 Warszawsk\u0105 zorganizowa\u0142 piknik naukowy po\u015bwi\u0119cony temu pionierowi fizyki technicznej w Polsce. 11.10.2022 uczestnicy pikniku mogli wys\u0142ucha\u0107 wyk\u0142adu po\u015bwi\u0119conego \u017cyciu i dokonaniom tego znakomitego polskiego fizyka. Prelekcj\u0119 wyg\u0142osi\u0142 dr Krzysztof Petelczyc z Wydzia\u0142u Fizyki PW \u2013 wsp\u00f3\u0142autor biografii Wolfkego. Po wyk\u0142adzie [&hellip;]<\/p>\n","protected":false},"author":25,"featured_media":0,"parent":0,"menu_order":0,"comment_status":"closed","ping_status":"closed","template":"","meta":{"site-sidebar-layout":"default","site-content-layout":"","ast-site-content-layout":"default","site-content-style":"default","site-sidebar-style":"default","ast-global-header-display":"","ast-banner-title-visibility":"","ast-main-header-display":"","ast-hfb-above-header-display":"","ast-hfb-below-header-display":"","ast-hfb-mobile-header-display":"","site-post-title":"","ast-breadcrumbs-content":"","ast-featured-img":"","footer-sml-layout":"","ast-disable-related-posts":"","theme-transparent-header-meta":"","adv-header-id-meta":"","stick-header-meta":"","header-above-stick-meta":"","header-main-stick-meta":"","header-below-stick-meta":"","astra-migrate-meta-layouts":"set","ast-page-background-enabled":"default","ast-page-background-meta":{"desktop":{"background-color":"var(--ast-global-color-4)","background-image":"","background-repeat":"repeat","background-position":"center center","background-size":"auto","background-attachment":"scroll","background-type":"","background-media":"","overlay-type":"","overlay-color":"","overlay-opacity":"","overlay-gradient":""},"tablet":{"background-color":"","background-image":"","background-repeat":"repeat","background-position":"center center","background-size":"auto","background-attachment":"scroll","background-type":"","background-media":"","overlay-type":"","overlay-color":"","overlay-opacity":"","overlay-gradient":""},"mobile":{"background-color":"","background-image":"","background-repeat":"repeat","background-position":"center center","background-size":"auto","background-attachment":"scroll","background-type":"","background-media":"","overlay-type":"","overlay-color":"","overlay-opacity":"","overlay-gradient":""}},"ast-content-background-meta":{"desktop":{"background-color":"var(--ast-global-color-5)","background-image":"","background-repeat":"repeat","background-position":"center center","background-size":"auto","background-attachment":"scroll","background-type":"","background-media":"","overlay-type":"","overlay-color":"","overlay-opacity":"","overlay-gradient":""},"tablet":{"background-color":"var(--ast-global-color-5)","background-image":"","background-repeat":"repeat","background-position":"center center","background-size":"auto","background-attachment":"scroll","background-type":"","background-media":"","overlay-type":"","overlay-color":"","overlay-opacity":"","overlay-gradient":""},"mobile":{"background-color":"var(--ast-global-color-5)","background-image":"","background-repeat":"repeat","background-position":"center center","background-size":"auto","background-attachment":"scroll","background-type":"","background-media":"","overlay-type":"","overlay-color":"","overlay-opacity":"","overlay-gradient":""}},"ngg_post_thumbnail":0,"footnotes":""},"class_list":["post-398","page","type-page","status-publish","hentry"],"_links":{"self":[{"href":"https:\/\/physics.uwb.edu.pl\/wf\/ptf\/wp-json\/wp\/v2\/pages\/398","targetHints":{"allow":["GET"]}}],"collection":[{"href":"https:\/\/physics.uwb.edu.pl\/wf\/ptf\/wp-json\/wp\/v2\/pages"}],"about":[{"href":"https:\/\/physics.uwb.edu.pl\/wf\/ptf\/wp-json\/wp\/v2\/types\/page"}],"author":[{"embeddable":true,"href":"https:\/\/physics.uwb.edu.pl\/wf\/ptf\/wp-json\/wp\/v2\/users\/25"}],"replies":[{"embeddable":true,"href":"https:\/\/physics.uwb.edu.pl\/wf\/ptf\/wp-json\/wp\/v2\/comments?post=398"}],"version-history":[{"count":4,"href":"https:\/\/physics.uwb.edu.pl\/wf\/ptf\/wp-json\/wp\/v2\/pages\/398\/revisions"}],"predecessor-version":[{"id":439,"href":"https:\/\/physics.uwb.edu.pl\/wf\/ptf\/wp-json\/wp\/v2\/pages\/398\/revisions\/439"}],"wp:attachment":[{"href":"https:\/\/physics.uwb.edu.pl\/wf\/ptf\/wp-json\/wp\/v2\/media?parent=398"}],"curies":[{"name":"wp","href":"https:\/\/api.w.org\/{rel}","templated":true}]}}