{"id":506,"date":"2023-09-20T11:03:49","date_gmt":"2023-09-20T11:03:49","guid":{"rendered":"https:\/\/physics.uwb.edu.pl\/wf\/ptf\/?page_id=506"},"modified":"2023-09-20T11:03:50","modified_gmt":"2023-09-20T11:03:50","slug":"xix-podlaski-festiwal-nauki-i-sztuki","status":"publish","type":"page","link":"https:\/\/physics.uwb.edu.pl\/wf\/ptf\/xix-podlaski-festiwal-nauki-i-sztuki\/","title":{"rendered":"XIX Podlaski Festiwal Nauki i Sztuki"},"content":{"rendered":"\n<figure class=\"wp-block-image size-full\"><img loading=\"lazy\" decoding=\"async\" width=\"1024\" height=\"341\" src=\"https:\/\/physics.uwb.edu.pl\/wf\/ptf\/wp-content\/uploads\/sites\/24\/2023\/09\/obraz-5.png\" alt=\"\" class=\"wp-image-507\" srcset=\"https:\/\/physics.uwb.edu.pl\/wf\/ptf\/wp-content\/uploads\/sites\/24\/2023\/09\/obraz-5.png 1024w, https:\/\/physics.uwb.edu.pl\/wf\/ptf\/wp-content\/uploads\/sites\/24\/2023\/09\/obraz-5-300x100.png 300w, https:\/\/physics.uwb.edu.pl\/wf\/ptf\/wp-content\/uploads\/sites\/24\/2023\/09\/obraz-5-768x256.png 768w\" sizes=\"auto, (max-width: 1024px) 100vw, 1024px\" \/><\/figure>\n\n\n\n<h1 class=\"wp-block-heading\"><strong>Og\u0142oszenie:<\/strong><\/h1>\n\n\n\n<p>Wydzia\u0142 Fizyki UwB, Oddzia\u0142 Bia\u0142ostocki Polskiego Towarzystwa Fizycznego oraz Bia\u0142ostocki Oddzia\u0142 Polskiego Towarzystwa Mi\u0142o\u015bnik\u00f3w Astronomii zapraszaj\u0105 na <strong>XIX Podlaski Festiwal Nauki i Sztuki<\/strong>:<\/p>\n\n\n\n<p><strong>14 maja 2023 (10:00 \u2013 16:00)<\/strong>:<br><strong>Rodzinny Piknik Naukowy na Stadionie Miejskim w Bia\u0142ymstoku (ul. S\u0142oneczna 1)<\/strong><br><em>\u201eMakro, mikro, nano \u2013 poznajemy skal\u0119 rzeczy we Wszech\u015bwiecie\u201d<\/em><br>We\u017a udzia\u0142 w niesamowitej podr\u00f3\u017cy od obiekt\u00f3w kosmicznych do najmniejszych cz\u0105stek buduj\u0105cych wszystko co nas otacza. Poznaj r\u00f3\u017cne oblicza podstawowej jednostki d\u0142ugo\u015bci miary \u2013 metra. A to wszystko w prostych oraz przemawiaj\u0105cych do wyobra\u017ani eksperymentach, kt\u00f3re zaciekawi\u0105 zar\u00f3wno dzieci jak i doros\u0142ych. To doskona\u0142a okazja \u017ceby poszerza\u0107 swoj\u0105 wiedz\u0119 i zrobi\u0107 razem co\u015b fascynuj\u0105cego.<\/p>\n\n\n\n<p><strong>16 maja 2023 (9:00 \u2013 14:00):<\/strong><br><strong>Dzie\u0144 na Wydziale Fizyki UwB (ul. K. Cio\u0142kowskiego 1L) oraz Obserwatorium Uniwersyteckim (ul. K. Cio\u0142kowskiego 1P)<\/strong><br>To r\u00f3\u017cnorodna oferta ciekawych wyk\u0142ad\u00f3w, pokaz\u00f3w oraz warsztat\u00f3w z fizyki i astronomii:<\/p>\n\n\n\n<figure class=\"wp-block-image size-large\"><img loading=\"lazy\" decoding=\"async\" width=\"1024\" height=\"683\" src=\"https:\/\/physics.uwb.edu.pl\/wf\/ptf\/wp-content\/uploads\/sites\/24\/2023\/09\/2023-04-13_03_XIX_PFNiS_ogloszenie-1024x683.jpg\" alt=\"\" class=\"wp-image-508\" srcset=\"https:\/\/physics.uwb.edu.pl\/wf\/ptf\/wp-content\/uploads\/sites\/24\/2023\/09\/2023-04-13_03_XIX_PFNiS_ogloszenie-1024x683.jpg 1024w, https:\/\/physics.uwb.edu.pl\/wf\/ptf\/wp-content\/uploads\/sites\/24\/2023\/09\/2023-04-13_03_XIX_PFNiS_ogloszenie-300x200.jpg 300w, https:\/\/physics.uwb.edu.pl\/wf\/ptf\/wp-content\/uploads\/sites\/24\/2023\/09\/2023-04-13_03_XIX_PFNiS_ogloszenie-768x512.jpg 768w, https:\/\/physics.uwb.edu.pl\/wf\/ptf\/wp-content\/uploads\/sites\/24\/2023\/09\/2023-04-13_03_XIX_PFNiS_ogloszenie-1536x1024.jpg 1536w, https:\/\/physics.uwb.edu.pl\/wf\/ptf\/wp-content\/uploads\/sites\/24\/2023\/09\/2023-04-13_03_XIX_PFNiS_ogloszenie-2048x1365.jpg 2048w\" sizes=\"auto, (max-width: 1024px) 100vw, 1024px\" \/><\/figure>\n\n\n\n<p>Wst\u0119p na wszystkie imprezy jest bezp\u0142atny, chocia\u017c na cz\u0119\u015b\u0107 z nich obowi\u0105zuje rejestracja.<br>Szczeg\u00f3\u0142owe informacje o imprezach festiwalowych oraz rejestracja dost\u0119pne s\u0105 na stronie: <a href=\"https:\/\/web.archive.org\/web\/20230428073958\/https:\/podlaskifestiwal.pl\/\">https:\/\/podlaskifestiwal.pl\/<\/a><\/p>\n\n\n\n<p>Zapraszamy serdecznie!<\/p>\n\n\n\n<h1 class=\"wp-block-heading\"><strong>Relacja:<\/strong><\/h1>\n\n\n\n<p>XIX Podlaski Festiwal Nauki i Sztuki ju\u017c za nami.<\/p>\n\n\n\n<figure class=\"wp-block-image aligncenter size-large is-resized\"><img loading=\"lazy\" decoding=\"async\" src=\"https:\/\/physics.uwb.edu.pl\/wf\/ptf\/wp-content\/uploads\/sites\/24\/2023\/09\/DSC_5204-1024x683.jpg\" alt=\"\" class=\"wp-image-509\" style=\"width:702px;height:468px\" width=\"702\" height=\"468\" srcset=\"https:\/\/physics.uwb.edu.pl\/wf\/ptf\/wp-content\/uploads\/sites\/24\/2023\/09\/DSC_5204-1024x683.jpg 1024w, https:\/\/physics.uwb.edu.pl\/wf\/ptf\/wp-content\/uploads\/sites\/24\/2023\/09\/DSC_5204-300x200.jpg 300w, https:\/\/physics.uwb.edu.pl\/wf\/ptf\/wp-content\/uploads\/sites\/24\/2023\/09\/DSC_5204-768x512.jpg 768w, https:\/\/physics.uwb.edu.pl\/wf\/ptf\/wp-content\/uploads\/sites\/24\/2023\/09\/DSC_5204.jpg 1500w\" sizes=\"auto, (max-width: 702px) 100vw, 702px\" \/><\/figure>\n\n\n\n<p>Tegoroczne wsp\u00f3lne eksperymentowanie w ramach Rodzinnego Pikniku Naukowego na Stadionie Miejskim w Bia\u0142ymstoku rozpocz\u0119li\u015bmy 14.05.2023. Mi\u0142o\u015bnicy nauki nie zawiedli. Pocz\u0105wszy od niedzielnego poranka a\u017c po p\u00f3\u017ane popo\u0142udnie t\u0142umnie odwiedzali nasze stanowisko. Ka\u017cdy, niezale\u017cnie od wieku, znalaz\u0142 tu co\u015b dla siebie \u2013 od iluzji optycznych czy lewitacji magnetycznej po zabaw\u0119 programowalnymi robotami. W dzia\u0142aniach tradycyjnie ju\u017c wspar\u0142 nas Bia\u0142ostocki Oddzia\u0142 Polskiego Towarzystwa Mi\u0142o\u015bnik\u00f3w Astronomii (PTMA Bia\u0142ystok) organizuj\u0105c fascynuj\u0105ce obserwacje S\u0142o\u0144ca. Mamy nadziej\u0119, \u017ce nasi sympatyczni go\u015bcie niezale\u017cnie od wieku podzielaj\u0105 opini\u0119 o wsp\u00f3lnie sp\u0119dzonym czasie jako doskona\u0142ej okazji do poszerzania w\u0142asnej wiedzy poprzez fascynuj\u0105c\u0105 prac\u0119 i zabaw\u0119.<\/p>\n\n\n\n<figure class=\"wp-block-image aligncenter size-large is-resized\"><img loading=\"lazy\" decoding=\"async\" src=\"https:\/\/physics.uwb.edu.pl\/wf\/ptf\/wp-content\/uploads\/sites\/24\/2023\/09\/20230516_113922-1024x576.jpg\" alt=\"\" class=\"wp-image-510\" style=\"width:711px;height:400px\" width=\"711\" height=\"400\" srcset=\"https:\/\/physics.uwb.edu.pl\/wf\/ptf\/wp-content\/uploads\/sites\/24\/2023\/09\/20230516_113922-1024x576.jpg 1024w, https:\/\/physics.uwb.edu.pl\/wf\/ptf\/wp-content\/uploads\/sites\/24\/2023\/09\/20230516_113922-300x169.jpg 300w, https:\/\/physics.uwb.edu.pl\/wf\/ptf\/wp-content\/uploads\/sites\/24\/2023\/09\/20230516_113922-768x432.jpg 768w, https:\/\/physics.uwb.edu.pl\/wf\/ptf\/wp-content\/uploads\/sites\/24\/2023\/09\/20230516_113922-1536x864.jpg 1536w, https:\/\/physics.uwb.edu.pl\/wf\/ptf\/wp-content\/uploads\/sites\/24\/2023\/09\/20230516_113922-2048x1152.jpg 2048w\" sizes=\"auto, (max-width: 711px) 100vw, 711px\" \/><\/figure>\n\n\n\n<p>Cieszy nas r\u00f3wnie\u017c, \u017ce spora grupa naszych niedzielnych sympatyk\u00f3w w\u015br\u00f3d wielu nowych odwiedzaj\u0105cych powr\u00f3ci\u0142a ju\u017c 16.05.2023. Dzie\u0144 otwarty sta\u0142 si\u0119 okazj\u0105 do kolejnych spotyka\u0144 tym razem na Wydziale Fizyki Uniwersytetu w Bia\u0142ystoku. Tradycyjnie by\u0142 to niezwykle pracowity czas. Pracownicy i studenci wydzia\u0142u a tak\u017ce cz\u0142onkowie PTMA Bia\u0142ystok przygotowali 25 wydarze\u0144 pozwalaj\u0105cych przybli\u017cy\u0107 r\u00f3\u017cne dzia\u0142y fizyki i astronomii. Wyk\u0142ady, pokazy oraz do\u015bwiadczenia \u201ena \u017cywo\u201d przyci\u0105gn\u0119\u0142y blisko 400 os\u00f3b. Uczestnicy imprez mogli wzi\u0105\u0107 udzia\u0142 w warsztatach na temat czarnego z\u0142ota lub wykona\u0107 eksperyment ze wspomaganiem komputerowym. Mo\u017cna by\u0142o wybra\u0107 si\u0119 na wyk\u0142ad o nanomagnetyzmie b\u0105d\u017a zapozna\u0107 si\u0119 z \u201edomowej produkcji\u201d maszynami CNC. Nie zabrak\u0142o r\u00f3wnie\u017c zaj\u0119\u0107 z astronomii zar\u00f3wno na Placu Syntez jak i w Uniwersyteckim Obserwatorium.<\/p>\n\n\n\n<p>Bardzo dzi\u0119kujemy za ch\u0119\u0107 poznawania nauki i \u017ce byli\u015bcie z nami!<\/p>\n\n\n\n<p>R\u00f3wnie serdecznie dzi\u0119kujemy wszystkim pracownikom i studentom za wielkie zaanga\u017cowanie w przygotowanie oferty Wydzia\u0142u Fizyki.<\/p>\n\n\n\n<p>Na Facebooku (<a href=\"https:\/\/www.facebook.com\/PTFBialystok\/\">https:\/\/www.facebook.com\/PTFBialystok\/<\/a>) oraz Instagramie (<a href=\"https:\/\/www.instagram.com\/ptfbialystok\/\">https:\/\/www.instagram.com\/ptfbialystok\/<\/a>) Oddzia\u0142u Bia\u0142ostockiego Polskiego Towarzystwa Fizycznego dost\u0119pna jest fotorelacja z imprez festiwalowych. Natomiast na kanale YouTube (<a href=\"https:\/\/www.youtube.com\/@PTFBialystok\">https:\/\/www.youtube.com\/@PTFBialystok<\/a>) mo\u017cna obejrze\u0107 relacje wideo oraz zapis wyk\u0142adu dra Zbigniewa Kuranta \u201eMagnetyzm, nanomagnetyzm\u201d. Serdecznie zapraszamy do ogl\u0105dania i komentowania.<\/p>\n\n\n\n<p>Mamy nadziej\u0119, \u017ce widzimy si\u0119 za rok!<\/p>\n\n\n\n<p class=\"has-text-align-right\"><em><strong>Tekst:<\/strong><\/em> Wojciech Olszewski<br><em><strong>Zdj\u0119cia:<\/strong><\/em> Marek Brancewicz i Wojciech Olszewski<\/p>\n","protected":false},"excerpt":{"rendered":"<p>Og\u0142oszenie: Wydzia\u0142 Fizyki UwB, Oddzia\u0142 Bia\u0142ostocki Polskiego Towarzystwa Fizycznego oraz Bia\u0142ostocki Oddzia\u0142 Polskiego Towarzystwa Mi\u0142o\u015bnik\u00f3w Astronomii zapraszaj\u0105 na XIX Podlaski Festiwal Nauki i Sztuki: 14 maja 2023 (10:00 \u2013 16:00):Rodzinny Piknik Naukowy na Stadionie Miejskim w Bia\u0142ymstoku (ul. S\u0142oneczna 1)\u201eMakro, mikro, nano \u2013 poznajemy skal\u0119 rzeczy we Wszech\u015bwiecie\u201dWe\u017a udzia\u0142 w niesamowitej podr\u00f3\u017cy od obiekt\u00f3w kosmicznych [&hellip;]<\/p>\n","protected":false},"author":25,"featured_media":0,"parent":0,"menu_order":0,"comment_status":"closed","ping_status":"closed","template":"","meta":{"site-sidebar-layout":"default","site-content-layout":"","ast-site-content-layout":"default","site-content-style":"default","site-sidebar-style":"default","ast-global-header-display":"","ast-banner-title-visibility":"","ast-main-header-display":"","ast-hfb-above-header-display":"","ast-hfb-below-header-display":"","ast-hfb-mobile-header-display":"","site-post-title":"","ast-breadcrumbs-content":"","ast-featured-img":"","footer-sml-layout":"","ast-disable-related-posts":"","theme-transparent-header-meta":"","adv-header-id-meta":"","stick-header-meta":"","header-above-stick-meta":"","header-main-stick-meta":"","header-below-stick-meta":"","astra-migrate-meta-layouts":"set","ast-page-background-enabled":"default","ast-page-background-meta":{"desktop":{"background-color":"var(--ast-global-color-4)","background-image":"","background-repeat":"repeat","background-position":"center center","background-size":"auto","background-attachment":"scroll","background-type":"","background-media":"","overlay-type":"","overlay-color":"","overlay-opacity":"","overlay-gradient":""},"tablet":{"background-color":"","background-image":"","background-repeat":"repeat","background-position":"center center","background-size":"auto","background-attachment":"scroll","background-type":"","background-media":"","overlay-type":"","overlay-color":"","overlay-opacity":"","overlay-gradient":""},"mobile":{"background-color":"","background-image":"","background-repeat":"repeat","background-position":"center center","background-size":"auto","background-attachment":"scroll","background-type":"","background-media":"","overlay-type":"","overlay-color":"","overlay-opacity":"","overlay-gradient":""}},"ast-content-background-meta":{"desktop":{"background-color":"var(--ast-global-color-5)","background-image":"","background-repeat":"repeat","background-position":"center center","background-size":"auto","background-attachment":"scroll","background-type":"","background-media":"","overlay-type":"","overlay-color":"","overlay-opacity":"","overlay-gradient":""},"tablet":{"background-color":"var(--ast-global-color-5)","background-image":"","background-repeat":"repeat","background-position":"center center","background-size":"auto","background-attachment":"scroll","background-type":"","background-media":"","overlay-type":"","overlay-color":"","overlay-opacity":"","overlay-gradient":""},"mobile":{"background-color":"var(--ast-global-color-5)","background-image":"","background-repeat":"repeat","background-position":"center center","background-size":"auto","background-attachment":"scroll","background-type":"","background-media":"","overlay-type":"","overlay-color":"","overlay-opacity":"","overlay-gradient":""}},"ngg_post_thumbnail":0,"footnotes":""},"class_list":["post-506","page","type-page","status-publish","hentry"],"_links":{"self":[{"href":"https:\/\/physics.uwb.edu.pl\/wf\/ptf\/wp-json\/wp\/v2\/pages\/506","targetHints":{"allow":["GET"]}}],"collection":[{"href":"https:\/\/physics.uwb.edu.pl\/wf\/ptf\/wp-json\/wp\/v2\/pages"}],"about":[{"href":"https:\/\/physics.uwb.edu.pl\/wf\/ptf\/wp-json\/wp\/v2\/types\/page"}],"author":[{"embeddable":true,"href":"https:\/\/physics.uwb.edu.pl\/wf\/ptf\/wp-json\/wp\/v2\/users\/25"}],"replies":[{"embeddable":true,"href":"https:\/\/physics.uwb.edu.pl\/wf\/ptf\/wp-json\/wp\/v2\/comments?post=506"}],"version-history":[{"count":1,"href":"https:\/\/physics.uwb.edu.pl\/wf\/ptf\/wp-json\/wp\/v2\/pages\/506\/revisions"}],"predecessor-version":[{"id":511,"href":"https:\/\/physics.uwb.edu.pl\/wf\/ptf\/wp-json\/wp\/v2\/pages\/506\/revisions\/511"}],"wp:attachment":[{"href":"https:\/\/physics.uwb.edu.pl\/wf\/ptf\/wp-json\/wp\/v2\/media?parent=506"}],"curies":[{"name":"wp","href":"https:\/\/api.w.org\/{rel}","templated":true}]}}