{"id":513,"date":"2023-09-20T11:08:44","date_gmt":"2023-09-20T11:08:44","guid":{"rendered":"https:\/\/physics.uwb.edu.pl\/wf\/ptf\/?page_id=513"},"modified":"2023-09-20T11:08:45","modified_gmt":"2023-09-20T11:08:45","slug":"xviii-podlaski-festiwal-nauki-i-sztuki","status":"publish","type":"page","link":"https:\/\/physics.uwb.edu.pl\/wf\/ptf\/xviii-podlaski-festiwal-nauki-i-sztuki\/","title":{"rendered":"XVIII Podlaski Festiwal Nauki i Sztuki"},"content":{"rendered":"\n<figure class=\"wp-block-image size-full\"><img loading=\"lazy\" decoding=\"async\" width=\"1024\" height=\"341\" src=\"https:\/\/physics.uwb.edu.pl\/wf\/ptf\/wp-content\/uploads\/sites\/24\/2023\/09\/obraz-6.png\" alt=\"\" class=\"wp-image-514\" srcset=\"https:\/\/physics.uwb.edu.pl\/wf\/ptf\/wp-content\/uploads\/sites\/24\/2023\/09\/obraz-6.png 1024w, https:\/\/physics.uwb.edu.pl\/wf\/ptf\/wp-content\/uploads\/sites\/24\/2023\/09\/obraz-6-300x100.png 300w, https:\/\/physics.uwb.edu.pl\/wf\/ptf\/wp-content\/uploads\/sites\/24\/2023\/09\/obraz-6-768x256.png 768w\" sizes=\"auto, (max-width: 1024px) 100vw, 1024px\" \/><\/figure>\n\n\n\n<p>XVIII Podlaski Festiwal Nauki i Sztuki w duchu my\u015bli Alberta Einsteina:<strong> \u201ePrzysz\u0142o\u015b\u0107 nale\u017cy do wyobra\u017ani\u201d <\/strong>odnosi\u0142 si\u0119 do prze\u0142omowych osi\u0105gni\u0119\u0107 medycyny transplantologicznej. Tegorocznemu festiwalowi, kt\u00f3rego g\u0142\u00f3wnym organizatorem by\u0142 Uniwersytet Medyczny w Bia\u0142ymstoku, przy\u015bwieca\u0142 zamys\u0142 uhonorowania dw\u00f3ch wybitnych uczonych. Jednym z nich by\u0142 \u015bwiatowej s\u0142awy kardiolog prof. Zbigniew Religa, kt\u00f3ry 37 lat temu przeprowadzi\u0142 pierwsz\u0105 udan\u0105 transplantacj\u0119 serca. W tym samym roku obchodzimy te\u017c 67 rocznic\u0119 \u015bmierci genialnego fizyka Alberta Einsteina.<\/p>\n\n\n\n<p>Id\u0105c za przes\u0142aniem obu uczonych Wydzia\u0142 Fizyki UwB przygotowa\u0142 30 r\u00f3\u017cnorodnych imprez naukowych. Cz\u0119\u015b\u0107 z nich mia\u0142a miejsce w ciesz\u0105cym si\u0119 ogromnym zainteresowaniem Planetarium UwB. Ponadto, <strong>8 maja<\/strong> br. kilkana\u015bcie wybranych pokaz\u00f3w i do\u015bwiadcze\u0144 fizycznych prezentowanych by\u0142o podczas <em><strong>Rodzinnego Pikniku Naukowego<\/strong><\/em> na Stadionie Miejskim. Studenci II roku I stopnia oraz I i II roku II stopnia wszystkich specjalno\u015bci pod opiek\u0105 koordynatorki profesor Katarzyny Re\u0107ko oraz doktora Wojciecha Olszewskiego, asystowali podczas samodzielnego eksperymentowania licznie odwiedzaj\u0105cych nasze stanowiska go\u015bci. Szczeg\u00f3lnym zainteresowaniem dzieci w wieku szkolnym, przedszkolnym oraz ich opiekun\u00f3w, cieszy\u0142y si\u0119 do\u015bwiadczenia z wykorzystaniem stop\u00f3w z pami\u0119ci\u0105 kszta\u0142tu w tym silnika cieplnego, lewituj\u0105cego globusa oraz dzia\u0142a magnetycznego. Nies\u0142abn\u0105ce zainteresowanie budzi\u0142y projekcje holograficzne, kula plazmowa i dysk Eulera. Pewn\u0105 nowo\u015bci\u0105 by\u0142y koraliki Newtona oraz uk\u0142ady demonstruj\u0105ce regu\u0142\u0119 Lentza. Faktem jest, i\u017c liczba zainteresowanych piknikowym stoiskiem fizyk\u00f3w UwB, oszacowana na blisko 4400 os\u00f3b, prawie 7-krotnie przekracza ostatni\u0105 statystyk\u0119 sprzed pandemii (630 os\u00f3b w 2019 r).<\/p>\n\n\n\n<figure class=\"wp-block-image aligncenter size-large is-resized\"><img loading=\"lazy\" decoding=\"async\" src=\"https:\/\/physics.uwb.edu.pl\/wf\/ptf\/wp-content\/uploads\/sites\/24\/2023\/09\/obraz-7-1024x683.png\" alt=\"\" class=\"wp-image-515\" style=\"width:657px;height:438px\" width=\"657\" height=\"438\" srcset=\"https:\/\/physics.uwb.edu.pl\/wf\/ptf\/wp-content\/uploads\/sites\/24\/2023\/09\/obraz-7-1024x683.png 1024w, https:\/\/physics.uwb.edu.pl\/wf\/ptf\/wp-content\/uploads\/sites\/24\/2023\/09\/obraz-7-300x200.png 300w, https:\/\/physics.uwb.edu.pl\/wf\/ptf\/wp-content\/uploads\/sites\/24\/2023\/09\/obraz-7-768x512.png 768w, https:\/\/physics.uwb.edu.pl\/wf\/ptf\/wp-content\/uploads\/sites\/24\/2023\/09\/obraz-7.png 1500w\" sizes=\"auto, (max-width: 657px) 100vw, 657px\" \/><\/figure>\n\n\n\n<p><strong>9 maja<\/strong> br. w godzinach od 20:00 do 24:00 oblegane by\u0142o Planetarium UwB, gdzie magister Andrzej Branicki prowadzi\u0142 ciekawe, zdaniem uczestnik\u00f3w, <strong><em>Lekcje praktycznej astronomii<\/em><\/strong>.<\/p>\n\n\n\n<figure class=\"wp-block-image aligncenter size-large is-resized\"><img loading=\"lazy\" decoding=\"async\" src=\"https:\/\/physics.uwb.edu.pl\/wf\/ptf\/wp-content\/uploads\/sites\/24\/2023\/09\/obraz-8-1024x683.png\" alt=\"\" class=\"wp-image-516\" style=\"width:652px;height:435px\" width=\"652\" height=\"435\" srcset=\"https:\/\/physics.uwb.edu.pl\/wf\/ptf\/wp-content\/uploads\/sites\/24\/2023\/09\/obraz-8-1024x683.png 1024w, https:\/\/physics.uwb.edu.pl\/wf\/ptf\/wp-content\/uploads\/sites\/24\/2023\/09\/obraz-8-300x200.png 300w, https:\/\/physics.uwb.edu.pl\/wf\/ptf\/wp-content\/uploads\/sites\/24\/2023\/09\/obraz-8-768x512.png 768w, https:\/\/physics.uwb.edu.pl\/wf\/ptf\/wp-content\/uploads\/sites\/24\/2023\/09\/obraz-8.png 1500w\" sizes=\"auto, (max-width: 652px) 100vw, 652px\" \/><\/figure>\n\n\n\n<p>Z kolei w dniu wydzia\u0142owym <strong>13 maja<\/strong> br. w auli wydzia\u0142u prowadzone by\u0142y wyk\u0142ady o bardzo r\u00f3\u017cnorodnej tematyce. W sumie zgromadzi\u0142y one 337 s\u0142uchaczy. Najwi\u0119ksze zainteresowanie wzbudzi\u0142y prezentowane przez profesora Marka Kisielewskiego \u201e<em>Domeny magnetyczne \u2013 obiekty mikroskopijne ale przydatne<\/em>\u201e. R\u00f3wnie liczne audytorium zgromadzi\u0142y wyk\u0142ady: \u201e<em>Nowe oblicze Wszech\u015bwiata: astronomia fal grawitacyjnych<\/em>\u201d profesora Piotra Jaranowskiego, \u201e<em>Ciekawe magnetyki badane na Wydziale Fizyki UwB z perspektywami zastosowa\u0144\u201d <\/em>profesora Andrzeja Maziewskiego jak r\u00f3wnie\u017c \u201e<em>Niebo widziane teleskopem promieniowania Czerenkowa<\/em>\u201d oraz \u201e<em>Podr\u00f3\u017c po Uk\u0142adzie S\u0142onecznym<\/em>\u201d prezentowane przez profesora Marka Niko\u0142ajuka.<\/p>\n\n\n\n<figure class=\"wp-block-image aligncenter size-large is-resized\"><img loading=\"lazy\" decoding=\"async\" src=\"https:\/\/physics.uwb.edu.pl\/wf\/ptf\/wp-content\/uploads\/sites\/24\/2023\/09\/obraz-9-1024x683.png\" alt=\"\" class=\"wp-image-517\" style=\"width:652px;height:435px\" width=\"652\" height=\"435\" srcset=\"https:\/\/physics.uwb.edu.pl\/wf\/ptf\/wp-content\/uploads\/sites\/24\/2023\/09\/obraz-9-1024x683.png 1024w, https:\/\/physics.uwb.edu.pl\/wf\/ptf\/wp-content\/uploads\/sites\/24\/2023\/09\/obraz-9-300x200.png 300w, https:\/\/physics.uwb.edu.pl\/wf\/ptf\/wp-content\/uploads\/sites\/24\/2023\/09\/obraz-9-768x512.png 768w, https:\/\/physics.uwb.edu.pl\/wf\/ptf\/wp-content\/uploads\/sites\/24\/2023\/09\/obraz-9.png 1500w\" sizes=\"auto, (max-width: 652px) 100vw, 652px\" \/><\/figure>\n\n\n\n<p>Wielu pozytywnych emocji dostarcza\u0142y te\u017c stoiska studenckie pod wsp\u00f3lnym zawo\u0142aniem \u201e<em>Si\u0142y natury ujarzmiane wyobra\u017ani\u0105 fizyk\u00f3w<\/em>\u201e. Przyku\u0142y one uwag\u0119 oko\u0142o 800 os\u00f3b, g\u0142\u00f3wnie m\u0142odzie\u017cy licealnej. Na uznanie, wed\u0142ug nap\u0142ywaj\u0105cych opinii, zas\u0142u\u017cy\u0142y sobie dwa projekty w\u0142asne. Pierwszy pod zawo\u0142aniem \u201e<em>Kryszta\u0142y wok\u00f3\u0142 nas<\/em>\u201d prezentowany przez doktoranta Szko\u0142y Doktorskiej Nauk \u015acis\u0142ych i Przyrodniczych magistra Paw\u0142a Butkiewicza oraz studenta Paw\u0142a To\u0142oczko. Drugi z inspiruj\u0105cych projekt\u00f3w dotyczy\u0142 \u201e<em>Fizyki naczy\u0144 w\u0142osowatych<\/em>\u201d autorstwa student\u00f3w: Dominika Pacholskiego i Ernesta G\u0142owackiego. R\u00f3wnie du\u017cym zainteresowaniem cieszy\u0142a si\u0119 \u201e<em>Alchemia XXI wieku czyli zmiennokszta\u0142tny metal, kt\u00f3ry nigdy nie zapomina!<\/em>\u201d doktora Wojciecha Olszewskiego oraz \u201e<em>Aspekty fizyki wykorzystywane w medycynie regeneracyjnej<\/em>\u201d magistra Micha\u0142a Mieszy\u0144skiego (doktoranta Wydzia\u0142u Fizyki). Nasi stali bywalcy, uczniowie bia\u0142ostockiego IV LO, t\u0142umnie przybyli na pokazy \u201e<em>Serwomechanizmy w robotach krocz\u0105cych<\/em>\u201d doktora Krzysztofa Gawryluka. Korzystaj\u0105c z bogatych do\u015bwiadcze\u0144 festiwalowych do\u0142o\u017cyli\u015bmy stara\u0144 aby udost\u0119pni\u0107 naszym sympatykom bardzo interesuj\u0105ce projekty w\u0142asne student\u00f3w Ko\u0142a Naukowego Robotyk\u00f3w Fi-BOT. Olbrzymie emocje wzbudza\u0142a gra sprawdzaj\u0105ca szybko\u015b\u0107 reakcji pod nazw\u0105 <em>refleks<\/em>, kt\u00f3ra wed\u0142ug spisanej <em>Listy Chwa\u0142y<\/em> motywowa\u0142a naszych go\u015bci do zawod\u00f3w w biciu rekordu zaliczonych rund. Nie mniejszym zainteresowaniem cieszy\u0142a si\u0119 wydzia\u0142owa <em>Maskotka<\/em> oraz Tekla \u2013 roboty, kt\u00f3rymi mo\u017cna by\u0142o samodzielnie sterowa\u0107. Natomiast nowink\u0105 by\u0142a precyzyjna maszyna PM2D3D, dzi\u0119ki kt\u00f3rej powstawa\u0142y finezyjne obrazy.<\/p>\n\n\n\n<figure class=\"wp-block-image aligncenter size-large is-resized\"><img loading=\"lazy\" decoding=\"async\" src=\"https:\/\/physics.uwb.edu.pl\/wf\/ptf\/wp-content\/uploads\/sites\/24\/2023\/09\/obraz-10-1024x683.png\" alt=\"\" class=\"wp-image-518\" style=\"width:625px;height:417px\" width=\"625\" height=\"417\" srcset=\"https:\/\/physics.uwb.edu.pl\/wf\/ptf\/wp-content\/uploads\/sites\/24\/2023\/09\/obraz-10-1024x683.png 1024w, https:\/\/physics.uwb.edu.pl\/wf\/ptf\/wp-content\/uploads\/sites\/24\/2023\/09\/obraz-10-300x200.png 300w, https:\/\/physics.uwb.edu.pl\/wf\/ptf\/wp-content\/uploads\/sites\/24\/2023\/09\/obraz-10-768x512.png 768w, https:\/\/physics.uwb.edu.pl\/wf\/ptf\/wp-content\/uploads\/sites\/24\/2023\/09\/obraz-10.png 1500w\" sizes=\"auto, (max-width: 625px) 100vw, 625px\" \/><\/figure>\n\n\n\n<p>Po raz kolejny w\u015br\u00f3d imprez festiwalowych organizowanych przez Wydzia\u0142 Fizyki nie zabrak\u0142o \u201e<em>Warsztat\u00f3w astronomicznych<\/em>\u201d prowadzonych przez pana Wojciecha Burzy\u0144skiego z Bia\u0142ostockiego Oddzia\u0142u Polskiego Towarzystwa Mi\u0142o\u015bnik\u00f3w Astronomii (PTMA). Warsztaty cieszy\u0142y si\u0119 du\u017cym zainteresowaniem zar\u00f3wno podczas pikniku naukowego jak i w dniu wydzia\u0142owym. Warto doda\u0107, \u017ce cz\u0142onkowie PTMA byli te\u017c pomys\u0142odawcami i tw\u00f3rcami wystawy astronomicznej<em> \u201eWszech\u015bwiat w fotografii<\/em>\u201e, kt\u00f3ra b\u0119dzie otwarta do <strong>30 maja<\/strong> br. (wst\u0119p wolny). Serdecznie zapraszamy wszystkich zainteresowanych.<\/p>\n\n\n\n<figure class=\"wp-block-image aligncenter size-large is-resized\"><img loading=\"lazy\" decoding=\"async\" src=\"https:\/\/physics.uwb.edu.pl\/wf\/ptf\/wp-content\/uploads\/sites\/24\/2023\/09\/obraz-11-1024x576.png\" alt=\"\" class=\"wp-image-519\" style=\"width:654px;height:368px\" width=\"654\" height=\"368\" srcset=\"https:\/\/physics.uwb.edu.pl\/wf\/ptf\/wp-content\/uploads\/sites\/24\/2023\/09\/obraz-11-1024x576.png 1024w, https:\/\/physics.uwb.edu.pl\/wf\/ptf\/wp-content\/uploads\/sites\/24\/2023\/09\/obraz-11-300x169.png 300w, https:\/\/physics.uwb.edu.pl\/wf\/ptf\/wp-content\/uploads\/sites\/24\/2023\/09\/obraz-11-768x432.png 768w, https:\/\/physics.uwb.edu.pl\/wf\/ptf\/wp-content\/uploads\/sites\/24\/2023\/09\/obraz-11-1536x864.png 1536w, https:\/\/physics.uwb.edu.pl\/wf\/ptf\/wp-content\/uploads\/sites\/24\/2023\/09\/obraz-11.png 1800w\" sizes=\"auto, (max-width: 654px) 100vw, 654px\" \/><\/figure>\n\n\n\n<p>Jednocze\u015bnie bardzo dzi\u0119kujemy wszystkim, kt\u00f3rzy nas odwiedzili w tym, przede wszystkim, naszym m\u0142odszym sympatykom za pocieszne wpisy w <em>Ksi\u0119dze Go\u015bci Wydzia\u0142u Fizyki UwB<\/em>. Obiecujemy z ka\u017cd\u0105 kolejn\u0105 edycj\u0105 Podlaskiego Festiwalu Nauki i Sztuki oczekiwa\u0107 Pa\u0144stwa z nowymi ciekawymi propozycjami imprez festiwalowych.<\/p>\n\n\n\n<p>Do zobaczenia, miejmy nadziej\u0119, za rok!<\/p>\n\n\n\n<p class=\"has-text-align-right\"><em><strong>Tekst:<\/strong><\/em> Katarzyna Re\u0107ko<br><em><strong>Zdj\u0119cia:<\/strong><\/em> Marek Brancewicz i Wojciech Olszewski<\/p>\n","protected":false},"excerpt":{"rendered":"<p>XVIII Podlaski Festiwal Nauki i Sztuki w duchu my\u015bli Alberta Einsteina: \u201ePrzysz\u0142o\u015b\u0107 nale\u017cy do wyobra\u017ani\u201d odnosi\u0142 si\u0119 do prze\u0142omowych osi\u0105gni\u0119\u0107 medycyny transplantologicznej. Tegorocznemu festiwalowi, kt\u00f3rego g\u0142\u00f3wnym organizatorem by\u0142 Uniwersytet Medyczny w Bia\u0142ymstoku, przy\u015bwieca\u0142 zamys\u0142 uhonorowania dw\u00f3ch wybitnych uczonych. Jednym z nich by\u0142 \u015bwiatowej s\u0142awy kardiolog prof. Zbigniew Religa, kt\u00f3ry 37 lat temu przeprowadzi\u0142 pierwsz\u0105 udan\u0105 [&hellip;]<\/p>\n","protected":false},"author":25,"featured_media":0,"parent":0,"menu_order":0,"comment_status":"closed","ping_status":"closed","template":"","meta":{"site-sidebar-layout":"default","site-content-layout":"","ast-site-content-layout":"default","site-content-style":"default","site-sidebar-style":"default","ast-global-header-display":"","ast-banner-title-visibility":"","ast-main-header-display":"","ast-hfb-above-header-display":"","ast-hfb-below-header-display":"","ast-hfb-mobile-header-display":"","site-post-title":"","ast-breadcrumbs-content":"","ast-featured-img":"","footer-sml-layout":"","ast-disable-related-posts":"","theme-transparent-header-meta":"","adv-header-id-meta":"","stick-header-meta":"","header-above-stick-meta":"","header-main-stick-meta":"","header-below-stick-meta":"","astra-migrate-meta-layouts":"set","ast-page-background-enabled":"default","ast-page-background-meta":{"desktop":{"background-color":"var(--ast-global-color-4)","background-image":"","background-repeat":"repeat","background-position":"center center","background-size":"auto","background-attachment":"scroll","background-type":"","background-media":"","overlay-type":"","overlay-color":"","overlay-opacity":"","overlay-gradient":""},"tablet":{"background-color":"","background-image":"","background-repeat":"repeat","background-position":"center center","background-size":"auto","background-attachment":"scroll","background-type":"","background-media":"","overlay-type":"","overlay-color":"","overlay-opacity":"","overlay-gradient":""},"mobile":{"background-color":"","background-image":"","background-repeat":"repeat","background-position":"center center","background-size":"auto","background-attachment":"scroll","background-type":"","background-media":"","overlay-type":"","overlay-color":"","overlay-opacity":"","overlay-gradient":""}},"ast-content-background-meta":{"desktop":{"background-color":"var(--ast-global-color-5)","background-image":"","background-repeat":"repeat","background-position":"center center","background-size":"auto","background-attachment":"scroll","background-type":"","background-media":"","overlay-type":"","overlay-color":"","overlay-opacity":"","overlay-gradient":""},"tablet":{"background-color":"var(--ast-global-color-5)","background-image":"","background-repeat":"repeat","background-position":"center center","background-size":"auto","background-attachment":"scroll","background-type":"","background-media":"","overlay-type":"","overlay-color":"","overlay-opacity":"","overlay-gradient":""},"mobile":{"background-color":"var(--ast-global-color-5)","background-image":"","background-repeat":"repeat","background-position":"center center","background-size":"auto","background-attachment":"scroll","background-type":"","background-media":"","overlay-type":"","overlay-color":"","overlay-opacity":"","overlay-gradient":""}},"ngg_post_thumbnail":0,"footnotes":""},"class_list":["post-513","page","type-page","status-publish","hentry"],"_links":{"self":[{"href":"https:\/\/physics.uwb.edu.pl\/wf\/ptf\/wp-json\/wp\/v2\/pages\/513","targetHints":{"allow":["GET"]}}],"collection":[{"href":"https:\/\/physics.uwb.edu.pl\/wf\/ptf\/wp-json\/wp\/v2\/pages"}],"about":[{"href":"https:\/\/physics.uwb.edu.pl\/wf\/ptf\/wp-json\/wp\/v2\/types\/page"}],"author":[{"embeddable":true,"href":"https:\/\/physics.uwb.edu.pl\/wf\/ptf\/wp-json\/wp\/v2\/users\/25"}],"replies":[{"embeddable":true,"href":"https:\/\/physics.uwb.edu.pl\/wf\/ptf\/wp-json\/wp\/v2\/comments?post=513"}],"version-history":[{"count":1,"href":"https:\/\/physics.uwb.edu.pl\/wf\/ptf\/wp-json\/wp\/v2\/pages\/513\/revisions"}],"predecessor-version":[{"id":520,"href":"https:\/\/physics.uwb.edu.pl\/wf\/ptf\/wp-json\/wp\/v2\/pages\/513\/revisions\/520"}],"wp:attachment":[{"href":"https:\/\/physics.uwb.edu.pl\/wf\/ptf\/wp-json\/wp\/v2\/media?parent=513"}],"curies":[{"name":"wp","href":"https:\/\/api.w.org\/{rel}","templated":true}]}}