{"id":522,"date":"2023-09-20T11:14:11","date_gmt":"2023-09-20T11:14:11","guid":{"rendered":"https:\/\/physics.uwb.edu.pl\/wf\/ptf\/?page_id=522"},"modified":"2023-09-20T11:14:12","modified_gmt":"2023-09-20T11:14:12","slug":"xvii-podlaski-festiwal-nauki-i-sztuki","status":"publish","type":"page","link":"https:\/\/physics.uwb.edu.pl\/wf\/ptf\/xvii-podlaski-festiwal-nauki-i-sztuki\/","title":{"rendered":"XVII Podlaski Festiwal Nauki i Sztuki"},"content":{"rendered":"\n<figure class=\"wp-block-image size-full\"><img loading=\"lazy\" decoding=\"async\" width=\"1024\" height=\"341\" src=\"https:\/\/physics.uwb.edu.pl\/wf\/ptf\/wp-content\/uploads\/sites\/24\/2023\/09\/obraz-12.png\" alt=\"\" class=\"wp-image-523\" srcset=\"https:\/\/physics.uwb.edu.pl\/wf\/ptf\/wp-content\/uploads\/sites\/24\/2023\/09\/obraz-12.png 1024w, https:\/\/physics.uwb.edu.pl\/wf\/ptf\/wp-content\/uploads\/sites\/24\/2023\/09\/obraz-12-300x100.png 300w, https:\/\/physics.uwb.edu.pl\/wf\/ptf\/wp-content\/uploads\/sites\/24\/2023\/09\/obraz-12-768x256.png 768w\" sizes=\"auto, (max-width: 1024px) 100vw, 1024px\" \/><\/figure>\n\n\n\n<h1 class=\"wp-block-heading\"><strong>20 maja 2019 \u2013 XVII Podlaski Festiwal Nauki i Sztuki na Wydziale Fizyki Uniwersytetu w Bia\u0142ymstoku<\/strong><\/h1>\n\n\n\n<p><strong>Imprezy festiwalowe<\/strong>:<\/p>\n\n\n\n<ol class=\"wp-block-list\" type=\"1\" start=\"1\">\n<li>Ultraszybki zapis informacji za pomoc\u0105 \u015bwiat\u0142a (prof. Andrzej Stupakiewicz)<\/li>\n\n\n\n<li>Wa\u017cymy nasz\u0105 planet\u0119 Ziemi\u0119 (prof. Krzysztof Szyma\u0144ski)<\/li>\n\n\n\n<li>Efekty laserowe (dr Jan Kisielewski)<\/li>\n\n\n\n<li>Astrofotografia amatorska (mgr \u0141ukasz Wo\u0142yniec)<\/li>\n\n\n\n<li>Rzecz o neutrinach (dr Jan \u017bochowski)<\/li>\n\n\n\n<li>W drodze po algorytmy po studencku (studenci Wydzia\u0142u Fizyki)<\/li>\n\n\n\n<li>Algorytmy rzeczywisto\u015bci w eksperymentach fizycznych (studenci Wydzia\u0142u Fizyki)<\/li>\n\n\n\n<li>Wahad\u0142o Foucaulta (student Pawe\u0142 Butkiewicz) \u2013 impreza cykliczna<\/li>\n\n\n\n<li>Wystawa fotografii obiekt\u00f3w kosmicznych (Bia\u0142ostocki Oddzia\u0142 Polskiego Towarzystwa Mi\u0142o\u015bnik\u00f3w Astronomii)<\/li>\n\n\n\n<li>Astro quiz (Bia\u0142ostocki Oddzia\u0142 Polskiego Towarzystwa Mi\u0142o\u015bnik\u00f3w Astronomii)<\/li>\n\n\n\n<li>Jak promienie X \u201ewidz\u0105\u201d rzeczywisto\u015b\u0107?&nbsp; (dr hab. Katarzyna Re\u0107ko) \u2013 impreza cykliczna<\/li>\n\n\n\n<li>Widmo w laboratorium (prof. Andrzej Andrejczuk) \u2013 impreza cykliczna<\/li>\n\n\n\n<li>Impreza magnetyczna (prof. Marek Kisielewski) \u2013 impreza cykliczna<\/li>\n\n\n\n<li>Amatorskie obserwacje astronomiczne (Bia\u0142ostocki Oddzia\u0142 Polskiego Towarzystwa Mi\u0142o\u015bnik\u00f3w Astronomii)<\/li>\n\n\n\n<li>Arduino w sterowaniu dronem (dr. Cezary Walczyk) \u2013 impreza cykliczna<\/li>\n<\/ol>\n\n\n\n<p><strong>Relacja:<\/strong><\/p>\n\n\n\n<p>32 imprezy z r\u00f3\u017cnych dzia\u0142\u00f3w fizyki i astronomii, wyk\u0142ady, pokazy oraz do\u015bwiadczenia na \u017cywo. Tak w skr\u00f3cie mo\u017cna podsumowa\u0107 20 maja 2019 \u2013 pierwszy dzie\u0144 17. edycji Podlaskiego Festiwalu Nauki i Sztuki na naszym wydziale. Wydzia\u0142 Fizyki Uniwersytetu w Bia\u0142ymstoku po raz pierwszy we wsp\u00f3\u0142pracy z Bia\u0142ostockim Oddzia\u0142em Polskiego Towarzystwa Mi\u0142o\u015bnik\u00f3w Astronomii w\u0142\u0105czy\u0142 si\u0119 w organizacj\u0119 tego wydarzenia.<\/p>\n\n\n\n<p>Blisko 570 os\u00f3b odwiedzi\u0142o nas w tym dniu by wsp\u00f3lnie odkrywa\u0107 pi\u0119kno fizyki.<\/p>\n\n\n\n<p>Tegoroczna impreza, koordynowana przez Uniwersytet w Bia\u0142ymstoku, odby\u0142a si\u0119 pod has\u0142em \u201eAlgorytmy rzeczywisto\u015bci\u201d. Wszyscy zainteresowani, szczeg\u00f3lnie dzieci i m\u0142odzie\u017c, od kuchni mogli pozna\u0107 naukowe laboratoria \u2013 miejsca na co dzie\u0144 dost\u0119pne tylko studentom i pracownikom wydzia\u0142u. Du\u017cym zainteresowaniem cieszy\u0142y si\u0119 wyk\u0142ady o ultraszybkim zapisie informacji \u015bwiat\u0142em oraz wyznaczaniu ci\u0119\u017caru naszej planety. Go\u015bcie mogli r\u00f3wnie\u017c aktywnie uczestniczy\u0107 w eksperymentowaniu pod okiem naszych student\u00f3w. Do tegorocznych nowinek nale\u017c\u0105 projekty w\u0142asne student\u00f3w Ko\u0142a Naukowego Robotyk\u00f3w Fi-BOT.<\/p>\n\n\n\n<p>Zainteresowanie naszymi wyk\u0142adami, pokazami i prezentacjami okaza\u0142o si\u0119 bardzo du\u017ce i ju\u017c nie mo\u017cemy doczeka\u0107 si\u0119 przysz\u0142orocznej edycji Festiwalu. Dzi\u0119kujemy wszystkim, kt\u00f3rzy odwiedzili Wydzia\u0142 Fizyki i zapraszamy do obejrzenia galerii zdj\u0119\u0107 z tego wydarzenia.<\/p>\n\n\n\n<figure class=\"wp-block-image size-large\"><img loading=\"lazy\" decoding=\"async\" width=\"1024\" height=\"683\" src=\"https:\/\/physics.uwb.edu.pl\/wf\/ptf\/wp-content\/uploads\/sites\/24\/2023\/09\/obraz-13-1024x683.png\" alt=\"\" class=\"wp-image-524\" srcset=\"https:\/\/physics.uwb.edu.pl\/wf\/ptf\/wp-content\/uploads\/sites\/24\/2023\/09\/obraz-13-1024x683.png 1024w, https:\/\/physics.uwb.edu.pl\/wf\/ptf\/wp-content\/uploads\/sites\/24\/2023\/09\/obraz-13-300x200.png 300w, https:\/\/physics.uwb.edu.pl\/wf\/ptf\/wp-content\/uploads\/sites\/24\/2023\/09\/obraz-13-768x512.png 768w, https:\/\/physics.uwb.edu.pl\/wf\/ptf\/wp-content\/uploads\/sites\/24\/2023\/09\/obraz-13.png 1500w\" sizes=\"auto, (max-width: 1024px) 100vw, 1024px\" \/><\/figure>\n\n\n\n<h1 class=\"wp-block-heading\"><strong>21 maja 2019 \u2013 XVII Podlaski Festiwal Nauki i Sztuki w \u0141om\u017cy<\/strong><\/h1>\n\n\n\n<p><strong>Imprezy festiwalowe<\/strong>:<\/p>\n\n\n\n<ol class=\"wp-block-list\" type=\"1\" start=\"1\">\n<li>\u201eRzeczywisto\u015b\u0107\u201d gwiazd \u2013 ewolucja od narodzin do \u015bmierci (mgr Marcin Marculewicz)<\/li>\n<\/ol>\n\n\n\n<h1 class=\"wp-block-heading\"><strong>22 maja 2019 \u2013 XVII Podlaski Festiwal Nauki i Sztuki w Suwa\u0142kach<\/strong><\/h1>\n\n\n\n<p><strong>Imprezy festiwalowe<\/strong>:<\/p>\n\n\n\n<ol class=\"wp-block-list\" type=\"1\" start=\"1\">\n<li>Rzeczywiste nara\u017cenie ludno\u015bci na promieniowanie jonizuj\u0105ce (mgr Anna Ostasz-Sokolik)<\/li>\n<\/ol>\n\n\n\n<h1 class=\"wp-block-heading\"><strong>25 maja 2019 \u2013 Rodzinny Piknik Naukowy \u2013 Stadion Miejski w Bia\u0142ymstoku<\/strong><\/h1>\n\n\n\n<p><strong>Imprezy festiwalowe<\/strong>:<\/p>\n\n\n\n<ol class=\"wp-block-list\" type=\"1\" start=\"1\">\n<li>W drodze po algorytmy po studencku (studenci Wydzia\u0142u Fizyki)<\/li>\n\n\n\n<li>Algorytmy rzeczywisto\u015bci w eksperymentach fizycznych (studenci Wydzia\u0142u Fizyki)<\/li>\n\n\n\n<li>Algorytmy Wszech\u015bwiata (Bia\u0142ostocki Oddzia\u0142 Polskiego Towarzystwa Mi\u0142o\u015bnik\u00f3w Astronomii)<\/li>\n<\/ol>\n\n\n\n<p><strong>Relacja:<\/strong><\/p>\n\n\n\n<p>Blisko 630 os\u00f3b eksperymentowa\u0142o i odkrywa\u0142o pi\u0119kno fizyki wsp\u00f3lnie z Wydzia\u0142em Fizyki UwB podczas <strong>Rodzinnego Pikniku Naukowego<\/strong>, kt\u00f3ry odby\u0142 si\u0119 25 maja br. na Stadionie Miejskim w Bia\u0142ymstoku.<\/p>\n\n\n\n<p>Ka\u017cdy, niezale\u017cnie od wieku, znalaz\u0142 tu co\u015b dla siebie. Odwiedzaj\u0105cy nasze stanowisko mogli samodzielnie wykona\u0107 proste do\u015bwiadczenia. Eksperymentatorzy sprawdzali, jak fizyka pomaga \u0142y\u017cwiarzom wykona\u0107 wi\u0119ksz\u0105 liczb\u0119 piruet\u00f3w, bawili si\u0119 ferrofluidami (magnetycznymi p\u0142ynami) oraz obserwowali tworzenie si\u0119 pozornych obraz\u00f3w wykorzystuj\u0105c zjawisko odbicia w odpowiednio wyprofilowanych lustrach.<\/p>\n\n\n\n<p>Kolejn\u0105 atrakcj\u0105 by\u0142y projekty udost\u0119pnione przez Ko\u0142o Naukowe Robotyk\u00f3w Fi-BOT. Gra refleks, sprawdzaj\u0105ca szybko\u015b\u0107 naszej reakcji, zainspirowa\u0142a uczestnik\u00f3w do konkurowania w pobiciu rekordu ilo\u015bci zdobytych punkt\u00f3w. Nie mniejszym zainteresowaniem cieszy\u0142a si\u0119 r\u00f3wnie\u017c Tekla \u2013 ma\u0142y, zwinny robot, kt\u00f3rym mo\u017cna by\u0142o samemu posterowa\u0107.<\/p>\n\n\n\n<p>W tegorocznej edycji, po raz pierwszy, wspar\u0142 nas Bia\u0142ostocki Oddzia\u0142 Polskiego Towarzystwa Mi\u0142o\u015bnik\u00f3w Astronomii organizuj\u0105c ciekawe obserwacje naszej gwiazdy \u2013 S\u0142o\u0144ca. W obserwacjach wzi\u0119\u0142o udzia\u0142 ponad 510 os\u00f3b.<\/p>\n\n\n\n<p>Przez ca\u0142y czas trwania Pikniku mieli\u015bmy r\u0119ce pe\u0142ne roboty, poniewa\u017c zainteresowanie naszymi stanowiskami nie s\u0142ab\u0142o do ostatniej chwili.<\/p>\n\n\n\n<p>Bardzo dzi\u0119kujemy wszystkim, kt\u00f3rzy nas odwiedzili! A tych, kt\u00f3rzy tego nie zrobili uspokajamy \u2013 kolejna edycja Pikniku ju\u017c za rok!<\/p>\n\n\n\n<figure class=\"wp-block-image size-large\"><img loading=\"lazy\" decoding=\"async\" width=\"1024\" height=\"683\" src=\"https:\/\/physics.uwb.edu.pl\/wf\/ptf\/wp-content\/uploads\/sites\/24\/2023\/09\/obraz-14-1024x683.png\" alt=\"\" class=\"wp-image-525\" srcset=\"https:\/\/physics.uwb.edu.pl\/wf\/ptf\/wp-content\/uploads\/sites\/24\/2023\/09\/obraz-14-1024x683.png 1024w, https:\/\/physics.uwb.edu.pl\/wf\/ptf\/wp-content\/uploads\/sites\/24\/2023\/09\/obraz-14-300x200.png 300w, https:\/\/physics.uwb.edu.pl\/wf\/ptf\/wp-content\/uploads\/sites\/24\/2023\/09\/obraz-14-768x512.png 768w, https:\/\/physics.uwb.edu.pl\/wf\/ptf\/wp-content\/uploads\/sites\/24\/2023\/09\/obraz-14.png 1500w\" sizes=\"auto, (max-width: 1024px) 100vw, 1024px\" \/><\/figure>\n\n\n\n<p class=\"has-text-align-right\"><em><strong>Tekst:<\/strong><\/em> Wojciech Olszewski<br><em><strong>Zdj\u0119cia:<\/strong><\/em> Marek Brancewicz i Dzia\u0142 Promocji UwB<\/p>\n","protected":false},"excerpt":{"rendered":"<p>20 maja 2019 \u2013 XVII Podlaski Festiwal Nauki i Sztuki na Wydziale Fizyki Uniwersytetu w Bia\u0142ymstoku Imprezy festiwalowe: Relacja: 32 imprezy z r\u00f3\u017cnych dzia\u0142\u00f3w fizyki i astronomii, wyk\u0142ady, pokazy oraz do\u015bwiadczenia na \u017cywo. Tak w skr\u00f3cie mo\u017cna podsumowa\u0107 20 maja 2019 \u2013 pierwszy dzie\u0144 17. edycji Podlaskiego Festiwalu Nauki i Sztuki na naszym wydziale. Wydzia\u0142 [&hellip;]<\/p>\n","protected":false},"author":25,"featured_media":0,"parent":0,"menu_order":0,"comment_status":"closed","ping_status":"closed","template":"","meta":{"site-sidebar-layout":"default","site-content-layout":"","ast-site-content-layout":"default","site-content-style":"default","site-sidebar-style":"default","ast-global-header-display":"","ast-banner-title-visibility":"","ast-main-header-display":"","ast-hfb-above-header-display":"","ast-hfb-below-header-display":"","ast-hfb-mobile-header-display":"","site-post-title":"","ast-breadcrumbs-content":"","ast-featured-img":"","footer-sml-layout":"","ast-disable-related-posts":"","theme-transparent-header-meta":"","adv-header-id-meta":"","stick-header-meta":"","header-above-stick-meta":"","header-main-stick-meta":"","header-below-stick-meta":"","astra-migrate-meta-layouts":"set","ast-page-background-enabled":"default","ast-page-background-meta":{"desktop":{"background-color":"var(--ast-global-color-4)","background-image":"","background-repeat":"repeat","background-position":"center center","background-size":"auto","background-attachment":"scroll","background-type":"","background-media":"","overlay-type":"","overlay-color":"","overlay-opacity":"","overlay-gradient":""},"tablet":{"background-color":"","background-image":"","background-repeat":"repeat","background-position":"center center","background-size":"auto","background-attachment":"scroll","background-type":"","background-media":"","overlay-type":"","overlay-color":"","overlay-opacity":"","overlay-gradient":""},"mobile":{"background-color":"","background-image":"","background-repeat":"repeat","background-position":"center center","background-size":"auto","background-attachment":"scroll","background-type":"","background-media":"","overlay-type":"","overlay-color":"","overlay-opacity":"","overlay-gradient":""}},"ast-content-background-meta":{"desktop":{"background-color":"var(--ast-global-color-5)","background-image":"","background-repeat":"repeat","background-position":"center center","background-size":"auto","background-attachment":"scroll","background-type":"","background-media":"","overlay-type":"","overlay-color":"","overlay-opacity":"","overlay-gradient":""},"tablet":{"background-color":"var(--ast-global-color-5)","background-image":"","background-repeat":"repeat","background-position":"center center","background-size":"auto","background-attachment":"scroll","background-type":"","background-media":"","overlay-type":"","overlay-color":"","overlay-opacity":"","overlay-gradient":""},"mobile":{"background-color":"var(--ast-global-color-5)","background-image":"","background-repeat":"repeat","background-position":"center center","background-size":"auto","background-attachment":"scroll","background-type":"","background-media":"","overlay-type":"","overlay-color":"","overlay-opacity":"","overlay-gradient":""}},"ngg_post_thumbnail":0,"footnotes":""},"class_list":["post-522","page","type-page","status-publish","hentry"],"_links":{"self":[{"href":"https:\/\/physics.uwb.edu.pl\/wf\/ptf\/wp-json\/wp\/v2\/pages\/522","targetHints":{"allow":["GET"]}}],"collection":[{"href":"https:\/\/physics.uwb.edu.pl\/wf\/ptf\/wp-json\/wp\/v2\/pages"}],"about":[{"href":"https:\/\/physics.uwb.edu.pl\/wf\/ptf\/wp-json\/wp\/v2\/types\/page"}],"author":[{"embeddable":true,"href":"https:\/\/physics.uwb.edu.pl\/wf\/ptf\/wp-json\/wp\/v2\/users\/25"}],"replies":[{"embeddable":true,"href":"https:\/\/physics.uwb.edu.pl\/wf\/ptf\/wp-json\/wp\/v2\/comments?post=522"}],"version-history":[{"count":1,"href":"https:\/\/physics.uwb.edu.pl\/wf\/ptf\/wp-json\/wp\/v2\/pages\/522\/revisions"}],"predecessor-version":[{"id":526,"href":"https:\/\/physics.uwb.edu.pl\/wf\/ptf\/wp-json\/wp\/v2\/pages\/522\/revisions\/526"}],"wp:attachment":[{"href":"https:\/\/physics.uwb.edu.pl\/wf\/ptf\/wp-json\/wp\/v2\/media?parent=522"}],"curies":[{"name":"wp","href":"https:\/\/api.w.org\/{rel}","templated":true}]}}