{"id":528,"date":"2023-09-20T11:50:54","date_gmt":"2023-09-20T11:50:54","guid":{"rendered":"https:\/\/physics.uwb.edu.pl\/wf\/ptf\/?page_id=528"},"modified":"2023-09-20T11:50:54","modified_gmt":"2023-09-20T11:50:54","slug":"vi-konferencja-nauczycieli-fizyki-2022","status":"publish","type":"page","link":"https:\/\/physics.uwb.edu.pl\/wf\/ptf\/vi-konferencja-nauczycieli-fizyki-2022\/","title":{"rendered":"VI Konferencja Nauczycieli Fizyki \u2013 2022"},"content":{"rendered":"\n<figure class=\"wp-block-image aligncenter size-full\"><img loading=\"lazy\" decoding=\"async\" width=\"480\" height=\"135\" src=\"https:\/\/physics.uwb.edu.pl\/wf\/ptf\/wp-content\/uploads\/sites\/24\/2023\/09\/obraz-15.png\" alt=\"\" class=\"wp-image-529\" srcset=\"https:\/\/physics.uwb.edu.pl\/wf\/ptf\/wp-content\/uploads\/sites\/24\/2023\/09\/obraz-15.png 480w, https:\/\/physics.uwb.edu.pl\/wf\/ptf\/wp-content\/uploads\/sites\/24\/2023\/09\/obraz-15-300x84.png 300w\" sizes=\"auto, (max-width: 480px) 100vw, 480px\" \/><\/figure>\n\n\n\n<p>W sobot\u0119 24 wrze\u015bnia 2022 r. na Wydziale Fizyki Uniwersytetu w Bia\u0142ymstoku odby\u0142a si\u0119 VI Konferencja Nauczycieli Fizyki (VI KNF 2022).<\/p>\n\n\n\n<p>By\u0142 to kolejny cykl wyst\u0105pie\u0144 organizowanych przez Wydzia\u0142 Fizyki we wsp\u00f3\u0142pracy z Oddzia\u0142em Bia\u0142ostockim Polskiego Towarzystwa Fizycznego oraz Polsk\u0105 Akademi\u0105 Nauk Oddzia\u0142 w Olsztynie i w Bia\u0142ymstoku z siedzib\u0105 w Olsztynie. Tegorocznej konferencji tradycyjnie patronowa\u0142 J. M. Rektor Uniwersytetu w Bia\u0142ymstoku prof.&nbsp;dr&nbsp;hab.&nbsp;Rober Ciborowski.<\/p>\n\n\n\n<p>Przes\u0142aniem VI KNF 2022 by\u0142a integracja oraz poszerzenie kompetencji \u015brodowiska akademickiego i nauczycieli przedmiot\u00f3w przyrodniczych. W konferencji uczestniczy\u0142o 42 nauczycieli i wyk\u0142adowc\u00f3w, w tym 11 spoza granic wojew\u00f3dztwa podlaskiego. Jeden z wyk\u0142ad\u00f3w dotyczy\u0142 problem\u00f3w z jakimi zderzaj\u0105 si\u0119 nowi (cho\u0107 do\u015bwiadczeni) nauczyciele w szkole podstawowej i jak sobie z tymi problemami radz\u0105. Inne wyst\u0105pienie dotyczy\u0142o \u00a0prawid\u0142owej diety w rozwoju fizycznym i umys\u0142owym m\u0142odzie\u017cy. W kolejnych wyk\u0142adach omawiane by\u0142o zagadnienie \u00a0skalowania w odniesieniu do organizm\u00f3w \u017cywych oraz zastosowanie uk\u0142ad\u00f3w optoelektronicznych znanych z \u017cycia codziennego. Cykl wyst\u0105pie\u0144 zwie\u0144czony zosta\u0142 znakomitym wyk\u0142adem o dokonaniach i r\u00f3\u017cnorodnym podej\u015bciu do dydaktyki fizyki propagowanym przez Mieczys\u0142awa Wolfkego, wszak rok 2022 jest w\u0142a\u015bnie jemu dedykowany.<\/p>\n\n\n\n<figure class=\"wp-block-image size-full is-resized\"><img loading=\"lazy\" decoding=\"async\" src=\"https:\/\/physics.uwb.edu.pl\/wf\/ptf\/wp-content\/uploads\/sites\/24\/2023\/09\/obraz-16.png\" alt=\"\" class=\"wp-image-530\" style=\"width:910px;height:607px\" width=\"910\" height=\"607\" srcset=\"https:\/\/physics.uwb.edu.pl\/wf\/ptf\/wp-content\/uploads\/sites\/24\/2023\/09\/obraz-16.png 1024w, https:\/\/physics.uwb.edu.pl\/wf\/ptf\/wp-content\/uploads\/sites\/24\/2023\/09\/obraz-16-300x200.png 300w, https:\/\/physics.uwb.edu.pl\/wf\/ptf\/wp-content\/uploads\/sites\/24\/2023\/09\/obraz-16-768x512.png 768w\" sizes=\"auto, (max-width: 910px) 100vw, 910px\" \/><\/figure>\n\n\n\n<p class=\"has-text-align-center\">Uczestnicy VI Konferencji Nauczycieli Fizyki<br><em>Autor zdj\u0119cia: Marek Brancewicz<\/em><\/p>\n\n\n\n<p>Mamy nadziej\u0119, \u017ce VI Konferencja Nauczycieli Fizyki 2022 pozwoli\u0142a uczestnikom zdoby\u0107 nowe do\u015bwiadczenia, wiadomo\u015bci i umiej\u0119tno\u015bci, kt\u00f3re pos\u0142u\u017c\u0105 wzbogaceniu i uatrakcyjnieniu warsztatu nauczyciela fizyki.<\/p>\n\n\n\n<p>Kolejna, VII ju\u017c edycja konferencji planowana jest na trzeci\u0105 sobot\u0119 wrze\u015bnia roku 2023.<\/p>\n\n\n\n<p>Szczeg\u00f3\u0142owe informacje na temat konferencji mo\u017cna znale\u017a\u0107 na stronie:<br><a href=\"https:\/\/web.archive.org\/web\/20230531182427\/https:\/physics.uwb.edu.pl\/wf\/knf2022\/\">https:\/\/physics.uwb.edu.pl\/wf\/knf2022\/<\/a><\/p>\n\n\n\n<p>Galeria zdj\u0119\u0107 z konferencji dost\u0119pna jest na naszym profilu Facebook:<br><a href=\"https:\/\/web.archive.org\/web\/20230531182427\/https:\/www.facebook.com\/PTFBialystok\">https:\/\/www.facebook.com\/PTFBialystok<\/a><\/p>\n\n\n\n<p>Nagrania wyk\u0142ad\u00f3w dost\u0119pne s\u0105 natomiast na naszym kanale YouTube:<br><a href=\"https:\/\/web.archive.org\/web\/20230531182427\/https:\/www.youtube.com\/channel\/UCChi8p4mwKvlh6NKtqT-RhA\">https:\/\/www.youtube.com\/channel\/UCChi8p4mwKvlh6NKtqT-RhA<\/a><\/p>\n","protected":false},"excerpt":{"rendered":"<p>W sobot\u0119 24 wrze\u015bnia 2022 r. na Wydziale Fizyki Uniwersytetu w Bia\u0142ymstoku odby\u0142a si\u0119 VI Konferencja Nauczycieli Fizyki (VI KNF 2022). By\u0142 to kolejny cykl wyst\u0105pie\u0144 organizowanych przez Wydzia\u0142 Fizyki we wsp\u00f3\u0142pracy z Oddzia\u0142em Bia\u0142ostockim Polskiego Towarzystwa Fizycznego oraz Polsk\u0105 Akademi\u0105 Nauk Oddzia\u0142 w Olsztynie i w Bia\u0142ymstoku z siedzib\u0105 w Olsztynie. Tegorocznej konferencji tradycyjnie [&hellip;]<\/p>\n","protected":false},"author":25,"featured_media":0,"parent":0,"menu_order":0,"comment_status":"closed","ping_status":"closed","template":"","meta":{"site-sidebar-layout":"default","site-content-layout":"","ast-site-content-layout":"default","site-content-style":"default","site-sidebar-style":"default","ast-global-header-display":"","ast-banner-title-visibility":"","ast-main-header-display":"","ast-hfb-above-header-display":"","ast-hfb-below-header-display":"","ast-hfb-mobile-header-display":"","site-post-title":"","ast-breadcrumbs-content":"","ast-featured-img":"","footer-sml-layout":"","ast-disable-related-posts":"","theme-transparent-header-meta":"","adv-header-id-meta":"","stick-header-meta":"","header-above-stick-meta":"","header-main-stick-meta":"","header-below-stick-meta":"","astra-migrate-meta-layouts":"set","ast-page-background-enabled":"default","ast-page-background-meta":{"desktop":{"background-color":"var(--ast-global-color-4)","background-image":"","background-repeat":"repeat","background-position":"center center","background-size":"auto","background-attachment":"scroll","background-type":"","background-media":"","overlay-type":"","overlay-color":"","overlay-opacity":"","overlay-gradient":""},"tablet":{"background-color":"","background-image":"","background-repeat":"repeat","background-position":"center center","background-size":"auto","background-attachment":"scroll","background-type":"","background-media":"","overlay-type":"","overlay-color":"","overlay-opacity":"","overlay-gradient":""},"mobile":{"background-color":"","background-image":"","background-repeat":"repeat","background-position":"center center","background-size":"auto","background-attachment":"scroll","background-type":"","background-media":"","overlay-type":"","overlay-color":"","overlay-opacity":"","overlay-gradient":""}},"ast-content-background-meta":{"desktop":{"background-color":"var(--ast-global-color-5)","background-image":"","background-repeat":"repeat","background-position":"center center","background-size":"auto","background-attachment":"scroll","background-type":"","background-media":"","overlay-type":"","overlay-color":"","overlay-opacity":"","overlay-gradient":""},"tablet":{"background-color":"var(--ast-global-color-5)","background-image":"","background-repeat":"repeat","background-position":"center center","background-size":"auto","background-attachment":"scroll","background-type":"","background-media":"","overlay-type":"","overlay-color":"","overlay-opacity":"","overlay-gradient":""},"mobile":{"background-color":"var(--ast-global-color-5)","background-image":"","background-repeat":"repeat","background-position":"center center","background-size":"auto","background-attachment":"scroll","background-type":"","background-media":"","overlay-type":"","overlay-color":"","overlay-opacity":"","overlay-gradient":""}},"ngg_post_thumbnail":0,"footnotes":""},"class_list":["post-528","page","type-page","status-publish","hentry"],"_links":{"self":[{"href":"https:\/\/physics.uwb.edu.pl\/wf\/ptf\/wp-json\/wp\/v2\/pages\/528","targetHints":{"allow":["GET"]}}],"collection":[{"href":"https:\/\/physics.uwb.edu.pl\/wf\/ptf\/wp-json\/wp\/v2\/pages"}],"about":[{"href":"https:\/\/physics.uwb.edu.pl\/wf\/ptf\/wp-json\/wp\/v2\/types\/page"}],"author":[{"embeddable":true,"href":"https:\/\/physics.uwb.edu.pl\/wf\/ptf\/wp-json\/wp\/v2\/users\/25"}],"replies":[{"embeddable":true,"href":"https:\/\/physics.uwb.edu.pl\/wf\/ptf\/wp-json\/wp\/v2\/comments?post=528"}],"version-history":[{"count":1,"href":"https:\/\/physics.uwb.edu.pl\/wf\/ptf\/wp-json\/wp\/v2\/pages\/528\/revisions"}],"predecessor-version":[{"id":531,"href":"https:\/\/physics.uwb.edu.pl\/wf\/ptf\/wp-json\/wp\/v2\/pages\/528\/revisions\/531"}],"wp:attachment":[{"href":"https:\/\/physics.uwb.edu.pl\/wf\/ptf\/wp-json\/wp\/v2\/media?parent=528"}],"curies":[{"name":"wp","href":"https:\/\/api.w.org\/{rel}","templated":true}]}}