{"id":532,"date":"2023-09-20T11:51:55","date_gmt":"2023-09-20T11:51:55","guid":{"rendered":"https:\/\/physics.uwb.edu.pl\/wf\/ptf\/?page_id=532"},"modified":"2023-09-20T11:51:55","modified_gmt":"2023-09-20T11:51:55","slug":"v-konferencja-nauczycieli-fizyki-2021","status":"publish","type":"page","link":"https:\/\/physics.uwb.edu.pl\/wf\/ptf\/v-konferencja-nauczycieli-fizyki-2021\/","title":{"rendered":"V Konferencja Nauczycieli Fizyki \u2013 2021"},"content":{"rendered":"\n<figure class=\"wp-block-image aligncenter size-full\"><img loading=\"lazy\" decoding=\"async\" width=\"480\" height=\"135\" src=\"https:\/\/physics.uwb.edu.pl\/wf\/ptf\/wp-content\/uploads\/sites\/24\/2023\/09\/obraz-17.png\" alt=\"\" class=\"wp-image-533\" srcset=\"https:\/\/physics.uwb.edu.pl\/wf\/ptf\/wp-content\/uploads\/sites\/24\/2023\/09\/obraz-17.png 480w, https:\/\/physics.uwb.edu.pl\/wf\/ptf\/wp-content\/uploads\/sites\/24\/2023\/09\/obraz-17-300x84.png 300w\" sizes=\"auto, (max-width: 480px) 100vw, 480px\" \/><\/figure>\n\n\n\n<p>W sobot\u0119 25 wrze\u015bnia 2021 r. na Wydziale Fizyki Uniwersytetu w Bia\u0142ymstoku odby\u0142a si\u0119 V Konferencja Nauczycieli Fizyki.<\/p>\n\n\n\n<p>By\u0142o to kolejne spotkanie zorganizowane przez Wydzia\u0142 Fizyki we wsp\u00f3\u0142pracy z Polskim Towarzystwem Fizycznym Oddzia\u0142 w Bia\u0142ymstoku oraz Polsk\u0105 Akademi\u0105 Nauk Oddzia\u0142 w Olsztynie i w Bia\u0142ymstoku z siedzib\u0105 w Olsztynie. Patronem tegorocznej edycji by\u0142 J.&nbsp;M.&nbsp;Rektor&nbsp;prof.&nbsp;dr&nbsp;hab.&nbsp;Rober Ciborowski.<\/p>\n\n\n\n<p>Konferencja mia\u0142a na celu integracj\u0119 i poszerzenie kompetencji \u015brodowiska akademickiego oraz nauczycieli przedmiot\u00f3w przyrodniczych, a tak\u017ce prezentacj\u0119 nowo\u015bci na rynku wydawniczym i pomocy naukowych.<\/p>\n\n\n\n<p>W tegorocznej sesji konferencyjnej udzia\u0142 wzi\u0119\u0142o 58 nauczycieli, w tym 17 spoza granic wojew\u00f3dztwa podlaskiego. Uczestnicy mogli wys\u0142ucha\u0107 mi\u0119dzy innymi wyk\u0142ad\u00f3w na temat \u201enowej szko\u0142y\u201d i koniecznych zmian o\u015bwiatowych, a tak\u017ce znaczenia aktywno\u015bci fizycznej dla rozwoju kompetencji poznawczych. Cz\u0119\u015b\u0107 wyk\u0142ad\u00f3w po\u015bwi\u0119cona by\u0142a skutecznej asymilacji os\u00f3b z r\u00f3\u017cnie nasilonymi wadami s\u0142uchu poprzez rozw\u00f3j polskiego programu implant\u00f3w \u015blimakowych. Sympozjum by\u0142o r\u00f3wnie\u017c okazj\u0105 do podzielenia si\u0119 wiedz\u0105 i do\u015bwiadczeniem z zakresu innowacyjnych metod zdalnego nauczania oraz blask\u00f3w i cieni tego sposobu przekazywania wiedzy.<\/p>\n\n\n\n<figure class=\"wp-block-image size-full\"><img loading=\"lazy\" decoding=\"async\" width=\"1024\" height=\"683\" src=\"https:\/\/physics.uwb.edu.pl\/wf\/ptf\/wp-content\/uploads\/sites\/24\/2023\/09\/obraz-18.png\" alt=\"\" class=\"wp-image-534\" srcset=\"https:\/\/physics.uwb.edu.pl\/wf\/ptf\/wp-content\/uploads\/sites\/24\/2023\/09\/obraz-18.png 1024w, https:\/\/physics.uwb.edu.pl\/wf\/ptf\/wp-content\/uploads\/sites\/24\/2023\/09\/obraz-18-300x200.png 300w, https:\/\/physics.uwb.edu.pl\/wf\/ptf\/wp-content\/uploads\/sites\/24\/2023\/09\/obraz-18-768x512.png 768w\" sizes=\"auto, (max-width: 1024px) 100vw, 1024px\" \/><\/figure>\n\n\n\n<p class=\"has-text-align-center\">Uczestnicy V Konferencji Nauczycieli Fizyki<br><em>Autor zdj\u0119cia: Marek Brancewicz<\/em><\/p>\n\n\n\n<p>Mamy nadziej\u0119, \u017ce V Konferencja Nauczycieli Fizyki pozwoli\u0142a zdoby\u0107 nowe do\u015bwiadczenia, wiadomo\u015bci i umiej\u0119tno\u015bci pozwalaj\u0105ce poszerzy\u0107 warsztat nauczyciela fizyki.<\/p>\n\n\n\n<p>Kolejna, VI ju\u017c edycja odb\u0119dzie si\u0119 w ostatni\u0105 sobot\u0119 wrze\u015bnia przysz\u0142ego roku (24.09.2022).<\/p>\n\n\n\n<p>Szczeg\u00f3\u0142owe informacje na temat konferencji znale\u017a\u0107 mo\u017cna na stronie <a href=\"https:\/\/web.archive.org\/web\/20230530150729\/https:\/physics.uwb.edu.pl\/wf\/knf2021\/\">https:\/\/physics.uwb.edu.pl\/wf\/knf2021\/<\/a>.<\/p>\n","protected":false},"excerpt":{"rendered":"<p>W sobot\u0119 25 wrze\u015bnia 2021 r. na Wydziale Fizyki Uniwersytetu w Bia\u0142ymstoku odby\u0142a si\u0119 V Konferencja Nauczycieli Fizyki. By\u0142o to kolejne spotkanie zorganizowane przez Wydzia\u0142 Fizyki we wsp\u00f3\u0142pracy z Polskim Towarzystwem Fizycznym Oddzia\u0142 w Bia\u0142ymstoku oraz Polsk\u0105 Akademi\u0105 Nauk Oddzia\u0142 w Olsztynie i w Bia\u0142ymstoku z siedzib\u0105 w Olsztynie. Patronem tegorocznej edycji by\u0142 J.&nbsp;M.&nbsp;Rektor&nbsp;prof.&nbsp;dr&nbsp;hab.&nbsp;Rober Ciborowski. [&hellip;]<\/p>\n","protected":false},"author":25,"featured_media":0,"parent":0,"menu_order":0,"comment_status":"closed","ping_status":"closed","template":"","meta":{"site-sidebar-layout":"default","site-content-layout":"","ast-site-content-layout":"default","site-content-style":"default","site-sidebar-style":"default","ast-global-header-display":"","ast-banner-title-visibility":"","ast-main-header-display":"","ast-hfb-above-header-display":"","ast-hfb-below-header-display":"","ast-hfb-mobile-header-display":"","site-post-title":"","ast-breadcrumbs-content":"","ast-featured-img":"","footer-sml-layout":"","ast-disable-related-posts":"","theme-transparent-header-meta":"","adv-header-id-meta":"","stick-header-meta":"","header-above-stick-meta":"","header-main-stick-meta":"","header-below-stick-meta":"","astra-migrate-meta-layouts":"set","ast-page-background-enabled":"default","ast-page-background-meta":{"desktop":{"background-color":"var(--ast-global-color-4)","background-image":"","background-repeat":"repeat","background-position":"center center","background-size":"auto","background-attachment":"scroll","background-type":"","background-media":"","overlay-type":"","overlay-color":"","overlay-opacity":"","overlay-gradient":""},"tablet":{"background-color":"","background-image":"","background-repeat":"repeat","background-position":"center center","background-size":"auto","background-attachment":"scroll","background-type":"","background-media":"","overlay-type":"","overlay-color":"","overlay-opacity":"","overlay-gradient":""},"mobile":{"background-color":"","background-image":"","background-repeat":"repeat","background-position":"center center","background-size":"auto","background-attachment":"scroll","background-type":"","background-media":"","overlay-type":"","overlay-color":"","overlay-opacity":"","overlay-gradient":""}},"ast-content-background-meta":{"desktop":{"background-color":"var(--ast-global-color-5)","background-image":"","background-repeat":"repeat","background-position":"center center","background-size":"auto","background-attachment":"scroll","background-type":"","background-media":"","overlay-type":"","overlay-color":"","overlay-opacity":"","overlay-gradient":""},"tablet":{"background-color":"var(--ast-global-color-5)","background-image":"","background-repeat":"repeat","background-position":"center center","background-size":"auto","background-attachment":"scroll","background-type":"","background-media":"","overlay-type":"","overlay-color":"","overlay-opacity":"","overlay-gradient":""},"mobile":{"background-color":"var(--ast-global-color-5)","background-image":"","background-repeat":"repeat","background-position":"center center","background-size":"auto","background-attachment":"scroll","background-type":"","background-media":"","overlay-type":"","overlay-color":"","overlay-opacity":"","overlay-gradient":""}},"ngg_post_thumbnail":0,"footnotes":""},"class_list":["post-532","page","type-page","status-publish","hentry"],"_links":{"self":[{"href":"https:\/\/physics.uwb.edu.pl\/wf\/ptf\/wp-json\/wp\/v2\/pages\/532","targetHints":{"allow":["GET"]}}],"collection":[{"href":"https:\/\/physics.uwb.edu.pl\/wf\/ptf\/wp-json\/wp\/v2\/pages"}],"about":[{"href":"https:\/\/physics.uwb.edu.pl\/wf\/ptf\/wp-json\/wp\/v2\/types\/page"}],"author":[{"embeddable":true,"href":"https:\/\/physics.uwb.edu.pl\/wf\/ptf\/wp-json\/wp\/v2\/users\/25"}],"replies":[{"embeddable":true,"href":"https:\/\/physics.uwb.edu.pl\/wf\/ptf\/wp-json\/wp\/v2\/comments?post=532"}],"version-history":[{"count":1,"href":"https:\/\/physics.uwb.edu.pl\/wf\/ptf\/wp-json\/wp\/v2\/pages\/532\/revisions"}],"predecessor-version":[{"id":535,"href":"https:\/\/physics.uwb.edu.pl\/wf\/ptf\/wp-json\/wp\/v2\/pages\/532\/revisions\/535"}],"wp:attachment":[{"href":"https:\/\/physics.uwb.edu.pl\/wf\/ptf\/wp-json\/wp\/v2\/media?parent=532"}],"curies":[{"name":"wp","href":"https:\/\/api.w.org\/{rel}","templated":true}]}}