{"id":540,"date":"2023-09-20T11:53:53","date_gmt":"2023-09-20T11:53:53","guid":{"rendered":"https:\/\/physics.uwb.edu.pl\/wf\/ptf\/?page_id=540"},"modified":"2023-09-20T11:53:53","modified_gmt":"2023-09-20T11:53:53","slug":"iii-konferencja-nauczycieli-fizyki-2019","status":"publish","type":"page","link":"https:\/\/physics.uwb.edu.pl\/wf\/ptf\/iii-konferencja-nauczycieli-fizyki-2019\/","title":{"rendered":"III Konferencja Nauczycieli Fizyki \u2013 2019"},"content":{"rendered":"\n<figure class=\"wp-block-image aligncenter size-full\"><img loading=\"lazy\" decoding=\"async\" width=\"640\" height=\"180\" src=\"https:\/\/physics.uwb.edu.pl\/wf\/ptf\/wp-content\/uploads\/sites\/24\/2023\/09\/obraz-21.png\" alt=\"\" class=\"wp-image-541\" srcset=\"https:\/\/physics.uwb.edu.pl\/wf\/ptf\/wp-content\/uploads\/sites\/24\/2023\/09\/obraz-21.png 640w, https:\/\/physics.uwb.edu.pl\/wf\/ptf\/wp-content\/uploads\/sites\/24\/2023\/09\/obraz-21-300x84.png 300w\" sizes=\"auto, (max-width: 640px) 100vw, 640px\" \/><\/figure>\n\n\n\n<p>W sobot\u0119 <strong>30 marca 2019 r.<\/strong> na Wydziale Fizyki Uniwersytetu w Bia\u0142ymstoku przy ul. Konstantego Cio\u0142kowskiego 1L odby\u0142a si\u0119 III Konferencja Nauczycieli Fizyki.<\/p>\n\n\n\n<p>To ju\u017c trzecie tego typu spotkanie, kt\u00f3re zorganizowa\u0142 Wydzia\u0142 Fizyki Uniwersytetu w Bia\u0142ymstoku we wsp\u00f3\u0142pracy z Polskim Towarzystwem Fizycznym oddzia\u0142 w Bia\u0142ymstoku oraz Polsk\u0105 Akademi\u0105 Nauk oddzia\u0142 w Olsztynie i w Bia\u0142ymstoku z siedzib\u0105 w Olsztynie. Celem konferencji by\u0142a integracja \u015brodowiska, poszerzanie kompetencji zawodowych nauczycieli oraz dzielenie si\u0119 do\u015bwiadczeniami z w\u0142asnej pracy i przekazywanie aktualnych informacji.<\/p>\n\n\n\n<figure class=\"wp-block-image size-full\"><img loading=\"lazy\" decoding=\"async\" width=\"1024\" height=\"683\" src=\"https:\/\/physics.uwb.edu.pl\/wf\/ptf\/wp-content\/uploads\/sites\/24\/2023\/09\/obraz-22.png\" alt=\"\" class=\"wp-image-542\" srcset=\"https:\/\/physics.uwb.edu.pl\/wf\/ptf\/wp-content\/uploads\/sites\/24\/2023\/09\/obraz-22.png 1024w, https:\/\/physics.uwb.edu.pl\/wf\/ptf\/wp-content\/uploads\/sites\/24\/2023\/09\/obraz-22-300x200.png 300w, https:\/\/physics.uwb.edu.pl\/wf\/ptf\/wp-content\/uploads\/sites\/24\/2023\/09\/obraz-22-768x512.png 768w\" sizes=\"auto, (max-width: 1024px) 100vw, 1024px\" \/><\/figure>\n\n\n\n<p class=\"has-text-align-center\">Uczestnicy III Konferencji Nauczycieli Fizyki<br><em>Autor zdj\u0119cia: Marek Brancewicz<\/em><\/p>\n\n\n\n<p>W konferencji uczestniczy\u0142y \u0142\u0105cznie 54 osoby, w tym: 44 nauczycieli, 4 organizator\u00f3w, 3 zaproszonych wyk\u0142adowc\u00f3w oraz 3 osoby prezentuj\u0105ce ofert\u0119 pomocy dydaktycznych dla szk\u00f3\u0142.<\/p>\n\n\n\n<p>Dzi\u0119kujemy za coraz wi\u0119ksze zainteresowanie nasz\u0105 konferencj\u0105 i zapraszamy na jej kolejn\u0105 edycj\u0119 za rok (prawdopodobnie 28.03.2020).<\/p>\n\n\n\n<p>Szczeg\u00f3\u0142owe informacje na temat konferencji znale\u017a\u0107 mo\u017cna na stronie: <a href=\"https:\/\/web.archive.org\/web\/20230602065200\/https:\/physics.uwb.edu.pl\/wf\/knf2019\/\">https:\/\/physics.uwb.edu.pl\/wf\/knf2019\/<\/a>.<\/p>\n","protected":false},"excerpt":{"rendered":"<p>W sobot\u0119 30 marca 2019 r. na Wydziale Fizyki Uniwersytetu w Bia\u0142ymstoku przy ul. Konstantego Cio\u0142kowskiego 1L odby\u0142a si\u0119 III Konferencja Nauczycieli Fizyki. To ju\u017c trzecie tego typu spotkanie, kt\u00f3re zorganizowa\u0142 Wydzia\u0142 Fizyki Uniwersytetu w Bia\u0142ymstoku we wsp\u00f3\u0142pracy z Polskim Towarzystwem Fizycznym oddzia\u0142 w Bia\u0142ymstoku oraz Polsk\u0105 Akademi\u0105 Nauk oddzia\u0142 w Olsztynie i w Bia\u0142ymstoku [&hellip;]<\/p>\n","protected":false},"author":25,"featured_media":0,"parent":0,"menu_order":0,"comment_status":"closed","ping_status":"closed","template":"","meta":{"site-sidebar-layout":"default","site-content-layout":"","ast-site-content-layout":"default","site-content-style":"default","site-sidebar-style":"default","ast-global-header-display":"","ast-banner-title-visibility":"","ast-main-header-display":"","ast-hfb-above-header-display":"","ast-hfb-below-header-display":"","ast-hfb-mobile-header-display":"","site-post-title":"","ast-breadcrumbs-content":"","ast-featured-img":"","footer-sml-layout":"","ast-disable-related-posts":"","theme-transparent-header-meta":"","adv-header-id-meta":"","stick-header-meta":"","header-above-stick-meta":"","header-main-stick-meta":"","header-below-stick-meta":"","astra-migrate-meta-layouts":"set","ast-page-background-enabled":"default","ast-page-background-meta":{"desktop":{"background-color":"var(--ast-global-color-4)","background-image":"","background-repeat":"repeat","background-position":"center center","background-size":"auto","background-attachment":"scroll","background-type":"","background-media":"","overlay-type":"","overlay-color":"","overlay-opacity":"","overlay-gradient":""},"tablet":{"background-color":"","background-image":"","background-repeat":"repeat","background-position":"center center","background-size":"auto","background-attachment":"scroll","background-type":"","background-media":"","overlay-type":"","overlay-color":"","overlay-opacity":"","overlay-gradient":""},"mobile":{"background-color":"","background-image":"","background-repeat":"repeat","background-position":"center center","background-size":"auto","background-attachment":"scroll","background-type":"","background-media":"","overlay-type":"","overlay-color":"","overlay-opacity":"","overlay-gradient":""}},"ast-content-background-meta":{"desktop":{"background-color":"var(--ast-global-color-5)","background-image":"","background-repeat":"repeat","background-position":"center center","background-size":"auto","background-attachment":"scroll","background-type":"","background-media":"","overlay-type":"","overlay-color":"","overlay-opacity":"","overlay-gradient":""},"tablet":{"background-color":"var(--ast-global-color-5)","background-image":"","background-repeat":"repeat","background-position":"center center","background-size":"auto","background-attachment":"scroll","background-type":"","background-media":"","overlay-type":"","overlay-color":"","overlay-opacity":"","overlay-gradient":""},"mobile":{"background-color":"var(--ast-global-color-5)","background-image":"","background-repeat":"repeat","background-position":"center center","background-size":"auto","background-attachment":"scroll","background-type":"","background-media":"","overlay-type":"","overlay-color":"","overlay-opacity":"","overlay-gradient":""}},"ngg_post_thumbnail":0,"footnotes":""},"class_list":["post-540","page","type-page","status-publish","hentry"],"_links":{"self":[{"href":"https:\/\/physics.uwb.edu.pl\/wf\/ptf\/wp-json\/wp\/v2\/pages\/540","targetHints":{"allow":["GET"]}}],"collection":[{"href":"https:\/\/physics.uwb.edu.pl\/wf\/ptf\/wp-json\/wp\/v2\/pages"}],"about":[{"href":"https:\/\/physics.uwb.edu.pl\/wf\/ptf\/wp-json\/wp\/v2\/types\/page"}],"author":[{"embeddable":true,"href":"https:\/\/physics.uwb.edu.pl\/wf\/ptf\/wp-json\/wp\/v2\/users\/25"}],"replies":[{"embeddable":true,"href":"https:\/\/physics.uwb.edu.pl\/wf\/ptf\/wp-json\/wp\/v2\/comments?post=540"}],"version-history":[{"count":1,"href":"https:\/\/physics.uwb.edu.pl\/wf\/ptf\/wp-json\/wp\/v2\/pages\/540\/revisions"}],"predecessor-version":[{"id":543,"href":"https:\/\/physics.uwb.edu.pl\/wf\/ptf\/wp-json\/wp\/v2\/pages\/540\/revisions\/543"}],"wp:attachment":[{"href":"https:\/\/physics.uwb.edu.pl\/wf\/ptf\/wp-json\/wp\/v2\/media?parent=540"}],"curies":[{"name":"wp","href":"https:\/\/api.w.org\/{rel}","templated":true}]}}