{"id":544,"date":"2023-09-20T11:55:20","date_gmt":"2023-09-20T11:55:20","guid":{"rendered":"https:\/\/physics.uwb.edu.pl\/wf\/ptf\/?page_id=544"},"modified":"2023-09-20T11:55:20","modified_gmt":"2023-09-20T11:55:20","slug":"ii-konferencja-nauczycieli-fizyki-2018","status":"publish","type":"page","link":"https:\/\/physics.uwb.edu.pl\/wf\/ptf\/ii-konferencja-nauczycieli-fizyki-2018\/","title":{"rendered":"II Konferencja Nauczycieli Fizyki \u2013 2018"},"content":{"rendered":"\n<figure class=\"wp-block-image aligncenter size-full\"><img loading=\"lazy\" decoding=\"async\" width=\"480\" height=\"134\" src=\"https:\/\/physics.uwb.edu.pl\/wf\/ptf\/wp-content\/uploads\/sites\/24\/2023\/09\/obraz-23.png\" alt=\"\" class=\"wp-image-545\" srcset=\"https:\/\/physics.uwb.edu.pl\/wf\/ptf\/wp-content\/uploads\/sites\/24\/2023\/09\/obraz-23.png 480w, https:\/\/physics.uwb.edu.pl\/wf\/ptf\/wp-content\/uploads\/sites\/24\/2023\/09\/obraz-23-300x84.png 300w\" sizes=\"auto, (max-width: 480px) 100vw, 480px\" \/><\/figure>\n\n\n\n<p> <span style=\"font-size:12.0pt;line-height:107%;font-family:&quot;Times New Roman&quot;,serif;\nmso-fareast-font-family:&quot;Times New Roman&quot;;mso-ansi-language:PL;mso-fareast-language:\nPL;mso-bidi-language:AR-SA\">To ju\u017c drugie tego typu spotkanie zorganizowane przez Wydzia\u0142 Fizyki Uniwersytetu w Bia\u0142ymstoku we wsp\u00f3\u0142pracy z Polskim Towarzystwem Fizycznym oddzia\u0142 w Bia\u0142ymstoku oraz Polsk\u0105 Akademi\u0105 Nauk oddzia\u0142 w Olsztynie i w Bia\u0142ymstoku. Celem konferencji by\u0142a integracja \u015brodowiska, poszerzanie kompetencji zawodowych nauczycieli oraz dzielenie si\u0119 do\u015bwiadczeniami z w\u0142asnej pracy i przekazywanie aktualnych informacji. W konferencji wzi\u0119\u0142o udzia\u0142 ok. 40 nauczycieli przedmiot\u00f3w przyrodniczych i matematycznych ze szk\u00f3\u0142 podstawowych i \u015brednich g\u0142\u00f3wnie z Bia\u0142egostoku i wojew\u00f3dztwa Podlaskiego oraz pracownicy naukowo-dydaktyczni naszego Wydzia\u0142u. Du\u017cym zainteresowaniem cieszy\u0142y si\u0119 dwa wyk\u0142ady otwarte, w kt\u00f3rych dodatkowo udzia\u0142 wzi\u0119li uczniowie szk\u00f3\u0142 \u015brednich, nauczyciele, lekarze, specjali\u015bci oraz inne zainteresowane osoby w sumie ok. 85 os\u00f3b.<\/span><\/p>\n\n\n\n<figure class=\"wp-block-image size-full\"><img loading=\"lazy\" decoding=\"async\" width=\"1024\" height=\"683\" src=\"https:\/\/physics.uwb.edu.pl\/wf\/ptf\/wp-content\/uploads\/sites\/24\/2023\/09\/obraz-24.png\" alt=\"\" class=\"wp-image-546\" srcset=\"https:\/\/physics.uwb.edu.pl\/wf\/ptf\/wp-content\/uploads\/sites\/24\/2023\/09\/obraz-24.png 1024w, https:\/\/physics.uwb.edu.pl\/wf\/ptf\/wp-content\/uploads\/sites\/24\/2023\/09\/obraz-24-300x200.png 300w, https:\/\/physics.uwb.edu.pl\/wf\/ptf\/wp-content\/uploads\/sites\/24\/2023\/09\/obraz-24-768x512.png 768w\" sizes=\"auto, (max-width: 1024px) 100vw, 1024px\" \/><\/figure>\n\n\n\n<p class=\"has-text-align-center\">Uczestnicy II Konferencji Nauczycieli Fizyki<br><em>Autor zdj\u0119cia: Marek Brancewicz<\/em><\/p>\n\n\n\n<p>Szczeg\u00f3\u0142owe informacje na temat konferencji znale\u017a\u0107 mo\u017cna na stronie: <a href=\"https:\/\/web.archive.org\/web\/20230606231034\/https:\/physics.uwb.edu.pl\/wf\/knf2018\/\">https:\/\/physics.uwb.edu.pl\/wf\/knf2018\/<\/a>.<\/p>\n","protected":false},"excerpt":{"rendered":"<p>To ju\u017c drugie tego typu spotkanie zorganizowane przez Wydzia\u0142 Fizyki Uniwersytetu w Bia\u0142ymstoku we wsp\u00f3\u0142pracy z Polskim Towarzystwem Fizycznym oddzia\u0142 w Bia\u0142ymstoku oraz Polsk\u0105 Akademi\u0105 Nauk oddzia\u0142 w Olsztynie i w Bia\u0142ymstoku. Celem konferencji by\u0142a integracja \u015brodowiska, poszerzanie kompetencji zawodowych nauczycieli oraz dzielenie si\u0119 do\u015bwiadczeniami z w\u0142asnej pracy i przekazywanie aktualnych informacji. W konferencji wzi\u0119\u0142o [&hellip;]<\/p>\n","protected":false},"author":25,"featured_media":0,"parent":0,"menu_order":0,"comment_status":"closed","ping_status":"closed","template":"","meta":{"site-sidebar-layout":"default","site-content-layout":"","ast-site-content-layout":"default","site-content-style":"default","site-sidebar-style":"default","ast-global-header-display":"","ast-banner-title-visibility":"","ast-main-header-display":"","ast-hfb-above-header-display":"","ast-hfb-below-header-display":"","ast-hfb-mobile-header-display":"","site-post-title":"","ast-breadcrumbs-content":"","ast-featured-img":"","footer-sml-layout":"","ast-disable-related-posts":"","theme-transparent-header-meta":"","adv-header-id-meta":"","stick-header-meta":"","header-above-stick-meta":"","header-main-stick-meta":"","header-below-stick-meta":"","astra-migrate-meta-layouts":"set","ast-page-background-enabled":"default","ast-page-background-meta":{"desktop":{"background-color":"var(--ast-global-color-4)","background-image":"","background-repeat":"repeat","background-position":"center center","background-size":"auto","background-attachment":"scroll","background-type":"","background-media":"","overlay-type":"","overlay-color":"","overlay-opacity":"","overlay-gradient":""},"tablet":{"background-color":"","background-image":"","background-repeat":"repeat","background-position":"center center","background-size":"auto","background-attachment":"scroll","background-type":"","background-media":"","overlay-type":"","overlay-color":"","overlay-opacity":"","overlay-gradient":""},"mobile":{"background-color":"","background-image":"","background-repeat":"repeat","background-position":"center center","background-size":"auto","background-attachment":"scroll","background-type":"","background-media":"","overlay-type":"","overlay-color":"","overlay-opacity":"","overlay-gradient":""}},"ast-content-background-meta":{"desktop":{"background-color":"var(--ast-global-color-5)","background-image":"","background-repeat":"repeat","background-position":"center center","background-size":"auto","background-attachment":"scroll","background-type":"","background-media":"","overlay-type":"","overlay-color":"","overlay-opacity":"","overlay-gradient":""},"tablet":{"background-color":"var(--ast-global-color-5)","background-image":"","background-repeat":"repeat","background-position":"center center","background-size":"auto","background-attachment":"scroll","background-type":"","background-media":"","overlay-type":"","overlay-color":"","overlay-opacity":"","overlay-gradient":""},"mobile":{"background-color":"var(--ast-global-color-5)","background-image":"","background-repeat":"repeat","background-position":"center center","background-size":"auto","background-attachment":"scroll","background-type":"","background-media":"","overlay-type":"","overlay-color":"","overlay-opacity":"","overlay-gradient":""}},"ngg_post_thumbnail":0,"footnotes":""},"class_list":["post-544","page","type-page","status-publish","hentry"],"_links":{"self":[{"href":"https:\/\/physics.uwb.edu.pl\/wf\/ptf\/wp-json\/wp\/v2\/pages\/544","targetHints":{"allow":["GET"]}}],"collection":[{"href":"https:\/\/physics.uwb.edu.pl\/wf\/ptf\/wp-json\/wp\/v2\/pages"}],"about":[{"href":"https:\/\/physics.uwb.edu.pl\/wf\/ptf\/wp-json\/wp\/v2\/types\/page"}],"author":[{"embeddable":true,"href":"https:\/\/physics.uwb.edu.pl\/wf\/ptf\/wp-json\/wp\/v2\/users\/25"}],"replies":[{"embeddable":true,"href":"https:\/\/physics.uwb.edu.pl\/wf\/ptf\/wp-json\/wp\/v2\/comments?post=544"}],"version-history":[{"count":1,"href":"https:\/\/physics.uwb.edu.pl\/wf\/ptf\/wp-json\/wp\/v2\/pages\/544\/revisions"}],"predecessor-version":[{"id":547,"href":"https:\/\/physics.uwb.edu.pl\/wf\/ptf\/wp-json\/wp\/v2\/pages\/544\/revisions\/547"}],"wp:attachment":[{"href":"https:\/\/physics.uwb.edu.pl\/wf\/ptf\/wp-json\/wp\/v2\/media?parent=544"}],"curies":[{"name":"wp","href":"https:\/\/api.w.org\/{rel}","templated":true}]}}