{"id":548,"date":"2023-09-20T11:56:45","date_gmt":"2023-09-20T11:56:45","guid":{"rendered":"https:\/\/physics.uwb.edu.pl\/wf\/ptf\/?page_id=548"},"modified":"2023-09-20T12:00:38","modified_gmt":"2023-09-20T12:00:38","slug":"i-konferencja-nauczycieli-fizyki-2017","status":"publish","type":"page","link":"https:\/\/physics.uwb.edu.pl\/wf\/ptf\/i-konferencja-nauczycieli-fizyki-2017\/","title":{"rendered":"I Konferencja Nauczycieli Fizyki \u2013 2017"},"content":{"rendered":"\n<figure class=\"wp-block-image aligncenter size-full\"><img loading=\"lazy\" decoding=\"async\" width=\"827\" height=\"236\" src=\"https:\/\/physics.uwb.edu.pl\/wf\/ptf\/wp-content\/uploads\/sites\/24\/2023\/09\/obraz-25.png\" alt=\"\" class=\"wp-image-549\" srcset=\"https:\/\/physics.uwb.edu.pl\/wf\/ptf\/wp-content\/uploads\/sites\/24\/2023\/09\/obraz-25.png 827w, https:\/\/physics.uwb.edu.pl\/wf\/ptf\/wp-content\/uploads\/sites\/24\/2023\/09\/obraz-25-300x86.png 300w, https:\/\/physics.uwb.edu.pl\/wf\/ptf\/wp-content\/uploads\/sites\/24\/2023\/09\/obraz-25-768x219.png 768w\" sizes=\"auto, (max-width: 827px) 100vw, 827px\" \/><\/figure>\n\n\n\n<p><span style=\"font-size: 12.0pt; font-family: 'Times New Roman',serif; mso-fareast-font-family: 'Times New Roman'; mso-fareast-language: PL;\">W sobot\u0119 25 marca 2017 r. na Wydziale Fizyki Uniwersytetu w Bia\u0142ymstoku przy ul. Konstantego Cio\u0142kowskiego 1L odby\u0142a si\u0119 jednodniowa I Konferencja Nauczycieli Fizyki.<\/span><\/p>\n\n\n\n<p><span style=\"font-size: 12.0pt; font-family: 'Times New Roman',serif; mso-fareast-font-family: 'Times New Roman'; mso-fareast-language: PL;\">Konferencj\u0119 zorganizowa\u0142 Wydzia\u0142 Fizyki Uniwersytetu w Bia\u0142ymstoku we wsp\u00f3\u0142pracy z Polskim Towarzystwem Fizycznym oddzia\u0142 w Bia\u0142ymstoku,&nbsp; Polsk\u0105 Akademi\u0105 Nauk oddzia\u0142 w Olsztynie i w Bia\u0142ymstoku oraz Fundacj\u0105 Edukacji Matematyczno-Przyrodniczej im. Richarda Phillipsa Feynmana. Celem konferencji by\u0142a integracja \u015brodowiska, poszerzanie kompetencji zawodowych nauczycieli oraz dzielenie si\u0119 do\u015bwiadczeniami z w\u0142asnej pracy i przekazywanie aktualnych informacji. W konferencji wzi\u0119\u0142o udzia\u0142 ok. 40 nauczycieli przedmiot\u00f3w przyrodniczych i matematycznych ze szk\u00f3\u0142 podstawowych i \u015brednich g\u0142\u00f3wnie z Bia\u0142egostoku i wojew\u00f3dztwa Podlaskiego oraz pracownicy naukowo-dydaktyczni naszego Wydzia\u0142u.<\/span><\/p>\n\n\n\n<figure class=\"wp-block-image size-full\"><img loading=\"lazy\" decoding=\"async\" width=\"1024\" height=\"683\" src=\"https:\/\/physics.uwb.edu.pl\/wf\/ptf\/wp-content\/uploads\/sites\/24\/2023\/09\/obraz-26.png\" alt=\"\" class=\"wp-image-550\" srcset=\"https:\/\/physics.uwb.edu.pl\/wf\/ptf\/wp-content\/uploads\/sites\/24\/2023\/09\/obraz-26.png 1024w, https:\/\/physics.uwb.edu.pl\/wf\/ptf\/wp-content\/uploads\/sites\/24\/2023\/09\/obraz-26-300x200.png 300w, https:\/\/physics.uwb.edu.pl\/wf\/ptf\/wp-content\/uploads\/sites\/24\/2023\/09\/obraz-26-768x512.png 768w\" sizes=\"auto, (max-width: 1024px) 100vw, 1024px\" \/><\/figure>\n\n\n\n<p class=\"has-text-align-center\">Uczestnicy I Konferencji Nauczycieli Fizyki<br><em>Autor zdj\u0119cia: Marek Brancewicz<\/em><\/p>\n\n\n\n<p>Szczeg\u00f3\u0142owe informacje na temat konferencji znale\u017a\u0107 mo\u017cna na stronie: <a href=\"https:\/\/web.archive.org\/web\/20230530151411\/https:\/physics.uwb.edu.pl\/wf\/knf2017\/\">https:\/\/physics.uwb.edu.pl\/wf\/knf2017\/<\/a>.<\/p>\n","protected":false},"excerpt":{"rendered":"<p>W sobot\u0119 25 marca 2017 r. na Wydziale Fizyki Uniwersytetu w Bia\u0142ymstoku przy ul. Konstantego Cio\u0142kowskiego 1L odby\u0142a si\u0119 jednodniowa I Konferencja Nauczycieli Fizyki. Konferencj\u0119 zorganizowa\u0142 Wydzia\u0142 Fizyki Uniwersytetu w Bia\u0142ymstoku we wsp\u00f3\u0142pracy z Polskim Towarzystwem Fizycznym oddzia\u0142 w Bia\u0142ymstoku,&nbsp; Polsk\u0105 Akademi\u0105 Nauk oddzia\u0142 w Olsztynie i w Bia\u0142ymstoku oraz Fundacj\u0105 Edukacji Matematyczno-Przyrodniczej im. Richarda [&hellip;]<\/p>\n","protected":false},"author":25,"featured_media":0,"parent":0,"menu_order":0,"comment_status":"closed","ping_status":"closed","template":"","meta":{"site-sidebar-layout":"default","site-content-layout":"","ast-site-content-layout":"default","site-content-style":"default","site-sidebar-style":"default","ast-global-header-display":"","ast-banner-title-visibility":"","ast-main-header-display":"","ast-hfb-above-header-display":"","ast-hfb-below-header-display":"","ast-hfb-mobile-header-display":"","site-post-title":"","ast-breadcrumbs-content":"","ast-featured-img":"","footer-sml-layout":"","ast-disable-related-posts":"","theme-transparent-header-meta":"","adv-header-id-meta":"","stick-header-meta":"","header-above-stick-meta":"","header-main-stick-meta":"","header-below-stick-meta":"","astra-migrate-meta-layouts":"set","ast-page-background-enabled":"default","ast-page-background-meta":{"desktop":{"background-color":"var(--ast-global-color-4)","background-image":"","background-repeat":"repeat","background-position":"center center","background-size":"auto","background-attachment":"scroll","background-type":"","background-media":"","overlay-type":"","overlay-color":"","overlay-opacity":"","overlay-gradient":""},"tablet":{"background-color":"","background-image":"","background-repeat":"repeat","background-position":"center center","background-size":"auto","background-attachment":"scroll","background-type":"","background-media":"","overlay-type":"","overlay-color":"","overlay-opacity":"","overlay-gradient":""},"mobile":{"background-color":"","background-image":"","background-repeat":"repeat","background-position":"center center","background-size":"auto","background-attachment":"scroll","background-type":"","background-media":"","overlay-type":"","overlay-color":"","overlay-opacity":"","overlay-gradient":""}},"ast-content-background-meta":{"desktop":{"background-color":"var(--ast-global-color-5)","background-image":"","background-repeat":"repeat","background-position":"center center","background-size":"auto","background-attachment":"scroll","background-type":"","background-media":"","overlay-type":"","overlay-color":"","overlay-opacity":"","overlay-gradient":""},"tablet":{"background-color":"var(--ast-global-color-5)","background-image":"","background-repeat":"repeat","background-position":"center center","background-size":"auto","background-attachment":"scroll","background-type":"","background-media":"","overlay-type":"","overlay-color":"","overlay-opacity":"","overlay-gradient":""},"mobile":{"background-color":"var(--ast-global-color-5)","background-image":"","background-repeat":"repeat","background-position":"center center","background-size":"auto","background-attachment":"scroll","background-type":"","background-media":"","overlay-type":"","overlay-color":"","overlay-opacity":"","overlay-gradient":""}},"ngg_post_thumbnail":0,"footnotes":""},"class_list":["post-548","page","type-page","status-publish","hentry"],"_links":{"self":[{"href":"https:\/\/physics.uwb.edu.pl\/wf\/ptf\/wp-json\/wp\/v2\/pages\/548","targetHints":{"allow":["GET"]}}],"collection":[{"href":"https:\/\/physics.uwb.edu.pl\/wf\/ptf\/wp-json\/wp\/v2\/pages"}],"about":[{"href":"https:\/\/physics.uwb.edu.pl\/wf\/ptf\/wp-json\/wp\/v2\/types\/page"}],"author":[{"embeddable":true,"href":"https:\/\/physics.uwb.edu.pl\/wf\/ptf\/wp-json\/wp\/v2\/users\/25"}],"replies":[{"embeddable":true,"href":"https:\/\/physics.uwb.edu.pl\/wf\/ptf\/wp-json\/wp\/v2\/comments?post=548"}],"version-history":[{"count":2,"href":"https:\/\/physics.uwb.edu.pl\/wf\/ptf\/wp-json\/wp\/v2\/pages\/548\/revisions"}],"predecessor-version":[{"id":558,"href":"https:\/\/physics.uwb.edu.pl\/wf\/ptf\/wp-json\/wp\/v2\/pages\/548\/revisions\/558"}],"wp:attachment":[{"href":"https:\/\/physics.uwb.edu.pl\/wf\/ptf\/wp-json\/wp\/v2\/media?parent=548"}],"curies":[{"name":"wp","href":"https:\/\/api.w.org\/{rel}","templated":true}]}}