{"id":559,"date":"2023-09-20T12:12:14","date_gmt":"2023-09-20T12:12:14","guid":{"rendered":"https:\/\/physics.uwb.edu.pl\/wf\/ptf\/?page_id=559"},"modified":"2024-08-22T09:15:30","modified_gmt":"2024-08-22T09:15:30","slug":"2022-prof-dr-hab-andrei-stupakevich","status":"publish","type":"page","link":"https:\/\/physics.uwb.edu.pl\/wf\/ptf\/2022-prof-dr-hab-andrei-stupakevich\/","title":{"rendered":"Nagroda Naukowa im. Wojciecha Rubinowicza"},"content":{"rendered":"\n<p>Nagroda Naukowa im. Wojciecha Rubinowicza jest najwa\u017cniejszym wyr\u00f3\u017cnieniem przyznawanym przez Polskie Towarzystwo Fizyczne. Przyznawana jest ona za wybitne i tw\u00f3rcze prace naukowe polskich badaczy z zakresu fizyki opublikowane w okresie pi\u0119ciu lat kalendarzowych poprzedzaj\u0105cych rok z\u0142o\u017cenia wniosku.<\/p>\n\n\n\n<h2 class=\"wp-block-heading\"><strong>2022 &#8211; prof. dr hab. Andrzej Stupakiewicz<\/strong><\/h2>\n\n\n\n<p>Mi\u0142o nam poinformowa\u0107, \u017ce w<strong> roku 2022 Nagrod\u0105 Naukow\u0105 im. Wojciecha Rubinowicza <strong>Polskiego Towarzystwa Fizycznego<\/strong><\/strong> zosta\u0142 uhonorowany <strong>prof. dr hab. Andrzej Stupakiewicz<\/strong> z Wydzia\u0142u Fizyki Uniwersytetu w Bia\u0142ymstoku. Kapitu\u0142a Nagrody uhonorowa\u0142a Profesora za \u201e<em>Cykl wybitnych prac naukowych dotycz\u0105cych bardzo aktualnego odkrycia i wyja\u015bnienia mechanizm\u00f3w ultraszybkiego prze\u0142\u0105czania magnetyzacji w warstwach granat\u00f3w\u201d.<\/em><\/p>\n\n\n\n<p>Jest to ju\u017c kolejne wyr\u00f3\u017cnienie przyznane Profesorowi, zatrudnionemu w Katedrze Fizyki Magnetyk\u00f3w, aktywnie pracuj\u0105cemu nad rozwijaniem prze\u0142omowej metody ultraszybkiego zapisu informacji.<\/p>\n","protected":false},"excerpt":{"rendered":"<p>Nagroda Naukowa im. Wojciecha Rubinowicza jest najwa\u017cniejszym wyr\u00f3\u017cnieniem przyznawanym przez Polskie Towarzystwo Fizyczne. Przyznawana jest ona za wybitne i tw\u00f3rcze prace naukowe polskich badaczy z zakresu fizyki opublikowane w okresie pi\u0119ciu lat kalendarzowych poprzedzaj\u0105cych rok z\u0142o\u017cenia wniosku. 2022 &#8211; prof. dr hab. Andrzej Stupakiewicz Mi\u0142o nam poinformowa\u0107, \u017ce w roku 2022 Nagrod\u0105 Naukow\u0105 im. Wojciecha [&hellip;]<\/p>\n","protected":false},"author":25,"featured_media":0,"parent":0,"menu_order":0,"comment_status":"closed","ping_status":"closed","template":"","meta":{"site-sidebar-layout":"default","site-content-layout":"","ast-site-content-layout":"default","site-content-style":"default","site-sidebar-style":"default","ast-global-header-display":"","ast-banner-title-visibility":"","ast-main-header-display":"","ast-hfb-above-header-display":"","ast-hfb-below-header-display":"","ast-hfb-mobile-header-display":"","site-post-title":"","ast-breadcrumbs-content":"","ast-featured-img":"","footer-sml-layout":"","ast-disable-related-posts":"","theme-transparent-header-meta":"","adv-header-id-meta":"","stick-header-meta":"","header-above-stick-meta":"","header-main-stick-meta":"","header-below-stick-meta":"","astra-migrate-meta-layouts":"set","ast-page-background-enabled":"default","ast-page-background-meta":{"desktop":{"background-color":"var(--ast-global-color-4)","background-image":"","background-repeat":"repeat","background-position":"center center","background-size":"auto","background-attachment":"scroll","background-type":"","background-media":"","overlay-type":"","overlay-color":"","overlay-opacity":"","overlay-gradient":""},"tablet":{"background-color":"","background-image":"","background-repeat":"repeat","background-position":"center center","background-size":"auto","background-attachment":"scroll","background-type":"","background-media":"","overlay-type":"","overlay-color":"","overlay-opacity":"","overlay-gradient":""},"mobile":{"background-color":"","background-image":"","background-repeat":"repeat","background-position":"center center","background-size":"auto","background-attachment":"scroll","background-type":"","background-media":"","overlay-type":"","overlay-color":"","overlay-opacity":"","overlay-gradient":""}},"ast-content-background-meta":{"desktop":{"background-color":"var(--ast-global-color-5)","background-image":"","background-repeat":"repeat","background-position":"center center","background-size":"auto","background-attachment":"scroll","background-type":"","background-media":"","overlay-type":"","overlay-color":"","overlay-opacity":"","overlay-gradient":""},"tablet":{"background-color":"var(--ast-global-color-5)","background-image":"","background-repeat":"repeat","background-position":"center center","background-size":"auto","background-attachment":"scroll","background-type":"","background-media":"","overlay-type":"","overlay-color":"","overlay-opacity":"","overlay-gradient":""},"mobile":{"background-color":"var(--ast-global-color-5)","background-image":"","background-repeat":"repeat","background-position":"center center","background-size":"auto","background-attachment":"scroll","background-type":"","background-media":"","overlay-type":"","overlay-color":"","overlay-opacity":"","overlay-gradient":""}},"ngg_post_thumbnail":0,"footnotes":""},"class_list":["post-559","page","type-page","status-publish","hentry"],"_links":{"self":[{"href":"https:\/\/physics.uwb.edu.pl\/wf\/ptf\/wp-json\/wp\/v2\/pages\/559","targetHints":{"allow":["GET"]}}],"collection":[{"href":"https:\/\/physics.uwb.edu.pl\/wf\/ptf\/wp-json\/wp\/v2\/pages"}],"about":[{"href":"https:\/\/physics.uwb.edu.pl\/wf\/ptf\/wp-json\/wp\/v2\/types\/page"}],"author":[{"embeddable":true,"href":"https:\/\/physics.uwb.edu.pl\/wf\/ptf\/wp-json\/wp\/v2\/users\/25"}],"replies":[{"embeddable":true,"href":"https:\/\/physics.uwb.edu.pl\/wf\/ptf\/wp-json\/wp\/v2\/comments?post=559"}],"version-history":[{"count":6,"href":"https:\/\/physics.uwb.edu.pl\/wf\/ptf\/wp-json\/wp\/v2\/pages\/559\/revisions"}],"predecessor-version":[{"id":1359,"href":"https:\/\/physics.uwb.edu.pl\/wf\/ptf\/wp-json\/wp\/v2\/pages\/559\/revisions\/1359"}],"wp:attachment":[{"href":"https:\/\/physics.uwb.edu.pl\/wf\/ptf\/wp-json\/wp\/v2\/media?parent=559"}],"curies":[{"name":"wp","href":"https:\/\/api.w.org\/{rel}","templated":true}]}}