{"id":562,"date":"2023-09-20T12:14:42","date_gmt":"2023-09-20T12:14:42","guid":{"rendered":"https:\/\/physics.uwb.edu.pl\/wf\/ptf\/?page_id=562"},"modified":"2024-09-23T09:29:09","modified_gmt":"2024-09-23T09:29:09","slug":"2018-dr-krzysztof-szerenos","status":"publish","type":"page","link":"https:\/\/physics.uwb.edu.pl\/wf\/ptf\/2018-dr-krzysztof-szerenos\/","title":{"rendered":"Nagroda Doktorska im. Zygmunta Florentego Wr\u00f3blewskiego"},"content":{"rendered":"\n<h2 class=\"wp-block-heading\"><strong>2024 &#8211; dr Antoni I. Frej<\/strong><\/h2>\n\n\n\n<p>Nagroda przyznana za prac\u0119 zatytu\u0142owan\u0105 <strong><em>\u201eTime-resolved spectroscopy of femtosecond laser-induced magnetization dynamics in garnets<\/em><\/strong><em>&#8222;<\/em>, kt\u00f3rej promotorem by\u0142 prof. dr hab. Andrzej Stupakiewicz.<\/p>\n\n\n\n<h2 class=\"wp-block-heading\"><strong>2018 &#8211; dr Krzysztof Szerenos<\/strong><\/h2>\n\n\n\n<p>Nagroda przyznana za prac\u0119 zatytu\u0142owan\u0105 <strong><em>\u201eUltrafast nonthermal photo-magnetic recording in dielectrics\u201d<\/em><\/strong>, za wag\u0119 zaprezentowanych w pracy bada\u0144 zwi\u0105zanych z zaobserwowaniem i wyja\u015bnieniem mechanizmu szybkiego prze\u0142\u0105czania magnetyzacji prowadz\u0105cego mo\u017cliwo\u015bci fotomagnetycznego zapisu informacji.<\/p>\n\n\n\n<p>Promotorem pracy jest dr hab. Andrzej Stupakiewicz, profesor nadzwyczajny Uniwersytetu w Bia\u0142ymstoku.<\/p>\n","protected":false},"excerpt":{"rendered":"<p>2024 &#8211; dr Antoni I. Frej Nagroda przyznana za prac\u0119 zatytu\u0142owan\u0105 \u201eTime-resolved spectroscopy of femtosecond laser-induced magnetization dynamics in garnets&#8222;, kt\u00f3rej promotorem by\u0142 prof. dr hab. Andrzej Stupakiewicz. 2018 &#8211; dr Krzysztof Szerenos Nagroda przyznana za prac\u0119 zatytu\u0142owan\u0105 \u201eUltrafast nonthermal photo-magnetic recording in dielectrics\u201d, za wag\u0119 zaprezentowanych w pracy bada\u0144 zwi\u0105zanych z zaobserwowaniem i wyja\u015bnieniem [&hellip;]<\/p>\n","protected":false},"author":25,"featured_media":0,"parent":0,"menu_order":0,"comment_status":"closed","ping_status":"closed","template":"","meta":{"site-sidebar-layout":"default","site-content-layout":"","ast-site-content-layout":"default","site-content-style":"default","site-sidebar-style":"default","ast-global-header-display":"","ast-banner-title-visibility":"","ast-main-header-display":"","ast-hfb-above-header-display":"","ast-hfb-below-header-display":"","ast-hfb-mobile-header-display":"","site-post-title":"","ast-breadcrumbs-content":"","ast-featured-img":"","footer-sml-layout":"","ast-disable-related-posts":"","theme-transparent-header-meta":"","adv-header-id-meta":"","stick-header-meta":"","header-above-stick-meta":"","header-main-stick-meta":"","header-below-stick-meta":"","astra-migrate-meta-layouts":"set","ast-page-background-enabled":"default","ast-page-background-meta":{"desktop":{"background-color":"var(--ast-global-color-4)","background-image":"","background-repeat":"repeat","background-position":"center center","background-size":"auto","background-attachment":"scroll","background-type":"","background-media":"","overlay-type":"","overlay-color":"","overlay-opacity":"","overlay-gradient":""},"tablet":{"background-color":"","background-image":"","background-repeat":"repeat","background-position":"center center","background-size":"auto","background-attachment":"scroll","background-type":"","background-media":"","overlay-type":"","overlay-color":"","overlay-opacity":"","overlay-gradient":""},"mobile":{"background-color":"","background-image":"","background-repeat":"repeat","background-position":"center center","background-size":"auto","background-attachment":"scroll","background-type":"","background-media":"","overlay-type":"","overlay-color":"","overlay-opacity":"","overlay-gradient":""}},"ast-content-background-meta":{"desktop":{"background-color":"var(--ast-global-color-5)","background-image":"","background-repeat":"repeat","background-position":"center center","background-size":"auto","background-attachment":"scroll","background-type":"","background-media":"","overlay-type":"","overlay-color":"","overlay-opacity":"","overlay-gradient":""},"tablet":{"background-color":"var(--ast-global-color-5)","background-image":"","background-repeat":"repeat","background-position":"center center","background-size":"auto","background-attachment":"scroll","background-type":"","background-media":"","overlay-type":"","overlay-color":"","overlay-opacity":"","overlay-gradient":""},"mobile":{"background-color":"var(--ast-global-color-5)","background-image":"","background-repeat":"repeat","background-position":"center center","background-size":"auto","background-attachment":"scroll","background-type":"","background-media":"","overlay-type":"","overlay-color":"","overlay-opacity":"","overlay-gradient":""}},"ngg_post_thumbnail":0,"footnotes":""},"class_list":["post-562","page","type-page","status-publish","hentry"],"_links":{"self":[{"href":"https:\/\/physics.uwb.edu.pl\/wf\/ptf\/wp-json\/wp\/v2\/pages\/562","targetHints":{"allow":["GET"]}}],"collection":[{"href":"https:\/\/physics.uwb.edu.pl\/wf\/ptf\/wp-json\/wp\/v2\/pages"}],"about":[{"href":"https:\/\/physics.uwb.edu.pl\/wf\/ptf\/wp-json\/wp\/v2\/types\/page"}],"author":[{"embeddable":true,"href":"https:\/\/physics.uwb.edu.pl\/wf\/ptf\/wp-json\/wp\/v2\/users\/25"}],"replies":[{"embeddable":true,"href":"https:\/\/physics.uwb.edu.pl\/wf\/ptf\/wp-json\/wp\/v2\/comments?post=562"}],"version-history":[{"count":6,"href":"https:\/\/physics.uwb.edu.pl\/wf\/ptf\/wp-json\/wp\/v2\/pages\/562\/revisions"}],"predecessor-version":[{"id":1371,"href":"https:\/\/physics.uwb.edu.pl\/wf\/ptf\/wp-json\/wp\/v2\/pages\/562\/revisions\/1371"}],"wp:attachment":[{"href":"https:\/\/physics.uwb.edu.pl\/wf\/ptf\/wp-json\/wp\/v2\/media?parent=562"}],"curies":[{"name":"wp","href":"https:\/\/api.w.org\/{rel}","templated":true}]}}