{"id":565,"date":"2023-09-20T12:17:17","date_gmt":"2023-09-20T12:17:17","guid":{"rendered":"https:\/\/physics.uwb.edu.pl\/wf\/ptf\/?page_id=565"},"modified":"2024-08-22T09:19:17","modified_gmt":"2024-08-22T09:19:17","slug":"2023-prof-dr-hab-andrzej-maziewski","status":"publish","type":"page","link":"https:\/\/physics.uwb.edu.pl\/wf\/ptf\/2023-prof-dr-hab-andrzej-maziewski\/","title":{"rendered":"Nagroda Komitetu Fizyki PAN"},"content":{"rendered":"\n<h2 class=\"wp-block-heading\"><strong>2023 &#8211; prof. dr hab. Andrzej Maziewski<\/strong><\/h2>\n\n\n\n<p>Z dum\u0105 informujemy, i\u017c <strong>Nagroda Komitetu Fizyki PAN za rok 2022<\/strong> zosta\u0142a przyznana <strong>prof. dr hab. Andrzejowi Maziewskiemu<\/strong> z Wydzia\u0142u Fizyki Uniwersytetu w Bia\u0142ymstoku. Komitet Fizyki Polskiej Akademii Nauk doceni\u0142 wk\u0142ad Pana Profesora w stworzenie na Uniwersytecie w Bia\u0142ymstoku silnego, rozpoznawalnego w skali \u015bwiatowej o\u015brodka naukowego zajmuj\u0105cego si\u0119 zaawansowanymi badaniami nanostruktur z materia\u0142\u00f3w magnetycznych dla zastosowa\u0144 w nowoczesnej spintronice.<\/p>\n\n\n\n<figure class=\"wp-block-image size-large\"><img loading=\"lazy\" decoding=\"async\" width=\"1024\" height=\"427\" src=\"https:\/\/physics.uwb.edu.pl\/wf\/ptf\/wp-content\/uploads\/sites\/24\/2023\/09\/1_nagroda_fot_bartosz_matejko__pw-1024x427.jpg\" alt=\"\" class=\"wp-image-574\" srcset=\"https:\/\/physics.uwb.edu.pl\/wf\/ptf\/wp-content\/uploads\/sites\/24\/2023\/09\/1_nagroda_fot_bartosz_matejko__pw-1024x427.jpg 1024w, https:\/\/physics.uwb.edu.pl\/wf\/ptf\/wp-content\/uploads\/sites\/24\/2023\/09\/1_nagroda_fot_bartosz_matejko__pw-300x125.jpg 300w, https:\/\/physics.uwb.edu.pl\/wf\/ptf\/wp-content\/uploads\/sites\/24\/2023\/09\/1_nagroda_fot_bartosz_matejko__pw-768x320.jpg 768w, https:\/\/physics.uwb.edu.pl\/wf\/ptf\/wp-content\/uploads\/sites\/24\/2023\/09\/1_nagroda_fot_bartosz_matejko__pw.jpg 1200w\" sizes=\"auto, (max-width: 1024px) 100vw, 1024px\" \/><\/figure>\n\n\n\n<p>Uroczyste wr\u0119czenie <a><\/a>nagrody odby\u0142o si\u0119 30 maja 2023 w Sali Senatu Politechniki Warszawskiej.<\/p>\n\n\n\n<p>Prof. dr hab. Andrzej Maziewski jest kierownikiem i za\u0142o\u017cycielem Katedry Fizyki Magnetyk\u00f3w na Wydziale Fizyki UwB. Zainteresowania naukowe Pana Profesora skupiaj\u0105 si\u0119 wok\u00f3\u0142 badania statycznych i dynamicznych w\u0142a\u015bciwo\u015bci magnetycznych cienkich warstw oraz nanostruktur a tak\u017ce rozwoju magnetooptycznej magnetometrii wspieranej cyfrow\u0105 analiz\u0105 obraz\u00f3w.<\/p>\n\n\n\n<p>Serdecznie gratulujemy i \u017cyczymy kolejnych sukces\u00f3w!<\/p>\n\n\n\n<p class=\"has-text-align-right\"><strong><em>Zdj\u0119cie:<\/em><\/strong> Dzia\u0142 promocji UwB<\/p>\n","protected":false},"excerpt":{"rendered":"<p>2023 &#8211; prof. dr hab. Andrzej Maziewski Z dum\u0105 informujemy, i\u017c Nagroda Komitetu Fizyki PAN za rok 2022 zosta\u0142a przyznana prof. dr hab. Andrzejowi Maziewskiemu z Wydzia\u0142u Fizyki Uniwersytetu w Bia\u0142ymstoku. Komitet Fizyki Polskiej Akademii Nauk doceni\u0142 wk\u0142ad Pana Profesora w stworzenie na Uniwersytecie w Bia\u0142ymstoku silnego, rozpoznawalnego w skali \u015bwiatowej o\u015brodka naukowego zajmuj\u0105cego si\u0119 [&hellip;]<\/p>\n","protected":false},"author":25,"featured_media":0,"parent":0,"menu_order":0,"comment_status":"closed","ping_status":"closed","template":"","meta":{"site-sidebar-layout":"default","site-content-layout":"","ast-site-content-layout":"default","site-content-style":"default","site-sidebar-style":"default","ast-global-header-display":"","ast-banner-title-visibility":"","ast-main-header-display":"","ast-hfb-above-header-display":"","ast-hfb-below-header-display":"","ast-hfb-mobile-header-display":"","site-post-title":"","ast-breadcrumbs-content":"","ast-featured-img":"","footer-sml-layout":"","ast-disable-related-posts":"","theme-transparent-header-meta":"","adv-header-id-meta":"","stick-header-meta":"","header-above-stick-meta":"","header-main-stick-meta":"","header-below-stick-meta":"","astra-migrate-meta-layouts":"set","ast-page-background-enabled":"default","ast-page-background-meta":{"desktop":{"background-color":"var(--ast-global-color-4)","background-image":"","background-repeat":"repeat","background-position":"center center","background-size":"auto","background-attachment":"scroll","background-type":"","background-media":"","overlay-type":"","overlay-color":"","overlay-opacity":"","overlay-gradient":""},"tablet":{"background-color":"","background-image":"","background-repeat":"repeat","background-position":"center center","background-size":"auto","background-attachment":"scroll","background-type":"","background-media":"","overlay-type":"","overlay-color":"","overlay-opacity":"","overlay-gradient":""},"mobile":{"background-color":"","background-image":"","background-repeat":"repeat","background-position":"center center","background-size":"auto","background-attachment":"scroll","background-type":"","background-media":"","overlay-type":"","overlay-color":"","overlay-opacity":"","overlay-gradient":""}},"ast-content-background-meta":{"desktop":{"background-color":"var(--ast-global-color-5)","background-image":"","background-repeat":"repeat","background-position":"center center","background-size":"auto","background-attachment":"scroll","background-type":"","background-media":"","overlay-type":"","overlay-color":"","overlay-opacity":"","overlay-gradient":""},"tablet":{"background-color":"var(--ast-global-color-5)","background-image":"","background-repeat":"repeat","background-position":"center center","background-size":"auto","background-attachment":"scroll","background-type":"","background-media":"","overlay-type":"","overlay-color":"","overlay-opacity":"","overlay-gradient":""},"mobile":{"background-color":"var(--ast-global-color-5)","background-image":"","background-repeat":"repeat","background-position":"center center","background-size":"auto","background-attachment":"scroll","background-type":"","background-media":"","overlay-type":"","overlay-color":"","overlay-opacity":"","overlay-gradient":""}},"ngg_post_thumbnail":0,"footnotes":""},"class_list":["post-565","page","type-page","status-publish","hentry"],"_links":{"self":[{"href":"https:\/\/physics.uwb.edu.pl\/wf\/ptf\/wp-json\/wp\/v2\/pages\/565","targetHints":{"allow":["GET"]}}],"collection":[{"href":"https:\/\/physics.uwb.edu.pl\/wf\/ptf\/wp-json\/wp\/v2\/pages"}],"about":[{"href":"https:\/\/physics.uwb.edu.pl\/wf\/ptf\/wp-json\/wp\/v2\/types\/page"}],"author":[{"embeddable":true,"href":"https:\/\/physics.uwb.edu.pl\/wf\/ptf\/wp-json\/wp\/v2\/users\/25"}],"replies":[{"embeddable":true,"href":"https:\/\/physics.uwb.edu.pl\/wf\/ptf\/wp-json\/wp\/v2\/comments?post=565"}],"version-history":[{"count":4,"href":"https:\/\/physics.uwb.edu.pl\/wf\/ptf\/wp-json\/wp\/v2\/pages\/565\/revisions"}],"predecessor-version":[{"id":1365,"href":"https:\/\/physics.uwb.edu.pl\/wf\/ptf\/wp-json\/wp\/v2\/pages\/565\/revisions\/1365"}],"wp:attachment":[{"href":"https:\/\/physics.uwb.edu.pl\/wf\/ptf\/wp-json\/wp\/v2\/media?parent=565"}],"curies":[{"name":"wp","href":"https:\/\/api.w.org\/{rel}","templated":true}]}}