{"id":568,"date":"2023-09-20T12:18:22","date_gmt":"2023-09-20T12:18:22","guid":{"rendered":"https:\/\/physics.uwb.edu.pl\/wf\/ptf\/?page_id=568"},"modified":"2024-08-22T09:16:00","modified_gmt":"2024-08-22T09:16:00","slug":"2007-prof-dr-hab-andrzej-maziewski","status":"publish","type":"page","link":"https:\/\/physics.uwb.edu.pl\/wf\/ptf\/2007-prof-dr-hab-andrzej-maziewski\/","title":{"rendered":"Nagroda i Medal za Popularyzacj\u0119 im. Krzysztofa Ernsta"},"content":{"rendered":"\n<h2 class=\"wp-block-heading\"><strong>2023 &#8211; prof. dr hab Andrzej Maziewski<\/strong><\/h2>\n\n\n\n<p>Nagroda zespo\u0142owa za organizacj\u0119 obchod\u00f3w Roku Mieczys\u0142awa Wolfkego:<br>dr in\u017c. Krzysztof Petelczyc (Politechnika Warszawska), dr Izabela Skwira-Chalot (Uniwersytet Warszawski), prof. dr hab. Jerzy Garbarczyk (Politechnika Warszawska), mgr in\u017c. Ewelina K\u0119dzierska (Niepubliczne Liceum Og\u00f3lnokszta\u0142c\u0105ce nr 40 w Warszawie), prof. dr hab. Ewa D\u0119bowska (Uniwersytet Wroc\u0142awski), prof. dr hab. Andrzej Maziewski (Uniwersytet w Bia\u0142ymstoku), dr in\u017c. Anna Kalbarczyk (Politechnika Warszawska), mgr Justyna Lichosik (Energetyczne Centrum Nauki w Kielcach), mgr Grzegorz Aleksandrowicz (Nowa Era), mgr Agnieszka P\u0119cherska.<\/p>\n\n\n\n<h2 class=\"wp-block-heading\"><strong>2007 &#8211; prof. dr hab Andrzej Maziewski<\/strong><\/h2>\n\n\n\n<p>Nagroda indywidualna<\/p>\n","protected":false},"excerpt":{"rendered":"<p>2023 &#8211; prof. dr hab Andrzej Maziewski Nagroda zespo\u0142owa za organizacj\u0119 obchod\u00f3w Roku Mieczys\u0142awa Wolfkego:dr in\u017c. Krzysztof Petelczyc (Politechnika Warszawska), dr Izabela Skwira-Chalot (Uniwersytet Warszawski), prof. dr hab. Jerzy Garbarczyk (Politechnika Warszawska), mgr in\u017c. Ewelina K\u0119dzierska (Niepubliczne Liceum Og\u00f3lnokszta\u0142c\u0105ce nr 40 w Warszawie), prof. dr hab. Ewa D\u0119bowska (Uniwersytet Wroc\u0142awski), prof. dr hab. Andrzej Maziewski [&hellip;]<\/p>\n","protected":false},"author":25,"featured_media":0,"parent":0,"menu_order":0,"comment_status":"closed","ping_status":"closed","template":"","meta":{"site-sidebar-layout":"default","site-content-layout":"","ast-site-content-layout":"default","site-content-style":"default","site-sidebar-style":"default","ast-global-header-display":"","ast-banner-title-visibility":"","ast-main-header-display":"","ast-hfb-above-header-display":"","ast-hfb-below-header-display":"","ast-hfb-mobile-header-display":"","site-post-title":"","ast-breadcrumbs-content":"","ast-featured-img":"","footer-sml-layout":"","ast-disable-related-posts":"","theme-transparent-header-meta":"","adv-header-id-meta":"","stick-header-meta":"","header-above-stick-meta":"","header-main-stick-meta":"","header-below-stick-meta":"","astra-migrate-meta-layouts":"set","ast-page-background-enabled":"default","ast-page-background-meta":{"desktop":{"background-color":"var(--ast-global-color-4)","background-image":"","background-repeat":"repeat","background-position":"center center","background-size":"auto","background-attachment":"scroll","background-type":"","background-media":"","overlay-type":"","overlay-color":"","overlay-opacity":"","overlay-gradient":""},"tablet":{"background-color":"","background-image":"","background-repeat":"repeat","background-position":"center center","background-size":"auto","background-attachment":"scroll","background-type":"","background-media":"","overlay-type":"","overlay-color":"","overlay-opacity":"","overlay-gradient":""},"mobile":{"background-color":"","background-image":"","background-repeat":"repeat","background-position":"center center","background-size":"auto","background-attachment":"scroll","background-type":"","background-media":"","overlay-type":"","overlay-color":"","overlay-opacity":"","overlay-gradient":""}},"ast-content-background-meta":{"desktop":{"background-color":"var(--ast-global-color-5)","background-image":"","background-repeat":"repeat","background-position":"center center","background-size":"auto","background-attachment":"scroll","background-type":"","background-media":"","overlay-type":"","overlay-color":"","overlay-opacity":"","overlay-gradient":""},"tablet":{"background-color":"var(--ast-global-color-5)","background-image":"","background-repeat":"repeat","background-position":"center center","background-size":"auto","background-attachment":"scroll","background-type":"","background-media":"","overlay-type":"","overlay-color":"","overlay-opacity":"","overlay-gradient":""},"mobile":{"background-color":"var(--ast-global-color-5)","background-image":"","background-repeat":"repeat","background-position":"center center","background-size":"auto","background-attachment":"scroll","background-type":"","background-media":"","overlay-type":"","overlay-color":"","overlay-opacity":"","overlay-gradient":""}},"ngg_post_thumbnail":0,"footnotes":""},"class_list":["post-568","page","type-page","status-publish","hentry"],"_links":{"self":[{"href":"https:\/\/physics.uwb.edu.pl\/wf\/ptf\/wp-json\/wp\/v2\/pages\/568","targetHints":{"allow":["GET"]}}],"collection":[{"href":"https:\/\/physics.uwb.edu.pl\/wf\/ptf\/wp-json\/wp\/v2\/pages"}],"about":[{"href":"https:\/\/physics.uwb.edu.pl\/wf\/ptf\/wp-json\/wp\/v2\/types\/page"}],"author":[{"embeddable":true,"href":"https:\/\/physics.uwb.edu.pl\/wf\/ptf\/wp-json\/wp\/v2\/users\/25"}],"replies":[{"embeddable":true,"href":"https:\/\/physics.uwb.edu.pl\/wf\/ptf\/wp-json\/wp\/v2\/comments?post=568"}],"version-history":[{"count":3,"href":"https:\/\/physics.uwb.edu.pl\/wf\/ptf\/wp-json\/wp\/v2\/pages\/568\/revisions"}],"predecessor-version":[{"id":1360,"href":"https:\/\/physics.uwb.edu.pl\/wf\/ptf\/wp-json\/wp\/v2\/pages\/568\/revisions\/1360"}],"wp:attachment":[{"href":"https:\/\/physics.uwb.edu.pl\/wf\/ptf\/wp-json\/wp\/v2\/media?parent=568"}],"curies":[{"name":"wp","href":"https:\/\/api.w.org\/{rel}","templated":true}]}}