{"id":622,"date":"2023-09-21T07:14:37","date_gmt":"2023-09-21T07:14:37","guid":{"rendered":"https:\/\/physics.uwb.edu.pl\/wf\/ptf\/?page_id=622"},"modified":"2023-09-21T07:14:37","modified_gmt":"2023-09-21T07:14:37","slug":"2023-03-20-warsztaty-dus-relacja","status":"publish","type":"page","link":"https:\/\/physics.uwb.edu.pl\/wf\/ptf\/2023-03-20-warsztaty-dus-relacja\/","title":{"rendered":"2023.03.20 \u2013 Warsztaty DU\u015a \u2013 relacja"},"content":{"rendered":"\n<p>W kolejnym spotkaniu warsztatowym \u201eDoskonale Uporz\u0105dkowany \u015awiat\u201d, kt\u00f3re odby\u0142o si\u0119 20.03.2023, wzi\u0119li udzia\u0142 uczniowie ze Szko\u0142y Podstawowej nr 4 im. Sybirak\u00f3w w Bia\u0142ymstoku. Tym razem pi\u0119kno \u015bwiata porz\u0105dku i kryszta\u0142\u00f3w odkrywa\u0142a wsp\u00f3lnie m\u0142odzie\u017c narodowo\u015bci ukrai\u0144skiej i bia\u0142oruskiej. A wszystko to w ramach projektu \u201eEksperymentujemy mi\u0119dzynarodowo\u201d wsp\u00f3\u0142finansowanego przez Centrum Nauki Kopernik i Fundacj\u0119 Deloitte.<\/p>\n\n\n\n<p>Bardzo dzi\u0119kujemy za wizyt\u0119!<\/p>\n\n\n\n<figure class=\"wp-block-image size-full\"><img loading=\"lazy\" decoding=\"async\" width=\"1024\" height=\"576\" src=\"https:\/\/physics.uwb.edu.pl\/wf\/ptf\/wp-content\/uploads\/sites\/24\/2023\/09\/obraz-28.png\" alt=\"\" class=\"wp-image-623\" srcset=\"https:\/\/physics.uwb.edu.pl\/wf\/ptf\/wp-content\/uploads\/sites\/24\/2023\/09\/obraz-28.png 1024w, https:\/\/physics.uwb.edu.pl\/wf\/ptf\/wp-content\/uploads\/sites\/24\/2023\/09\/obraz-28-300x169.png 300w, https:\/\/physics.uwb.edu.pl\/wf\/ptf\/wp-content\/uploads\/sites\/24\/2023\/09\/obraz-28-768x432.png 768w\" sizes=\"auto, (max-width: 1024px) 100vw, 1024px\" \/><\/figure>\n\n\n\n<p>Zapraszamy do obejrzenia kr\u00f3tkiej fotorelacji ze spotkania na naszym <a href=\"https:\/\/web.archive.org\/web\/20230410103539\/https:\/www.facebook.com\/PTFBialystok\/\">Facebooku<\/a> lub <a href=\"https:\/\/web.archive.org\/web\/20230410103539\/https:\/www.instagram.com\/ptfbialystok\/\">Instagramie<\/a>.<\/p>\n\n\n\n<p class=\"has-text-align-right\"><strong>Zdj\u0119cie:<\/strong> Wojciech Olszewski<\/p>\n","protected":false},"excerpt":{"rendered":"<p>W kolejnym spotkaniu warsztatowym \u201eDoskonale Uporz\u0105dkowany \u015awiat\u201d, kt\u00f3re odby\u0142o si\u0119 20.03.2023, wzi\u0119li udzia\u0142 uczniowie ze Szko\u0142y Podstawowej nr 4 im. Sybirak\u00f3w w Bia\u0142ymstoku. Tym razem pi\u0119kno \u015bwiata porz\u0105dku i kryszta\u0142\u00f3w odkrywa\u0142a wsp\u00f3lnie m\u0142odzie\u017c narodowo\u015bci ukrai\u0144skiej i bia\u0142oruskiej. A wszystko to w ramach projektu \u201eEksperymentujemy mi\u0119dzynarodowo\u201d wsp\u00f3\u0142finansowanego przez Centrum Nauki Kopernik i Fundacj\u0119 Deloitte. Bardzo dzi\u0119kujemy [&hellip;]<\/p>\n","protected":false},"author":25,"featured_media":0,"parent":0,"menu_order":0,"comment_status":"closed","ping_status":"closed","template":"","meta":{"site-sidebar-layout":"default","site-content-layout":"","ast-site-content-layout":"default","site-content-style":"default","site-sidebar-style":"default","ast-global-header-display":"","ast-banner-title-visibility":"","ast-main-header-display":"","ast-hfb-above-header-display":"","ast-hfb-below-header-display":"","ast-hfb-mobile-header-display":"","site-post-title":"","ast-breadcrumbs-content":"","ast-featured-img":"","footer-sml-layout":"","ast-disable-related-posts":"","theme-transparent-header-meta":"","adv-header-id-meta":"","stick-header-meta":"","header-above-stick-meta":"","header-main-stick-meta":"","header-below-stick-meta":"","astra-migrate-meta-layouts":"set","ast-page-background-enabled":"default","ast-page-background-meta":{"desktop":{"background-color":"var(--ast-global-color-4)","background-image":"","background-repeat":"repeat","background-position":"center center","background-size":"auto","background-attachment":"scroll","background-type":"","background-media":"","overlay-type":"","overlay-color":"","overlay-opacity":"","overlay-gradient":""},"tablet":{"background-color":"","background-image":"","background-repeat":"repeat","background-position":"center center","background-size":"auto","background-attachment":"scroll","background-type":"","background-media":"","overlay-type":"","overlay-color":"","overlay-opacity":"","overlay-gradient":""},"mobile":{"background-color":"","background-image":"","background-repeat":"repeat","background-position":"center center","background-size":"auto","background-attachment":"scroll","background-type":"","background-media":"","overlay-type":"","overlay-color":"","overlay-opacity":"","overlay-gradient":""}},"ast-content-background-meta":{"desktop":{"background-color":"var(--ast-global-color-5)","background-image":"","background-repeat":"repeat","background-position":"center center","background-size":"auto","background-attachment":"scroll","background-type":"","background-media":"","overlay-type":"","overlay-color":"","overlay-opacity":"","overlay-gradient":""},"tablet":{"background-color":"var(--ast-global-color-5)","background-image":"","background-repeat":"repeat","background-position":"center center","background-size":"auto","background-attachment":"scroll","background-type":"","background-media":"","overlay-type":"","overlay-color":"","overlay-opacity":"","overlay-gradient":""},"mobile":{"background-color":"var(--ast-global-color-5)","background-image":"","background-repeat":"repeat","background-position":"center center","background-size":"auto","background-attachment":"scroll","background-type":"","background-media":"","overlay-type":"","overlay-color":"","overlay-opacity":"","overlay-gradient":""}},"ngg_post_thumbnail":0,"footnotes":""},"class_list":["post-622","page","type-page","status-publish","hentry"],"_links":{"self":[{"href":"https:\/\/physics.uwb.edu.pl\/wf\/ptf\/wp-json\/wp\/v2\/pages\/622","targetHints":{"allow":["GET"]}}],"collection":[{"href":"https:\/\/physics.uwb.edu.pl\/wf\/ptf\/wp-json\/wp\/v2\/pages"}],"about":[{"href":"https:\/\/physics.uwb.edu.pl\/wf\/ptf\/wp-json\/wp\/v2\/types\/page"}],"author":[{"embeddable":true,"href":"https:\/\/physics.uwb.edu.pl\/wf\/ptf\/wp-json\/wp\/v2\/users\/25"}],"replies":[{"embeddable":true,"href":"https:\/\/physics.uwb.edu.pl\/wf\/ptf\/wp-json\/wp\/v2\/comments?post=622"}],"version-history":[{"count":1,"href":"https:\/\/physics.uwb.edu.pl\/wf\/ptf\/wp-json\/wp\/v2\/pages\/622\/revisions"}],"predecessor-version":[{"id":624,"href":"https:\/\/physics.uwb.edu.pl\/wf\/ptf\/wp-json\/wp\/v2\/pages\/622\/revisions\/624"}],"wp:attachment":[{"href":"https:\/\/physics.uwb.edu.pl\/wf\/ptf\/wp-json\/wp\/v2\/media?parent=622"}],"curies":[{"name":"wp","href":"https:\/\/api.w.org\/{rel}","templated":true}]}}