{"id":625,"date":"2023-09-21T07:15:10","date_gmt":"2023-09-21T07:15:10","guid":{"rendered":"https:\/\/physics.uwb.edu.pl\/wf\/ptf\/?page_id=625"},"modified":"2023-09-21T07:15:10","modified_gmt":"2023-09-21T07:15:10","slug":"2023-02-27-warsztaty-dus-relacja","status":"publish","type":"page","link":"https:\/\/physics.uwb.edu.pl\/wf\/ptf\/2023-02-27-warsztaty-dus-relacja\/","title":{"rendered":"2023.02.27 \u2013 Warsztaty DU\u015a \u2013 relacja"},"content":{"rendered":"\n<p>Jest nam niezmiernie mi\u0142o, \u017ce warsztaty krystalograficzne \u201eDoskonale Uporz\u0105dkowany \u015awiat\u201d nie trac\u0105 na popularno\u015bci. Tym razem go\u015bcili\u015bmy uczni\u00f3w klasy VII ze Szko\u0142y Podstawowej nr 5 w Bia\u0142ymstoku. By\u0142o to wyj\u0105tkowe spotkanie w mi\u0119dzynarodowym gronie, bowiem w tej edycji wzi\u0119li udzia\u0142 uczniowie z Polski, Ukrainy, Bia\u0142orusi i Czeczenii. Uczestnicy z ogromnym zaanga\u017cowaniem dyskutowali nad zagadnieniami symetrii i krystalografii, za co bardzo dzi\u0119kujemy.<\/p>\n\n\n\n<figure class=\"wp-block-image size-full\"><img loading=\"lazy\" decoding=\"async\" width=\"1024\" height=\"576\" src=\"https:\/\/physics.uwb.edu.pl\/wf\/ptf\/wp-content\/uploads\/sites\/24\/2023\/09\/obraz-29.png\" alt=\"\" class=\"wp-image-626\" srcset=\"https:\/\/physics.uwb.edu.pl\/wf\/ptf\/wp-content\/uploads\/sites\/24\/2023\/09\/obraz-29.png 1024w, https:\/\/physics.uwb.edu.pl\/wf\/ptf\/wp-content\/uploads\/sites\/24\/2023\/09\/obraz-29-300x169.png 300w, https:\/\/physics.uwb.edu.pl\/wf\/ptf\/wp-content\/uploads\/sites\/24\/2023\/09\/obraz-29-768x432.png 768w\" sizes=\"auto, (max-width: 1024px) 100vw, 1024px\" \/><\/figure>\n\n\n\n<p>Zapraszamy do obejrzenia kr\u00f3tkiej fotorelacji ze spotkania na naszym <a href=\"https:\/\/web.archive.org\/web\/20230410103539\/https:\/www.facebook.com\/PTFBialystok\/\">Facebooku<\/a> lub <a href=\"https:\/\/web.archive.org\/web\/20230410103539\/https:\/www.instagram.com\/ptfbialystok\/\">Instagramie<\/a>.<\/p>\n\n\n\n<p class=\"has-text-align-right\"><strong>Zdj\u0119cie:<\/strong> Wojciech Olszewski<\/p>\n","protected":false},"excerpt":{"rendered":"<p>Jest nam niezmiernie mi\u0142o, \u017ce warsztaty krystalograficzne \u201eDoskonale Uporz\u0105dkowany \u015awiat\u201d nie trac\u0105 na popularno\u015bci. Tym razem go\u015bcili\u015bmy uczni\u00f3w klasy VII ze Szko\u0142y Podstawowej nr 5 w Bia\u0142ymstoku. By\u0142o to wyj\u0105tkowe spotkanie w mi\u0119dzynarodowym gronie, bowiem w tej edycji wzi\u0119li udzia\u0142 uczniowie z Polski, Ukrainy, Bia\u0142orusi i Czeczenii. Uczestnicy z ogromnym zaanga\u017cowaniem dyskutowali nad zagadnieniami symetrii [&hellip;]<\/p>\n","protected":false},"author":25,"featured_media":0,"parent":0,"menu_order":0,"comment_status":"closed","ping_status":"closed","template":"","meta":{"site-sidebar-layout":"default","site-content-layout":"","ast-site-content-layout":"default","site-content-style":"default","site-sidebar-style":"default","ast-global-header-display":"","ast-banner-title-visibility":"","ast-main-header-display":"","ast-hfb-above-header-display":"","ast-hfb-below-header-display":"","ast-hfb-mobile-header-display":"","site-post-title":"","ast-breadcrumbs-content":"","ast-featured-img":"","footer-sml-layout":"","ast-disable-related-posts":"","theme-transparent-header-meta":"","adv-header-id-meta":"","stick-header-meta":"","header-above-stick-meta":"","header-main-stick-meta":"","header-below-stick-meta":"","astra-migrate-meta-layouts":"set","ast-page-background-enabled":"default","ast-page-background-meta":{"desktop":{"background-color":"var(--ast-global-color-4)","background-image":"","background-repeat":"repeat","background-position":"center center","background-size":"auto","background-attachment":"scroll","background-type":"","background-media":"","overlay-type":"","overlay-color":"","overlay-opacity":"","overlay-gradient":""},"tablet":{"background-color":"","background-image":"","background-repeat":"repeat","background-position":"center center","background-size":"auto","background-attachment":"scroll","background-type":"","background-media":"","overlay-type":"","overlay-color":"","overlay-opacity":"","overlay-gradient":""},"mobile":{"background-color":"","background-image":"","background-repeat":"repeat","background-position":"center center","background-size":"auto","background-attachment":"scroll","background-type":"","background-media":"","overlay-type":"","overlay-color":"","overlay-opacity":"","overlay-gradient":""}},"ast-content-background-meta":{"desktop":{"background-color":"var(--ast-global-color-5)","background-image":"","background-repeat":"repeat","background-position":"center center","background-size":"auto","background-attachment":"scroll","background-type":"","background-media":"","overlay-type":"","overlay-color":"","overlay-opacity":"","overlay-gradient":""},"tablet":{"background-color":"var(--ast-global-color-5)","background-image":"","background-repeat":"repeat","background-position":"center center","background-size":"auto","background-attachment":"scroll","background-type":"","background-media":"","overlay-type":"","overlay-color":"","overlay-opacity":"","overlay-gradient":""},"mobile":{"background-color":"var(--ast-global-color-5)","background-image":"","background-repeat":"repeat","background-position":"center center","background-size":"auto","background-attachment":"scroll","background-type":"","background-media":"","overlay-type":"","overlay-color":"","overlay-opacity":"","overlay-gradient":""}},"ngg_post_thumbnail":0,"footnotes":""},"class_list":["post-625","page","type-page","status-publish","hentry"],"_links":{"self":[{"href":"https:\/\/physics.uwb.edu.pl\/wf\/ptf\/wp-json\/wp\/v2\/pages\/625","targetHints":{"allow":["GET"]}}],"collection":[{"href":"https:\/\/physics.uwb.edu.pl\/wf\/ptf\/wp-json\/wp\/v2\/pages"}],"about":[{"href":"https:\/\/physics.uwb.edu.pl\/wf\/ptf\/wp-json\/wp\/v2\/types\/page"}],"author":[{"embeddable":true,"href":"https:\/\/physics.uwb.edu.pl\/wf\/ptf\/wp-json\/wp\/v2\/users\/25"}],"replies":[{"embeddable":true,"href":"https:\/\/physics.uwb.edu.pl\/wf\/ptf\/wp-json\/wp\/v2\/comments?post=625"}],"version-history":[{"count":1,"href":"https:\/\/physics.uwb.edu.pl\/wf\/ptf\/wp-json\/wp\/v2\/pages\/625\/revisions"}],"predecessor-version":[{"id":627,"href":"https:\/\/physics.uwb.edu.pl\/wf\/ptf\/wp-json\/wp\/v2\/pages\/625\/revisions\/627"}],"wp:attachment":[{"href":"https:\/\/physics.uwb.edu.pl\/wf\/ptf\/wp-json\/wp\/v2\/media?parent=625"}],"curies":[{"name":"wp","href":"https:\/\/api.w.org\/{rel}","templated":true}]}}