{"id":628,"date":"2023-09-21T07:15:46","date_gmt":"2023-09-21T07:15:46","guid":{"rendered":"https:\/\/physics.uwb.edu.pl\/wf\/ptf\/?page_id=628"},"modified":"2023-09-21T07:15:46","modified_gmt":"2023-09-21T07:15:46","slug":"2023-02-22-warsztaty-dus-relacja","status":"publish","type":"page","link":"https:\/\/physics.uwb.edu.pl\/wf\/ptf\/2023-02-22-warsztaty-dus-relacja\/","title":{"rendered":"2023.02.22 \u2013 Warsztaty DU\u015a \u2013 relacja"},"content":{"rendered":"\n<p>22.02.2023 odby\u0142a si\u0119 kolejna edycja warsztat\u00f3w krystalograficznych \u201eDoskonale Uporz\u0105dkowany \u015awiat\u201d. Tym razem mieli\u015bmy przyjemno\u015b\u0107 go\u015bci\u0107 uczni\u00f3w klas 7 i 8 ze <strong>Szko\u0142y Podstawowej im. Jana Paw\u0142a II w Wyszkach<\/strong>. Serdecznie dzi\u0119kujemy za aktywny udzia\u0142 i wnikliwe pytania.<\/p>\n\n\n\n<figure class=\"wp-block-image size-full\"><img loading=\"lazy\" decoding=\"async\" width=\"1024\" height=\"576\" src=\"https:\/\/physics.uwb.edu.pl\/wf\/ptf\/wp-content\/uploads\/sites\/24\/2023\/09\/obraz-30.png\" alt=\"\" class=\"wp-image-629\" srcset=\"https:\/\/physics.uwb.edu.pl\/wf\/ptf\/wp-content\/uploads\/sites\/24\/2023\/09\/obraz-30.png 1024w, https:\/\/physics.uwb.edu.pl\/wf\/ptf\/wp-content\/uploads\/sites\/24\/2023\/09\/obraz-30-300x169.png 300w, https:\/\/physics.uwb.edu.pl\/wf\/ptf\/wp-content\/uploads\/sites\/24\/2023\/09\/obraz-30-768x432.png 768w\" sizes=\"auto, (max-width: 1024px) 100vw, 1024px\" \/><\/figure>\n\n\n\n<p>Zapraszamy do obejrzenia kr\u00f3tkiej fotorelacji ze spotkania na naszym <a href=\"https:\/\/web.archive.org\/web\/20230302125014\/https:\/www.facebook.com\/PTFBialystok\/\">Facebooku<\/a> lub <a href=\"https:\/\/web.archive.org\/web\/20230302125014\/https:\/www.instagram.com\/ptfbialystok\/\">Instagramie<\/a>.<\/p>\n\n\n\n<p class=\"has-text-align-right\"><strong>Zdj\u0119cie:<\/strong> Wojciech Olszewski<\/p>\n","protected":false},"excerpt":{"rendered":"<p>22.02.2023 odby\u0142a si\u0119 kolejna edycja warsztat\u00f3w krystalograficznych \u201eDoskonale Uporz\u0105dkowany \u015awiat\u201d. Tym razem mieli\u015bmy przyjemno\u015b\u0107 go\u015bci\u0107 uczni\u00f3w klas 7 i 8 ze Szko\u0142y Podstawowej im. Jana Paw\u0142a II w Wyszkach. Serdecznie dzi\u0119kujemy za aktywny udzia\u0142 i wnikliwe pytania. Zapraszamy do obejrzenia kr\u00f3tkiej fotorelacji ze spotkania na naszym Facebooku lub Instagramie. Zdj\u0119cie: Wojciech Olszewski<\/p>\n","protected":false},"author":25,"featured_media":0,"parent":0,"menu_order":0,"comment_status":"closed","ping_status":"closed","template":"","meta":{"site-sidebar-layout":"default","site-content-layout":"","ast-site-content-layout":"default","site-content-style":"default","site-sidebar-style":"default","ast-global-header-display":"","ast-banner-title-visibility":"","ast-main-header-display":"","ast-hfb-above-header-display":"","ast-hfb-below-header-display":"","ast-hfb-mobile-header-display":"","site-post-title":"","ast-breadcrumbs-content":"","ast-featured-img":"","footer-sml-layout":"","ast-disable-related-posts":"","theme-transparent-header-meta":"","adv-header-id-meta":"","stick-header-meta":"","header-above-stick-meta":"","header-main-stick-meta":"","header-below-stick-meta":"","astra-migrate-meta-layouts":"set","ast-page-background-enabled":"default","ast-page-background-meta":{"desktop":{"background-color":"var(--ast-global-color-4)","background-image":"","background-repeat":"repeat","background-position":"center center","background-size":"auto","background-attachment":"scroll","background-type":"","background-media":"","overlay-type":"","overlay-color":"","overlay-opacity":"","overlay-gradient":""},"tablet":{"background-color":"","background-image":"","background-repeat":"repeat","background-position":"center center","background-size":"auto","background-attachment":"scroll","background-type":"","background-media":"","overlay-type":"","overlay-color":"","overlay-opacity":"","overlay-gradient":""},"mobile":{"background-color":"","background-image":"","background-repeat":"repeat","background-position":"center center","background-size":"auto","background-attachment":"scroll","background-type":"","background-media":"","overlay-type":"","overlay-color":"","overlay-opacity":"","overlay-gradient":""}},"ast-content-background-meta":{"desktop":{"background-color":"var(--ast-global-color-5)","background-image":"","background-repeat":"repeat","background-position":"center center","background-size":"auto","background-attachment":"scroll","background-type":"","background-media":"","overlay-type":"","overlay-color":"","overlay-opacity":"","overlay-gradient":""},"tablet":{"background-color":"var(--ast-global-color-5)","background-image":"","background-repeat":"repeat","background-position":"center center","background-size":"auto","background-attachment":"scroll","background-type":"","background-media":"","overlay-type":"","overlay-color":"","overlay-opacity":"","overlay-gradient":""},"mobile":{"background-color":"var(--ast-global-color-5)","background-image":"","background-repeat":"repeat","background-position":"center center","background-size":"auto","background-attachment":"scroll","background-type":"","background-media":"","overlay-type":"","overlay-color":"","overlay-opacity":"","overlay-gradient":""}},"ngg_post_thumbnail":0,"footnotes":""},"class_list":["post-628","page","type-page","status-publish","hentry"],"_links":{"self":[{"href":"https:\/\/physics.uwb.edu.pl\/wf\/ptf\/wp-json\/wp\/v2\/pages\/628","targetHints":{"allow":["GET"]}}],"collection":[{"href":"https:\/\/physics.uwb.edu.pl\/wf\/ptf\/wp-json\/wp\/v2\/pages"}],"about":[{"href":"https:\/\/physics.uwb.edu.pl\/wf\/ptf\/wp-json\/wp\/v2\/types\/page"}],"author":[{"embeddable":true,"href":"https:\/\/physics.uwb.edu.pl\/wf\/ptf\/wp-json\/wp\/v2\/users\/25"}],"replies":[{"embeddable":true,"href":"https:\/\/physics.uwb.edu.pl\/wf\/ptf\/wp-json\/wp\/v2\/comments?post=628"}],"version-history":[{"count":1,"href":"https:\/\/physics.uwb.edu.pl\/wf\/ptf\/wp-json\/wp\/v2\/pages\/628\/revisions"}],"predecessor-version":[{"id":630,"href":"https:\/\/physics.uwb.edu.pl\/wf\/ptf\/wp-json\/wp\/v2\/pages\/628\/revisions\/630"}],"wp:attachment":[{"href":"https:\/\/physics.uwb.edu.pl\/wf\/ptf\/wp-json\/wp\/v2\/media?parent=628"}],"curies":[{"name":"wp","href":"https:\/\/api.w.org\/{rel}","templated":true}]}}