{"id":633,"date":"2023-09-21T07:16:47","date_gmt":"2023-09-21T07:16:47","guid":{"rendered":"https:\/\/physics.uwb.edu.pl\/wf\/ptf\/?page_id=633"},"modified":"2023-09-21T07:16:47","modified_gmt":"2023-09-21T07:16:47","slug":"2022-11-23-30-warsztaty-dus-relacja","status":"publish","type":"page","link":"https:\/\/physics.uwb.edu.pl\/wf\/ptf\/2022-11-23-30-warsztaty-dus-relacja\/","title":{"rendered":"2022.11.23\/30 \u2013 Warsztaty DU\u015a \u2013 relacja"},"content":{"rendered":"\n<p>23 i 30 listopada odby\u0142y si\u0119 kolejne spotkania w ramach warsztat\u00f3w krystalograficznych \u201eDoskonale Uporz\u0105dkowany \u015awiat\u201d. Tym razem, wychodz\u0105c naprzeciw potrzebom pasjonata fizyki z IV LO w Bia\u0142ymstoku, wprowadzona zosta\u0142a tutorska forma pracy. Pierwsze ze spotka\u0144 dotyczy\u0142o aspekt\u00f3w symetrii i translacji w uk\u0142adach krystalograficznych. Kolejne wprowadza\u0142o w zagadnienia pomiaru dyfrakcyjnego: jego zasady oraz geometrii uk\u0142adu pomiarowego. Uczestnik warsztat\u00f3w mia\u0142 okazj\u0119 samodzielnie przeanalizowa\u0107 wyniki eksperymentu \u2013 pomiaru dyfrakcyjnego soli kuchennej. Przy okazji licealista nauczy\u0142 si\u0119 korzysta\u0107 z tablic krystalograficznych.<\/p>\n\n\n\n<figure class=\"wp-block-image size-full\"><img loading=\"lazy\" decoding=\"async\" width=\"1024\" height=\"576\" src=\"https:\/\/physics.uwb.edu.pl\/wf\/ptf\/wp-content\/uploads\/sites\/24\/2023\/09\/obraz-31.png\" alt=\"\" class=\"wp-image-634\" srcset=\"https:\/\/physics.uwb.edu.pl\/wf\/ptf\/wp-content\/uploads\/sites\/24\/2023\/09\/obraz-31.png 1024w, https:\/\/physics.uwb.edu.pl\/wf\/ptf\/wp-content\/uploads\/sites\/24\/2023\/09\/obraz-31-300x169.png 300w, https:\/\/physics.uwb.edu.pl\/wf\/ptf\/wp-content\/uploads\/sites\/24\/2023\/09\/obraz-31-768x432.png 768w\" sizes=\"auto, (max-width: 1024px) 100vw, 1024px\" \/><\/figure>\n\n\n\n<p>Zapraszamy do obejrzenia fotorelacji z tych spotka\u0144 w naszych mediach spo\u0142eczno\u015bciowych: <a href=\"https:\/\/web.archive.org\/web\/20230531003223\/https:\/www.facebook.com\/PTFBialystok\/\">Facebooku<\/a> lub <a href=\"https:\/\/web.archive.org\/web\/20230531003223\/https:\/www.instagram.com\/ptfbialystok\/\">Instagramie<\/a>.<\/p>\n\n\n\n<p class=\"has-text-align-right\"><strong>Zdj\u0119cie:<\/strong> Wojciech Olszewski<\/p>\n","protected":false},"excerpt":{"rendered":"<p>23 i 30 listopada odby\u0142y si\u0119 kolejne spotkania w ramach warsztat\u00f3w krystalograficznych \u201eDoskonale Uporz\u0105dkowany \u015awiat\u201d. Tym razem, wychodz\u0105c naprzeciw potrzebom pasjonata fizyki z IV LO w Bia\u0142ymstoku, wprowadzona zosta\u0142a tutorska forma pracy. Pierwsze ze spotka\u0144 dotyczy\u0142o aspekt\u00f3w symetrii i translacji w uk\u0142adach krystalograficznych. Kolejne wprowadza\u0142o w zagadnienia pomiaru dyfrakcyjnego: jego zasady oraz geometrii uk\u0142adu pomiarowego. [&hellip;]<\/p>\n","protected":false},"author":25,"featured_media":0,"parent":0,"menu_order":0,"comment_status":"closed","ping_status":"closed","template":"","meta":{"site-sidebar-layout":"default","site-content-layout":"","ast-site-content-layout":"default","site-content-style":"default","site-sidebar-style":"default","ast-global-header-display":"","ast-banner-title-visibility":"","ast-main-header-display":"","ast-hfb-above-header-display":"","ast-hfb-below-header-display":"","ast-hfb-mobile-header-display":"","site-post-title":"","ast-breadcrumbs-content":"","ast-featured-img":"","footer-sml-layout":"","ast-disable-related-posts":"","theme-transparent-header-meta":"","adv-header-id-meta":"","stick-header-meta":"","header-above-stick-meta":"","header-main-stick-meta":"","header-below-stick-meta":"","astra-migrate-meta-layouts":"set","ast-page-background-enabled":"default","ast-page-background-meta":{"desktop":{"background-color":"var(--ast-global-color-4)","background-image":"","background-repeat":"repeat","background-position":"center center","background-size":"auto","background-attachment":"scroll","background-type":"","background-media":"","overlay-type":"","overlay-color":"","overlay-opacity":"","overlay-gradient":""},"tablet":{"background-color":"","background-image":"","background-repeat":"repeat","background-position":"center center","background-size":"auto","background-attachment":"scroll","background-type":"","background-media":"","overlay-type":"","overlay-color":"","overlay-opacity":"","overlay-gradient":""},"mobile":{"background-color":"","background-image":"","background-repeat":"repeat","background-position":"center center","background-size":"auto","background-attachment":"scroll","background-type":"","background-media":"","overlay-type":"","overlay-color":"","overlay-opacity":"","overlay-gradient":""}},"ast-content-background-meta":{"desktop":{"background-color":"var(--ast-global-color-5)","background-image":"","background-repeat":"repeat","background-position":"center center","background-size":"auto","background-attachment":"scroll","background-type":"","background-media":"","overlay-type":"","overlay-color":"","overlay-opacity":"","overlay-gradient":""},"tablet":{"background-color":"var(--ast-global-color-5)","background-image":"","background-repeat":"repeat","background-position":"center center","background-size":"auto","background-attachment":"scroll","background-type":"","background-media":"","overlay-type":"","overlay-color":"","overlay-opacity":"","overlay-gradient":""},"mobile":{"background-color":"var(--ast-global-color-5)","background-image":"","background-repeat":"repeat","background-position":"center center","background-size":"auto","background-attachment":"scroll","background-type":"","background-media":"","overlay-type":"","overlay-color":"","overlay-opacity":"","overlay-gradient":""}},"ngg_post_thumbnail":0,"footnotes":""},"class_list":["post-633","page","type-page","status-publish","hentry"],"_links":{"self":[{"href":"https:\/\/physics.uwb.edu.pl\/wf\/ptf\/wp-json\/wp\/v2\/pages\/633","targetHints":{"allow":["GET"]}}],"collection":[{"href":"https:\/\/physics.uwb.edu.pl\/wf\/ptf\/wp-json\/wp\/v2\/pages"}],"about":[{"href":"https:\/\/physics.uwb.edu.pl\/wf\/ptf\/wp-json\/wp\/v2\/types\/page"}],"author":[{"embeddable":true,"href":"https:\/\/physics.uwb.edu.pl\/wf\/ptf\/wp-json\/wp\/v2\/users\/25"}],"replies":[{"embeddable":true,"href":"https:\/\/physics.uwb.edu.pl\/wf\/ptf\/wp-json\/wp\/v2\/comments?post=633"}],"version-history":[{"count":1,"href":"https:\/\/physics.uwb.edu.pl\/wf\/ptf\/wp-json\/wp\/v2\/pages\/633\/revisions"}],"predecessor-version":[{"id":635,"href":"https:\/\/physics.uwb.edu.pl\/wf\/ptf\/wp-json\/wp\/v2\/pages\/633\/revisions\/635"}],"wp:attachment":[{"href":"https:\/\/physics.uwb.edu.pl\/wf\/ptf\/wp-json\/wp\/v2\/media?parent=633"}],"curies":[{"name":"wp","href":"https:\/\/api.w.org\/{rel}","templated":true}]}}