{"id":65,"date":"2021-10-13T20:12:15","date_gmt":"2021-10-13T20:12:15","guid":{"rendered":"https:\/\/physics.uwb.edu.pl\/wf\/ptf\/?page_id=65"},"modified":"2023-09-20T08:34:41","modified_gmt":"2023-09-20T08:34:41","slug":"kontakt","status":"publish","type":"page","link":"https:\/\/physics.uwb.edu.pl\/wf\/ptf\/kontakt\/","title":{"rendered":"Kontakt"},"content":{"rendered":"\n<h1 class=\"wp-block-heading\"><strong>Adres do korespondencji:<\/strong><\/h1>\n\n\n\n<p>Polskie Towarzystwo Fizyczne Oddzia\u0142 Bia\u0142ostocki<br>Wydzia\u0142 Fizyki<br>ul. Konstantego Cio\u0142kowskiego 1L<br>15-245 Bia\u0142ystok<\/p>\n\n\n\n<p>tel.: +48 85 745-72-22<br>fax: +48 85 745-72-23<\/p>\n\n\n\n<p>mail: ptf@uwb.edu.pl<\/p>\n\n\n\n<h1 class=\"wp-block-heading\"><strong>Bezpo\u015bredni kontakt z Zarz\u0105dem Oddzia\u0142u:<\/strong><\/h1>\n\n\n\n<p><strong><em>Przewodnicz\u0105cy:<\/em><\/strong><br>prof. dr hab. Krzysztof Szyma\u0144ski<br>tel.: +48 85 745-72-21<br>mail: k.szymanski@uwb.edu.pl<\/p>\n\n\n\n<p><strong><em>Sekretarz:<\/em><\/strong><br>dr Piotr Zaleski<br>tel.: +48 85 738-81-71<br>mail: p.zaleski@uwb.edu.pl<\/p>\n\n\n\n<p><strong><em>Skarbnik:<\/em><\/strong><br>dr Wojciech Olszewski<br>tel.: +48 85 738-81-68<br>mail: w.olszewski@uwb.edu.pl<\/p>\n\n\n\n<h1 class=\"wp-block-heading\"><strong>Mapa dojazdowa:<\/strong><\/h1>\n\n\n\n<iframe src=\"https:\/\/www.google.com\/maps\/embed?pb=!1m14!1m8!1m3!1d1197.5501313059979!2d23.153050775344003!3d53.108392111628525!3m2!1i1024!2i768!4f13.1!3m3!1m2!1s0x0%3A0x625a653886e2d1eb!2sWydzia%C5%82%20Fizyki%20Uniwersytetu%20w%20Bia%C5%82ymstoku!5e0!3m2!1spl!2spl!4v1634157459539!5m2!1spl!2spl\" style=\"border:0;\" allowfullscreen=\"\" loading=\"lazy\" width=\"600\" height=\"450\"><\/iframe>\n","protected":false},"excerpt":{"rendered":"<p>Adres do korespondencji: Polskie Towarzystwo Fizyczne Oddzia\u0142 Bia\u0142ostockiWydzia\u0142 Fizykiul. Konstantego Cio\u0142kowskiego 1L15-245 Bia\u0142ystok tel.: +48 85 745-72-22fax: +48 85 745-72-23 mail: ptf@uwb.edu.pl Bezpo\u015bredni kontakt z Zarz\u0105dem Oddzia\u0142u: Przewodnicz\u0105cy:prof. dr hab. Krzysztof Szyma\u0144skitel.: +48 85 745-72-21mail: k.szymanski@uwb.edu.pl Sekretarz:dr Piotr Zaleskitel.: +48 85 738-81-71mail: p.zaleski@uwb.edu.pl Skarbnik:dr Wojciech Olszewskitel.: +48 85 738-81-68mail: w.olszewski@uwb.edu.pl Mapa dojazdowa:<\/p>\n","protected":false},"author":25,"featured_media":0,"parent":0,"menu_order":0,"comment_status":"closed","ping_status":"closed","template":"","meta":{"site-sidebar-layout":"default","site-content-layout":"","ast-site-content-layout":"default","site-content-style":"default","site-sidebar-style":"default","ast-global-header-display":"","ast-banner-title-visibility":"","ast-main-header-display":"","ast-hfb-above-header-display":"","ast-hfb-below-header-display":"","ast-hfb-mobile-header-display":"","site-post-title":"","ast-breadcrumbs-content":"","ast-featured-img":"","footer-sml-layout":"","ast-disable-related-posts":"","theme-transparent-header-meta":"","adv-header-id-meta":"","stick-header-meta":"","header-above-stick-meta":"","header-main-stick-meta":"","header-below-stick-meta":"","astra-migrate-meta-layouts":"set","ast-page-background-enabled":"default","ast-page-background-meta":{"desktop":{"background-color":"var(--ast-global-color-4)","background-image":"","background-repeat":"repeat","background-position":"center center","background-size":"auto","background-attachment":"scroll","background-type":"","background-media":"","overlay-type":"","overlay-color":"","overlay-opacity":"","overlay-gradient":""},"tablet":{"background-color":"","background-image":"","background-repeat":"repeat","background-position":"center center","background-size":"auto","background-attachment":"scroll","background-type":"","background-media":"","overlay-type":"","overlay-color":"","overlay-opacity":"","overlay-gradient":""},"mobile":{"background-color":"","background-image":"","background-repeat":"repeat","background-position":"center center","background-size":"auto","background-attachment":"scroll","background-type":"","background-media":"","overlay-type":"","overlay-color":"","overlay-opacity":"","overlay-gradient":""}},"ast-content-background-meta":{"desktop":{"background-color":"var(--ast-global-color-5)","background-image":"","background-repeat":"repeat","background-position":"center center","background-size":"auto","background-attachment":"scroll","background-type":"","background-media":"","overlay-type":"","overlay-color":"","overlay-opacity":"","overlay-gradient":""},"tablet":{"background-color":"var(--ast-global-color-5)","background-image":"","background-repeat":"repeat","background-position":"center center","background-size":"auto","background-attachment":"scroll","background-type":"","background-media":"","overlay-type":"","overlay-color":"","overlay-opacity":"","overlay-gradient":""},"mobile":{"background-color":"var(--ast-global-color-5)","background-image":"","background-repeat":"repeat","background-position":"center center","background-size":"auto","background-attachment":"scroll","background-type":"","background-media":"","overlay-type":"","overlay-color":"","overlay-opacity":"","overlay-gradient":""}},"ngg_post_thumbnail":0,"footnotes":""},"class_list":["post-65","page","type-page","status-publish","hentry"],"_links":{"self":[{"href":"https:\/\/physics.uwb.edu.pl\/wf\/ptf\/wp-json\/wp\/v2\/pages\/65","targetHints":{"allow":["GET"]}}],"collection":[{"href":"https:\/\/physics.uwb.edu.pl\/wf\/ptf\/wp-json\/wp\/v2\/pages"}],"about":[{"href":"https:\/\/physics.uwb.edu.pl\/wf\/ptf\/wp-json\/wp\/v2\/types\/page"}],"author":[{"embeddable":true,"href":"https:\/\/physics.uwb.edu.pl\/wf\/ptf\/wp-json\/wp\/v2\/users\/25"}],"replies":[{"embeddable":true,"href":"https:\/\/physics.uwb.edu.pl\/wf\/ptf\/wp-json\/wp\/v2\/comments?post=65"}],"version-history":[{"count":11,"href":"https:\/\/physics.uwb.edu.pl\/wf\/ptf\/wp-json\/wp\/v2\/pages\/65\/revisions"}],"predecessor-version":[{"id":428,"href":"https:\/\/physics.uwb.edu.pl\/wf\/ptf\/wp-json\/wp\/v2\/pages\/65\/revisions\/428"}],"wp:attachment":[{"href":"https:\/\/physics.uwb.edu.pl\/wf\/ptf\/wp-json\/wp\/v2\/media?parent=65"}],"curies":[{"name":"wp","href":"https:\/\/api.w.org\/{rel}","templated":true}]}}