{"id":660,"date":"2023-09-21T07:38:01","date_gmt":"2023-09-21T07:38:01","guid":{"rendered":"https:\/\/physics.uwb.edu.pl\/wf\/ptf\/?page_id=660"},"modified":"2024-08-22T09:17:27","modified_gmt":"2024-08-22T09:17:27","slug":"nagroda-za-najlepsza-prace-magisterska-z-optyki-i-fotoniki","status":"publish","type":"page","link":"https:\/\/physics.uwb.edu.pl\/wf\/ptf\/nagroda-za-najlepsza-prace-magisterska-z-optyki-i-fotoniki\/","title":{"rendered":"Nagroda za najlepsz\u0105 prac\u0119 magistersk\u0105 z optyki i fotoniki"},"content":{"rendered":"\n<h2 class=\"wp-block-heading\"><strong>2023 &#8211; mgr Mateusz Ko\u0142odziejczyk<\/strong><\/h2>\n\n\n\n<p>Pierwsza w historii Towarzystwa nagroda zosta\u0142a przyznana za prac\u0119 magistersk\u0105 zatytu\u0142owan\u0105 <em><strong>&#8222;Przestrzenny zapis magnetyczny indukowany ultrakr\u00f3tkimi impulsami \u015bwiat\u0142a w nanostrukturach hybrydowych&#8221;<\/strong><\/em> wykonan\u0105 pod opiek\u0105 <strong><em>dr. hab. Andrzeja Stupakiewicza<\/em><\/strong>.<\/p>\n","protected":false},"excerpt":{"rendered":"<p>2023 &#8211; mgr Mateusz Ko\u0142odziejczyk Pierwsza w historii Towarzystwa nagroda zosta\u0142a przyznana za prac\u0119 magistersk\u0105 zatytu\u0142owan\u0105 &#8222;Przestrzenny zapis magnetyczny indukowany ultrakr\u00f3tkimi impulsami \u015bwiat\u0142a w nanostrukturach hybrydowych&#8221; wykonan\u0105 pod opiek\u0105 dr. hab. Andrzeja Stupakiewicza.<\/p>\n","protected":false},"author":25,"featured_media":0,"parent":0,"menu_order":0,"comment_status":"closed","ping_status":"closed","template":"","meta":{"site-sidebar-layout":"default","site-content-layout":"","ast-site-content-layout":"default","site-content-style":"default","site-sidebar-style":"default","ast-global-header-display":"","ast-banner-title-visibility":"","ast-main-header-display":"","ast-hfb-above-header-display":"","ast-hfb-below-header-display":"","ast-hfb-mobile-header-display":"","site-post-title":"","ast-breadcrumbs-content":"","ast-featured-img":"","footer-sml-layout":"","ast-disable-related-posts":"","theme-transparent-header-meta":"","adv-header-id-meta":"","stick-header-meta":"","header-above-stick-meta":"","header-main-stick-meta":"","header-below-stick-meta":"","astra-migrate-meta-layouts":"set","ast-page-background-enabled":"default","ast-page-background-meta":{"desktop":{"background-color":"var(--ast-global-color-4)","background-image":"","background-repeat":"repeat","background-position":"center center","background-size":"auto","background-attachment":"scroll","background-type":"","background-media":"","overlay-type":"","overlay-color":"","overlay-opacity":"","overlay-gradient":""},"tablet":{"background-color":"","background-image":"","background-repeat":"repeat","background-position":"center center","background-size":"auto","background-attachment":"scroll","background-type":"","background-media":"","overlay-type":"","overlay-color":"","overlay-opacity":"","overlay-gradient":""},"mobile":{"background-color":"","background-image":"","background-repeat":"repeat","background-position":"center center","background-size":"auto","background-attachment":"scroll","background-type":"","background-media":"","overlay-type":"","overlay-color":"","overlay-opacity":"","overlay-gradient":""}},"ast-content-background-meta":{"desktop":{"background-color":"var(--ast-global-color-5)","background-image":"","background-repeat":"repeat","background-position":"center center","background-size":"auto","background-attachment":"scroll","background-type":"","background-media":"","overlay-type":"","overlay-color":"","overlay-opacity":"","overlay-gradient":""},"tablet":{"background-color":"var(--ast-global-color-5)","background-image":"","background-repeat":"repeat","background-position":"center center","background-size":"auto","background-attachment":"scroll","background-type":"","background-media":"","overlay-type":"","overlay-color":"","overlay-opacity":"","overlay-gradient":""},"mobile":{"background-color":"var(--ast-global-color-5)","background-image":"","background-repeat":"repeat","background-position":"center center","background-size":"auto","background-attachment":"scroll","background-type":"","background-media":"","overlay-type":"","overlay-color":"","overlay-opacity":"","overlay-gradient":""}},"ngg_post_thumbnail":0,"footnotes":""},"class_list":["post-660","page","type-page","status-publish","hentry"],"_links":{"self":[{"href":"https:\/\/physics.uwb.edu.pl\/wf\/ptf\/wp-json\/wp\/v2\/pages\/660","targetHints":{"allow":["GET"]}}],"collection":[{"href":"https:\/\/physics.uwb.edu.pl\/wf\/ptf\/wp-json\/wp\/v2\/pages"}],"about":[{"href":"https:\/\/physics.uwb.edu.pl\/wf\/ptf\/wp-json\/wp\/v2\/types\/page"}],"author":[{"embeddable":true,"href":"https:\/\/physics.uwb.edu.pl\/wf\/ptf\/wp-json\/wp\/v2\/users\/25"}],"replies":[{"embeddable":true,"href":"https:\/\/physics.uwb.edu.pl\/wf\/ptf\/wp-json\/wp\/v2\/comments?post=660"}],"version-history":[{"count":2,"href":"https:\/\/physics.uwb.edu.pl\/wf\/ptf\/wp-json\/wp\/v2\/pages\/660\/revisions"}],"predecessor-version":[{"id":1362,"href":"https:\/\/physics.uwb.edu.pl\/wf\/ptf\/wp-json\/wp\/v2\/pages\/660\/revisions\/1362"}],"wp:attachment":[{"href":"https:\/\/physics.uwb.edu.pl\/wf\/ptf\/wp-json\/wp\/v2\/media?parent=660"}],"curies":[{"name":"wp","href":"https:\/\/api.w.org\/{rel}","templated":true}]}}