{"id":670,"date":"2023-09-21T07:54:27","date_gmt":"2023-09-21T07:54:27","guid":{"rendered":"https:\/\/physics.uwb.edu.pl\/wf\/ptf\/?page_id=670"},"modified":"2024-08-22T09:18:37","modified_gmt":"2024-08-22T09:18:37","slug":"nagroda-im-grzegorza-bialkowskiego-dla-nauczycieli-fizyki","status":"publish","type":"page","link":"https:\/\/physics.uwb.edu.pl\/wf\/ptf\/nagroda-im-grzegorza-bialkowskiego-dla-nauczycieli-fizyki\/","title":{"rendered":"Nagroda im. Grzegorza Bia\u0142kowskiego dla Nauczycieli Fizyki"},"content":{"rendered":"\n<p>Nagroda PTF im. Grzegorza Bia\u0142kowskiego dla Nauczycieli Fizyki jest przyznawana za wybitn\u0105 dzia\u0142alno\u015b\u0107 dydaktyczn\u0105 i wychowawcz\u0105 nauczycielom fizyki w szko\u0142ach podstawowych i ponadpodstawowych oraz wychowawcom w plac\u00f3wkach o\u015bwiatowo-wychowawczych i kszta\u0142cenia ustawicznego. Nagroda honoruje ponadstandardowe wyniki nauczania fizyki, autorstwo podr\u0119cznik\u00f3w, autorstwo opracowa\u0144 metodycznych, wprowadzanie innowacyjnych metod nauczania.<\/p>\n\n\n\n<h2 class=\"wp-block-heading\"><strong>2019 &#8211; mgr Dariusz Bossowski &#8211; wyr\u00f3\u017cnienie<\/strong><\/h2>\n\n\n\n<h2 class=\"wp-block-heading\"><strong>2018 &#8211; mgr Tomasz Bia\u0142kowski &#8211; wyr\u00f3\u017cnienie<\/strong><\/h2>\n\n\n\n<h2 class=\"wp-block-heading\"><strong>2017 &#8211; mgr Anna Danuta Zdunko &#8211; III nagroda<\/strong><\/h2>\n\n\n\n<h2 class=\"wp-block-heading\"><strong>2016 &#8211; mgr Pawe\u0142 Andryszak &#8211; II nagroda<\/strong><\/h2>\n\n\n\n<h2 class=\"wp-block-heading\"><strong>2014 &#8211; mgr Ma\u0142gorzata Ol\u0119dzka &#8211; II nagroda<\/strong><\/h2>\n\n\n\n<h2 class=\"wp-block-heading\"><strong>2013 &#8211; mgr &nbsp;Joanna Ciesielska &#8211; wyr\u00f3\u017cnienie<\/strong><\/h2>\n\n\n\n<h2 class=\"wp-block-heading\"><strong>2012 &#8211; mgr S\u0142awomir \u017buber &#8211; wyr\u00f3\u017cnienie<\/strong><\/h2>\n\n\n\n<h2 class=\"wp-block-heading\"><strong>2007 &#8211; mgr Miros\u0142awa \u017buber &#8211; II nagroda<\/strong><\/h2>\n","protected":false},"excerpt":{"rendered":"<p>Nagroda PTF im. Grzegorza Bia\u0142kowskiego dla Nauczycieli Fizyki jest przyznawana za wybitn\u0105 dzia\u0142alno\u015b\u0107 dydaktyczn\u0105 i wychowawcz\u0105 nauczycielom fizyki w szko\u0142ach podstawowych i ponadpodstawowych oraz wychowawcom w plac\u00f3wkach o\u015bwiatowo-wychowawczych i kszta\u0142cenia ustawicznego. Nagroda honoruje ponadstandardowe wyniki nauczania fizyki, autorstwo podr\u0119cznik\u00f3w, autorstwo opracowa\u0144 metodycznych, wprowadzanie innowacyjnych metod nauczania. 2019 &#8211; mgr Dariusz Bossowski &#8211; wyr\u00f3\u017cnienie 2018 &#8211; [&hellip;]<\/p>\n","protected":false},"author":25,"featured_media":0,"parent":0,"menu_order":0,"comment_status":"closed","ping_status":"closed","template":"","meta":{"site-sidebar-layout":"default","site-content-layout":"","ast-site-content-layout":"default","site-content-style":"default","site-sidebar-style":"default","ast-global-header-display":"","ast-banner-title-visibility":"","ast-main-header-display":"","ast-hfb-above-header-display":"","ast-hfb-below-header-display":"","ast-hfb-mobile-header-display":"","site-post-title":"","ast-breadcrumbs-content":"","ast-featured-img":"","footer-sml-layout":"","ast-disable-related-posts":"","theme-transparent-header-meta":"","adv-header-id-meta":"","stick-header-meta":"","header-above-stick-meta":"","header-main-stick-meta":"","header-below-stick-meta":"","astra-migrate-meta-layouts":"set","ast-page-background-enabled":"default","ast-page-background-meta":{"desktop":{"background-color":"var(--ast-global-color-4)","background-image":"","background-repeat":"repeat","background-position":"center center","background-size":"auto","background-attachment":"scroll","background-type":"","background-media":"","overlay-type":"","overlay-color":"","overlay-opacity":"","overlay-gradient":""},"tablet":{"background-color":"","background-image":"","background-repeat":"repeat","background-position":"center center","background-size":"auto","background-attachment":"scroll","background-type":"","background-media":"","overlay-type":"","overlay-color":"","overlay-opacity":"","overlay-gradient":""},"mobile":{"background-color":"","background-image":"","background-repeat":"repeat","background-position":"center center","background-size":"auto","background-attachment":"scroll","background-type":"","background-media":"","overlay-type":"","overlay-color":"","overlay-opacity":"","overlay-gradient":""}},"ast-content-background-meta":{"desktop":{"background-color":"var(--ast-global-color-5)","background-image":"","background-repeat":"repeat","background-position":"center center","background-size":"auto","background-attachment":"scroll","background-type":"","background-media":"","overlay-type":"","overlay-color":"","overlay-opacity":"","overlay-gradient":""},"tablet":{"background-color":"var(--ast-global-color-5)","background-image":"","background-repeat":"repeat","background-position":"center center","background-size":"auto","background-attachment":"scroll","background-type":"","background-media":"","overlay-type":"","overlay-color":"","overlay-opacity":"","overlay-gradient":""},"mobile":{"background-color":"var(--ast-global-color-5)","background-image":"","background-repeat":"repeat","background-position":"center center","background-size":"auto","background-attachment":"scroll","background-type":"","background-media":"","overlay-type":"","overlay-color":"","overlay-opacity":"","overlay-gradient":""}},"ngg_post_thumbnail":0,"footnotes":""},"class_list":["post-670","page","type-page","status-publish","hentry"],"_links":{"self":[{"href":"https:\/\/physics.uwb.edu.pl\/wf\/ptf\/wp-json\/wp\/v2\/pages\/670","targetHints":{"allow":["GET"]}}],"collection":[{"href":"https:\/\/physics.uwb.edu.pl\/wf\/ptf\/wp-json\/wp\/v2\/pages"}],"about":[{"href":"https:\/\/physics.uwb.edu.pl\/wf\/ptf\/wp-json\/wp\/v2\/types\/page"}],"author":[{"embeddable":true,"href":"https:\/\/physics.uwb.edu.pl\/wf\/ptf\/wp-json\/wp\/v2\/users\/25"}],"replies":[{"embeddable":true,"href":"https:\/\/physics.uwb.edu.pl\/wf\/ptf\/wp-json\/wp\/v2\/comments?post=670"}],"version-history":[{"count":4,"href":"https:\/\/physics.uwb.edu.pl\/wf\/ptf\/wp-json\/wp\/v2\/pages\/670\/revisions"}],"predecessor-version":[{"id":1364,"href":"https:\/\/physics.uwb.edu.pl\/wf\/ptf\/wp-json\/wp\/v2\/pages\/670\/revisions\/1364"}],"wp:attachment":[{"href":"https:\/\/physics.uwb.edu.pl\/wf\/ptf\/wp-json\/wp\/v2\/media?parent=670"}],"curies":[{"name":"wp","href":"https:\/\/api.w.org\/{rel}","templated":true}]}}