{"id":674,"date":"2023-09-21T07:59:48","date_gmt":"2023-09-21T07:59:48","guid":{"rendered":"https:\/\/physics.uwb.edu.pl\/wf\/ptf\/?page_id=674"},"modified":"2024-08-22T09:20:50","modified_gmt":"2024-08-22T09:20:50","slug":"nagroda-ministra-edukacji-i-nauki","status":"publish","type":"page","link":"https:\/\/physics.uwb.edu.pl\/wf\/ptf\/nagroda-ministra-edukacji-i-nauki\/","title":{"rendered":"Nagroda Ministra Edukacji i Nauki"},"content":{"rendered":"\n<p>19.02.2022 podczas Gali z okazji Dnia Nauki Polskiej wr\u0119czone zosta\u0142y Nagrody Ministra Edukacji i Nauki. W tym roku uhonorowani zostali dwaj pracownicy Wydzia\u0142u Fizyki UwB a tak\u017ce wieloletni cz\u0142onkowie Polskiego Towarzystwa Fizycznego.<\/p>\n\n\n\n<p><strong><em>Prof. dr hab. Piotr Jaranowski<\/em><\/strong> otrzyma\u0142 nagrod\u0119 za ca\u0142okszta\u0142t dorobku. Doceniona zosta\u0142a rola profesora w stworzeniu (we wsp\u00f3\u0142pracy z prof. Andrzejem Kr\u00f3lakiem z Instytutu Matematycznego PAN w Warszawie) podstaw wielu algorytm\u00f3w i metod s\u0142u\u017c\u0105cych do wykrycia i estymacji parametr\u00f3w fal grawitacyjnych z tzw. uk\u0142ad\u00f3w podw\u00f3jnych.<\/p>\n\n\n\n<p>Natomiast <strong><em>prof. dr hab. Andrzej Stupakiewicz<\/em><\/strong> zosta\u0142 uhonorowany za znacz\u0105ce osi\u0105gni\u0119cia w zakresie dzia\u0142alno\u015bci naukowej, tj. zaprezentowanie i rozwini\u0119cie prze\u0142omowej metody ultraszybkiego zapisu informacji.Serdecznie gratulujemy i \u017cyczymy dalszych sukces\u00f3w w pracy zawodowej!<\/p>\n","protected":false},"excerpt":{"rendered":"<p>19.02.2022 podczas Gali z okazji Dnia Nauki Polskiej wr\u0119czone zosta\u0142y Nagrody Ministra Edukacji i Nauki. W tym roku uhonorowani zostali dwaj pracownicy Wydzia\u0142u Fizyki UwB a tak\u017ce wieloletni cz\u0142onkowie Polskiego Towarzystwa Fizycznego. Prof. dr hab. Piotr Jaranowski otrzyma\u0142 nagrod\u0119 za ca\u0142okszta\u0142t dorobku. Doceniona zosta\u0142a rola profesora w stworzeniu (we wsp\u00f3\u0142pracy z prof. Andrzejem Kr\u00f3lakiem z [&hellip;]<\/p>\n","protected":false},"author":25,"featured_media":0,"parent":0,"menu_order":0,"comment_status":"closed","ping_status":"closed","template":"","meta":{"site-sidebar-layout":"default","site-content-layout":"","ast-site-content-layout":"default","site-content-style":"default","site-sidebar-style":"default","ast-global-header-display":"","ast-banner-title-visibility":"","ast-main-header-display":"","ast-hfb-above-header-display":"","ast-hfb-below-header-display":"","ast-hfb-mobile-header-display":"","site-post-title":"","ast-breadcrumbs-content":"","ast-featured-img":"","footer-sml-layout":"","ast-disable-related-posts":"","theme-transparent-header-meta":"","adv-header-id-meta":"","stick-header-meta":"","header-above-stick-meta":"","header-main-stick-meta":"","header-below-stick-meta":"","astra-migrate-meta-layouts":"set","ast-page-background-enabled":"default","ast-page-background-meta":{"desktop":{"background-color":"var(--ast-global-color-4)","background-image":"","background-repeat":"repeat","background-position":"center center","background-size":"auto","background-attachment":"scroll","background-type":"","background-media":"","overlay-type":"","overlay-color":"","overlay-opacity":"","overlay-gradient":""},"tablet":{"background-color":"","background-image":"","background-repeat":"repeat","background-position":"center center","background-size":"auto","background-attachment":"scroll","background-type":"","background-media":"","overlay-type":"","overlay-color":"","overlay-opacity":"","overlay-gradient":""},"mobile":{"background-color":"","background-image":"","background-repeat":"repeat","background-position":"center center","background-size":"auto","background-attachment":"scroll","background-type":"","background-media":"","overlay-type":"","overlay-color":"","overlay-opacity":"","overlay-gradient":""}},"ast-content-background-meta":{"desktop":{"background-color":"var(--ast-global-color-5)","background-image":"","background-repeat":"repeat","background-position":"center center","background-size":"auto","background-attachment":"scroll","background-type":"","background-media":"","overlay-type":"","overlay-color":"","overlay-opacity":"","overlay-gradient":""},"tablet":{"background-color":"var(--ast-global-color-5)","background-image":"","background-repeat":"repeat","background-position":"center center","background-size":"auto","background-attachment":"scroll","background-type":"","background-media":"","overlay-type":"","overlay-color":"","overlay-opacity":"","overlay-gradient":""},"mobile":{"background-color":"var(--ast-global-color-5)","background-image":"","background-repeat":"repeat","background-position":"center center","background-size":"auto","background-attachment":"scroll","background-type":"","background-media":"","overlay-type":"","overlay-color":"","overlay-opacity":"","overlay-gradient":""}},"ngg_post_thumbnail":0,"footnotes":""},"class_list":["post-674","page","type-page","status-publish","hentry"],"_links":{"self":[{"href":"https:\/\/physics.uwb.edu.pl\/wf\/ptf\/wp-json\/wp\/v2\/pages\/674","targetHints":{"allow":["GET"]}}],"collection":[{"href":"https:\/\/physics.uwb.edu.pl\/wf\/ptf\/wp-json\/wp\/v2\/pages"}],"about":[{"href":"https:\/\/physics.uwb.edu.pl\/wf\/ptf\/wp-json\/wp\/v2\/types\/page"}],"author":[{"embeddable":true,"href":"https:\/\/physics.uwb.edu.pl\/wf\/ptf\/wp-json\/wp\/v2\/users\/25"}],"replies":[{"embeddable":true,"href":"https:\/\/physics.uwb.edu.pl\/wf\/ptf\/wp-json\/wp\/v2\/comments?post=674"}],"version-history":[{"count":3,"href":"https:\/\/physics.uwb.edu.pl\/wf\/ptf\/wp-json\/wp\/v2\/pages\/674\/revisions"}],"predecessor-version":[{"id":1367,"href":"https:\/\/physics.uwb.edu.pl\/wf\/ptf\/wp-json\/wp\/v2\/pages\/674\/revisions\/1367"}],"wp:attachment":[{"href":"https:\/\/physics.uwb.edu.pl\/wf\/ptf\/wp-json\/wp\/v2\/media?parent=674"}],"curies":[{"name":"wp","href":"https:\/\/api.w.org\/{rel}","templated":true}]}}