{"id":677,"date":"2023-09-21T08:09:13","date_gmt":"2023-09-21T08:09:13","guid":{"rendered":"https:\/\/physics.uwb.edu.pl\/wf\/ptf\/?page_id=677"},"modified":"2024-08-22T09:21:39","modified_gmt":"2024-08-22T09:21:39","slug":"podlaska-marka-roku","status":"publish","type":"page","link":"https:\/\/physics.uwb.edu.pl\/wf\/ptf\/podlaska-marka-roku\/","title":{"rendered":"Podlaska Marka Roku"},"content":{"rendered":"\n<p>Podlaska Marka to&nbsp;jeden z&nbsp;najstarszych i&nbsp;najbardziej presti\u017cowych plebiscyt\u00f3w odbywaj\u0105cych si\u0119 na&nbsp;terenie regionu. <\/p>\n\n\n\n<h2 class=\"wp-block-heading\"><strong>2021 &#8211; prof. dr hab. Andrzej Stupakiewicz<\/strong><\/h2>\n\n\n\n<p>Kolejn\u0105 nagrod\u0119 w kategorii Odkrycie uzyska\u0142 prof. dr hab. Andrzej Stupakiewicz za badanie i\u00a0rozw\u00f3j zimnego ultraszybkiego zapisu informacji.<\/p>\n\n\n\n<p>Gala fina\u0142owa Podlaskiej Marki odby\u0142a si\u0119 11.05.2022 w Operze i Filharmonii Podlaskiej. Jej motywem przewodnim by\u0142o Xylopolis \u2013 niezwyk\u0142e miasto przysz\u0142o\u015bci.<\/p>\n\n\n\n<h2 class=\"wp-block-heading\"><strong>2018 &#8211; prof. dr hab. Piotr Jaranowski<\/strong><\/h2>\n\n\n\n<p>Nagroda zosta\u0142a przyznana w kategorii Odkrycie za pierwsz\u0105 w historii detekcj\u0119 fal grawitacyjnych, w kt\u00f3r\u0105 zaanga\u017cowany by\u0142 m.in. prof. Piotr Jaranowski z Wydzia\u0142u Fizyki UwB.<\/p>\n\n\n\n<p>Uroczyste rozdanie nagr\u00f3d odby\u0142o si\u0119 24.04.2018 na scenie Opery i Filharmonii Podlaskiej. Nagrod\u0119 wr\u0119czyli prof. Jaranowskiemu marsza\u0142ek Jerzy Leszczy\u0144ski oraz Petros Psyllos \u2013 ubieg\u0142oroczny laureat Podlaskiej Marki.<\/p>\n","protected":false},"excerpt":{"rendered":"<p>Podlaska Marka to&nbsp;jeden z&nbsp;najstarszych i&nbsp;najbardziej presti\u017cowych plebiscyt\u00f3w odbywaj\u0105cych si\u0119 na&nbsp;terenie regionu. 2021 &#8211; prof. dr hab. Andrzej Stupakiewicz Kolejn\u0105 nagrod\u0119 w kategorii Odkrycie uzyska\u0142 prof. dr hab. Andrzej Stupakiewicz za badanie i\u00a0rozw\u00f3j zimnego ultraszybkiego zapisu informacji. Gala fina\u0142owa Podlaskiej Marki odby\u0142a si\u0119 11.05.2022 w Operze i Filharmonii Podlaskiej. Jej motywem przewodnim by\u0142o Xylopolis \u2013 niezwyk\u0142e [&hellip;]<\/p>\n","protected":false},"author":25,"featured_media":0,"parent":0,"menu_order":0,"comment_status":"closed","ping_status":"closed","template":"","meta":{"site-sidebar-layout":"default","site-content-layout":"","ast-site-content-layout":"default","site-content-style":"default","site-sidebar-style":"default","ast-global-header-display":"","ast-banner-title-visibility":"","ast-main-header-display":"","ast-hfb-above-header-display":"","ast-hfb-below-header-display":"","ast-hfb-mobile-header-display":"","site-post-title":"","ast-breadcrumbs-content":"","ast-featured-img":"","footer-sml-layout":"","ast-disable-related-posts":"","theme-transparent-header-meta":"","adv-header-id-meta":"","stick-header-meta":"","header-above-stick-meta":"","header-main-stick-meta":"","header-below-stick-meta":"","astra-migrate-meta-layouts":"set","ast-page-background-enabled":"default","ast-page-background-meta":{"desktop":{"background-color":"var(--ast-global-color-4)","background-image":"","background-repeat":"repeat","background-position":"center center","background-size":"auto","background-attachment":"scroll","background-type":"","background-media":"","overlay-type":"","overlay-color":"","overlay-opacity":"","overlay-gradient":""},"tablet":{"background-color":"","background-image":"","background-repeat":"repeat","background-position":"center center","background-size":"auto","background-attachment":"scroll","background-type":"","background-media":"","overlay-type":"","overlay-color":"","overlay-opacity":"","overlay-gradient":""},"mobile":{"background-color":"","background-image":"","background-repeat":"repeat","background-position":"center center","background-size":"auto","background-attachment":"scroll","background-type":"","background-media":"","overlay-type":"","overlay-color":"","overlay-opacity":"","overlay-gradient":""}},"ast-content-background-meta":{"desktop":{"background-color":"var(--ast-global-color-5)","background-image":"","background-repeat":"repeat","background-position":"center center","background-size":"auto","background-attachment":"scroll","background-type":"","background-media":"","overlay-type":"","overlay-color":"","overlay-opacity":"","overlay-gradient":""},"tablet":{"background-color":"var(--ast-global-color-5)","background-image":"","background-repeat":"repeat","background-position":"center center","background-size":"auto","background-attachment":"scroll","background-type":"","background-media":"","overlay-type":"","overlay-color":"","overlay-opacity":"","overlay-gradient":""},"mobile":{"background-color":"var(--ast-global-color-5)","background-image":"","background-repeat":"repeat","background-position":"center center","background-size":"auto","background-attachment":"scroll","background-type":"","background-media":"","overlay-type":"","overlay-color":"","overlay-opacity":"","overlay-gradient":""}},"ngg_post_thumbnail":0,"footnotes":""},"class_list":["post-677","page","type-page","status-publish","hentry"],"_links":{"self":[{"href":"https:\/\/physics.uwb.edu.pl\/wf\/ptf\/wp-json\/wp\/v2\/pages\/677","targetHints":{"allow":["GET"]}}],"collection":[{"href":"https:\/\/physics.uwb.edu.pl\/wf\/ptf\/wp-json\/wp\/v2\/pages"}],"about":[{"href":"https:\/\/physics.uwb.edu.pl\/wf\/ptf\/wp-json\/wp\/v2\/types\/page"}],"author":[{"embeddable":true,"href":"https:\/\/physics.uwb.edu.pl\/wf\/ptf\/wp-json\/wp\/v2\/users\/25"}],"replies":[{"embeddable":true,"href":"https:\/\/physics.uwb.edu.pl\/wf\/ptf\/wp-json\/wp\/v2\/comments?post=677"}],"version-history":[{"count":3,"href":"https:\/\/physics.uwb.edu.pl\/wf\/ptf\/wp-json\/wp\/v2\/pages\/677\/revisions"}],"predecessor-version":[{"id":1368,"href":"https:\/\/physics.uwb.edu.pl\/wf\/ptf\/wp-json\/wp\/v2\/pages\/677\/revisions\/1368"}],"wp:attachment":[{"href":"https:\/\/physics.uwb.edu.pl\/wf\/ptf\/wp-json\/wp\/v2\/media?parent=677"}],"curies":[{"name":"wp","href":"https:\/\/api.w.org\/{rel}","templated":true}]}}