{"id":817,"date":"2023-12-18T09:20:52","date_gmt":"2023-12-18T09:20:52","guid":{"rendered":"https:\/\/physics.uwb.edu.pl\/wf\/ptf\/?page_id=817"},"modified":"2024-03-15T10:27:45","modified_gmt":"2024-03-15T10:27:45","slug":"kmo_projekt2024","status":"publish","type":"page","link":"https:\/\/physics.uwb.edu.pl\/wf\/ptf\/kmo_projekt2024\/","title":{"rendered":"Urz\u0105dzenia mobilne wspomagaj\u0105ce m\u0142odego fizyka"},"content":{"rendered":"\n<figure class=\"wp-block-image size-large\"><img loading=\"lazy\" decoding=\"async\" width=\"1024\" height=\"245\" src=\"https:\/\/physics.uwb.edu.pl\/wf\/ptf\/wp-content\/uploads\/sites\/24\/2023\/12\/2023_12_18_KMOprojekt2023_LOGO-1024x245.jpg\" alt=\"\" class=\"wp-image-822\" srcset=\"https:\/\/physics.uwb.edu.pl\/wf\/ptf\/wp-content\/uploads\/sites\/24\/2023\/12\/2023_12_18_KMOprojekt2023_LOGO-1024x245.jpg 1024w, https:\/\/physics.uwb.edu.pl\/wf\/ptf\/wp-content\/uploads\/sites\/24\/2023\/12\/2023_12_18_KMOprojekt2023_LOGO-300x72.jpg 300w, https:\/\/physics.uwb.edu.pl\/wf\/ptf\/wp-content\/uploads\/sites\/24\/2023\/12\/2023_12_18_KMOprojekt2023_LOGO-768x183.jpg 768w, https:\/\/physics.uwb.edu.pl\/wf\/ptf\/wp-content\/uploads\/sites\/24\/2023\/12\/2023_12_18_KMOprojekt2023_LOGO-1536x367.jpg 1536w, https:\/\/physics.uwb.edu.pl\/wf\/ptf\/wp-content\/uploads\/sites\/24\/2023\/12\/2023_12_18_KMOprojekt2023_LOGO-2048x489.jpg 2048w\" sizes=\"auto, (max-width: 1024px) 100vw, 1024px\" \/><\/figure>\n\n\n\n<p>Klub M\u0142odego Odkrywcy &#8222;Newton, Einstein a teraz My&#8221; we wsp\u00f3\u0142pracy z Wydzia\u0142em Fizyki UwB oraz Oddzia\u0142em Bia\u0142ostockim PTF og\u0142asza nab\u00f3r do projektu <strong>&#8222;Urz\u0105dzenia mobilne wspomagaj\u0105ce m\u0142odego fizyka&#8221;<\/strong>. Zapraszamy do udzia\u0142u m\u0142odzie\u017c szk\u00f3\u0142 podstawowych i ponadpodstawowych, narodowo\u015bci polskiej i ukrai\u0144skiej.<\/p>\n\n\n\n<h2 class=\"wp-block-heading\"><strong><em>Za\u0142o\u017cenia projektu:<\/em><\/strong><\/h2>\n\n\n\n<p>Projektowi przy\u015bwiecaj\u0105 3 cele g\u0142\u00f3wne:<\/p>\n\n\n\n<ul class=\"wp-block-list\">\n<li><strong>integracyjny:<\/strong> czyli wsp\u00f3lna praca m\u0142odzie\u017cy szkolnej z Polski i Ukrainy nad wybranym tematem fizycznym, kt\u00f3ry wymaga\u0107 b\u0119dzie zespolonego, konstrukcyjnego i ostatecznie analitycznego wysi\u0142ku my\u015blowego,<\/li>\n\n\n\n<li><strong>dydaktyczny:<\/strong> realizowany w oparciu o narz\u0119dzia i podzespo\u0142y elektroniczne przeznaczone do konkretnych bio-rozwi\u0105za\u0144, zar\u00f3wno przemys\u0142owych jak i ekologicznych. Projekty grupowe b\u0119d\u0105 dotyczy\u0142y na przyk\u0142ad programowania odczyt\u00f3w czujnik\u00f3w CO<sub>2<\/sub> czy zm\u0119tnienia wody i interpretacji wynik\u00f3w. Przewidziany jest plenerowy cykl pomiarowy. Uzyskane wyniki zostan\u0105 zweryfikowane o rezultaty do\u015bwiadcze\u0144 przeprowadzonych w laboratorium Wydzia\u0142u Fizyki UwB.<\/li>\n\n\n\n<li><strong>popularyzatorski:<\/strong> kt\u00f3ry sprowadza si\u0119 do swobodnego niemal mimowolnego oswajania m\u0142odzie\u017cy ze wsp\u00f3\u0142czesnymi problemami nauki i \u015bwiata przy u\u017cyciu bardzo lubianych i funkcjonalnie prostych urz\u0105dze\u0144 mobilnych.<\/li>\n<\/ul>\n\n\n\n<p>Warsztaty prowadzone b\u0119d\u0105 w dw\u00f3ch 12-osobowych grupach:<\/p>\n\n\n\n<ul class=\"wp-block-list\">\n<li>16:00 &#8211; 17:00 &#8211; <strong>I grupa<\/strong> &#8211; uczestnicy w wieku do 10 lat,<\/li>\n\n\n\n<li>17:00 &#8211; 18:00 &#8211; <strong>II grupa<\/strong> \u2013 uczestnicy powy\u017cej 10 lat.<\/li>\n<\/ul>\n\n\n\n<p>Odb\u0119dzie si\u0119 5 spotka\u0144 warsztatowych a ca\u0142y cykl zaj\u0119\u0107 zwie\u0144czy mini-konferencja naukowa, podczas kt\u00f3rej poszczeg\u00f3lne grupy uczestnik\u00f3w zaprezentuj\u0105 uzyskane wyniki pomiar\u00f3w.<\/p>\n\n\n\n<p>Projekt finansowany jest przez Fundacj\u0119 Deloittew ramach konkursu Centrum Nauki Kopernik &#8211; <em>Razem dla lepszej przysz\u0142o\u015bci z KMO 2023<\/em>.<\/p>\n\n\n\n<h2 class=\"wp-block-heading\"><strong><em>Koordynatorzy projektu:<\/em><\/strong><\/h2>\n\n\n\n<ul class=\"wp-block-list\">\n<li>dr hab. Katarzyna Re\u0107ko, prof. UwB<\/li>\n\n\n\n<li>dr Wojciech Olszewski<\/li>\n<\/ul>\n\n\n\n<h2 class=\"wp-block-heading\"><strong><em>Wa\u017cne daty:<\/em><\/strong><\/h2>\n\n\n\n<p>Nab\u00f3r wniosk\u00f3w: <strong>19.12.2023 &#8211; 08.01.2024<\/strong><br>Og\u0142oszenie listy os\u00f3b przyj\u0119tych: <strong>10.01.2024<\/strong><br>Czas realizacji projektu: <strong>24.01.2024 &#8211; 13.03.2024<\/strong><\/p>\n\n\n\n<h2 class=\"wp-block-heading\"><strong><em>Zg\u0142oszenia:<\/em><\/strong><\/h2>\n\n\n\n<p>Wype\u0142niony <strong><a href=\"https:\/\/physics.uwb.edu.pl\/wf\/ptf\/wp-content\/uploads\/sites\/24\/2023\/12\/KMO_projekt2023_Deklaracja_ucznia.pdf\">formularz zg\u0142oszeniowy<\/a><\/strong> przyjmuje koordynator projektu dr Wojciech Olszewski pod adresem <strong>w.olszewski@uwb.edu.pl<\/strong> do dnia <strong>08.01.2024<\/strong> w\u0142\u0105cznie.<\/p>\n\n\n\n<p>O przyj\u0119ciu decyduje zasada r\u00f3wnego traktowania uczni\u00f3w narodowo\u015bci polskiej i ukrai\u0144skiej oraz kolejno\u015b\u0107 zg\u0142osze\u0144.<\/p>\n\n\n\n<h2 class=\"wp-block-heading\"><strong><em>Harmonogram spotka\u0144:<\/em><\/strong><\/h2>\n\n\n\n<ul class=\"wp-block-list\">\n<li>24.01.2024 &#8211; Spotkanie 1 &#8211; <strong>&#8222;Uczymy si\u0119 programowa\u0107 z micro:bit&#8221;<\/strong><\/li>\n\n\n\n<li>14.02.2024 &#8211; Spotkanie 2 &#8211; <strong>&#8222;Micro:bit jako czujnik temperatury&#8221;<\/strong><\/li>\n\n\n\n<li>21.02.2024 &#8211; Spotkanie 3 &#8211; <strong>&#8222;Micro:bit jako czujnik wilgotno\u015bci&#8221;<\/strong><\/li>\n\n\n\n<li>28.02.2024 &#8211; Spotkanie 4 &#8211; <strong>&#8222;Przewodnictwo elektryczne&#8221;<\/strong><\/li>\n\n\n\n<li>06.03.2024 &#8211; Spotkanie 5 &#8211; <strong>&#8222;Badamy ruch&#8221;<\/strong><\/li>\n\n\n\n<li>13.03.2024 &#8211; Spotkanie 6 &#8211; <strong>&#8222;Ekologiczny samoch\u00f3d i Mini-konferencja naukowa&#8221;<\/strong><\/li>\n<\/ul>\n\n\n\n<h2 class=\"wp-block-heading\"><strong><em>Relacje z zaj\u0119\u0107:<\/em><\/strong><\/h2>\n\n\n\n<p>Kr\u00f3tkie filmiki oraz fotorelacje z zaj\u0119\u0107 mo\u017cna znale\u017a\u0107 na naszych profilach na <a href=\"https:\/\/www.facebook.com\/PTFBialystok\/\">Facebooku<\/a>, <a href=\"https:\/\/www.instagram.com\/ptfbialystok\/\">Instagramie<\/a> oraz kanale <a href=\"https:\/\/www.youtube.com\/channel\/UCChi8p4mwKvlh6NKtqT-RhA\">YouTube<\/a>.<\/p>\n\n\n\n<h2 class=\"wp-block-heading\"><strong><em>Dokumenty do pobrania:<\/em><\/strong><\/h2>\n\n\n\n<ul class=\"wp-block-list\">\n<li><strong><a href=\"https:\/\/physics.uwb.edu.pl\/wf\/ptf\/wp-content\/uploads\/sites\/24\/2023\/12\/KMO_projekt2023_ogloszenie.pdf\">Og\u0142oszenie o naborze<\/a><\/strong><\/li>\n\n\n\n<li><strong><a href=\"https:\/\/physics.uwb.edu.pl\/wf\/ptf\/wp-content\/uploads\/sites\/24\/2023\/12\/KMO_projekt2023_Deklaracja_ucznia.pdf\">Formularz zg\u0142oszeniowy<\/a><\/strong><\/li>\n\n\n\n<li><strong><a href=\"https:\/\/physics.uwb.edu.pl\/wf\/ptf\/wp-content\/uploads\/sites\/24\/2023\/12\/KMO_projekt2023_Dane_osobowe.pdf\">Formularz RODO<\/a><\/strong> (wype\u0142niaj\u0105 jedynie zakwalifikowani uczestnicy projektu)<\/li>\n<\/ul>\n","protected":false},"excerpt":{"rendered":"<p>Klub M\u0142odego Odkrywcy &#8222;Newton, Einstein a teraz My&#8221; we wsp\u00f3\u0142pracy z Wydzia\u0142em Fizyki UwB oraz Oddzia\u0142em Bia\u0142ostockim PTF og\u0142asza nab\u00f3r do projektu &#8222;Urz\u0105dzenia mobilne wspomagaj\u0105ce m\u0142odego fizyka&#8221;. Zapraszamy do udzia\u0142u m\u0142odzie\u017c szk\u00f3\u0142 podstawowych i ponadpodstawowych, narodowo\u015bci polskiej i ukrai\u0144skiej. Za\u0142o\u017cenia projektu: Projektowi przy\u015bwiecaj\u0105 3 cele g\u0142\u00f3wne: Warsztaty prowadzone b\u0119d\u0105 w dw\u00f3ch 12-osobowych grupach: Odb\u0119dzie si\u0119 [&hellip;]<\/p>\n","protected":false},"author":25,"featured_media":0,"parent":0,"menu_order":0,"comment_status":"closed","ping_status":"closed","template":"","meta":{"site-sidebar-layout":"default","site-content-layout":"","ast-site-content-layout":"default","site-content-style":"default","site-sidebar-style":"default","ast-global-header-display":"","ast-banner-title-visibility":"","ast-main-header-display":"","ast-hfb-above-header-display":"","ast-hfb-below-header-display":"","ast-hfb-mobile-header-display":"","site-post-title":"","ast-breadcrumbs-content":"","ast-featured-img":"","footer-sml-layout":"","ast-disable-related-posts":"","theme-transparent-header-meta":"","adv-header-id-meta":"","stick-header-meta":"","header-above-stick-meta":"","header-main-stick-meta":"","header-below-stick-meta":"","astra-migrate-meta-layouts":"set","ast-page-background-enabled":"default","ast-page-background-meta":{"desktop":{"background-color":"var(--ast-global-color-4)","background-image":"","background-repeat":"repeat","background-position":"center center","background-size":"auto","background-attachment":"scroll","background-type":"","background-media":"","overlay-type":"","overlay-color":"","overlay-opacity":"","overlay-gradient":""},"tablet":{"background-color":"","background-image":"","background-repeat":"repeat","background-position":"center center","background-size":"auto","background-attachment":"scroll","background-type":"","background-media":"","overlay-type":"","overlay-color":"","overlay-opacity":"","overlay-gradient":""},"mobile":{"background-color":"","background-image":"","background-repeat":"repeat","background-position":"center center","background-size":"auto","background-attachment":"scroll","background-type":"","background-media":"","overlay-type":"","overlay-color":"","overlay-opacity":"","overlay-gradient":""}},"ast-content-background-meta":{"desktop":{"background-color":"var(--ast-global-color-5)","background-image":"","background-repeat":"repeat","background-position":"center center","background-size":"auto","background-attachment":"scroll","background-type":"","background-media":"","overlay-type":"","overlay-color":"","overlay-opacity":"","overlay-gradient":""},"tablet":{"background-color":"var(--ast-global-color-5)","background-image":"","background-repeat":"repeat","background-position":"center center","background-size":"auto","background-attachment":"scroll","background-type":"","background-media":"","overlay-type":"","overlay-color":"","overlay-opacity":"","overlay-gradient":""},"mobile":{"background-color":"var(--ast-global-color-5)","background-image":"","background-repeat":"repeat","background-position":"center center","background-size":"auto","background-attachment":"scroll","background-type":"","background-media":"","overlay-type":"","overlay-color":"","overlay-opacity":"","overlay-gradient":""}},"ngg_post_thumbnail":0,"footnotes":""},"class_list":["post-817","page","type-page","status-publish","hentry"],"_links":{"self":[{"href":"https:\/\/physics.uwb.edu.pl\/wf\/ptf\/wp-json\/wp\/v2\/pages\/817","targetHints":{"allow":["GET"]}}],"collection":[{"href":"https:\/\/physics.uwb.edu.pl\/wf\/ptf\/wp-json\/wp\/v2\/pages"}],"about":[{"href":"https:\/\/physics.uwb.edu.pl\/wf\/ptf\/wp-json\/wp\/v2\/types\/page"}],"author":[{"embeddable":true,"href":"https:\/\/physics.uwb.edu.pl\/wf\/ptf\/wp-json\/wp\/v2\/users\/25"}],"replies":[{"embeddable":true,"href":"https:\/\/physics.uwb.edu.pl\/wf\/ptf\/wp-json\/wp\/v2\/comments?post=817"}],"version-history":[{"count":28,"href":"https:\/\/physics.uwb.edu.pl\/wf\/ptf\/wp-json\/wp\/v2\/pages\/817\/revisions"}],"predecessor-version":[{"id":883,"href":"https:\/\/physics.uwb.edu.pl\/wf\/ptf\/wp-json\/wp\/v2\/pages\/817\/revisions\/883"}],"wp:attachment":[{"href":"https:\/\/physics.uwb.edu.pl\/wf\/ptf\/wp-json\/wp\/v2\/media?parent=817"}],"curies":[{"name":"wp","href":"https:\/\/api.w.org\/{rel}","templated":true}]}}