{"id":941,"date":"2024-06-21T07:26:50","date_gmt":"2024-06-21T07:26:50","guid":{"rendered":"https:\/\/physics.uwb.edu.pl\/wf\/ptf\/?page_id=941"},"modified":"2024-08-20T09:57:18","modified_gmt":"2024-08-20T09:57:18","slug":"historia","status":"publish","type":"page","link":"https:\/\/physics.uwb.edu.pl\/wf\/ptf\/historia\/","title":{"rendered":"Historia"},"content":{"rendered":"\n<h2 class=\"wp-block-heading\"><strong><em>Pocz\u0105tki:<\/em><\/strong><\/h2>\n\n\n\n<p>Zarz\u0105d G\u0142\u00f3wny Polskiego Towarzystwa Fizycznego na posiedzeniu w dniu 14 listopada 1964 r. podj\u0105\u0142 uchwa\u0142\u0119 o utworzeniu Oddzia\u0142u Bia\u0142ostockiego Polskiego Towarzystwa Fizycznego. Nowo powo\u0142any Oddzia\u0142 rozpocz\u0105\u0142 swoj\u0105 oficjaln\u0105 dzia\u0142alno\u015b\u0107 31 grudnia 1964 r. To w tym dniu Wydzia\u0142 Spraw Wewn\u0119trznych Prezydium Miejskiej Rady Narodowej w Bia\u0142ymstoku podj\u0105\u0142 decyzj\u0119 o wpisaniu go do ewidencji dzia\u0142aj\u0105cych stowarzysze\u0144. W uzasadnieniu mo\u017cna przeczyta\u0107, i\u017c:<br><em>&#8222;Powstanie Oddzia\u0142u przyczyni si\u0119 niew\u0105tpliwie do aktywizacji i rozwoju nauk fizycznych w\u015br\u00f3d cz\u0142onk\u00f3w stowarzyszenia oraz zacie\u015bni wsp\u00f3\u0142prac\u0119 z innymi stowarzyszeniami naukowymi w kraju i za granic\u0105. Ponadto dzia\u0142alno\u015b\u0107 Oddzia\u0142u przyczyni si\u0119 do rozwoju prac naukowych oraz og\u00f3lnie bior\u0105c dodatnio wp\u0142ynie na rozw\u00f3j naukowy z dziedziny fizyki.&#8221; <\/em><\/p>\n\n\n\n<p>Siedziba Oddzia\u0142u mie\u015bci\u0142a si\u0119 przy ulicy Kili\u0144skiego 1. Tam te\u017c odby\u0142y si\u0119 pierwsze wybory Zarz\u0105du Oddzia\u0142u 12 pa\u017adziernika 1964 r. Pierwszym przewodnicz\u0105cym Oddzia\u0142u zosta\u0142 dr Emanuel Trembaczowski z Katedry Fizyki Akademii Medycznej w Bia\u0142ymstoku (obecnie Uniwersytet Medyczny w Bia\u0142ymstoku). Poza tym w jego sk\u0142ad weszli: mgr Stanis\u0142aw Kulaszewicz (zast\u0119pca przewodnicz\u0105cego), mgr Gabriel Franecki (sekretarz), mgr Zbigniew W\u00f3jtowicz (skarbnik) i mgr Jan Kucharski (cz\u0142onek). Na tym samym zebraniu wy\u0142oniona zosta\u0142a r\u00f3wnie\u017c Komisja Rewizyjna: mgr Adam Wicik (przewodnicz\u0105cy), mgr Jan Banaszkiewicz (cz\u0142onek), in\u017c. Marian \u0141ukaszewicz (cz\u0142onek) oraz mgr Bronis\u0142aw \u017burawski (zast\u0119pca cz\u0142onka).<\/p>\n\n\n\n<p>Organem sprawuj\u0105cym nadz\u00f3r merytoryczny nad prac\u0105 Oddzia\u0142u w pocz\u0105tkowych latach jego istnienia by\u0142a Polska Akademia Nauk.<\/p>\n\n\n\n<p>Dzia\u0142alno\u015b\u0107 statutowa w pierwszym roku obejmowa\u0142a przygotowanie zebra\u0144 (wyk\u0142ad\u00f3w) naukowych oraz pokaz\u00f3w dla m\u0142odzie\u017cy szk\u00f3\u0142 \u015brednich. W sumie zorganizowano dziesi\u0119\u0107 odczyt\u00f3w i dwadzie\u015bcia sze\u015b\u0107 2-godzinnych pokaz\u00f3w, w kt\u00f3rych wzi\u0119\u0142o udzia\u0142 ok. 6300 os\u00f3b, w tym ponad 500 os\u00f3b z miast powiatowych (Bielsk Podlaski, Hajn\u00f3wka, Grajewo, \u0141om\u017ca).<\/p>\n\n\n\n<p>Ponadto, dzi\u0119ki staraniom Oddzia\u0142u 1 grudnia 1974 r. powo\u0142ano Komitet Okr\u0119gowy Olimpiady Fizycznej w Bia\u0142ymstoku, obejmuj\u0105cy swoj\u0105 dzia\u0142alno\u015bci\u0105 miasto Bia\u0142ystok i tereny dawnych wojew\u00f3dztw: bia\u0142ostockiego, \u0142om\u017cy\u0144skiego, ostro\u0142\u0119ckiego, siedleckiego i suwalskiego.<\/p>\n\n\n\n<p>W okresie intensywnego rozwoju fizyki w \u00f3wczesnej Filii Uniwersytetu Warszawskiego w Bia\u0142ymstoku (lata 80. do pocz\u0105tku lat 90. ubieg\u0142ego wieku), z r\u00f3wnoczesnym przekszta\u0142caniem mniejszych jednostek w struktury instytutowe, dzia\u0142alno\u015b\u0107 Oddzia\u0142u by\u0142a raczej symboliczna. \u201eNowe otwarcie\u201d mo\u017cna wi\u0105za\u0107 z rokiem 1994, kiedy przewodnictwo Oddzia\u0142u obj\u0105\u0142 prof. Andrzej Maziewski.<\/p>\n\n\n\n<p>Pod koniec 1965 roku Oddzia\u0142 liczy\u0142 27 cz\u0142onk\u00f3w, przede wszystkim fizyk\u00f3w z dawnej Wy\u017cszej Szko\u0142y In\u017cynierskiej (obecnie Politechnika Bia\u0142ostocka) oraz Akademii Medycznej w Bia\u0142ymstoku (obecnie Uniwersytet Medyczny w Bia\u0142ymstoku). W kolejnych latach liczba cz\u0142onk\u00f3w ulega\u0142a nieznacznym wahaniom, oscyluj\u0105c w granicach 30-40 os\u00f3b. Obecnie (2023 r.) Oddzia\u0142 liczy 32 cz\u0142onk\u00f3w zatrudnionych g\u0142ownie na Wydziale Fizyki Uniwersytetu w Bia\u0142ymstoku oraz bia\u0142ostockich szko\u0142ach podstawowych i ponadpodstawowych.<\/p>\n\n\n\n<h2 class=\"wp-block-heading\"><strong><em>Dzia\u0142alno\u015b\u0107:<\/em><\/strong><\/h2>\n\n\n\n<h4 class=\"wp-block-heading\"><strong><em>Wyk\u0142ady popularnonaukowe<\/em><\/strong><\/h4>\n\n\n\n<p><a href=\"https:\/\/physics.uwb.edu.pl\/wf\/ptf\/wyklady-ptf\/\"><em><strong>https:\/\/physics.uwb.edu.pl\/wf\/ptf\/wyklady-ptf\/<\/strong><\/em><\/a><\/p>\n\n\n\n<p>Pierwszy wyk\u0142ad, zorganizowany przez Oddzia\u0142 Bia\u0142ostocki PTF, wyg\u0142osi\u0142 mgr Bronis\u0142aw \u017burawski 7 stycznia 1965 r. Tytu\u0142 wyk\u0142adu brzmia\u0142 &#8222;Zastosowanie modelu swobodnego elektronu do wyznaczenia w\u0142asno\u015bci optycznych i chemicznych niekt\u00f3rych zwi\u0105zk\u00f3w organicznych&#8221;.<\/p>\n\n\n\n<p>Kontynuuj\u0105c tradycj\u0119 zapocz\u0105tkowan\u0105 w 1965 r. Oddzia\u0142 Bia\u0142ostocki PTF od lat organizuje wyk\u0142ady popularnonaukowe przeznaczone przede wszystkim dla m\u0142odzie\u017cy licealnej. Go\u015bcili\u015bmy wielu znanych popularyzator\u00f3w fizyki z r\u00f3\u017cnych o\u015brodk\u00f3w naukowych.<\/p>\n\n\n\n<h4 class=\"wp-block-heading\"><strong><em>Regionalne Laboratorium Komputerowe do Nauczania Przedmiot\u00f3w Przyrodniczych<\/em><\/strong> <strong><em>&#8222;LABFIZ&#8221;<\/em><\/strong><\/h4>\n\n\n\n<p><a href=\"https:\/\/labfiz.uwb.edu.pl\/lab\/\"><em><strong>https:\/\/labfiz.uwb.edu.pl\/lab\/<\/strong><\/em><\/a><\/p>\n\n\n\n<p>Laboratorium zosta\u0142o utworzone 6 wrze\u015bnia 2003 r. we wsp\u00f3\u0142pracy Instytutu Fizyki Uniwersytetu w Bia\u0142ymstoku z Oddzia\u0142em Bia\u0142ostockim Polskiego Towarzystwa Fizycznego. Celem Laboratorium jest nauczanie przedmiot\u00f3w przyrodniczych (g\u0142\u00f3wnie fizyki) z wykorzystaniem wspomagania komputerowego. Sk\u0142ada si\u0119 ono z dw\u00f3ch cz\u0119\u015bci: komputerowo wspomaganych do\u015bwiadcze\u0144 fizycznych oraz numerycznych symulacji proces\u00f3w fizycznych i nauki programowania. Z laboratorium mog\u0105 korzysta\u0107 studenci oraz uczniowie i nauczyciele szk\u00f3\u0142 \u015brednich.<\/p>\n\n\n\n<p>Do roku 2014 w ramach dzia\u0142alno\u015bci Laboratorium mo\u017cna by\u0142o r\u00f3wnie\u017c przeprowadzi\u0107 komputerowo wspomagane obserwacje astronomiczne, z wykorzystaniem 12&#8243; teleskopu z kamer\u0105 CCD.<\/p>\n\n\n\n<p>Laboratorium powsta\u0142o przy finansowym wsparciu Fundacji Polsko-Niemieckiej, Ministerstwa Edukacji Narodowej (poprzez wsp\u00f3\u0142prac\u0119 z Wojew\u00f3dzkim O\u015brodkiem Metodycznym w Bia\u0142ymstoku), w\u0142adz miasta Bia\u0142ystok oraz innych sponsor\u00f3w. Istotne by\u0142o mi\u0119dzy innymi bezp\u0142atne przekazanie oprogramowania LabView z firmy Janbit oraz kamery CCD przez profesora Bogdana Paczy\u0144skiego z Uniwersytetu w Princeton.<\/p>\n\n\n\n<p>Przy budowie Laboratorium korzystano z do\u015bwiadcze\u0144 prof. Henryka Szyd\u0142owskiego z Uniwersytetu w Poznaniu, prof. Reimera Linckego z Uniwersytetu w Kilonii oraz prof. Antona L. Ellermeijera z Uniwersytetu w Amsterdamie.<\/p>\n\n\n\n<h4 class=\"wp-block-heading\"><strong><em>Eksperyment przez Internet<\/em><\/strong><\/h4>\n\n\n\n<p><a href=\"https:\/\/labfiz.uwb.edu.pl\/exp\/domeny\/\"><strong><em>https:\/\/labfiz.uwb.edu.pl\/exp\/domeny\/<\/em><\/strong><\/a><\/p>\n\n\n\n<p>Przy pracowni LABFIZ uruchomiono r\u00f3wnie\u017c &#8222;Eksperyment przez Internet&#8221;. Ka\u017cdy, z dowolnego punku na Ziemi, mo\u017ce skorzysta\u0107 np. z uk\u0142adu pomiarowego zbudowanego w oparciu o zmodyfikowany mikroskop optyczny do pomiaru domen magnetycznych. Mo\u017cliwo\u015b\u0107 wizualizacji pracowni oraz wynik\u00f3w, sprawiaj\u0105 wra\u017cenie i\u017c wykonywane przez Internet do\u015bwiadczenia staj\u0105 si\u0119 bliskie rzeczywistym.<\/p>\n\n\n\n<h4 class=\"wp-block-heading\"><strong><em>XXXV Zjazd Fizyk\u00f3w Polskich<\/em><\/strong><\/h4>\n\n\n\n<p><a href=\"https:\/\/labfiz.uwb.edu.pl\/ptf\/zjazd.shtml\"><strong><em>https:\/\/labfiz.uwb.edu.pl\/ptf\/zjazd.shtml<\/em><\/strong><\/a><\/p>\n\n\n\n<p>W dniach 20-23 wrze\u015bnia 1999 r. w Bia\u0142ymstoku odby\u0142 si\u0119 XXXV Zjazd Fizyk\u00f3w Polskich. Jego organizacj\u0119 powierzono Oddzia\u0142owi Bia\u0142ostockiemu PTF i Uniwersytetowi w Bia\u0142ymstoku, przy wsp\u00f3\u0142udziale fizyk\u00f3w z Politechniki Bia\u0142ostockiej oraz Akademii Medycznej w Bia\u0142ymstoku.<\/p>\n\n\n\n<p>W Zje\u017adzie wzi\u0119\u0142o udzia\u0142 oko\u0142o 700 os\u00f3b. Wyk\u0142adowcami i go\u015b\u0107mi Zjazdu byli mi\u0119dzy innymi: prof. Jerome Friedman, laureat Nagrody Nobla w 1990 r, prezes Ameryka\u0144skiego Towarzystwa Fizycznego, prof. Adam Dziewo\u0144ski, laureat Nagrody Crafoorda z 1998 r, prof. Ludgar W\u00f6ste, laureat Polsko-Niemieckiej Nagrody M. Smoluchowskiego &#8211; E. Warburga, prof. Andrzej Kajetan Wr\u00f3blewski, laureat Medalu Smoluchowskiego, sir Arnold Wolfendale, prezydent Europejskiego Towarzystwa Fizycznego. Program naukowy Zjazdu obejmowa\u0142 3 sesje plenarne oraz 6 sesji satelitarnych, prowadzonych r\u00f3wnolegle. Sesjom satelitarnym towarzyszy\u0142y dyskusje ,,okr\u0105g\u0142ego sto\u0142u&#8221;. Sesje plenarne, prowadzone w Teatrze Dramatycznym w Bia\u0142ymstoku, by\u0142y na \u017cywo transmitowane w Internecie. Z wykorzystaniem Internetu przeprowadzono r\u00f3wnie\u017c telekonferencj\u0119 (Bia\u0142ystok-Warszawa) z dyskusji okr\u0105g\u0142ego sto\u0142u na temat &#8222;Czy Polska potrzebuje energetyki j\u0105drowej?&#8221;<\/p>\n\n\n\n<p>Po raz pierwszy w historii Zjazdu opr\u00f3cz sesji plenarnych przygotowano obszerny program imprez popularnonaukowych. Do udzia\u0142u w pokazach, wystawach i wyk\u0142adach popularnonaukowych zaproszono m\u0142odzie\u017c szkoln\u0105 i zainteresowanych mieszka\u0144c\u00f3w miasta. W ci\u0105gu pi\u0119ciu dni w imprezach popularnonaukowych towarzysz\u0105cych Zjazdowi wzi\u0119\u0142o udzia\u0142 oko\u0142o 15000 os\u00f3b. Przewa\u017ca\u0142y grupy z bia\u0142ostockich szk\u00f3\u0142, chocia\u017c nie brakowa\u0142o wycieczek z innych miast p\u00f3\u0142nocno-wschodniej Polski: \u0141om\u017cy, Suwa\u0142k, E\u0142ku czy Hajn\u00f3wki.<\/p>\n\n\n\n<h4 class=\"wp-block-heading\"><strong><em>Imprezy z okazji \u015awiatowego Roku Fizyki 2005<\/em><\/strong><\/h4>\n\n\n\n<p>Oddzia\u0142 Bia\u0142ostocki PTF aktywnie wspiera\u0142 oraz organizowa\u0142 imprezy z okazji \u015awiatowego Roku Fizyki 2005.<\/p>\n\n\n\n<p>Imprez\u0119 zainaugurowa\u0142 8 marca 2005 r. prof. Eugeniusz \u017bukowski (\u00f3wczesny przewodnicz\u0105cy Oddzia\u0142u) wyk\u0142adem \u201e\u015awiatowy Rok FIZYKI 2005 \u2013 100-lecie <em>annus mirabilis<\/em> Alberta Einsteina\u201d. G\u0142\u00f3wnym celem spotkania by\u0142o przypomnienie i scharakteryzowanie s\u0142ynnych 5 prac Einsteina opublikowanych w 1905 r wraz z podaniem t\u0142a historycznego i najwa\u017cniejszych w\u0105tk\u00f3w biograficznych z \u017cycia s\u0142awnego fizyka. Omawiano r\u00f3wnie\u017c osi\u0105gni\u0119cia prekursor\u00f3w Einsteina i podkre\u015blono co nowego wnios\u0142y prace Einsteina do fizyki.<\/p>\n\n\n\n<p>Natomiast 19 kwietnia 2005 r. o godz. 21:10 wys\u0142ano wi\u0105zk\u0119 \u015bwiat\u0142a laserowego z kopu\u0142y Obserwatorium Astronomicznego przy Instytucie Fizyki w r\u00f3\u017cne strony \u015bwiata w ramach akcji &#8222;Fizyka o\u015bwieca \u015bwiat&#8221;.<\/p>\n\n\n\n<h4 class=\"wp-block-heading\"><strong><em>Konferencja Nauczycieli Fizyki<\/em><\/strong><\/h4>\n\n\n\n<p><a href=\"https:\/\/physics.uwb.edu.pl\/wf\/ptf\/konferencja-nauczycieli-fizyki\/\"><strong><em>https:\/\/physics.uwb.edu.pl\/wf\/ptf\/konferencja-nauczycieli-fizyki\/<\/em><\/strong><\/a><\/p>\n\n\n\n<p>Oddzia\u0142 Bia\u0142ostocki PTF we wsp\u00f3\u0142pracy z Wydzia\u0142em Fizyki Uniwersytetu w Bia\u0142ymstoku oraz Polsk\u0105 Akademi\u0105 Nauk oddzia\u0142 w Olsztynie i w Bia\u0142ymstoku z siedzib\u0105 w Olsztynie od 2017 r. organizuje Konferencj\u0119 Nauczycieli Fizyki.<\/p>\n\n\n\n<p>Coroczne spotkania maj\u0105 na celu integracj\u0119 i poszerzenie kompetencji \u015brodowiska akademickiego oraz nauczycieli przedmiot\u00f3w przyrodniczych, a tak\u017ce prezentacj\u0119 nowo\u015bci na rynku wydawniczym i pomocy naukowych.<\/p>\n\n\n\n<h4 class=\"wp-block-heading\"><strong><em>Zadaj pytanie fizykowi<\/em><\/strong><\/h4>\n\n\n\n<p><a href=\"https:\/\/fizyka.uwb.edu.pl\/popularyzacja\/zadaj-pytanie-fizykowi\"><em><strong>https:\/\/fizyka.uwb.edu.pl\/popularyzacja\/zadaj-pytanie-fizykowi<\/strong><\/em><\/a><\/p>\n\n\n\n<p>Od roku 2009 prowadzona jest akcja &#8222;Zadaj pytanie fizykowi&#8221;. Ka\u017cdy, kogo nurtuje jaki\u015b problem fizyczny, mo\u017ce sformu\u0142owa\u0107, przes\u0142a\u0107 swoje pytanie i oczekiwa\u0107, \u017ce odpowiedzi udzieli specjalista w danej dziedzinie.<\/p>\n\n\n\n<p>Niekt\u00f3re, najciekawsze pytania zadane do tej pory, jak i udzielone odpowiedzi, mo\u017cna przejrze\u0107 na stronie: <a href=\"https:\/\/fizyka.uwb.edu.pl\/popularyzacja\/zadaj-pytanie-fizykowi\/pytania\"><strong><em>\u201ePytania i odpowiedzi\u201d<\/em><\/strong><\/a>.<\/p>\n\n\n\n<h4 class=\"wp-block-heading\"><strong><em>Konkursy fizyczne<\/em><\/strong><\/h4>\n\n\n\n<p>Nauki przyrodnicze oparte s\u0105 na do\u015bwiadczeniu, na poszukiwaniu wyja\u015bnie\u0144, uog\u00f3lnie\u0144 i ich weryfikacji eksperymentalnej. Chc\u0105c umo\u017cliwi\u0107 m\u0142odym ludziom sprawdzenie si\u0119 we w\u0142asnor\u0119cznym wykonaniu pomiaru cyklicznie organizowane s\u0105 konkursy eksperymentalne. Do\u015bwiadczenia ustawione s\u0105 tak, by wynik, kt\u00f3ry jest niewiadom\u0105 w czasie pomiaru, zosta\u0142 ujawniony w momencie rozwi\u0105zania konkursu. Uczestnicy maj\u0105 znale\u017a\u0107 metod\u0119 prowadz\u0105c\u0105 do otrzymania w\u0142a\u015bciwego wyniku. Okazuje si\u0119 wtedy, \u017ce w znanych prawach przyrody mo\u017cna dostrzec cenne wskaz\u00f3wki.<\/p>\n\n\n\n<h4 class=\"wp-block-heading\"><strong><em>Klub M\u0142odego Odkrywcy<\/em><\/strong><\/h4>\n\n\n\n<p><a href=\"https:\/\/physics.uwb.edu.pl\/wf\/ptf\/klub-mlodego-odkrywcy\/\"><strong><em>https:\/\/physics.uwb.edu.pl\/wf\/ptf\/klub-mlodego-odkrywcy\/<\/em><\/strong><\/a><\/p>\n\n\n\n<p>Klub M\u0142odego Odkrywcy to&nbsp;popularnonaukowa formu\u0142a edukacyjna, zainicjowana i&nbsp;koordynowana przez&nbsp;warszawskie Centrum Nauki Kopernik. Podczas spotka\u0144 KMO najwa\u017cniejsze jest osobiste zaanga\u017cowanie \u2013 m\u0142odzie\u017c i&nbsp;dzieci wsp\u00f3lnie eksperymentuj\u0105 pod&nbsp;okiem opiekun\u00f3w, samodzielnie zdobywaj\u0105c wiedz\u0119 i&nbsp;buduj\u0105c umiej\u0119tno\u015bci.<\/p>\n\n\n\n<p>Od stycznia 2023 roku Wydzia\u0142 Fizyki oraz Oddzia\u0142 Bia\u0142ostocki PTF zapraszaj\u0105 do udzia\u0142u w Klubie M\u0142odego Odkrywcy \u201eNewton, Einstein a teraz My\u201d. Opiekunami Klubu s\u0105 prof. Katarzyna Re\u0107ko oraz dr Wojciech Olszewski.<\/p>\n\n\n\n<h2 class=\"wp-block-heading\"><strong><em>Przewodnicz\u0105cy Oddzia\u0142u:<\/em><\/strong><\/h2>\n\n\n\n<figure class=\"wp-block-table\"><table><tbody><tr><td class=\"has-text-align-center\" data-align=\"center\"><img decoding=\"async\" src=\"https:\/\/physics.uwb.edu.pl\/wf\/ptf\/wp-content\/uploads\/sites\/24\/2024\/07\/Szymanski_Krzysztof.jpg\" alt=\"\" style=\"width: 100px;\"><\/td><td class=\"has-text-align-center\" data-align=\"center\">2010 \u2013 obecnie<\/td><td>prof. dr hab. Krzysztof Szyma\u0144ski<\/td><\/tr><tr><td class=\"has-text-align-center\" data-align=\"center\"><img decoding=\"async\" src=\"https:\/\/physics.uwb.edu.pl\/wf\/ptf\/wp-content\/uploads\/sites\/24\/2024\/07\/Zukowski_Eugieniusz.jpg\" alt=\"\" style=\"width: 100px;\"><\/td><td class=\"has-text-align-center\" data-align=\"center\">2004 \u2013 2010<\/td><td>prof. dr hab. Eugeniusz \u017bukowski<\/td><\/tr><tr><td class=\"has-text-align-center\" data-align=\"center\"><img decoding=\"async\" src=\"https:\/\/physics.uwb.edu.pl\/wf\/ptf\/wp-content\/uploads\/sites\/24\/2024\/06\/Maziewski_Andrzej.jpg\" alt=\"\" style=\"width: 100px;\"><\/td><td class=\"has-text-align-center\" data-align=\"center\">1994 \u2013 2004<\/td><td>prof. dr hab. Andrzej Maziewski<\/td><\/tr><tr><td class=\"has-text-align-center\" data-align=\"center\"><img decoding=\"async\" src=\"https:\/\/physics.uwb.edu.pl\/wf\/ptf\/wp-content\/uploads\/sites\/24\/2024\/07\/Swiecki_Michal.jpg\" alt=\"\" style=\"width: 100px;\"><\/td><td class=\"has-text-align-center\" data-align=\"center\">1984 \u2013 1994<\/td><td>prof. dr hab. Micha\u0142 \u015awi\u0119cki<\/td><\/tr><tr><td class=\"has-text-align-center\" data-align=\"center\"><img decoding=\"async\" src=\"https:\/\/physics.uwb.edu.pl\/wf\/ptf\/wp-content\/uploads\/sites\/24\/2024\/06\/Ostaszewicz_Eudokia.png\" alt=\"\" style=\"width: 100px;\"><\/td><td class=\"has-text-align-center\" data-align=\"center\">1973 &#8211; 1984<\/td><td>prof. dr hab. Eudokia Ostaszewicz<\/td><\/tr><tr><td class=\"has-text-align-center\" data-align=\"center\"><img decoding=\"async\" style=\"width: 100px;\" src=\"https:\/\/physics.uwb.edu.pl\/wf\/ptf\/wp-content\/uploads\/sites\/24\/2024\/08\/Trembaczowski_Emanuel.jpg\" alt=\"\"><\/td><td class=\"has-text-align-center\" data-align=\"center\">1965 -1973<\/td><td>prof. Emanuel Trembaczowski<\/td><\/tr><\/tbody><\/table><\/figure>\n","protected":false},"excerpt":{"rendered":"<p>Pocz\u0105tki: Zarz\u0105d G\u0142\u00f3wny Polskiego Towarzystwa Fizycznego na posiedzeniu w dniu 14 listopada 1964 r. podj\u0105\u0142 uchwa\u0142\u0119 o utworzeniu Oddzia\u0142u Bia\u0142ostockiego Polskiego Towarzystwa Fizycznego. Nowo powo\u0142any Oddzia\u0142 rozpocz\u0105\u0142 swoj\u0105 oficjaln\u0105 dzia\u0142alno\u015b\u0107 31 grudnia 1964 r. To w tym dniu Wydzia\u0142 Spraw Wewn\u0119trznych Prezydium Miejskiej Rady Narodowej w Bia\u0142ymstoku podj\u0105\u0142 decyzj\u0119 o wpisaniu go do ewidencji dzia\u0142aj\u0105cych [&hellip;]<\/p>\n","protected":false},"author":25,"featured_media":0,"parent":0,"menu_order":0,"comment_status":"closed","ping_status":"closed","template":"","meta":{"site-sidebar-layout":"default","site-content-layout":"","ast-site-content-layout":"default","site-content-style":"default","site-sidebar-style":"default","ast-global-header-display":"","ast-banner-title-visibility":"","ast-main-header-display":"","ast-hfb-above-header-display":"","ast-hfb-below-header-display":"","ast-hfb-mobile-header-display":"","site-post-title":"","ast-breadcrumbs-content":"","ast-featured-img":"","footer-sml-layout":"","ast-disable-related-posts":"","theme-transparent-header-meta":"","adv-header-id-meta":"","stick-header-meta":"","header-above-stick-meta":"","header-main-stick-meta":"","header-below-stick-meta":"","astra-migrate-meta-layouts":"set","ast-page-background-enabled":"default","ast-page-background-meta":{"desktop":{"background-color":"var(--ast-global-color-4)","background-image":"","background-repeat":"repeat","background-position":"center center","background-size":"auto","background-attachment":"scroll","background-type":"","background-media":"","overlay-type":"","overlay-color":"","overlay-opacity":"","overlay-gradient":""},"tablet":{"background-color":"","background-image":"","background-repeat":"repeat","background-position":"center center","background-size":"auto","background-attachment":"scroll","background-type":"","background-media":"","overlay-type":"","overlay-color":"","overlay-opacity":"","overlay-gradient":""},"mobile":{"background-color":"","background-image":"","background-repeat":"repeat","background-position":"center center","background-size":"auto","background-attachment":"scroll","background-type":"","background-media":"","overlay-type":"","overlay-color":"","overlay-opacity":"","overlay-gradient":""}},"ast-content-background-meta":{"desktop":{"background-color":"var(--ast-global-color-5)","background-image":"","background-repeat":"repeat","background-position":"center center","background-size":"auto","background-attachment":"scroll","background-type":"","background-media":"","overlay-type":"","overlay-color":"","overlay-opacity":"","overlay-gradient":""},"tablet":{"background-color":"var(--ast-global-color-5)","background-image":"","background-repeat":"repeat","background-position":"center center","background-size":"auto","background-attachment":"scroll","background-type":"","background-media":"","overlay-type":"","overlay-color":"","overlay-opacity":"","overlay-gradient":""},"mobile":{"background-color":"var(--ast-global-color-5)","background-image":"","background-repeat":"repeat","background-position":"center center","background-size":"auto","background-attachment":"scroll","background-type":"","background-media":"","overlay-type":"","overlay-color":"","overlay-opacity":"","overlay-gradient":""}},"ngg_post_thumbnail":0,"footnotes":""},"class_list":["post-941","page","type-page","status-publish","hentry"],"_links":{"self":[{"href":"https:\/\/physics.uwb.edu.pl\/wf\/ptf\/wp-json\/wp\/v2\/pages\/941","targetHints":{"allow":["GET"]}}],"collection":[{"href":"https:\/\/physics.uwb.edu.pl\/wf\/ptf\/wp-json\/wp\/v2\/pages"}],"about":[{"href":"https:\/\/physics.uwb.edu.pl\/wf\/ptf\/wp-json\/wp\/v2\/types\/page"}],"author":[{"embeddable":true,"href":"https:\/\/physics.uwb.edu.pl\/wf\/ptf\/wp-json\/wp\/v2\/users\/25"}],"replies":[{"embeddable":true,"href":"https:\/\/physics.uwb.edu.pl\/wf\/ptf\/wp-json\/wp\/v2\/comments?post=941"}],"version-history":[{"count":35,"href":"https:\/\/physics.uwb.edu.pl\/wf\/ptf\/wp-json\/wp\/v2\/pages\/941\/revisions"}],"predecessor-version":[{"id":1354,"href":"https:\/\/physics.uwb.edu.pl\/wf\/ptf\/wp-json\/wp\/v2\/pages\/941\/revisions\/1354"}],"wp:attachment":[{"href":"https:\/\/physics.uwb.edu.pl\/wf\/ptf\/wp-json\/wp\/v2\/media?parent=941"}],"curies":[{"name":"wp","href":"https:\/\/api.w.org\/{rel}","templated":true}]}}