{"id":25,"date":"2018-02-06T21:04:50","date_gmt":"2018-02-06T21:04:50","guid":{"rendered":"http:\/\/physics.uwb.edu.pl\/wf\/team\/?page_id=25"},"modified":"2024-01-12T12:59:31","modified_gmt":"2024-01-12T12:59:31","slug":"contact","status":"publish","type":"page","link":"https:\/\/physics.uwb.edu.pl\/wf\/team\/?page_id=25","title":{"rendered":"Contact"},"content":{"rendered":"<div id=\"pl-25\"  class=\"panel-layout\" ><div id=\"pg-25-0\"  class=\"panel-grid panel-no-style\" ><div id=\"pgc-25-0-0\"  class=\"panel-grid-cell\" ><div id=\"panel-25-0-0-0\" class=\"so-panel widget widget_sow-editor panel-first-child panel-last-child\" data-index=\"0\" ><div\n\t\t\t\n\t\t\tclass=\"so-widget-sow-editor so-widget-sow-editor-base\"\n\t\t\t\n\t\t>\n<div class=\"siteorigin-widget-tinymce textwidget\">\n\t<p><a style=\"color: blue\" href=\"http:\/\/physics.uwb.edu.pl\/wf\/magnet\/en\/kontakt-2\/\">Department of Physics of Magnetism<\/a><br \/>\n<a style=\"color: blue\" href=\"http:\/\/physics.uwb.edu.pl\">Faculty of Physics<\/a>,<br \/>\n<a style=\"color: blue\" href=\"http:\/\/uwb.edu.pl\/\">University of Bia\u0142ystok<\/a><br \/>\nul. Cio\u0142kowskiego 1L<br \/>\n15-245 Bia\u0142ystok, POLAND<br \/>\ne-mail: <a style=\"color: blue\" href=\"mailto:team@uwb.edu.pl\">team@uwb.edu.pl<\/a><br \/>\n<a style=\"color: blue\" href=\"http:\/\/team.uwb.edu.pl\">http:\/\/team.uwb.edu.pl<\/a><br \/>\ntel: +48-85-7388178<br \/>\nfax: +48-85-7457223<\/p>\n<p><b>A<\/b> - Railway Station<br \/>\n<b>B<\/b> - Faculty of Physics<br \/>\n<b>C<\/b> - Orthodox Culture Centre (guest rooms)<\/p>\n<p><a style=\"color: blue\" href=\"http:\/\/bialystok.jakdojade.pl\/?fn=53%C2%B08%277%22%2C+23%C2%B08%2714%22&amp;fc=53.1355:23.13742&amp;tn=53%C2%B06%2731%22%2C+23%C2%B09%2713%22&amp;tc=53.10863:23.15373&amp;ia=false&amp;t=0&amp;n=0&amp;ri=0&amp;cid=11000&amp;as=true&amp;locale=en#tabId=0&amp;\"> <b>City bus service<\/b> <\/a><br \/>\n<a style=\"color: blue\" href=\"http:\/\/www.rozklad-pkp.pl\"> <b>Railway service<\/b> <\/a><br \/>\n<a style=\"color: blue\" href=\"http:\/\/https:\/\/plusbus.pl\"> <b>Bus to Warsaw airport<\/b> <\/a><\/p>\n<h3>About our city and region on Wikipedia<\/h3>\n<p><a href=\"https:\/\/en.wikipedia.org\/wiki\/European_bison\"><img loading=\"lazy\" decoding=\"async\" class=\"alignleft wp-image-238 size-thumbnail\" src=\"http:\/\/physics.uwb.edu.pl\/wf\/team\/wp-content\/uploads\/sites\/17\/2018\/02\/grdyt58e-150x150.bmp\" alt=\"\" width=\"150\" height=\"150\"\/><\/a><a style=\"color: blue\" href=\"https:\/\/en.wikipedia.org\/wiki\/Bia%C5%82ystok\">Bia\u0142ystok City<\/a><br \/>\n<a style=\"color: blue\" href=\"https:\/\/en.wikipedia.org\/wiki\/Podlaskie_Voivodeship\">Podlasie Voivodeship<\/a><br \/>\n<a style=\"color: blue\" href=\"https:\/\/en.wikipedia.org\/wiki\/Podlachia\">Podlasie Region<\/a><\/p>\n<\/div>\n<\/div><\/div><\/div><div id=\"pgc-25-0-1\"  class=\"panel-grid-cell\" ><div id=\"panel-25-0-1-0\" class=\"so-panel widget panel-first-child panel-last-child\" data-index=\"1\" ><\/div><\/div><\/div><\/div>","protected":false},"excerpt":{"rendered":"<p>Department of Physics of Magnetism Faculty of Physics, University of Bia\u0142ystok ul. Cio\u0142kowskiego 1L 15-245 Bia\u0142ystok, POLAND e-mail: team@uwb.edu.pl http:\/\/team.uwb.edu.pl tel: +48-85-7388178 fax: +48-85-7457223 A &#8211; Railway Station B &#8211; Faculty of Physics C &#8211; Orthodox Culture Centre (guest rooms) City bus service Railway service Bus to Warsaw airport About our city and region on &hellip; <a href=\"https:\/\/physics.uwb.edu.pl\/wf\/team\/?page_id=25\" class=\"more-link\">Czytaj dalej <span class=\"screen-reader-text\">Contact<\/span> <span class=\"meta-nav\">&rarr;<\/span><\/a><\/p>\n","protected":false},"author":2,"featured_media":0,"parent":0,"menu_order":70,"comment_status":"closed","ping_status":"closed","template":"","meta":{"ngg_post_thumbnail":0,"footnotes":""},"class_list":["post-25","page","type-page","status-publish","hentry"],"_links":{"self":[{"href":"https:\/\/physics.uwb.edu.pl\/wf\/team\/index.php?rest_route=\/wp\/v2\/pages\/25","targetHints":{"allow":["GET"]}}],"collection":[{"href":"https:\/\/physics.uwb.edu.pl\/wf\/team\/index.php?rest_route=\/wp\/v2\/pages"}],"about":[{"href":"https:\/\/physics.uwb.edu.pl\/wf\/team\/index.php?rest_route=\/wp\/v2\/types\/page"}],"author":[{"embeddable":true,"href":"https:\/\/physics.uwb.edu.pl\/wf\/team\/index.php?rest_route=\/wp\/v2\/users\/2"}],"replies":[{"embeddable":true,"href":"https:\/\/physics.uwb.edu.pl\/wf\/team\/index.php?rest_route=%2Fwp%2Fv2%2Fcomments&post=25"}],"version-history":[{"count":37,"href":"https:\/\/physics.uwb.edu.pl\/wf\/team\/index.php?rest_route=\/wp\/v2\/pages\/25\/revisions"}],"predecessor-version":[{"id":654,"href":"https:\/\/physics.uwb.edu.pl\/wf\/team\/index.php?rest_route=\/wp\/v2\/pages\/25\/revisions\/654"}],"wp:attachment":[{"href":"https:\/\/physics.uwb.edu.pl\/wf\/team\/index.php?rest_route=%2Fwp%2Fv2%2Fmedia&parent=25"}],"curies":[{"name":"wp","href":"https:\/\/api.w.org\/{rel}","templated":true}]}}