{"id":1304,"date":"2021-05-04T10:24:58","date_gmt":"2021-05-04T10:24:58","guid":{"rendered":"https:\/\/physics.uwb.edu.pl\/wf\/wolszewski\/?page_id=1304"},"modified":"2026-04-23T09:26:42","modified_gmt":"2026-04-23T09:26:42","slug":"prace","status":"publish","type":"page","link":"https:\/\/physics.uwb.edu.pl\/wf\/wolszewski\/prace\/","title":{"rendered":"Prace licencjackie i magisterskie"},"content":{"rendered":"<h2>Promotor prac magisterskich:<\/h2>\n\n\n<ul class=\"wp-block-list\">\n<li>2025 &#8211; &#8222;Badania materia\u0142\u00f3w katodowych bogatych w lit z wykorzystaniem rentgenowskiej spektroskopii absorpcyjnej&#8221;;<\/li>\n\n\n\n<li>2022 &#8211; &#8222;Analiza roli \u017celaza w chorobie Parkinsona z wykorzystaniem metod spektroskopowych i obrazowania&#8221;;<\/li>\n\n\n\n<li>2022 &#8211; &#8222;Badanie roli nieporz\u0105dku strukturalnego w materia\u0142ach katodowych przy u\u017cyciu rentgenowskiej spektroskopii absorpcyjnej&#8221;.<\/li>\n<\/ul>\n\n\n<h2>Promotor prac licencjackich:<\/h2>\n\n\n<ul class=\"wp-block-list\">\n<li>2025 &#8211; &#8222;W\u0142asno\u015bci i przyk\u0142adowe wykorzystanie promieniowania synchrotronowego&#8221;;<\/li>\n\n\n\n<li>2024 &#8211; &#8222;Polarymetria w spektroskopii m\u00f6ssabauerowskiej &#8211; interaktywna symulacja komputerowa&#8221;;<\/li>\n\n\n\n<li>2023 &#8211; &#8222;Rozw\u00f3j energetyki termoj\u0105drowej na \u015bwiecie&#8221; <em>&#8211; praca wyr\u00f3\u017cniona<\/em>;<\/li>\n\n\n\n<li>2023 &#8211; &#8222;Wykorzystanie spektroskopii mossbauerowskiej w medycynie&#8221;;<\/li>\n\n\n\n<li>2017 &#8211; &#8222;Implementation and Development of a Fluid Cell at CLAESS beamline for Biological Fluids Characterization. Preliminary studies.&#8221; &#8211; we wsp\u00f3\u0142pracy z Synchrotronem Alba (Hiszpania) oraz Universita Autonoma de Barcelona (Hiszpania).<\/li>\n<\/ul>\n\n\n<h2>Recenzent prac magisterskich:<\/h2>\n\n\n<ul class=\"wp-block-list\">\n<li>2025 &#8211; &#8222;Nanoluminofory na bazie magnetytu podstawianego lantanowcami jako potencjalne materia\u0142y antydepresyjne&#8221;;<\/li>\n\n\n\n<li>2023 &#8211; &#8222;Badania w\u0142asno\u015bci strukturalnych wybranych nanouk\u0142ad\u00f3w w funkcji temperatury&#8221;;<\/li>\n\n\n\n<li>2022 &#8211; &#8222;Wizualizacja dynamiki uporz\u0105dkowania strukturalnego w ferrytach spinelowych&#8221;;<\/li>\n\n\n\n<li>2021 &#8211; &#8222;Wyznaczanie sk\u0142adowych tensor\u00f3w oddzia\u0142ywa\u0144 nadsubtelnych w spektroskopii m\u00f6ssbauerowskiej&#8221;;<\/li>\n\n\n\n<li>2021 &#8211; &#8222;Badanie w\u0142asno\u015bci strukturalnych nanocz\u0105stek magnetytu domieszkowanego jonami Mn,Co, Ni i Cu&#8221;.<\/li>\n<\/ul>\n\n\n<h2>Recenzent prac licencjackich:<\/h2>\n\n\n<ul class=\"wp-block-list\">\n<li>2024 &#8211; &#8222;Zastosowania luminescencyjnych nanomateria\u0142\u00f3w w fototerapii i w fotodiagnostyce medycznej&#8221;;<\/li>\n\n\n\n<li>2023 &#8211; &#8222;Strukturalne przej\u015bcia fazowe w stopach o wysokiej entropii konfiguracyjnej (HEA)&#8221;;<\/li>\n\n\n\n<li>2023 &#8211; &#8222;Nanocz\u0105stki w hipertermii magnetycznej &#8211; zastosowanie i perspektywy&#8221;;<\/li>\n\n\n\n<li>2013 &#8211; &#8222;Fizyczne podstawy elektrokardiografii&#8221;.<\/li>\n<\/ul>\n","protected":false},"excerpt":{"rendered":"<p>Promotor prac magisterskich: Promotor prac licencjackich: Recenzent prac magisterskich: Recenzent prac licencjackich:<\/p>\n","protected":false},"author":25,"featured_media":0,"parent":0,"menu_order":0,"comment_status":"closed","ping_status":"closed","template":"","meta":{"site-sidebar-layout":"default","site-content-layout":"","ast-site-content-layout":"default","site-content-style":"default","site-sidebar-style":"default","ast-global-header-display":"","ast-banner-title-visibility":"","ast-main-header-display":"","ast-hfb-above-header-display":"","ast-hfb-below-header-display":"","ast-hfb-mobile-header-display":"","site-post-title":"disabled","ast-breadcrumbs-content":"","ast-featured-img":"","footer-sml-layout":"","ast-disable-related-posts":"","theme-transparent-header-meta":"","adv-header-id-meta":"","stick-header-meta":"","header-above-stick-meta":"","header-main-stick-meta":"","header-below-stick-meta":"","astra-migrate-meta-layouts":"default","ast-page-background-enabled":"default","ast-page-background-meta":{"desktop":{"background-color":"var(--ast-global-color-4)","background-image":"","background-repeat":"repeat","background-position":"center center","background-size":"auto","background-attachment":"scroll","background-type":"","background-media":"","overlay-type":"","overlay-color":"","overlay-opacity":"","overlay-gradient":""},"tablet":{"background-color":"","background-image":"","background-repeat":"repeat","background-position":"center center","background-size":"auto","background-attachment":"scroll","background-type":"","background-media":"","overlay-type":"","overlay-color":"","overlay-opacity":"","overlay-gradient":""},"mobile":{"background-color":"","background-image":"","background-repeat":"repeat","background-position":"center center","background-size":"auto","background-attachment":"scroll","background-type":"","background-media":"","overlay-type":"","overlay-color":"","overlay-opacity":"","overlay-gradient":""}},"ast-content-background-meta":{"desktop":{"background-color":"var(--ast-global-color-5)","background-image":"","background-repeat":"repeat","background-position":"center center","background-size":"auto","background-attachment":"scroll","background-type":"","background-media":"","overlay-type":"","overlay-color":"","overlay-opacity":"","overlay-gradient":""},"tablet":{"background-color":"var(--ast-global-color-5)","background-image":"","background-repeat":"repeat","background-position":"center center","background-size":"auto","background-attachment":"scroll","background-type":"","background-media":"","overlay-type":"","overlay-color":"","overlay-opacity":"","overlay-gradient":""},"mobile":{"background-color":"var(--ast-global-color-5)","background-image":"","background-repeat":"repeat","background-position":"center center","background-size":"auto","background-attachment":"scroll","background-type":"","background-media":"","overlay-type":"","overlay-color":"","overlay-opacity":"","overlay-gradient":""}},"ngg_post_thumbnail":0,"footnotes":""},"class_list":["post-1304","page","type-page","status-publish","hentry"],"_links":{"self":[{"href":"https:\/\/physics.uwb.edu.pl\/wf\/wolszewski\/wp-json\/wp\/v2\/pages\/1304","targetHints":{"allow":["GET"]}}],"collection":[{"href":"https:\/\/physics.uwb.edu.pl\/wf\/wolszewski\/wp-json\/wp\/v2\/pages"}],"about":[{"href":"https:\/\/physics.uwb.edu.pl\/wf\/wolszewski\/wp-json\/wp\/v2\/types\/page"}],"author":[{"embeddable":true,"href":"https:\/\/physics.uwb.edu.pl\/wf\/wolszewski\/wp-json\/wp\/v2\/users\/25"}],"replies":[{"embeddable":true,"href":"https:\/\/physics.uwb.edu.pl\/wf\/wolszewski\/wp-json\/wp\/v2\/comments?post=1304"}],"version-history":[{"count":19,"href":"https:\/\/physics.uwb.edu.pl\/wf\/wolszewski\/wp-json\/wp\/v2\/pages\/1304\/revisions"}],"predecessor-version":[{"id":1785,"href":"https:\/\/physics.uwb.edu.pl\/wf\/wolszewski\/wp-json\/wp\/v2\/pages\/1304\/revisions\/1785"}],"wp:attachment":[{"href":"https:\/\/physics.uwb.edu.pl\/wf\/wolszewski\/wp-json\/wp\/v2\/media?parent=1304"}],"curies":[{"name":"wp","href":"https:\/\/api.w.org\/{rel}","templated":true}]}}