{"id":132,"date":"2019-05-23T20:12:47","date_gmt":"2019-05-23T20:12:47","guid":{"rendered":"http:\/\/physics.uwb.edu.pl\/wf\/wolszewski\/?page_id=132"},"modified":"2025-06-14T08:25:55","modified_gmt":"2025-06-14T08:25:55","slug":"dzialalnosc-organizacyjna","status":"publish","type":"page","link":"https:\/\/physics.uwb.edu.pl\/wf\/wolszewski\/dzialalnosc-organizacyjna\/","title":{"rendered":"Dzia\u0142alno\u015b\u0107 organizacyjna"},"content":{"rendered":"<h2><b>Przynale\u017cno\u015b\u0107 do organizacji i stowarzysze\u0144:<\/b><\/h2>\n<ul>\n<li><strong>od 2025<\/strong> &#8211; Polskie Towarzystwo Rozpraszania Neutron\u00f3w,<\/li>\n<li><strong>od 2012<\/strong> &#8211; Polskie Towarzystwo Fizyczne.<\/li>\n<\/ul>\n<h2><b>Dzia\u0142alno\u015b\u0107 organizacyjna:<\/b><\/h2>\n<ul>\n<li><strong>od 2024<\/strong> &#8211; Prodziekan Wydzia\u0142u Fizyki ds. og\u00f3lnych i nauki;<\/li>\n<li><strong>od 2024<\/strong> &#8211; cz\u0142onek rektorskiej komisji ds. nauki i ewaluacji;<\/li>\n<li><strong>od 2021<\/strong> &#8211; skarbnik Zarz\u0105du Bia\u0142ostockiego Oddzia\u0142u Polskiego Towarzystwa Fizycznego;<\/li>\n<li><strong>od 2020<\/strong> &#8211; cz\u0142onek Kierunkowego Zespo\u0142u Dydaktycznego Wydzia\u0142u Fizyki;<\/li>\n<li><strong>od 2019<\/strong> &#8211; korespondent Zarz\u0105du Bia\u0142ostockiego Oddzia\u0142u Polskiego Towarzystwa Fizycznego;<\/li>\n<li><strong>od 2019<\/strong> &#8211; cz\u0142onek Rady Wydzia\u0142u Fizyki;<\/li>\n<li><strong>2013<\/strong> &#8211; administrator zadania &#8222;Badanie konkurencji Uniwersytetu w Bia\u0142ymstoku&#8221; w ramach prac nad aktualizacj\u0105 strategii rozwoju Uniwersytetu w Bia\u0142ymstoku;<\/li>\n<li><strong>2012 &#8211; 2014<\/strong> &#8211; sekretarz Zarz\u0105du Bia\u0142ostockiego Oddzia\u0142u Polskiego Towarzystwa Fizycznego;<\/li>\n<li><strong>2007 &#8211; 2012<\/strong> &#8211; cz\u0142onek wydzia\u0142owej komisji rekrutacyjnej.<\/li>\n<\/ul>\n","protected":false},"excerpt":{"rendered":"<p>Przynale\u017cno\u015b\u0107 do organizacji i stowarzysze\u0144: od 2025 &#8211; Polskie Towarzystwo Rozpraszania Neutron\u00f3w, od 2012 &#8211; Polskie Towarzystwo Fizyczne. Dzia\u0142alno\u015b\u0107 organizacyjna: od 2024 &#8211; Prodziekan Wydzia\u0142u Fizyki ds. og\u00f3lnych i nauki; od 2024 &#8211; cz\u0142onek rektorskiej komisji ds. nauki i ewaluacji; od 2021 &#8211; skarbnik Zarz\u0105du Bia\u0142ostockiego Oddzia\u0142u Polskiego Towarzystwa Fizycznego; od 2020 &#8211; cz\u0142onek Kierunkowego [&hellip;]<\/p>\n","protected":false},"author":25,"featured_media":0,"parent":0,"menu_order":1,"comment_status":"closed","ping_status":"closed","template":"","meta":{"site-sidebar-layout":"default","site-content-layout":"","ast-site-content-layout":"default","site-content-style":"default","site-sidebar-style":"default","ast-global-header-display":"","ast-banner-title-visibility":"","ast-main-header-display":"","ast-hfb-above-header-display":"","ast-hfb-below-header-display":"","ast-hfb-mobile-header-display":"","site-post-title":"","ast-breadcrumbs-content":"","ast-featured-img":"","footer-sml-layout":"","ast-disable-related-posts":"","theme-transparent-header-meta":"","adv-header-id-meta":"","stick-header-meta":"","header-above-stick-meta":"","header-main-stick-meta":"","header-below-stick-meta":"","astra-migrate-meta-layouts":"default","ast-page-background-enabled":"default","ast-page-background-meta":{"desktop":{"background-color":"var(--ast-global-color-4)","background-image":"","background-repeat":"repeat","background-position":"center center","background-size":"auto","background-attachment":"scroll","background-type":"","background-media":"","overlay-type":"","overlay-color":"","overlay-opacity":"","overlay-gradient":""},"tablet":{"background-color":"","background-image":"","background-repeat":"repeat","background-position":"center center","background-size":"auto","background-attachment":"scroll","background-type":"","background-media":"","overlay-type":"","overlay-color":"","overlay-opacity":"","overlay-gradient":""},"mobile":{"background-color":"","background-image":"","background-repeat":"repeat","background-position":"center center","background-size":"auto","background-attachment":"scroll","background-type":"","background-media":"","overlay-type":"","overlay-color":"","overlay-opacity":"","overlay-gradient":""}},"ast-content-background-meta":{"desktop":{"background-color":"var(--ast-global-color-5)","background-image":"","background-repeat":"repeat","background-position":"center center","background-size":"auto","background-attachment":"scroll","background-type":"","background-media":"","overlay-type":"","overlay-color":"","overlay-opacity":"","overlay-gradient":""},"tablet":{"background-color":"var(--ast-global-color-5)","background-image":"","background-repeat":"repeat","background-position":"center center","background-size":"auto","background-attachment":"scroll","background-type":"","background-media":"","overlay-type":"","overlay-color":"","overlay-opacity":"","overlay-gradient":""},"mobile":{"background-color":"var(--ast-global-color-5)","background-image":"","background-repeat":"repeat","background-position":"center center","background-size":"auto","background-attachment":"scroll","background-type":"","background-media":"","overlay-type":"","overlay-color":"","overlay-opacity":"","overlay-gradient":""}},"ngg_post_thumbnail":0,"footnotes":""},"class_list":["post-132","page","type-page","status-publish","hentry"],"_links":{"self":[{"href":"https:\/\/physics.uwb.edu.pl\/wf\/wolszewski\/wp-json\/wp\/v2\/pages\/132","targetHints":{"allow":["GET"]}}],"collection":[{"href":"https:\/\/physics.uwb.edu.pl\/wf\/wolszewski\/wp-json\/wp\/v2\/pages"}],"about":[{"href":"https:\/\/physics.uwb.edu.pl\/wf\/wolszewski\/wp-json\/wp\/v2\/types\/page"}],"author":[{"embeddable":true,"href":"https:\/\/physics.uwb.edu.pl\/wf\/wolszewski\/wp-json\/wp\/v2\/users\/25"}],"replies":[{"embeddable":true,"href":"https:\/\/physics.uwb.edu.pl\/wf\/wolszewski\/wp-json\/wp\/v2\/comments?post=132"}],"version-history":[{"count":10,"href":"https:\/\/physics.uwb.edu.pl\/wf\/wolszewski\/wp-json\/wp\/v2\/pages\/132\/revisions"}],"predecessor-version":[{"id":1732,"href":"https:\/\/physics.uwb.edu.pl\/wf\/wolszewski\/wp-json\/wp\/v2\/pages\/132\/revisions\/1732"}],"wp:attachment":[{"href":"https:\/\/physics.uwb.edu.pl\/wf\/wolszewski\/wp-json\/wp\/v2\/media?parent=132"}],"curies":[{"name":"wp","href":"https:\/\/api.w.org\/{rel}","templated":true}]}}