{"id":172,"date":"2019-09-25T07:22:06","date_gmt":"2019-09-25T07:22:06","guid":{"rendered":"http:\/\/physics.uwb.edu.pl\/wf\/wolszewski\/?page_id=172"},"modified":"2019-10-15T11:07:00","modified_gmt":"2019-10-15T11:07:00","slug":"termodynamika-lab","status":"publish","type":"page","link":"https:\/\/physics.uwb.edu.pl\/wf\/wolszewski\/termodynamika-lab\/","title":{"rendered":"Termodynamika [LAB]"},"content":{"rendered":"<h2><b>Informacje podstawowe<\/b><b>:<\/b><\/h2>\n<p>Laboratorium prowadzone do wyk\u0142adu <i>dr hab. Katarzyny Re\u0107ko<\/i> w semestrze zimowym 2019\/2020.<\/p>\n<h2><b>Materia\u0142y:<\/b><\/h2>\n<p>Przydzia\u0142 \u0107wicze\u0144:<\/p>\n<ul>\n<li>Fizyka og\u00f3lna + Erasmus: <a href=\"http:\/\/physics.uwb.edu.pl\/wf\/wolszewski\/wp-content\/uploads\/sites\/21\/2019\/10\/przydzial_cwiczen_FO_Erasmus.pdf\">Przydzial_cwiczen_FO_Erasmus.pdf<\/a><\/li>\n<li>Fizyka gier komputerowych i robot\u00f3w: <a href=\"http:\/\/physics.uwb.edu.pl\/wf\/wolszewski\/wp-content\/uploads\/sites\/21\/2019\/10\/przydzial_cwiczen_FGKiR.pdf\">Przydzial_cwiczen_FGKiR.pdf<\/a><\/li>\n<\/ul>\n<p>Zasady BHP:<\/p>\n<ul>\n<li><a href=\"http:\/\/physics.uwb.edu.pl\/wf\/wolszewski\/wp-content\/uploads\/sites\/21\/2019\/09\/Zasady_BHP_PL.pdf\">Zasady_BHP_PL.pdf<\/a><\/li>\n<\/ul>\n<p>Zadania z rachunku niepewno\u015bci pomiarowych:<\/p>\n<ul>\n<li><a href=\"http:\/\/physics.uwb.edu.pl\/wf\/wolszewski\/wp-content\/uploads\/sites\/21\/2019\/10\/niepewnosci_pomiarowe_zadania.pdf\">Niepewnosci_pomiarowe_zadania.pdf<\/a><\/li>\n<\/ul>\n<p>Instrukcje do \u0107wicze\u0144<span class=\"tlid-translation translation\" lang=\"en\"><span class=\"\" title=\"\">:<\/span><\/span><\/p>\n<ul>\n<li>\u0106wiczenie 09: <a href=\"http:\/\/physics.uwb.edu.pl\/wf\/wolszewski\/wp-content\/uploads\/sites\/21\/2019\/09\/IPF_09_PL.pdf\">IPF_09_PL.pdf<\/a><\/li>\n<li>\u0106wiczenie 10:&nbsp;<a href=\"http:\/\/physics.uwb.edu.pl\/wf\/wolszewski\/wp-content\/uploads\/sites\/21\/2019\/09\/IPF_10_PL.pdf\">IPF_10_PL.pdf<\/a><\/li>\n<li>\u0106wiczenie 11: <a href=\"http:\/\/physics.uwb.edu.pl\/wf\/wolszewski\/wp-content\/uploads\/sites\/21\/2019\/10\/IPF_11_PL.pdf\">IPF_11_PL.pdf<\/a><\/li>\n<li>\u0106wiczenie 14:&nbsp;<a href=\"http:\/\/physics.uwb.edu.pl\/wf\/wolszewski\/wp-content\/uploads\/sites\/21\/2019\/09\/IPF_14_PL.pdf\">IPF_14_PL.pdf<\/a><\/li>\n<li>\u0106wiczenie 17:&nbsp;<a href=\"http:\/\/physics.uwb.edu.pl\/wf\/wolszewski\/wp-content\/uploads\/sites\/21\/2019\/09\/IPF_17_PL.pdf\">IPF_17_PL.pdf<\/a><\/li>\n<li>\u0106wiczenie 24:&nbsp;<a href=\"http:\/\/physics.uwb.edu.pl\/wf\/wolszewski\/wp-content\/uploads\/sites\/21\/2019\/09\/IPF_24_PL.pdf\">IPF_24_PL.pdf<\/a><\/li>\n<li>\u0106wiczenie 26:&nbsp;<a href=\"http:\/\/physics.uwb.edu.pl\/wf\/wolszewski\/wp-content\/uploads\/sites\/21\/2019\/09\/IPF_26_PL.pdf\">IPF_26_PL.pdf<\/a><\/li>\n<li>\u0106wiczenie 29:&nbsp;<a href=\"http:\/\/physics.uwb.edu.pl\/wf\/wolszewski\/wp-content\/uploads\/sites\/21\/2019\/09\/IPF_29_PL.pdf\">IPF_29_PL.pdf<\/a><\/li>\n<li>\u0106wiczenie 31:&nbsp;<a href=\"http:\/\/physics.uwb.edu.pl\/wf\/wolszewski\/wp-content\/uploads\/sites\/21\/2019\/09\/IPF_31_PL.pdf\">IPF_31_PL.pdf<\/a><\/li>\n<li>\u0106wiczenie 37:&nbsp;<a href=\"http:\/\/physics.uwb.edu.pl\/wf\/wolszewski\/wp-content\/uploads\/sites\/21\/2019\/09\/IPF_37_PL.pdf\">IPF_37_PL.pdf<\/a><\/li>\n<li>\u0106wiczenie 38: <a href=\"http:\/\/physics.uwb.edu.pl\/wf\/wolszewski\/wp-content\/uploads\/sites\/21\/2019\/10\/IPF_38_PL.pdf\">IPF_38_PL.pdf<\/a><\/li>\n<li>\u0106wiczenie 45: <a href=\"http:\/\/physics.uwb.edu.pl\/wf\/wolszewski\/wp-content\/uploads\/sites\/21\/2019\/10\/IPF_45_PL.pdf\">IPF_45_PL.pdf<\/a><\/li>\n<li>Literatura: <a href=\"http:\/\/physics.uwb.edu.pl\/wf\/wolszewski\/wp-content\/uploads\/sites\/21\/2019\/10\/literatura_pracowania.pdf\">Literatura_pracownia.pdf<\/a><\/li>\n<\/ul>\n<p>Schemat sprawozdania<span class=\"tlid-translation translation\" lang=\"en\"><span class=\"\" title=\"\">:<\/span><\/span><\/p>\n<ul>\n<li><a href=\"http:\/\/physics.uwb.edu.pl\/wf\/wolszewski\/wp-content\/uploads\/sites\/21\/2019\/09\/Schemat_sprawozdania.pdf\">Schemat_sprawozdania.pdf<\/a><\/li>\n<\/ul>\n<h2><b>Warunki zaliczenia:<\/b><\/h2>\n<p>Przed zaj\u0119ciami przeprowadzane b\u0119d\u0105 kr\u00f3tkie wej\u015bci\u00f3wki sprawdzaj\u0105ce stan wiedzy i przygotowania do przeprowadzenia danego do\u015bwiadczenia. Z kartk\u00f3wek tych mo\u017cna b\u0119dzie uzbiera\u0107 36 punkt\u00f3w (15 pkt. &#8211; FGKiR) &#8211; 3 pkt. za ka\u017cde do\u015bwiadczenie tygodniowe i 6 pkt. za ka\u017cde do\u015bwiadczenie dwutygodniowe.<br \/>\nPo wykonaniu do\u015bwiadczenia nale\u017cy sporz\u0105dzi\u0107 stosowne sprawozdanie z jego przebiegu. Maksymalna ocena ze sprawozda\u0144 wynosi 84 punkt\u00f3w (35 pkt. &#8211; FGKiR) &#8211; 7 pkt. za ka\u017cde do\u015bwiadczenie tygodniowe i 14 pkt. za ka\u017cde do\u015bwiadczenie dwutygodniowe.<br \/>\nW sumie uzbiera\u0107 mo\u017cna 120 punkt\u00f3w (50 pkt. &#8211; FGKiR) .<br \/>\nWarunkiem zaliczenia laboratorium jest uzyskanie powy\u017cej 50% punkt\u00f3w ze sprawozda\u0144 i wej\u015bci\u00f3wek.<br \/>\nPodczas ostatnich zaj\u0119\u0107 w semestrze przys\u0142uguje studentowi ponowne wykonanie jednego z do\u015bwiadcze\u0144 w celu jego poprawienia b\u0105d\u017a odrobienia nieobecno\u015bci.<\/p>\n","protected":false},"excerpt":{"rendered":"<p>Informacje podstawowe: Laboratorium prowadzone do wyk\u0142adu dr hab. Katarzyny Re\u0107ko w semestrze zimowym 2019\/2020. Materia\u0142y: Przydzia\u0142 \u0107wicze\u0144: Fizyka og\u00f3lna + Erasmus: Przydzial_cwiczen_FO_Erasmus.pdf Fizyka gier komputerowych i robot\u00f3w: Przydzial_cwiczen_FGKiR.pdf Zasady BHP: Zasady_BHP_PL.pdf Zadania z rachunku niepewno\u015bci pomiarowych: Niepewnosci_pomiarowe_zadania.pdf Instrukcje do \u0107wicze\u0144: \u0106wiczenie 09: IPF_09_PL.pdf \u0106wiczenie 10:&nbsp;IPF_10_PL.pdf \u0106wiczenie 11: IPF_11_PL.pdf \u0106wiczenie 14:&nbsp;IPF_14_PL.pdf \u0106wiczenie 17:&nbsp;IPF_17_PL.pdf \u0106wiczenie 24:&nbsp;IPF_24_PL.pdf \u0106wiczenie [&hellip;]<\/p>\n","protected":false},"author":25,"featured_media":0,"parent":0,"menu_order":1,"comment_status":"closed","ping_status":"closed","template":"","meta":{"site-sidebar-layout":"default","site-content-layout":"","ast-site-content-layout":"default","site-content-style":"default","site-sidebar-style":"default","ast-global-header-display":"","ast-banner-title-visibility":"","ast-main-header-display":"","ast-hfb-above-header-display":"","ast-hfb-below-header-display":"","ast-hfb-mobile-header-display":"","site-post-title":"","ast-breadcrumbs-content":"","ast-featured-img":"","footer-sml-layout":"","ast-disable-related-posts":"","theme-transparent-header-meta":"","adv-header-id-meta":"","stick-header-meta":"","header-above-stick-meta":"","header-main-stick-meta":"","header-below-stick-meta":"","astra-migrate-meta-layouts":"default","ast-page-background-enabled":"default","ast-page-background-meta":{"desktop":{"background-color":"var(--ast-global-color-4)","background-image":"","background-repeat":"repeat","background-position":"center center","background-size":"auto","background-attachment":"scroll","background-type":"","background-media":"","overlay-type":"","overlay-color":"","overlay-opacity":"","overlay-gradient":""},"tablet":{"background-color":"","background-image":"","background-repeat":"repeat","background-position":"center center","background-size":"auto","background-attachment":"scroll","background-type":"","background-media":"","overlay-type":"","overlay-color":"","overlay-opacity":"","overlay-gradient":""},"mobile":{"background-color":"","background-image":"","background-repeat":"repeat","background-position":"center center","background-size":"auto","background-attachment":"scroll","background-type":"","background-media":"","overlay-type":"","overlay-color":"","overlay-opacity":"","overlay-gradient":""}},"ast-content-background-meta":{"desktop":{"background-color":"var(--ast-global-color-5)","background-image":"","background-repeat":"repeat","background-position":"center center","background-size":"auto","background-attachment":"scroll","background-type":"","background-media":"","overlay-type":"","overlay-color":"","overlay-opacity":"","overlay-gradient":""},"tablet":{"background-color":"var(--ast-global-color-5)","background-image":"","background-repeat":"repeat","background-position":"center center","background-size":"auto","background-attachment":"scroll","background-type":"","background-media":"","overlay-type":"","overlay-color":"","overlay-opacity":"","overlay-gradient":""},"mobile":{"background-color":"var(--ast-global-color-5)","background-image":"","background-repeat":"repeat","background-position":"center center","background-size":"auto","background-attachment":"scroll","background-type":"","background-media":"","overlay-type":"","overlay-color":"","overlay-opacity":"","overlay-gradient":""}},"ngg_post_thumbnail":0,"footnotes":""},"class_list":["post-172","page","type-page","status-publish","hentry"],"_links":{"self":[{"href":"https:\/\/physics.uwb.edu.pl\/wf\/wolszewski\/wp-json\/wp\/v2\/pages\/172","targetHints":{"allow":["GET"]}}],"collection":[{"href":"https:\/\/physics.uwb.edu.pl\/wf\/wolszewski\/wp-json\/wp\/v2\/pages"}],"about":[{"href":"https:\/\/physics.uwb.edu.pl\/wf\/wolszewski\/wp-json\/wp\/v2\/types\/page"}],"author":[{"embeddable":true,"href":"https:\/\/physics.uwb.edu.pl\/wf\/wolszewski\/wp-json\/wp\/v2\/users\/25"}],"replies":[{"embeddable":true,"href":"https:\/\/physics.uwb.edu.pl\/wf\/wolszewski\/wp-json\/wp\/v2\/comments?post=172"}],"version-history":[{"count":28,"href":"https:\/\/physics.uwb.edu.pl\/wf\/wolszewski\/wp-json\/wp\/v2\/pages\/172\/revisions"}],"predecessor-version":[{"id":486,"href":"https:\/\/physics.uwb.edu.pl\/wf\/wolszewski\/wp-json\/wp\/v2\/pages\/172\/revisions\/486"}],"wp:attachment":[{"href":"https:\/\/physics.uwb.edu.pl\/wf\/wolszewski\/wp-json\/wp\/v2\/media?parent=172"}],"curies":[{"name":"wp","href":"https:\/\/api.w.org\/{rel}","templated":true}]}}